{"id":44,"date":"2023-07-05T13:11:21","date_gmt":"2023-07-05T13:11:21","guid":{"rendered":"https:\/\/www.optimiseconsulting.eu\/index.php\/12-13-yo-girls\/"},"modified":"2023-07-05T13:11:21","modified_gmt":"2023-07-05T13:11:21","slug":"12-13-yo-girls","status":"publish","type":"page","link":"https:\/\/www.optimiseconsulting.eu\/index.php\/12-13-yo-girls\/","title":{"rendered":"12 13 yo girls"},"content":{"rendered":"<p><!doctype html> \u043f\u043e\u0440\u043d\u043e \u043a\u0430\u0441\u0442\u0438\u043d\u0433 \u0434\u0435\u0442\u0435\u0439 LoxuImu18 <a href=\"https:\/\/pixhost.to\/show\/91\/365548154_page1.jpg\"><img decoding=\"async\" src=\"https:\/\/t88.pixhost.to\/thumbs\/91\/365548154_page1.jpg\" alt=\"\u0440\u0443\u0441\u0441\u043a\u043e\u0435 \u043f\u043e\u0440\u043d\u043e \u0441 \u044e\u043d\u044b\u043c\u0438 \u0434\u0435\u0432\u043e\u0447\u043a\u0430\u043c\u0438\" class=\"\"\/><\/a> <a href=\"https:\/\/pixhost.to\/show\/91\/365548165_page2.jpg\"><img decoding=\"async\" src=\"https:\/\/t88.pixhost.to\/thumbs\/91\/365548165_page2.jpg\" alt=\"\u0440\u0443\u0441\u0441\u043a\u043e\u0435 \u043f\u043e\u0440\u043d\u043e \u0432\u0435\u0441\u0435\u043b\u0430\u044f \u0441\u0435\u043c\u0435\u0439\u043a\u0430\" class=\"\"\/><\/a> <\/p>\n<h1>TELEGRAM CHANNEL Teens fotos videos de adolescentes webcam. foto de um vibrador foto das mais belas ciganas magras nuas foto de sara jay foto de swing foto. webcam vid\u00e9os pour adolescents MOM AND SON MEGA LINK INCEST ONLYFANS. forum webcam teen porn COLLECTION CHILD PORN INCEST LOLI PRETEEN PRIVATS. \u0444\u043e\u0440\u0443\u043c webcam teen videos TEENS CHILD PORNO MY PRIVATS. 409 GIGABYT NEW VIDEO AND PHOTO KOLLEKTION, \u0440\u0443\u0441\u0441\u043a\u043e\u0435 \u043f\u043e\u0440\u043d\u043e \u0438\u043d\u0446\u0435\u0441\u0442 \u043c\u0430\u0442\u044c \u0438 \u0434\u043e\u0447\u044c \u0421\u041b\u0418\u0412 \u0413\u041e\u041b\u042b\u0425 \u0424\u041e\u0422\u041e\u041a \u041c\u0410\u041b\u041e\u041b\u0415\u0422\u041e\u041a. pornogr\u00e1ficas fotos pornogr\u00e1ficas para crian\u00e7as fotos pornogr\u00e1ficas para crian\u00e7as gays. imagen webcam adolescente porno YOUNG MEGA LINKS imagen \u0443\u043c. . \u0440\u0443\u0441\u0441\u043a\u043e\u0435 \u0436\u0435\u0441\u0442\u043a\u043e\u0435 \u0432\u0438\u0434\u0435\u043e \u0440\u0443\u0441\u0441\u043a\u043e\u0435 \u043f\u043e\u0440\u043d\u043e \u043c\u0430\u0442\u044c \u0438 \u0434\u043e\u0447\u044c \u0432\u043ak, 16 yo teenkk YunaEwa15.<\/h1>\n<p>\u0444\u043e\u0440\u0443\u043c webcam teen porn GIRLS PRIORI HARD CANDY YOUNG TEEN SEX VIDEOS. foro webcam adolescente videos jav sin censura hd estrellas. foto videos de webcam para adolescentes STREAMING PORN. photos de filles nues dans minecraft photos de femmes nues. CHILDREN FORBIDDEN \ud3ec\ub7fc \uc6f9\ucea0 CHILDREN TOILET \ud3ec\ub7fc \uc6f9\ucea0 CHINESE. Forum Webcam-Teenager-Porno JUNGE TEENAGER-M\u00c4DCHEN-. Forum Webcam-Teenager-Videos VIDEO TORRENT DOWNLOAD-. imagen webcam porno adolescente SCHOOLGIRLPORN EROTIC. VIDEOS Blowjobs Big Tits Solo Bate Dildo Strip TEENS INCEST Father Fuck Daughter Brother Fuck Sister Anal Blowjob Lesbo HD, \u0446\u043f \u0433\u043e\u043b\u044b\u0435 \u0434\u0435\u0432\u043e\u0447\u043a\u0438 8 13 \u043b\u0435\u0442k COLLECTION VIDEO TOR LINKS, \u0446\u043f \u0448\u043a\u043e\u043b\u044c\u043d\u0438\u0446\u044bkk xplayyyy<\/><\/p>\n<p>los adolescentes muestran sus encantos los adolescentes muestran. Forum Webcam Teen Vergewaltigungsinhalt 8 Jahre alt 9 Jahre alt 10 Jahre 12. Forum Webcam-Teen-Porno WEBCAM-PORNO SEX-SZENE-Forum Webcam-Teen-Porno. forumu veb kameras\u0131 yeniyetm\u0259 PTHC TELEGRAM forumu veb kameras\u0131 yeniyetm\u0259 PTHC TODDLERCON. foto webcam teen YOUNG MODEL FOTO YOUNG WEBCAM YOUNG. regardent baiser des enfants regardent des enfants baisent gratuitement. Forum-Webcam KIDS SEX TORRENTS KIDS SHARED VIDEOS Forum-Webcam. \u0444\u043e\u0440\u0443\u043c webcam teen porno ANIMAL ABUSE BOY VIDS BRO-SIS. foto webcam adolescente porno CHILDS PLAY foto webcam adolescente porno. 14 torrent magnetkk new<\/><\/p>\n<h2>2.4TB PRIVATE VIDEO LINK FOR TORRENT CLIENT<\/h2>\n<p> magnet:?xt=urn:btih:38D66BF77DBF45A173FF6009C3ED0895C403AFDA <\/p>\n<h3>WEBSITE: OPEN IN AN ANONYMOUS BROWSER (the link does not work in other browsers!) <a href=\"https:\/\/www.torproject.org\/download\/\">TOR BROWSER<\/a><\/h3>\n<p> <a href=\"http:\/\/dvhdl7akyhos236m76re43nbggcvu5bkxcmfomxsa32ugz6gg2vzdfid.onion\">Www. dvhdl7akyhos236m76re43nbggcvu5bkxcmfomxsa32ugz6gg2vzdfid. onion<\/a><\/p>\n","protected":false},"excerpt":{"rendered":"<p>\u043f\u043e\u0440\u043d\u043e \u043a\u0430\u0441\u0442\u0438\u043d\u0433 \u0434\u0435\u0442\u0435\u0439 LoxuImu18 TELEGRAM CHANNEL Teens fotos videos de adolescentes webcam. foto de um vibrador foto das mais belas ciganas magras nuas foto de sara jay foto de swing foto. webcam vid\u00e9os pour adolescents MOM AND SON MEGA LINK INCEST ONLYFANS. forum webcam teen porn COLLECTION CHILD PORN INCEST LOLI PRETEEN PRIVATS. \u0444\u043e\u0440\u0443\u043c webcam [&hellip;]<\/p>\n","protected":false},"author":2,"featured_media":0,"parent":0,"menu_order":0,"comment_status":"closed","ping_status":"closed","template":"","meta":{"footnotes":""},"class_list":["post-44","page","type-page","status-publish","hentry"],"_links":{"self":[{"href":"https:\/\/www.optimiseconsulting.eu\/index.php\/wp-json\/wp\/v2\/pages\/44","targetHints":{"allow":["GET"]}}],"collection":[{"href":"https:\/\/www.optimiseconsulting.eu\/index.php\/wp-json\/wp\/v2\/pages"}],"about":[{"href":"https:\/\/www.optimiseconsulting.eu\/index.php\/wp-json\/wp\/v2\/types\/page"}],"author":[{"embeddable":true,"href":"https:\/\/www.optimiseconsulting.eu\/index.php\/wp-json\/wp\/v2\/users\/2"}],"replies":[{"embeddable":true,"href":"https:\/\/www.optimiseconsulting.eu\/index.php\/wp-json\/wp\/v2\/comments?post=44"}],"version-history":[{"count":0,"href":"https:\/\/www.optimiseconsulting.eu\/index.php\/wp-json\/wp\/v2\/pages\/44\/revisions"}],"wp:attachment":[{"href":"https:\/\/www.optimiseconsulting.eu\/index.php\/wp-json\/wp\/v2\/media?parent=44"}],"curies":[{"name":"wp","href":"https:\/\/api.w.org\/{rel}","templated":true}]}}