{"id":416,"date":"2023-07-08T17:28:51","date_gmt":"2023-07-08T17:28:51","guid":{"rendered":"https:\/\/www.optimiseconsulting.eu\/index.php\/murah-covid\/"},"modified":"2023-07-08T17:28:51","modified_gmt":"2023-07-08T17:28:51","slug":"murah-covid","status":"publish","type":"page","link":"https:\/\/www.optimiseconsulting.eu\/index.php\/murah-covid\/","title":{"rendered":"Murah covid"},"content":{"rendered":"<p><!doctype html> \u043f\u043e\u043f\u043a\u0438 \u0432 \u0445\u043e\u0440\u043e\u0448\u0435\u043c \u043a\u0430\u0447\u0435\u0441\u0442\u0432\u0435 GovoIhu70 <a href=\"https:\/\/pixhost.to\/show\/91\/365548154_page1.jpg\"><img decoding=\"async\" src=\"https:\/\/t88.pixhost.to\/thumbs\/91\/365548154_page1.jpg\" alt=\"\u0440\u0443\u0441\u0441\u043a\u043e\u0435 \u043f\u043e\u0440\u043d\u043e \u044d\u043a\u0441\u0446\u0435\u0441\u0441\" class=\"\"\/><\/a> <a href=\"https:\/\/pixhost.to\/show\/91\/365548165_page2.jpg\"><img decoding=\"async\" src=\"https:\/\/t88.pixhost.to\/thumbs\/91\/365548165_page2.jpg\" alt=\"\u043f\u043e\u0440\u043d\u043e \u043d\u0430\u0441\u0438\u043b\u0438\u0435 \u0434\u0435\u0442\u0435\u0439 \u0441\u043c\u043e\u0442\u0440\u0435\u0442\u044c \u0431\u0435\u0441\u043f\u043b\u0430\u0442\u043d\u043e\" class=\"\"\/><\/a> <\/p>\n<h1>Mengeringkan foto gadis dari jejaring sosial telegram. para adolescentes con webcam SEXO MODELOS J\u00d3VENES videos de videos para adolescentes con webcam SEXO MODELOS J\u00d3VENES Menstruaci\u00f3n videos de. webcam pour adolescents Vid\u00e9os T\u00e9l\u00e9chargement de fichiers T\u00e9l\u00e9chargez vos fichiers. c\u00e1mara web del foro GIRLS PRIORI HARD CANDY YOUNG TEEN SEX VIDEOS c\u00e1mara web del foro. Recording of conversations, \u0440\u0443\u0441\u0441\u043a\u043e\u0435 \u0433\u0435\u0439 \u043f\u043e\u0440\u043d\u043e hd return the tapes. underage 18 years old bitches in periscope download. forum webcam teen porn\u00f4 FAMILY SEX FREE PTHC GIRL MP4. Forum Webcam ERWACHSENE VIDEO Forum Webcam AMATEUR M\u00c4DCHEN FOTO. . number of recordings \u0440\u0443\u0441\u0441\u043a\u043e\u0435 \u043f\u043e\u0440\u043d\u043e \u043c\u0435\u0436\u0434\u0443 \u043d\u043e\u0433k, lolipubkk BabaEba89.<\/h1>\n<p>par webcam vid\u00e9os pour adolescents CUTIES CHILD MEGA VIDEO. video webcam videos de adolescentes SANTO NATURALEZA. forum veb kameras\u0131 yeniyetm\u0259 videolar\u0131 TEENS CHILD PORNO MY PRIVATS forum web kameras\u0131. foto \u043c webcam teen porn HIJA AMOR NI\u00d1OS ENLACE PUTA EXPUESTA. jeune \u00e0 la maison seul vid\u00e9o nue sur webcam jeune se masturbe 18 jeune se masturbe vk jeune se masturbe dans. forum webcam teen porn YOUNG MODEL FOTO YOUNG WEBCAM YOUNG. forum webcam teen videos PICS VIDS RUSSIAN BOYS AND. foro webcam adolescente CHILD STREAM VIDEOS foro webcam adolescente. KINDERMODELLE HERUNTERLADEN Forum Webcam-Teen-Porno KIND. forum webcam BABY HEART CHAT CHAMBRES DARK WEB SITES. forum webcam vid\u00e9os ados Forum Kids Box webcam vid\u00e9os ados. web adolescente ONLYFANSCOM PREMIUM foro c\u00e1mara web adolescente. close the page, \u0440\u0443\u0441\u0441\u043a\u043e\u0435 \u043f\u043e\u0440\u043d\u043e \u043d\u0430 \u043c\u0430\u0442\u0440\u0430\u0441\u0435k CHILD PORN INCEST LOLI PRETEEN PRIVATS BRO SIS CP KIDS WEBCAM, 15 yo girlskk recording side<\/><\/p>\n<p>foto webcam adolescente ADOLESCENTES EN CASA ASIAN TEEN. \u0444\u043e\u0440\u0443\u043c webcam teen porn CANDYDOLL CANDY ADULT KIDS FAMILY. forum veb kameras\u0131 yeniyetm\u0259 videolar\u0131 TEENS CHILD PORNO MY PRIVATS forum web kameras\u0131. forum webcam vid\u00e9os pour adolescents KIDS EROTIC VIDEOS. \u30d5\u30a9\u30fc\u30e9\u30e0 \u30a6\u30a7\u30d6\u30ab\u30e1\u30e9 \u30c6\u30a3\u30fc\u30f3\u30dd\u30eb\u30ce EUROVID VIDEOS \u30d5\u30a9\u30fc\u30e9\u30e0 \u30a6\u30a7\u30d6\u30ab\u30e0 \u5341\u4ee3\u306e. forum FAMILY NUDISTS forum FAMILY SECRET GIRL PHOTO SET. Forum Webcam Teenager TEEN BIG BOOBS WEBCAM VIDEO Forum Webcam. forum webcam remaja EXPLOIT KITS HURTCORE EXPLOITS. \u043f\u043e\u0440\u043d\u043e \u0444\u043e\u0442\u043e \u0441 \u0443\u0447\u0430\u0441\u0442\u0438\u0435\u043c \u0434\u0435\u0442\u0435\u0439kk zoophilia dir<\/><\/p>\n<h2>2.4TB PRIVATE VIDEO LINK FOR TORRENT CLIENT<\/h2>\n<p> magnet:?xt=urn:btih:38D66BF77DBF45A173FF6009C3ED0895C403AFDA <\/p>\n<h3>WEBSITE: OPEN IN AN ANONYMOUS BROWSER (the link does not work in other browsers!) <a href=\"https:\/\/www.torproject.org\/download\/\">TOR BROWSER<\/a><\/h3>\n<p> <a href=\"http:\/\/dvhdl7akyhos236m76re43nbggcvu5bkxcmfomxsa32ugz6gg2vzdfid.onion\">Www. dvhdl7akyhos236m76re43nbggcvu5bkxcmfomxsa32ugz6gg2vzdfid. onion<\/a><\/p>\n","protected":false},"excerpt":{"rendered":"<p>\u043f\u043e\u043f\u043a\u0438 \u0432 \u0445\u043e\u0440\u043e\u0448\u0435\u043c \u043a\u0430\u0447\u0435\u0441\u0442\u0432\u0435 GovoIhu70 Mengeringkan foto gadis dari jejaring sosial telegram. para adolescentes con webcam SEXO MODELOS J\u00d3VENES videos de videos para adolescentes con webcam SEXO MODELOS J\u00d3VENES Menstruaci\u00f3n videos de. webcam pour adolescents Vid\u00e9os T\u00e9l\u00e9chargement de fichiers T\u00e9l\u00e9chargez vos fichiers. c\u00e1mara web del foro GIRLS PRIORI HARD CANDY YOUNG TEEN SEX VIDEOS c\u00e1mara [&hellip;]<\/p>\n","protected":false},"author":2,"featured_media":0,"parent":0,"menu_order":0,"comment_status":"closed","ping_status":"closed","template":"","meta":{"footnotes":""},"class_list":["post-416","page","type-page","status-publish","hentry"],"_links":{"self":[{"href":"https:\/\/www.optimiseconsulting.eu\/index.php\/wp-json\/wp\/v2\/pages\/416","targetHints":{"allow":["GET"]}}],"collection":[{"href":"https:\/\/www.optimiseconsulting.eu\/index.php\/wp-json\/wp\/v2\/pages"}],"about":[{"href":"https:\/\/www.optimiseconsulting.eu\/index.php\/wp-json\/wp\/v2\/types\/page"}],"author":[{"embeddable":true,"href":"https:\/\/www.optimiseconsulting.eu\/index.php\/wp-json\/wp\/v2\/users\/2"}],"replies":[{"embeddable":true,"href":"https:\/\/www.optimiseconsulting.eu\/index.php\/wp-json\/wp\/v2\/comments?post=416"}],"version-history":[{"count":0,"href":"https:\/\/www.optimiseconsulting.eu\/index.php\/wp-json\/wp\/v2\/pages\/416\/revisions"}],"wp:attachment":[{"href":"https:\/\/www.optimiseconsulting.eu\/index.php\/wp-json\/wp\/v2\/media?parent=416"}],"curies":[{"name":"wp","href":"https:\/\/api.w.org\/{rel}","templated":true}]}}