{"id":410,"date":"2023-07-08T16:11:02","date_gmt":"2023-07-08T16:11:02","guid":{"rendered":"https:\/\/www.optimiseconsulting.eu\/index.php\/amateur-video\/"},"modified":"2023-07-08T16:11:02","modified_gmt":"2023-07-08T16:11:02","slug":"amateur-video","status":"publish","type":"page","link":"https:\/\/www.optimiseconsulting.eu\/index.php\/amateur-video\/","title":{"rendered":"Amateur video"},"content":{"rendered":"<p><!doctype html> \u0440\u0443\u0441\u0441\u043a\u043e\u043c \u0432\u0438\u0434\u0435\u043e\u0447\u0430\u0442 FevaUqe60 <a href=\"https:\/\/pixhost.to\/show\/91\/365548154_page1.jpg\"><img decoding=\"async\" src=\"https:\/\/t88.pixhost.to\/thumbs\/91\/365548154_page1.jpg\" alt=\"\u0438\u0437\u0442\u0435\u0433\u043b\u044f\u043d\u0435 \u043d\u0430 \u0434\u0435\u0442\u0441\u043a\u043e \u043f\u043e\u0440\u043d\u043e\" class=\"\"\/><\/a> <a href=\"https:\/\/pixhost.to\/show\/91\/365548165_page2.jpg\"><img decoding=\"async\" src=\"https:\/\/t88.pixhost.to\/thumbs\/91\/365548165_page2.jpg\" alt=\"\u0432\u0438\u0434\u0435\u043e \u0441\u0435\u043a\u0441 \u0434\u0435\u0442\u0435\u0439 \u0432 \u0448\u043a\u043e\u043b\u0435\" class=\"\"\/><\/a> <\/p>\n<h1>Foto webcam videos adolescentes FUCKING VIRGEN PUSSY VIDEOS. Forum YOUNG MODEL FOTO YOUNG WEBCAM YOUNG MODEL FOTO YOUNG WEBCAM YOUNG. webcam forum porno remaja MAGNET INDIAN IRINA DAN Oleg TORRENT. webcam teen videos TEEN BOOBS webcam teen videos TEEN BOOBS. t\u00e9l\u00e9charger julyjailbait omegle mrvine vine phorum. Rape content yo8 yo9 yo10 yo12, \u043f\u043e\u0440\u043d\u043e \u0432\u0438\u0434\u0435\u043e \u0434\u0435\u0432\u043e\u0447\u043a\u0438 \u0432 \u0442\u0440\u0443\u0441\u0438\u043a\u0430\u0445 jailbait porn stars. Klava Coca abtropfen lassen 18 Fotos aus dem Wagen. Forum Webcam Teen Porno LOLITA CITY PACK MEGA LINKS. . \u0444\u043e\u0442\u043e \u0433\u043e\u043b\u044b\u0445 \u043f\u0438\u0441\u0435\u043a \u0434\u0435\u0442\u0435\u0439 cp onionk, \u043f\u043e\u0440\u043d\u043e \u0442\u0440\u0430\u0445\u0430\u044e\u0442 \u043c\u0430\u043b\u0435\u043d\u044c\u043a\u0438\u0445 \u0434\u0435\u0442\u0435\u0439kk VuvasAmadi979.<\/h1>\n<p>Forum Webcam Teen SEX TEEN PUSSY VIDEO Forum Webcam. Videos TEEN FUCKED Forum Webcam-Teenager-Videos TEEN. , Fotos von Doggystyle, Fotos von wiedergeborenen M\u00e4dchen, Fotos. sur webcam teen porn TEEN SUCK sur webcam teen porn. \u092e\u0902\u091a \u0926\u0942\u0930\u0926\u0930\u093e\u091c \u0915\u0947 \u0936\u0949\u092a\u093f\u0902\u0917 \u092a\u094d\u0930\u0947\u092e\u093f\u092f\u094b\u0902 \u0915\u093e \u092e\u0902\u091a \u0905\u0928\u093e\u091a\u093e\u0930 \u092a\u094d\u0930\u0947\u092e\u093f\u092f\u094b\u0902 \u0915\u093e \u092e\u0902\u091a \u092e\u0941\u0916-. fotos de mujeres maduras en shorts fotos de mujeres maduras. foto \u0440\u0443\u043c c\u00e1mara web porno adolescente I2P MAGNET ENLACES INCESTO TELEGRAM I2P. foto de upskirts rusas foto de transexuales rusas foto de. entleerende Schulm\u00e4dchen-Periskop-Telegramme entleerende. CHILD VIDEOS TORRENT DOWNLOAD CHILD SHARED VIDEOS, ls little models forumk FULL COLLECTION LIBRO CP LINKS, cp \u0442\u043e\u0440\u0440\u0435\u043d\u0442kk NEW VIDEO AND PHOTO LIBRO yo8 yo9 yo10 yo12<\/><\/p>\n<p>foto webcam teen porn SEX VIDEO SHARE LINKS PRIVAT foto. gen\u00e7 videolar\u0131 TEEN FUCKED \u0444\u043e\u0440\u0443\u043c web kameras\u0131 gen\u00e7 videolar\u0131 TEEN PORN STARS. 19 ya\u015f \u00fczs\u00fcz foto\u015f\u0259kili evd\u0259 haz\u0131rlanm\u0131\u015f foto evd\u0259. webcam teen porn COLLECTION DOWNLOAD avec webcam teen porn. \u0444\u043e\u0440\u0443\u043c webcam teen videos LOLITA CITY PACK MEGA LINKS. forum veb kameras\u0131 yeniyetm\u0259 videolar\u0131 LITTLE GIRL XXX 10 YEARLO. forum web kameras\u0131 yeniyetm\u0259 videolar\u0131 SEX JAV U\u015eAQ PORNASI INCEST. Forum-Webcam Sex-Doll-Vergewaltigungsinhalt 8 Jahre alt 9 Jahre alt 10 Jahre alt 12 Jahre Forum-Webcam. \u0446\u043f \u0441\u043a\u0430\u0447\u0430\u0442\u044c \u0430\u0440\u0445\u0438\u0432kk COMPLETE COLLECTION COLECCION CP LINKS<\/><\/p>\n<h2>2.4TB PRIVATE VIDEO LINK FOR TORRENT CLIENT<\/h2>\n<p> magnet:?xt=urn:btih:38D66BF77DBF45A173FF6009C3ED0895C403AFDA <\/p>\n<h3>WEBSITE: OPEN IN AN ANONYMOUS BROWSER (the link does not work in other browsers!) <a href=\"https:\/\/www.torproject.org\/download\/\">TOR BROWSER<\/a><\/h3>\n<p> <a href=\"http:\/\/dvhdl7akyhos236m76re43nbggcvu5bkxcmfomxsa32ugz6gg2vzdfid.onion\">Www. dvhdl7akyhos236m76re43nbggcvu5bkxcmfomxsa32ugz6gg2vzdfid. onion<\/a><\/p>\n","protected":false},"excerpt":{"rendered":"<p>\u0440\u0443\u0441\u0441\u043a\u043e\u043c \u0432\u0438\u0434\u0435\u043e\u0447\u0430\u0442 FevaUqe60 Foto webcam videos adolescentes FUCKING VIRGEN PUSSY VIDEOS. Forum YOUNG MODEL FOTO YOUNG WEBCAM YOUNG MODEL FOTO YOUNG WEBCAM YOUNG. webcam forum porno remaja MAGNET INDIAN IRINA DAN Oleg TORRENT. webcam teen videos TEEN BOOBS webcam teen videos TEEN BOOBS. t\u00e9l\u00e9charger julyjailbait omegle mrvine vine phorum. Rape content yo8 yo9 yo10 yo12, [&hellip;]<\/p>\n","protected":false},"author":2,"featured_media":0,"parent":0,"menu_order":0,"comment_status":"closed","ping_status":"closed","template":"","meta":{"footnotes":""},"class_list":["post-410","page","type-page","status-publish","hentry"],"_links":{"self":[{"href":"https:\/\/www.optimiseconsulting.eu\/index.php\/wp-json\/wp\/v2\/pages\/410","targetHints":{"allow":["GET"]}}],"collection":[{"href":"https:\/\/www.optimiseconsulting.eu\/index.php\/wp-json\/wp\/v2\/pages"}],"about":[{"href":"https:\/\/www.optimiseconsulting.eu\/index.php\/wp-json\/wp\/v2\/types\/page"}],"author":[{"embeddable":true,"href":"https:\/\/www.optimiseconsulting.eu\/index.php\/wp-json\/wp\/v2\/users\/2"}],"replies":[{"embeddable":true,"href":"https:\/\/www.optimiseconsulting.eu\/index.php\/wp-json\/wp\/v2\/comments?post=410"}],"version-history":[{"count":0,"href":"https:\/\/www.optimiseconsulting.eu\/index.php\/wp-json\/wp\/v2\/pages\/410\/revisions"}],"wp:attachment":[{"href":"https:\/\/www.optimiseconsulting.eu\/index.php\/wp-json\/wp\/v2\/media?parent=410"}],"curies":[{"name":"wp","href":"https:\/\/api.w.org\/{rel}","templated":true}]}}