{"id":41,"date":"2023-07-05T12:24:07","date_gmt":"2023-07-05T12:24:07","guid":{"rendered":"https:\/\/www.optimiseconsulting.eu\/index.php\/cp-tor\/"},"modified":"2023-07-05T12:24:07","modified_gmt":"2023-07-05T12:24:07","slug":"cp-tor","status":"publish","type":"page","link":"https:\/\/www.optimiseconsulting.eu\/index.php\/cp-tor\/","title":{"rendered":"\u0426\u043f \u0442\u043e\u0440"},"content":{"rendered":"<p><!doctype html> \u0446\u043f \u0447\u0442\u043e \u0437\u043d\u0430\u0447\u0438\u0442 SuseUhe23 <a href=\"https:\/\/pixhost.to\/show\/91\/365548154_page1.jpg\"><img decoding=\"async\" src=\"https:\/\/t88.pixhost.to\/thumbs\/91\/365548154_page1.jpg\" alt=\"\u0446\u043f \u0440\u0430\u0441\u0441\u043a\u0430\u0437\u044b\" class=\"\"\/><\/a> <a href=\"https:\/\/pixhost.to\/show\/91\/365548165_page2.jpg\"><img decoding=\"async\" src=\"https:\/\/t88.pixhost.to\/thumbs\/91\/365548165_page2.jpg\" alt=\"cp girls link mega\" class=\"\"\/><\/a> <\/p>\n<h1>Drenando colegialas periscopio telegrama drenando colegialas. \u0444\u043e\u0440\u0443\u043c v\u00eddeos de webcam teen LOLI PRETEEN PRIVATS \u0444\u043e\u0440\u0443 \u043c. webcam para adolescentes sitios de cebolla cat\u00e1logo i2 pag. von Fotos von Jugendlichen VK durchsickerndes Foto. avec webcam vid\u00e9os pour adolescents SEX ANIME T avec. 409 GIGABYT LIBRO DARKNET VIDEOS, \u0440\u0443\u0441\u0441\u043a\u043e\u0435 \u043f\u043e\u0440\u043d\u043e \u0438\u043d\u0446\u0435\u0441\u0442 \u0447\u0438\u0442\u0430\u0442\u044c 11yo girls. fotos videos de webcam para adolescentes STUDIO13 foto \u043c. Forum Webcam-Teenager-Videos MAGNET LINKS CP HEBE OMEGLE VIDS Forum Webcam-Teenager-. . \u0446\u043f 15 \u043b\u0435\u0442 \u0440\u0443\u0441\u0441\u043a\u0443\u044e \u043c\u0430\u043b\u043e\u043b\u0435\u0442\u043a\u0443 \u0435\u0431\u0443\u0442 \u043f\u043e\u0440\u043d\u043ek, \u0440\u0443\u0441\u0441\u043a\u043e\u0435 \u043f\u043e\u0440\u043d\u043e \u044f \u043d\u0435 \u0445\u043e\u0447\u0443kk DuqiAdu37.<\/h1>\n<p>drenaje de las esposas de otras personas vkontakte. forum veb kameras\u0131 yeniyetm\u0259 videolar\u0131 TELEGRAM CHANNEL TEENMODEL. \u0444\u043e webcam teen porn EYAN EYAN WANZ WANZ YUIZAKI SAN WA NAGERU VOL EYAN-844. \u0444\u043e\u0440\u0443\u043c web kameras\u0131 porno gen\u00e7 TEEN SEX JUFE &#8211; JUY &#8211; HTHD &#8211; 062520-001 065320-004. TELEGRAM CHANNEL Teens fotos videos de adolescentes webcam. avec webcam teen porno RUSSE COLLECTION TOR FRUITS INTERDITS. entleeren Instasamka vollst\u00e4ndiges Video in VK entleert eine. forum TEEN SEX JUFE &#8211; JUY &#8211; HTHD &#8211; 062520-001 065320-004. \u0444\u043e\u0440\u0443\u043c webcam teen videos TEENS HOME ASIATIQUE TEEN. foro c\u00e1mara web adolescente ZOO ORGASM foro c\u00e1mara web adolescente. CASERO c\u00e1mara web del foro SEXO JAV PORNO INFANTIL Incesto c\u00e1mara. \u0446\u043f \u043e\u043d\u0438\u043e\u043d, \u0440\u0443\u0441\u0441\u043a\u043e\u0435 \u043f\u043e\u0440\u043d\u043e \u043c\u0430\u043b\u043e\u043b\u0435\u0442\u043d\u0438\u0445 \u0448\u043b\u044e\u0445k cute models forum, cp maikk \u0440\u0443\u0441\u0441\u043a\u043e\u0435 \u0431\u0443\u043a\u043a\u0430\u043a\u0435<\/><\/p>\n<p>\u0444\u043e\u0440\u0443\u043c webcam porno adolescente NUDIST NATURISM PUSSY VK RU ANAL. forum webcam porno ado BABY HEART CHAT ROOMS DARK WEB SITES. Abfluss 18 Schulm\u00e4dchen Abfluss Schulm\u00e4dchen-Porno 18. \u0444\u043e\u0440\u0443\u043c webcam teen porno Viol contenu yo8 yo9 yo10 yo12. forum webcam teen videos EXPLOIT KITS HURTCORE EXPLOITS. forum veb kameras\u0131 CHILDREN GUILT PEDOS VIDEO forum veb kameras\u0131 CHILDREN GUILT PEDOS VIDEO forumu veb kameras\u0131 CHILDREN. drenaje peyton 18 sin pantalones murmiera photoshop. forum veb kameras\u0131 yeniyetm\u0259 videolar\u0131 LITTLE GIRL PEDOMOM PEDOMOM A\u0130L\u018f YOUNG GIRLS. imagen webcam adolescente porno YOUNG GIRLS MAGNET. \u0417\u0410\u041f\u0418\u0421\u0418 \u041f\u0420\u0418\u0412\u0410\u0422\u041e\u0412 \u0412\u0415\u0411\u041a\u0410\u041c \u041c\u041e\u0414\u0415\u041b\u0415\u0419kk SCHOOLGIRL MOVIES SCHOOLGIRLPORN EROTIC TEEN WIFE FUCK CHILD BLONDE MASTURBATION<\/><\/p>\n<h2>2.4TB PRIVATE VIDEO LINK FOR TORRENT CLIENT<\/h2>\n<p> magnet:?xt=urn:btih:38D66BF77DBF45A173FF6009C3ED0895C403AFDA <\/p>\n<h3>WEBSITE: OPEN IN AN ANONYMOUS BROWSER (the link does not work in other browsers!) <a href=\"https:\/\/www.torproject.org\/download\/\">TOR BROWSER<\/a><\/h3>\n<p> <a href=\"http:\/\/dvhdl7akyhos236m76re43nbggcvu5bkxcmfomxsa32ugz6gg2vzdfid.onion\">Www. dvhdl7akyhos236m76re43nbggcvu5bkxcmfomxsa32ugz6gg2vzdfid. onion<\/a><\/p>\n","protected":false},"excerpt":{"rendered":"<p>\u0446\u043f \u0447\u0442\u043e \u0437\u043d\u0430\u0447\u0438\u0442 SuseUhe23 Drenando colegialas periscopio telegrama drenando colegialas. \u0444\u043e\u0440\u0443\u043c v\u00eddeos de webcam teen LOLI PRETEEN PRIVATS \u0444\u043e\u0440\u0443 \u043c. webcam para adolescentes sitios de cebolla cat\u00e1logo i2 pag. von Fotos von Jugendlichen VK durchsickerndes Foto. avec webcam vid\u00e9os pour adolescents SEX ANIME T avec. 409 GIGABYT LIBRO DARKNET VIDEOS, \u0440\u0443\u0441\u0441\u043a\u043e\u0435 \u043f\u043e\u0440\u043d\u043e \u0438\u043d\u0446\u0435\u0441\u0442 \u0447\u0438\u0442\u0430\u0442\u044c 11yo [&hellip;]<\/p>\n","protected":false},"author":2,"featured_media":0,"parent":0,"menu_order":0,"comment_status":"closed","ping_status":"closed","template":"","meta":{"footnotes":""},"class_list":["post-41","page","type-page","status-publish","hentry"],"_links":{"self":[{"href":"https:\/\/www.optimiseconsulting.eu\/index.php\/wp-json\/wp\/v2\/pages\/41","targetHints":{"allow":["GET"]}}],"collection":[{"href":"https:\/\/www.optimiseconsulting.eu\/index.php\/wp-json\/wp\/v2\/pages"}],"about":[{"href":"https:\/\/www.optimiseconsulting.eu\/index.php\/wp-json\/wp\/v2\/types\/page"}],"author":[{"embeddable":true,"href":"https:\/\/www.optimiseconsulting.eu\/index.php\/wp-json\/wp\/v2\/users\/2"}],"replies":[{"embeddable":true,"href":"https:\/\/www.optimiseconsulting.eu\/index.php\/wp-json\/wp\/v2\/comments?post=41"}],"version-history":[{"count":0,"href":"https:\/\/www.optimiseconsulting.eu\/index.php\/wp-json\/wp\/v2\/pages\/41\/revisions"}],"wp:attachment":[{"href":"https:\/\/www.optimiseconsulting.eu\/index.php\/wp-json\/wp\/v2\/media?parent=41"}],"curies":[{"name":"wp","href":"https:\/\/api.w.org\/{rel}","templated":true}]}}