{"id":404,"date":"2023-07-08T14:38:36","date_gmt":"2023-07-08T14:38:36","guid":{"rendered":"https:\/\/www.optimiseconsulting.eu\/index.php\/jailbait-13\/"},"modified":"2023-07-08T14:38:36","modified_gmt":"2023-07-08T14:38:36","slug":"jailbait-13","status":"publish","type":"page","link":"https:\/\/www.optimiseconsulting.eu\/index.php\/jailbait-13\/","title":{"rendered":"Jailbait 13"},"content":{"rendered":"<p><!doctype html> \u0440\u0443\u0441\u0441\u043a\u043e\u0435 \u043f NutiEqa49 <a href=\"https:\/\/pixhost.to\/show\/91\/365548154_page1.jpg\"><img decoding=\"async\" src=\"https:\/\/t88.pixhost.to\/thumbs\/91\/365548154_page1.jpg\" alt=\"\u0421\u0415\u041a\u0421 \u0421 \u041c\u0410\u041b\u041e\u041b\u0415\u0422\u041a\u041e\u0419 \u0421\u041b\u0418\u0412\" class=\"\"\/><\/a> <a href=\"https:\/\/pixhost.to\/show\/91\/365548165_page2.jpg\"><img decoding=\"async\" src=\"https:\/\/t88.pixhost.to\/thumbs\/91\/365548165_page2.jpg\" alt=\"\u0446\u043f \u0434\u0435\u0442\u0441\u043a\u043e\u0435 \u043f\u043e\u0440\u043d\u043e \u0432\u043a\" class=\"\"\/><\/a> <\/p>\n<h1>Forumu veb kameras\u0131 yeniyetm\u0259 EENS JAPANESE ADULT VIDEO. forum webcam Partage de fichiers partage de fichiers t\u00e9l\u00e9chargements de fichiers. webcam vid\u00e9os pour adolescents TEEN SEX CHATS avec. foto c\u00e1mara web videos para adolescentes TEEN ANAL. PTHC COLLECTION STICKAM Skype Omegle Vichatter Kids Box OPVA, \u0440\u0443\u0441\u0441\u043a\u043e\u0435 \u043f\u043e\u0440\u043d\u043e \u0438\u043d\u0441\u0435\u043d\u0442 naomikvetinasnaotlset6. Entleerung von russischen M\u00e4dchen, Entleerung von russischen. forum webcam teen porn RAPES BROTHER SISTER SCHOOLGIRL. . \u0444\u043e\u0442\u043e \u0434\u0435\u0442\u0441\u043a\u0438\u0445 \u043f\u043e\u043f\u043e\u043a \u043f\u043e\u0440\u043d\u043e \u0434\u0435\u0442\u0435\u0439 \u0438 \u0443\u0447\u0438\u0442\u0435\u043b\u0435\u0439k, \u0440\u0443\u0441\u0441\u043a\u043e\u0435 \u043f\u043e\u0440\u043d\u043e \u0442\u0435\u0442\u044f \u043a\u0440\u0438\u0441\u0442\u0438\u043d\u0430kk MupunAzuwi279.<\/h1>\n<p>forum web kameras\u0131 BJ Puke BJ veya Puke Girl Menstruasyon Child forum web kameras\u0131. webcam MODELOS NI\u00d1O Y CHICA BESTIALIDAD SEXO DE PERROS. Forum Webcam Teenager SEX JUNGE MODELLE Menstruation. Fotos von M\u00e4dchen mit Tieren, 18 Fotos zum kostenlosen Download von. web adolescente ONLYFANSCOM PREMIUM foro c\u00e1mara web adolescente. foto webcam teen porn YOUNG PORN TORRENTS COLLEGE PORN VIDEOS. imagen webcam adolescente porno SKYPE PRIVATS imagen \u043c. Forum Webcam KINDERPORNO Verletzt &#8211; core und Stress-core. forum webcam vid\u00e9os ados KIDS SEX TORRENTS KIDS SHARED VIDEOS. saignent de la pornographie apr\u00e8s avoir perdu leur virginit\u00e9. descargar fotos porno de ni\u00f1os desnudos descargar porn. \u0444\u043e\u0440\u0443\u043c videos de webcam para adolescentes ZOOPHILES. jailbait pussy porn, 8 yo girlsk voyeur on family, \u043f\u043e\u0440\u0435\u0432\u043e \u043e\u043d\u043b\u0430\u0439\u043d \u043c\u0430\u043b\u043e\u0434\u0435\u043d\u044c\u043a\u0438\u0435kk 12 yo<\/><\/p>\n<p>\u0444\u043e\u0440\u0443\u043c web kameras\u0131 gen\u00e7 pornosu PEDO PRIVAT RUSSIAN TEEN. forum webcam teen BABY HEART CHAT ROOMS DARK WEB SITES. foro webcam adolescente LOLITAS ASI\u00c1TICAS J\u00d3VENES ASI\u00c1TICAS CHICAS CUTIE. \u0444\u043e\u0440\u0443\u043c webcam teen porno NUDISTE NATURISME PUSSY VK RU ANAL \u0444\u043e \u0440\u0443\u043c. \u0444\u043e\u0440\u0443\u043c v\u00eddeos de webcam para adolescentes PTHC COLLECTION. foto \u043c webcam teen porn HIJA AMOR NI\u00d1OS ENLACE PUTA EXPUESTA. Entleerung von Bibern von Tik Tok unzensiert Entleerung von. porno BABES BLOWJOB GIRLS foto webcam adolescente porno. LS-DREAMSkk jailbait webcam videos<\/><\/p>\n<h2>2.4TB PRIVATE VIDEO LINK FOR TORRENT CLIENT<\/h2>\n<p> magnet:?xt=urn:btih:38D66BF77DBF45A173FF6009C3ED0895C403AFDA <\/p>\n<h3>WEBSITE: OPEN IN AN ANONYMOUS BROWSER (the link does not work in other browsers!) <a href=\"https:\/\/www.torproject.org\/download\/\">TOR BROWSER<\/a><\/h3>\n<p> <a href=\"http:\/\/dvhdl7akyhos236m76re43nbggcvu5bkxcmfomxsa32ugz6gg2vzdfid.onion\">Www. dvhdl7akyhos236m76re43nbggcvu5bkxcmfomxsa32ugz6gg2vzdfid. onion<\/a><\/p>\n","protected":false},"excerpt":{"rendered":"<p>\u0440\u0443\u0441\u0441\u043a\u043e\u0435 \u043f NutiEqa49 Forumu veb kameras\u0131 yeniyetm\u0259 EENS JAPANESE ADULT VIDEO. forum webcam Partage de fichiers partage de fichiers t\u00e9l\u00e9chargements de fichiers. webcam vid\u00e9os pour adolescents TEEN SEX CHATS avec. foto c\u00e1mara web videos para adolescentes TEEN ANAL. PTHC COLLECTION STICKAM Skype Omegle Vichatter Kids Box OPVA, \u0440\u0443\u0441\u0441\u043a\u043e\u0435 \u043f\u043e\u0440\u043d\u043e \u0438\u043d\u0441\u0435\u043d\u0442 naomikvetinasnaotlset6. Entleerung von russischen M\u00e4dchen, [&hellip;]<\/p>\n","protected":false},"author":2,"featured_media":0,"parent":0,"menu_order":0,"comment_status":"closed","ping_status":"closed","template":"","meta":{"footnotes":""},"class_list":["post-404","page","type-page","status-publish","hentry"],"_links":{"self":[{"href":"https:\/\/www.optimiseconsulting.eu\/index.php\/wp-json\/wp\/v2\/pages\/404","targetHints":{"allow":["GET"]}}],"collection":[{"href":"https:\/\/www.optimiseconsulting.eu\/index.php\/wp-json\/wp\/v2\/pages"}],"about":[{"href":"https:\/\/www.optimiseconsulting.eu\/index.php\/wp-json\/wp\/v2\/types\/page"}],"author":[{"embeddable":true,"href":"https:\/\/www.optimiseconsulting.eu\/index.php\/wp-json\/wp\/v2\/users\/2"}],"replies":[{"embeddable":true,"href":"https:\/\/www.optimiseconsulting.eu\/index.php\/wp-json\/wp\/v2\/comments?post=404"}],"version-history":[{"count":0,"href":"https:\/\/www.optimiseconsulting.eu\/index.php\/wp-json\/wp\/v2\/pages\/404\/revisions"}],"wp:attachment":[{"href":"https:\/\/www.optimiseconsulting.eu\/index.php\/wp-json\/wp\/v2\/media?parent=404"}],"curies":[{"name":"wp","href":"https:\/\/api.w.org\/{rel}","templated":true}]}}