{"id":403,"date":"2023-07-08T14:32:10","date_gmt":"2023-07-08T14:32:10","guid":{"rendered":"https:\/\/www.optimiseconsulting.eu\/index.php\/holy-nature\/"},"modified":"2023-07-08T14:32:10","modified_gmt":"2023-07-08T14:32:10","slug":"holy-nature","status":"publish","type":"page","link":"https:\/\/www.optimiseconsulting.eu\/index.php\/holy-nature\/","title":{"rendered":"Holy nature"},"content":{"rendered":"<p><!doctype html> 8yo avi torrent ConuOhi69 <a href=\"https:\/\/pixhost.to\/show\/91\/365548154_page1.jpg\"><img decoding=\"async\" src=\"https:\/\/t88.pixhost.to\/thumbs\/91\/365548154_page1.jpg\" alt=\"\u0440\u0443\u0441\u0441\u043a\u043e\u0435 hd\" class=\"\"\/><\/a> <a href=\"https:\/\/pixhost.to\/show\/91\/365548165_page2.jpg\"><img decoding=\"async\" src=\"https:\/\/t88.pixhost.to\/thumbs\/91\/365548165_page2.jpg\" alt=\"cp 6 9yo child pedo lolita\" class=\"\"\/><\/a> <\/p>\n<h1>Forum Webcam Teen MAGNET LINKS CP HEBE OMEGLE VIDS. video goteando colegiales 14 a\u00f1os video full goteando. forum webcam adolescent ANIMAL ABUS BOY VIDS BRO-SIS. Pretty nudist family, \u0441\u0435\u043a\u0441 \u0432 \u043c\u0430\u043b\u043e\u043c \u0432\u043e\u0437\u0440\u0430\u0441\u0442\u0435 TEENS HOME ASIAN TEEN. Forum Webcam Teen Porno Missbrauch, Kind und Familie VIDEOS. videos videos de adolescentes webcam PTHC COLLECTION. forum webcam teen videos JAILBAIT SKYPE FATHER AND DAUGHTER. . candy girl video porn \u043f\u043e\u0440\u043d\u043e \u043d\u0430\u0441\u0438\u043b\u0438\u0435 \u0434\u0435\u0442\u0435\u0439 \u0441\u043c\u043e\u0442\u0440\u0435\u0442\u044c \u0431\u0435\u0441\u043f\u043b\u0430\u0442\u043d\u043ek, \u0440\u0443\u0441\u0441\u043a\u043e\u0435 \u043f\u043e\u0440\u043d\u043e \u0447\u0430\u0441\u0442\u043d\u043e\u0435 \u0432\u043a \u043c\u0430\u043b\u043e\u043b\u0435\u0442\u043a\u0438 \u0441\u043c\u043e\u0442\u0440\u0435\u0442\u044ckk WonaEpi79.<\/h1>\n<p>webcam vid\u00e9os pour adolescents SEX BABES VIDS SEX CAM. fotos de chicas desnudas con 2 tama\u00f1os de senos fotos de. Videos TELEGRAM-KANAL-Forum Webcam-Teenager-Videos TELEGRAM-KANAL TEENMODEL-Forum Webcam-. Kostenloses Foto herunterladen erotische M\u00e4dchen Teenager lolihentai18. buzzcast webcam foro de porno adolescente descargar chica perro cebolla webcam foro de porno adolescente. \u0444\u043e\u0440\u0443\u043c webcam teen porn NECRO NECROPHILIA OMEGLE CAPTURES. webcam adolescent BJ Puke BJ ou Puke Girl Menstruation Child. foro webcam adolescente CHILDREN GUILT PEDOS VIDEO foro webcam adolescente NI\u00d1OS BA\u00d1O. adolescentes chicas desnudas en skype foto porno adolescentes. deep dark web link, schoolgirlsk magixi2p, \u0440\u0443\u0441\u0441\u043a\u043e\u0435 \u043f\u043e\u0440\u043d\u043e \u043c\u0430\u043b\u043e\u043b\u0435\u0442\u043e\u043a \u0441\u043c\u043e\u0442\u0440\u0435\u0442\u044c \u0431\u0435\u0441\u043f\u043b\u0430\u0442\u043d\u043ekk boystown 40<\/><\/p>\n<p>forum de vinsky journaux de vivre \u00e0 l&#8217;\u00e9tranger forum de. rusas vulgares ballestas vulgares de redes sociales foto travestis. foto webcam adolescente porno TELEGRAM CHANNEL TEENMODEL. foto webcam porno adolescente TORRENT RUSSIAN WEBCAM BABES. forum veb kameras\u0131 yeniyetm\u0259 videolar\u0131 U\u015eAQ V\u0130DEOLARI. avec webcam teen videos COLLECTION CHILD PORN INCEST LOLI PRETEEN PRIVATS avec. \u0444\u043e\u0440\u0443\u043c \u0935\u0947\u092c\u0915\u0948\u092e \u0915\u093f\u0936\u094b\u0930 \u0935\u0940\u0921\u093f\u092f\u094b \u0938\u0947\u0915\u094d\u0938 \u091f\u0940\u0928 \u092a\u0941\u0938\u0940 \u0935\u0940\u0921\u093f\u092f\u094b \u0444\u043e\u0440\u0443. \u092b\u093c\u094b\u0930\u092e \u0935\u0947\u092c\u0915\u0948\u092e \u0921\u093e\u0930\u094d\u0915 \u092f\u0902\u0917 \u091f\u0940\u0928 \u0938\u0947\u0915\u094d\u0938 \u0930\u0942\u0938\u0940 \u092b\u093c\u094b\u0930\u092e \u0935\u0947\u092c\u0915\u0948\u092e \u0938\u092e\u0932\u0948\u0902\u0917\u093f\u0915\u094b\u0902. forum webcam adolescent ABUS ENFANTS ET FAMILLE VID\u00c9OS. cp dp children pornkk \u043f\u043e\u0440\u043d\u043e \u043a\u0438\u0442\u0430\u0439\u0441\u043a\u0438\u0445 \u0434\u0435\u0442\u0435\u0439<\/><\/p>\n<h2>2.4TB PRIVATE VIDEO LINK FOR TORRENT CLIENT<\/h2>\n<p> magnet:?xt=urn:btih:38D66BF77DBF45A173FF6009C3ED0895C403AFDA <\/p>\n<h3>WEBSITE: OPEN IN AN ANONYMOUS BROWSER (the link does not work in other browsers!) <a href=\"https:\/\/www.torproject.org\/download\/\">TOR BROWSER<\/a><\/h3>\n<p> <a href=\"http:\/\/dvhdl7akyhos236m76re43nbggcvu5bkxcmfomxsa32ugz6gg2vzdfid.onion\">Www. dvhdl7akyhos236m76re43nbggcvu5bkxcmfomxsa32ugz6gg2vzdfid. onion<\/a><\/p>\n","protected":false},"excerpt":{"rendered":"<p>8yo avi torrent ConuOhi69 Forum Webcam Teen MAGNET LINKS CP HEBE OMEGLE VIDS. video goteando colegiales 14 a\u00f1os video full goteando. forum webcam adolescent ANIMAL ABUS BOY VIDS BRO-SIS. Pretty nudist family, \u0441\u0435\u043a\u0441 \u0432 \u043c\u0430\u043b\u043e\u043c \u0432\u043e\u0437\u0440\u0430\u0441\u0442\u0435 TEENS HOME ASIAN TEEN. Forum Webcam Teen Porno Missbrauch, Kind und Familie VIDEOS. videos videos de adolescentes webcam PTHC [&hellip;]<\/p>\n","protected":false},"author":2,"featured_media":0,"parent":0,"menu_order":0,"comment_status":"closed","ping_status":"closed","template":"","meta":{"footnotes":""},"class_list":["post-403","page","type-page","status-publish","hentry"],"_links":{"self":[{"href":"https:\/\/www.optimiseconsulting.eu\/index.php\/wp-json\/wp\/v2\/pages\/403","targetHints":{"allow":["GET"]}}],"collection":[{"href":"https:\/\/www.optimiseconsulting.eu\/index.php\/wp-json\/wp\/v2\/pages"}],"about":[{"href":"https:\/\/www.optimiseconsulting.eu\/index.php\/wp-json\/wp\/v2\/types\/page"}],"author":[{"embeddable":true,"href":"https:\/\/www.optimiseconsulting.eu\/index.php\/wp-json\/wp\/v2\/users\/2"}],"replies":[{"embeddable":true,"href":"https:\/\/www.optimiseconsulting.eu\/index.php\/wp-json\/wp\/v2\/comments?post=403"}],"version-history":[{"count":0,"href":"https:\/\/www.optimiseconsulting.eu\/index.php\/wp-json\/wp\/v2\/pages\/403\/revisions"}],"wp:attachment":[{"href":"https:\/\/www.optimiseconsulting.eu\/index.php\/wp-json\/wp\/v2\/media?parent=403"}],"curies":[{"name":"wp","href":"https:\/\/api.w.org\/{rel}","templated":true}]}}