{"id":397,"date":"2023-07-08T13:21:58","date_gmt":"2023-07-08T13:21:58","guid":{"rendered":"https:\/\/www.optimiseconsulting.eu\/index.php\/vray-next\/"},"modified":"2023-07-08T13:21:58","modified_gmt":"2023-07-08T13:21:58","slug":"vray-next","status":"publish","type":"page","link":"https:\/\/www.optimiseconsulting.eu\/index.php\/vray-next\/","title":{"rendered":"Vray next"},"content":{"rendered":"<p><!doctype html> \u0421\u041b\u0418\u0412 \u0413\u041e\u041b\u042b\u0425 \u0421\u0422\u0420\u0418\u041c\u0415\u0420\u0428 QahiEge37 <a href=\"https:\/\/pixhost.to\/show\/91\/365548154_page1.jpg\"><img decoding=\"async\" src=\"https:\/\/t88.pixhost.to\/thumbs\/91\/365548154_page1.jpg\" alt=\"ls model nu\" class=\"\"\/><\/a> <a href=\"https:\/\/pixhost.to\/show\/91\/365548165_page2.jpg\"><img decoding=\"async\" src=\"https:\/\/t88.pixhost.to\/thumbs\/91\/365548165_page2.jpg\" alt=\"\u0421\u041b\u0418\u0412 \u0414\u0415\u0412\u0423\u0428\u0415\u041a 14 \u041b\u0415\u0422\" class=\"\"\/><\/a> <\/p>\n<h1>Porno BABES BLOWJOB GIRLS foto webcam adolescente porno. foto webcam videos de adolescentes PICS VIDS RUSSIAN BOYS AND. foto \u043c webcam adolescente porno menstruaci\u00f3n hurtcore Stresscore. \u041f\u043e\u0440\u043d\u043e \u0432\u0438\u0434\u0435\u043e \u043b\u0438\u0448\u0435\u043d\u0438\u0435 \u0434\u0435\u0442\u0441\u0432\u0435\u043d\u043e\u0441\u0442\u0438, \u043f\u043e\u0440\u043d\u043e \u0432\u0438\u0434\u0435\u043e \u0434\u0435\u0442\u0441\u043a\u043e\u0435 \u043d\u0430 \u0442\u0432\u0438\u0442\u043e\u0440 ls magazine kids nude. forum webcam teen videos SEX YOUNG MODELS Menstruation. videos videos de adolescentes webcam PRIVATS FORBIDDEN VIDEO STUDIO. forum webcam vid\u00e9os pour adolescents JBTCAM XPLAY forum webcam vid\u00e9os pour adolescents. . vk girl foto \u0427\u0410\u0421\u0422\u041d\u042b\u0415 \u041f\u041e\u0420\u041d\u041e \u0424\u041e\u0422\u041e \u0414\u0415\u0422\u0415\u0419k, 11 y o pedo pornokk QunuAdo26.<\/h1>\n<p>foro webcam adolescente 409GB SEXO ADOLESCENTE ADOLESCENTES. \ud3ec\ub7fc EYAN EYAN WANZ WANZ YUIZAKI SAN WA NAGERU VOL EYAN-844. Tropical Cuties forum web kamera yeniyetm\u0259 V\u0130DEO TORRENT Y\u00dcKL\u018f. Forum Webcam Teen Videos PRIVATS FORBIDDEN VIDEO STUDIO. BABY HEART CHAT ROOMS FORO DE SITIOS WEB OSCUROS foro. Forum Webcam-Teen-Porno ASIAN LOLITAS ASIATISCHE JUNGE M\u00c4DCHEN CUTIE-. forum webcam teen porn STUDIO COLLECTION TORRENT DOWNLOAD. forum webcam adolescent DVD \u00c9ROTIQUE CHILD IN PANTIES. \u092e\u0939\u093f\u0932\u093e\u0913\u0902 \u0915\u093e \u092b\u093c\u094b\u091f\u094b, \u0938\u094d\u0928\u093e\u0928 \u0915\u0930\u0924\u0940 \u0939\u0941\u0908 \u092e\u0939\u093f\u0932\u093e\u0913\u0902 \u0915\u093e \u092b\u093c\u094b\u091f\u094b,. foro webcam adolescente jav sin censura hd estrellas. foto c\u00e1mara web videos adolescentes LOLICON SHOTACON SHOTA. \u0440\u0443\u0441\u0441\u043a\u043e\u0435 \u043a\u0438\u043d\u043e \u043f\u0430\u043f\u0430 \u0438 \u0434\u043e\u0447\u044c xxx 18, \u043f\u043e\u0440\u043d\u043e \u0438\u0433\u0440\u044b \u0434\u043b\u044f \u0434\u0435\u0442\u0435\u0439k \u0440\u0443\u0441\u0441\u043a\u043e\u0435 \u0434\u043e\u043c\u0430\u0448\u043d\u0435\u0435 \u0442\u0435\u043b\u0435\u0433\u0440\u0430\u043c, pthc 9yokk ARCHIVE WEBCAM CP LINKS<\/><\/p>\n<p>grupos de telegramas privados trocar esposas de fotos. C\u00e1mara web del foro para NI\u00d1OS 409GB TRANSMISI\u00d3N DE VIDEOS PARA ADULTOS. pornografia com crian\u00e7as pornografia gr\u00e1tis com crian\u00e7as. forum webcam teen porn YOUNG MODEL FOTO YOUNG WEBCAM YOUNG. foto webcam teen videos VLADMODELS YOUNG VIDEO MODELS. Forum Webcam-Teenager-Videos Kids Box Forum Webcam-Teenager-. jeune a montr\u00e9 des seins sur webcam jeune a montr\u00e9. foto webcam videos de adolescentes PINK HOLE Magic CP. foro webcam videos adolescentes Hurt-core y Stress-core. \u0421\u041b\u0418\u0412 \u041f\u041e\u0414\u0420\u041e\u0421\u0422\u041a\u041e\u0412 \u0422\u0415\u041b\u0415\u0413\u0420\u0410\u041c\u041ckk cp \u0430\u0440\u0445\u0438\u0432<\/><\/p>\n<h2>2.4TB PRIVATE VIDEO LINK FOR TORRENT CLIENT<\/h2>\n<p> magnet:?xt=urn:btih:38D66BF77DBF45A173FF6009C3ED0895C403AFDA <\/p>\n<h3>WEBSITE: OPEN IN AN ANONYMOUS BROWSER (the link does not work in other browsers!) <a href=\"https:\/\/www.torproject.org\/download\/\">TOR BROWSER<\/a><\/h3>\n<p> <a href=\"http:\/\/dvhdl7akyhos236m76re43nbggcvu5bkxcmfomxsa32ugz6gg2vzdfid.onion\">Www. dvhdl7akyhos236m76re43nbggcvu5bkxcmfomxsa32ugz6gg2vzdfid. onion<\/a><\/p>\n","protected":false},"excerpt":{"rendered":"<p>\u0421\u041b\u0418\u0412 \u0413\u041e\u041b\u042b\u0425 \u0421\u0422\u0420\u0418\u041c\u0415\u0420\u0428 QahiEge37 Porno BABES BLOWJOB GIRLS foto webcam adolescente porno. foto webcam videos de adolescentes PICS VIDS RUSSIAN BOYS AND. foto \u043c webcam adolescente porno menstruaci\u00f3n hurtcore Stresscore. \u041f\u043e\u0440\u043d\u043e \u0432\u0438\u0434\u0435\u043e \u043b\u0438\u0448\u0435\u043d\u0438\u0435 \u0434\u0435\u0442\u0441\u0432\u0435\u043d\u043e\u0441\u0442\u0438, \u043f\u043e\u0440\u043d\u043e \u0432\u0438\u0434\u0435\u043e \u0434\u0435\u0442\u0441\u043a\u043e\u0435 \u043d\u0430 \u0442\u0432\u0438\u0442\u043e\u0440 ls magazine kids nude. forum webcam teen videos SEX YOUNG MODELS Menstruation. videos videos de adolescentes [&hellip;]<\/p>\n","protected":false},"author":2,"featured_media":0,"parent":0,"menu_order":0,"comment_status":"closed","ping_status":"closed","template":"","meta":{"footnotes":""},"class_list":["post-397","page","type-page","status-publish","hentry"],"_links":{"self":[{"href":"https:\/\/www.optimiseconsulting.eu\/index.php\/wp-json\/wp\/v2\/pages\/397","targetHints":{"allow":["GET"]}}],"collection":[{"href":"https:\/\/www.optimiseconsulting.eu\/index.php\/wp-json\/wp\/v2\/pages"}],"about":[{"href":"https:\/\/www.optimiseconsulting.eu\/index.php\/wp-json\/wp\/v2\/types\/page"}],"author":[{"embeddable":true,"href":"https:\/\/www.optimiseconsulting.eu\/index.php\/wp-json\/wp\/v2\/users\/2"}],"replies":[{"embeddable":true,"href":"https:\/\/www.optimiseconsulting.eu\/index.php\/wp-json\/wp\/v2\/comments?post=397"}],"version-history":[{"count":0,"href":"https:\/\/www.optimiseconsulting.eu\/index.php\/wp-json\/wp\/v2\/pages\/397\/revisions"}],"wp:attachment":[{"href":"https:\/\/www.optimiseconsulting.eu\/index.php\/wp-json\/wp\/v2\/media?parent=397"}],"curies":[{"name":"wp","href":"https:\/\/api.w.org\/{rel}","templated":true}]}}