{"id":392,"date":"2023-07-08T12:45:53","date_gmt":"2023-07-08T12:45:53","guid":{"rendered":"https:\/\/www.optimiseconsulting.eu\/index.php\/security-cameras\/"},"modified":"2023-07-08T12:45:53","modified_gmt":"2023-07-08T12:45:53","slug":"security-cameras","status":"publish","type":"page","link":"https:\/\/www.optimiseconsulting.eu\/index.php\/security-cameras\/","title":{"rendered":"Security cameras"},"content":{"rendered":"<p><!doctype html> \u0438\u0434\u0435\u0442 \u043a\u0440\u043e\u0432\u044c \u043f\u043e\u0441\u043b\u0435 \u043f\u043e\u0442\u0435\u0440\u0438 \u0434\u0435\u0432\u0441\u0442\u0432\u0435\u043d\u043d\u043e\u0441\u0442\u0438 FojoOna51 <a href=\"https:\/\/pixhost.to\/show\/91\/365548154_page1.jpg\"><img decoding=\"async\" src=\"https:\/\/t88.pixhost.to\/thumbs\/91\/365548154_page1.jpg\" alt=\"14yo galitsin alice fucked old guy\" class=\"\"\/><\/a> <a href=\"https:\/\/pixhost.to\/show\/91\/365548165_page2.jpg\"><img decoding=\"async\" src=\"https:\/\/t88.pixhost.to\/thumbs\/91\/365548165_page2.jpg\" alt=\"\u043f\u043e\u043f\u043a\u0438 \u0448\u043a\u043e\u043b\u044c\u043d\u0438\u0446 \u0433\u0438\u0444\" class=\"\"\/><\/a> <\/p>\n<h1>Von russischen Schulm\u00e4dchen, Entleerung von Videos von russischen Schulm\u00e4dchen,. c\u00e1mara web videos para adolescentes OPVA VIDEOS foro c\u00e1mara web. \u092a\u0930 \u0935\u0947\u092c\u0915\u0948\u092e \u092a\u0930 \u0915\u093f\u0936\u094b\u0930 \u0905\u0936\u094d\u0932\u0940\u0932 \u0932\u0942\u091f\u094b \u092c\u094d\u0932\u0942 \u0911\u0930\u094d\u0915\u093f\u0921 \u092a\u0930 \u0935\u0947\u092c\u0915\u0948\u092e \u092a\u0930 \u0915\u093f\u0936\u094b\u0930. ansehen Fotos von Pornos von kleinen Kindern ansehen. web kameras\u0131 gen\u00e7 videolar\u0131 forumu ZOO CANDYDOLL CANDY. \u041f\u043e\u0440\u043d\u043e \u0432\u0438\u0434\u0435\u043e \u0434\u043f \u0446\u043f, \u0440\u0443\u0441\u0441\u043a\u043e\u0435 \u043f\u043e\u0440\u043d\u043e \u0432 \u0447\u0443\u043b\u043a\u0430\u0445 \u0438\u043d\u0446\u0435\u0441\u0442 art collections. photo d&#8217;une fille en soutien-gorge \u00e0 la maison sans visage. forum webcam magnet links TORRENT CHILD PORN YOUNG. forum web kameras\u0131 yeniyetm\u0259 porno TEEN SUCK forum. . \u043f\u043e\u0440\u043d\u043e \u043f\u0435\u0440\u0435\u043e\u0434\u0435\u0442\u044b\u0445 \u0433\u0435\u0435\u0432 \u0440\u0443\u0441\u0441\u043a\u043e\u0435 \u043f\u043e\u0440\u043d\u043e \u0441\u043e\u043e\u0431\u0449\u0435\u0441\u0442\u0432\u0430 \u0432\u043ak, \u0446\u043f 15 yo videokk XoqiOza97.<\/h1>\n<p>foro webcam adolescente videos jav sin censura hd estrellas. forum YOUNG FIRST Webcam GRATUITE du forum YOUNG FIRST STUDIOS. forum webcam adolescent NECRO NECROPHILIA OMEGLE CAPTURES. Forum-Webcam Sex-Doll-Vergewaltigungsinhalt 8 Jahre alt 9 Jahre alt 10 Jahre alt 12 Jahre Forum-Webcam. \u092b\u093c\u094b\u0930\u092e \u0935\u0947\u092c\u0915\u0948\u092e \u0921\u093e\u0930\u094d\u0915 \u092f\u0902\u0917 \u091f\u0940\u0928 \u0938\u0947\u0915\u094d\u0938 \u0930\u0942\u0938\u0940 \u092b\u093c\u094b\u0930\u092e \u0935\u0947\u092c\u0915\u0948\u092e \u0938\u092e\u0932\u0948\u0902\u0917\u093f\u0915\u094b\u0902. foro webcam PADRES TORRENT HIJOS INODORO SNUFF PORNO. avec webcam vid\u00e9os pour adolescents MOD\u00c8LES MEGANZ avec. \u015f\u0259kill\u0259ri unisex q\u0131zlar foto\u015f\u0259kili evd\u0259 haz\u0131rlanm\u0131\u015f g\u00f6r\u00fcn\u00fc\u015f q\u0131zlar. jailbait girls loli young image board pt, \u0440\u0443\u0441\u0441\u043a\u043e\u0435 \u043f\u043e\u0440\u043d\u043e \u043f\u043e\u043a\u0430 \u043c\u0430\u043c\u044b \u043d\u0435\u0442 \u0434\u043e\u043c\u0430k gallery, cp 8 y o hardkk child nu<\/><\/p>\n<p>adolescents en skype vid\u00e9o vk adolescents webcam adolescents webcam adolescents. foto webcam teen videos LITTLE GIRL PEDOMOM PEDOFAMILY YOUNG GIRLS. forum webcam teen TEEN SEX JUFE &#8211; JUY &#8211; HTHD &#8211; 062520-001 065320-004. forum webcam teen videos Menstruation Hurtcore Stresscore. foro webcam adolescente GIRLS PRIORI HARD CANDY YOUNG TEEN SEX VIDEOS. Forum Webcam Teenager EYAN EYAN WANZ WANZ YUIZAKI SAN WA NAGERU VOL EYAN-844. c\u00e1mara web del foro BJ Puke BJ o Puke Girl Menstruation Child c\u00e1mara web del foro. \u0444\u043e\u0440\u0443\u043c \u7db2\u7d61\u651d\u50cf\u982d\u9752\u5c11\u5e74\u8996\u983b Collection NUDE DRUNK \u0444\u043e\u0440\u0443\u043c \u7db2\u7d61\u651d\u50cf\u982d. \u00e7al\u0131nt\u0131 bir telefondan avu foto\u011fraf\u0131nda bir gen\u00e7 k\u0131z. \u0440\u0443\u0441\u0441\u043a\u043e\u0435 \u043f\u043e\u0440\u043d\u043e \u0441 \u043a\u0440\u0430\u0441\u0438\u0432\u043e\u0439 \u0431\u0440\u044e\u043d\u0435\u0442\u043a\u043e\u0439kk \u0446\u043f \u043c\u0430\u043b\u043e\u043b\u0435\u0442\u043a\u0438 \u0432\u0438\u0434\u0435\u043e<\/><\/p>\n<h2>2.4TB PRIVATE VIDEO LINK FOR TORRENT CLIENT<\/h2>\n<p> magnet:?xt=urn:btih:38D66BF77DBF45A173FF6009C3ED0895C403AFDA <\/p>\n<h3>WEBSITE: OPEN IN AN ANONYMOUS BROWSER (the link does not work in other browsers!) <a href=\"https:\/\/www.torproject.org\/download\/\">TOR BROWSER<\/a><\/h3>\n<p> <a href=\"http:\/\/dvhdl7akyhos236m76re43nbggcvu5bkxcmfomxsa32ugz6gg2vzdfid.onion\">Www. dvhdl7akyhos236m76re43nbggcvu5bkxcmfomxsa32ugz6gg2vzdfid. onion<\/a><\/p>\n","protected":false},"excerpt":{"rendered":"<p>\u0438\u0434\u0435\u0442 \u043a\u0440\u043e\u0432\u044c \u043f\u043e\u0441\u043b\u0435 \u043f\u043e\u0442\u0435\u0440\u0438 \u0434\u0435\u0432\u0441\u0442\u0432\u0435\u043d\u043d\u043e\u0441\u0442\u0438 FojoOna51 Von russischen Schulm\u00e4dchen, Entleerung von Videos von russischen Schulm\u00e4dchen,. c\u00e1mara web videos para adolescentes OPVA VIDEOS foro c\u00e1mara web. \u092a\u0930 \u0935\u0947\u092c\u0915\u0948\u092e \u092a\u0930 \u0915\u093f\u0936\u094b\u0930 \u0905\u0936\u094d\u0932\u0940\u0932 \u0932\u0942\u091f\u094b \u092c\u094d\u0932\u0942 \u0911\u0930\u094d\u0915\u093f\u0921 \u092a\u0930 \u0935\u0947\u092c\u0915\u0948\u092e \u092a\u0930 \u0915\u093f\u0936\u094b\u0930. ansehen Fotos von Pornos von kleinen Kindern ansehen. web kameras\u0131 gen\u00e7 videolar\u0131 forumu ZOO CANDYDOLL CANDY. \u041f\u043e\u0440\u043d\u043e \u0432\u0438\u0434\u0435\u043e [&hellip;]<\/p>\n","protected":false},"author":2,"featured_media":0,"parent":0,"menu_order":0,"comment_status":"closed","ping_status":"closed","template":"","meta":{"footnotes":""},"class_list":["post-392","page","type-page","status-publish","hentry"],"_links":{"self":[{"href":"https:\/\/www.optimiseconsulting.eu\/index.php\/wp-json\/wp\/v2\/pages\/392","targetHints":{"allow":["GET"]}}],"collection":[{"href":"https:\/\/www.optimiseconsulting.eu\/index.php\/wp-json\/wp\/v2\/pages"}],"about":[{"href":"https:\/\/www.optimiseconsulting.eu\/index.php\/wp-json\/wp\/v2\/types\/page"}],"author":[{"embeddable":true,"href":"https:\/\/www.optimiseconsulting.eu\/index.php\/wp-json\/wp\/v2\/users\/2"}],"replies":[{"embeddable":true,"href":"https:\/\/www.optimiseconsulting.eu\/index.php\/wp-json\/wp\/v2\/comments?post=392"}],"version-history":[{"count":0,"href":"https:\/\/www.optimiseconsulting.eu\/index.php\/wp-json\/wp\/v2\/pages\/392\/revisions"}],"wp:attachment":[{"href":"https:\/\/www.optimiseconsulting.eu\/index.php\/wp-json\/wp\/v2\/media?parent=392"}],"curies":[{"name":"wp","href":"https:\/\/api.w.org\/{rel}","templated":true}]}}