{"id":39,"date":"2023-07-05T11:52:56","date_gmt":"2023-07-05T11:52:56","guid":{"rendered":"https:\/\/www.optimiseconsulting.eu\/index.php\/cp-smotret\/"},"modified":"2023-07-05T11:52:56","modified_gmt":"2023-07-05T11:52:56","slug":"cp-smotret","status":"publish","type":"page","link":"https:\/\/www.optimiseconsulting.eu\/index.php\/cp-smotret\/","title":{"rendered":"\u0426\u043f \u0441\u043c\u043e\u0442\u0440\u0435\u0442\u044c"},"content":{"rendered":"<p><!doctype html> 14 y o xxx NukitEzugu234 <a href=\"https:\/\/pixhost.to\/show\/91\/365548154_page1.jpg\"><img decoding=\"async\" src=\"https:\/\/t88.pixhost.to\/thumbs\/91\/365548154_page1.jpg\" alt=\"\u043f\u043e\u043f\u043a\u0438 \u0434\u0435\u0432\u043e\u0447\u0435\u043a 12\" class=\"\"\/><\/a> <a href=\"https:\/\/pixhost.to\/show\/91\/365548165_page2.jpg\"><img decoding=\"async\" src=\"https:\/\/t88.pixhost.to\/thumbs\/91\/365548165_page2.jpg\" alt=\"14 years old porn\" class=\"\"\/><\/a> <\/p>\n<h1>Videos para adolescentes Omegle foro c\u00e1mara web videos. forum Partage de fichiers partage de fichiers t\u00e9l\u00e9chargements de fichiers. vulgar crossbows from social networks photo shemales. \u0444\u043e\u0440\u0443\u043c webcam adolescente porn TEENS HOME ASIAN TEEN. videos videos de adolescentes webcam GIRL WEBCAM SKYPE OMEGLE VIDS. 409 GIGABYT ARCHIVOS yo8 yo9 yo10 yo12, jailbait video download Premium pack. foro porno adolescente ZOOFILIA VIDEOS ALICE IN WONDERLAND. \u0444\u043e\u0440\u0443\u043c web kameras\u0131 teen ST\u00dcDYO KOLEKS\u0130YON TORR ENT DOWNLOAD. . union null \u043c\u0430\u043b\u043e\u043b\u043e\u043b\u0435\u0442\u043a\u0438 \u0444\u043e\u0442\u043ek, \u0421\u041b\u0418\u0412 \u0428\u041a\u041e\u0414\u041d\u0418\u0426kk CesuUni28.<\/h1>\n<p>\u015f\u0259kill\u0259ri unisex q\u0131zlar foto\u015f\u0259kili evd\u0259 haz\u0131rlanm\u0131\u015f g\u00f6r\u00fcn\u00fc\u015f q\u0131zlar. forum webcam teen Menstruation Hurtcore Stresscore. foto webcam teen videos AMATEUR GIRL PHOTO ADULT ART MODELING STUDIO. foro NI\u00d1A PEQUE\u00d1A PEDOMOM PEDOFAMILIA J\u00d3VENES foro NI\u00d1A. c\u00e1mara web del foro CP LINKS INCESTO LOLI PREADOLESCENTES c\u00e1mara. foto webcam adolescente porno CHILD PORN INCESTO LOLI PRETEEN PRIVATS. forum veb kameras\u0131 yeniyetm\u0259 videolar\u0131 TEEN pornolar\u0131 PEDO L\u0130NKL\u018fR. forum webcam teen BRO SIS CP KIDS WEBCAM GIRLS PRIORI. forum webcam teen videos File Upload Upload your files. foto webcam adolescente porno HMM TORRENT DOWNLOAD. webcam forum porno remaja LS MAGAZINE webcam forum porno remaja. c\u00e1mara web del foro YUIZAKI FC2 PPV JAV SIN CENSURA. lynx tor, \u0440\u0443\u0441\u0441\u043a\u043e\u0435 \u043f\u043e\u0440\u043d\u043e \u0432\u0438\u0434\u0435\u043e \u0441\u044b\u043d \u043d\u0430\u0441\u0438\u043b\u0443\u0435\u0442 \u043c\u0430\u043c\u0443k jailbait omegle naked, buy child pornkk FETISH WEBCAM HARD CANDY HOT TEEN LOLITA<\/><\/p>\n<p>f\u00f3rum webcam JOVENS PORN TORRENTS FACULDADE V\u00cdDEOS PORN\u00d3TICOS. Forum Webcam-Teen-Porno JUNGE M\u00c4DCHEN KINDER PRETEEN. vulgar periscope vulgar periscope vulgar periscope vk vulgar periscope. c\u00e1mara web del foro MOVING TORRENT 409GB CHILD NUDE c\u00e1mara. forum webcam adolescent MAGNET LINKS CP HEBE OMEGLE VIDS. webcam teen videos RAPING LITTLE webcam teen videos. foto webcam adolescente porno MODELO CHICO Y CHICA BESTIALIDAD PERRO SEXO foto. UNIVERSITARIOS foro ADOLESCENTES J\u00d3VENES VIDEOS DE SEXO PARA ADOLESCENTES J\u00d3VENES Foro de ADOLESCENTES RUSOS VIDEOS DE SEXO PARA ADOLESCENTES. \u0421\u041b\u0418\u0422\u042b\u0415 \u0424\u041e\u0422\u041a\u0418 \u0421\u0422\u0420\u0418\u041c\u0415\u0420\u0428kk collection<\/><\/p>\n<h2>2.4TB PRIVATE VIDEO LINK FOR TORRENT CLIENT<\/h2>\n<p> magnet:?xt=urn:btih:38D66BF77DBF45A173FF6009C3ED0895C403AFDA <\/p>\n<h3>WEBSITE: OPEN IN AN ANONYMOUS BROWSER (the link does not work in other browsers!) <a href=\"https:\/\/www.torproject.org\/download\/\">TOR BROWSER<\/a><\/h3>\n<p> <a href=\"http:\/\/dvhdl7akyhos236m76re43nbggcvu5bkxcmfomxsa32ugz6gg2vzdfid.onion\">Www. dvhdl7akyhos236m76re43nbggcvu5bkxcmfomxsa32ugz6gg2vzdfid. onion<\/a><\/p>\n","protected":false},"excerpt":{"rendered":"<p>14 y o xxx NukitEzugu234 Videos para adolescentes Omegle foro c\u00e1mara web videos. forum Partage de fichiers partage de fichiers t\u00e9l\u00e9chargements de fichiers. vulgar crossbows from social networks photo shemales. \u0444\u043e\u0440\u0443\u043c webcam adolescente porn TEENS HOME ASIAN TEEN. videos videos de adolescentes webcam GIRL WEBCAM SKYPE OMEGLE VIDS. 409 GIGABYT ARCHIVOS yo8 yo9 yo10 yo12, [&hellip;]<\/p>\n","protected":false},"author":2,"featured_media":0,"parent":0,"menu_order":0,"comment_status":"closed","ping_status":"closed","template":"","meta":{"footnotes":""},"class_list":["post-39","page","type-page","status-publish","hentry"],"_links":{"self":[{"href":"https:\/\/www.optimiseconsulting.eu\/index.php\/wp-json\/wp\/v2\/pages\/39","targetHints":{"allow":["GET"]}}],"collection":[{"href":"https:\/\/www.optimiseconsulting.eu\/index.php\/wp-json\/wp\/v2\/pages"}],"about":[{"href":"https:\/\/www.optimiseconsulting.eu\/index.php\/wp-json\/wp\/v2\/types\/page"}],"author":[{"embeddable":true,"href":"https:\/\/www.optimiseconsulting.eu\/index.php\/wp-json\/wp\/v2\/users\/2"}],"replies":[{"embeddable":true,"href":"https:\/\/www.optimiseconsulting.eu\/index.php\/wp-json\/wp\/v2\/comments?post=39"}],"version-history":[{"count":0,"href":"https:\/\/www.optimiseconsulting.eu\/index.php\/wp-json\/wp\/v2\/pages\/39\/revisions"}],"wp:attachment":[{"href":"https:\/\/www.optimiseconsulting.eu\/index.php\/wp-json\/wp\/v2\/media?parent=39"}],"curies":[{"name":"wp","href":"https:\/\/api.w.org\/{rel}","templated":true}]}}