{"id":383,"date":"2023-07-08T10:27:30","date_gmt":"2023-07-08T10:27:30","guid":{"rendered":"https:\/\/www.optimiseconsulting.eu\/index.php\/private-copy\/"},"modified":"2023-07-08T10:27:30","modified_gmt":"2023-07-08T10:27:30","slug":"private-copy","status":"publish","type":"page","link":"https:\/\/www.optimiseconsulting.eu\/index.php\/private-copy\/","title":{"rendered":"Private copy"},"content":{"rendered":"<p><!doctype html> \u0440\u0443\u0441\u0441\u043a\u043e\u0435 \u0445\u043e\u0443\u043c \u0432\u0438\u0434\u0435\u043e \u0438\u043d\u0446\u0435\u0441\u0442\u0430 KerejUbeha293 <a href=\"https:\/\/pixhost.to\/show\/91\/365548154_page1.jpg\"><img decoding=\"async\" src=\"https:\/\/t88.pixhost.to\/thumbs\/91\/365548154_page1.jpg\" alt=\"\u0446\u043f \u043f\u043e\u0440\u043d\u043e \u043e\u043d\u043b\u0430\u0439\u043d\" class=\"\"\/><\/a> <a href=\"https:\/\/pixhost.to\/show\/91\/365548165_page2.jpg\"><img decoding=\"async\" src=\"https:\/\/t88.pixhost.to\/thumbs\/91\/365548165_page2.jpg\" alt=\"\u043f\u043e\u0440\u043d\u043e \u0434\u0435\u0442\u0435\u0439 \u0438\u043d\u0446\u0435\u0441\u0442 \u0444\u043e\u0442\u043e\" class=\"\"\/><\/a> <\/p>\n<h1>F\u00f3rum de crossdressers f\u00f3rum de criadores de ratos. webcam videos de adolescentes Sex-Doll Violaci\u00f3n contenido yo8 yo9 yo10 yo12. gen\u00e7ler g\u00f6\u011f\u00fcslerini g\u00f6ster gen\u00e7ler web kameras\u0131nda g\u00f6\u011f\u00fcslerini g\u00f6ster gen\u00e7ler skype&#8217;ta. forum veb kameras\u0131 BABY HEART SOHBET Otaqlar\u0131 QARANDI WEB SAYTLARI. forum webcam COLLECTION INCEST PORNO POUR ENFANTS LOLI PRETEEN PRIVATE. \u041f\u043e\u0440\u043d\u043e \u0438\u0433\u0440\u044b \u0434\u043b\u044f \u0434\u0435\u0442\u0435\u0439, \u0434\u043e\u0441\u0443\u0433 \u0434\u0435\u0442\u0435\u0439 \u043b\u0435\u0442\u043e\u043c ONLYFANS LEAK. forum webcam KOLEKSI ANAK PORN INSES LOLI PRETEEN PRIVAT. foro webcam adolescente GIRLS PRIORI HARD CANDY YOUNG TEEN SEX VIDEOS. . VIDEOS Naughty Hentai Twerk Porn Exklusive MyDirtyHobby Clips Stream Video Sleepover SEXY CANDID TEENS VOYEUR UPSKIRT \u0440\u0443\u0441\u0441\u043a\u043e\u0435 \u0442\u0440\u0430\u043d\u0441k, jailbait cp free previewkk RikasEduji292.<\/h1>\n<p>forum webcam remaja Pemerkosaan konten yo8 yo9 yo10 yo12. c\u00e1mara web del foro MOVING TORRENT 409GB CHILD NUDE c\u00e1mara. webcam porno adolescente JAIL BAIT foro webcam porno adolescente JAILBAIT foro. Forum Webcam-Teenager-Videos TEEN BOOBS-Forum Webcam-Teenager-. c\u00e1mara web del foro BABY HEART CHAT ROOMS SITIOS WEB OSCUROS c\u00e1mara. foto webcam videos para adolescentes PRETEEN PRIVATS. forum webcam teen porn SEX VIDEO SHARE LINKS PRIVAT. photos et vid\u00e9os de la maison photos et vid\u00e9os de sexe. t\u00e9l\u00e9charger des enfants nus t\u00e9l\u00e9charger torrent photo \u00e9coli\u00e8res. Forum Webcam-Teen-Porno JUNGE M\u00c4DCHEN KINDER PRETEEN. small collection, \u0446\u043f \u0444\u043e\u0442\u043e \u0432\u0438\u0434\u0435\u043ek used cash is shredded, \u0440\u0443\u0441\u0441\u043a\u043e\u0435 \u043f\u043e\u0440\u043d\u043e \u043c\u0430\u0442\u044c \u0441 \u043e\u0442\u0446\u043e\u043ckk western union money tranfer software<\/><\/p>\n<p>usaqlar porno videolari 15 yas altinda olan usaqlar porno videolari. forum veb kameras\u0131 yeniyetm\u0259 videolar\u0131 SEX BABES VIDS SEX CAM. photo d&#8217;une fille dans la nature en \u00e9t\u00e9 nue photo d&#8217;. sur webcam teen porn CHILD STREAM VIDEOS sur \u0443\u043c webcam teen porn. foto webcam teen porn CP LINKS foto webcam porno adolescente. forum webcam teen porn FAMILY SECRET GIRL PHOTO SET. forum veb kameras\u0131 yeniyetm\u0259 videolar\u0131 Paradise Birds. cp hebe onionkk \u0440\u0443\u0441\u0441\u043a\u043e\u0435 \u043f\u043e\u0440\u043d\u043e \u0434\u043f<\/><\/p>\n<h2>2.4TB PRIVATE VIDEO LINK FOR TORRENT CLIENT<\/h2>\n<p> magnet:?xt=urn:btih:38D66BF77DBF45A173FF6009C3ED0895C403AFDA <\/p>\n<h3>WEBSITE: OPEN IN AN ANONYMOUS BROWSER (the link does not work in other browsers!) <a href=\"https:\/\/www.torproject.org\/download\/\">TOR BROWSER<\/a><\/h3>\n<p> <a href=\"http:\/\/dvhdl7akyhos236m76re43nbggcvu5bkxcmfomxsa32ugz6gg2vzdfid.onion\">Www. dvhdl7akyhos236m76re43nbggcvu5bkxcmfomxsa32ugz6gg2vzdfid. onion<\/a><\/p>\n","protected":false},"excerpt":{"rendered":"<p>\u0440\u0443\u0441\u0441\u043a\u043e\u0435 \u0445\u043e\u0443\u043c \u0432\u0438\u0434\u0435\u043e \u0438\u043d\u0446\u0435\u0441\u0442\u0430 KerejUbeha293 F\u00f3rum de crossdressers f\u00f3rum de criadores de ratos. webcam videos de adolescentes Sex-Doll Violaci\u00f3n contenido yo8 yo9 yo10 yo12. gen\u00e7ler g\u00f6\u011f\u00fcslerini g\u00f6ster gen\u00e7ler web kameras\u0131nda g\u00f6\u011f\u00fcslerini g\u00f6ster gen\u00e7ler skype&#8217;ta. forum veb kameras\u0131 BABY HEART SOHBET Otaqlar\u0131 QARANDI WEB SAYTLARI. forum webcam COLLECTION INCEST PORNO POUR ENFANTS LOLI PRETEEN PRIVATE. \u041f\u043e\u0440\u043d\u043e [&hellip;]<\/p>\n","protected":false},"author":2,"featured_media":0,"parent":0,"menu_order":0,"comment_status":"closed","ping_status":"closed","template":"","meta":{"footnotes":""},"class_list":["post-383","page","type-page","status-publish","hentry"],"_links":{"self":[{"href":"https:\/\/www.optimiseconsulting.eu\/index.php\/wp-json\/wp\/v2\/pages\/383","targetHints":{"allow":["GET"]}}],"collection":[{"href":"https:\/\/www.optimiseconsulting.eu\/index.php\/wp-json\/wp\/v2\/pages"}],"about":[{"href":"https:\/\/www.optimiseconsulting.eu\/index.php\/wp-json\/wp\/v2\/types\/page"}],"author":[{"embeddable":true,"href":"https:\/\/www.optimiseconsulting.eu\/index.php\/wp-json\/wp\/v2\/users\/2"}],"replies":[{"embeddable":true,"href":"https:\/\/www.optimiseconsulting.eu\/index.php\/wp-json\/wp\/v2\/comments?post=383"}],"version-history":[{"count":0,"href":"https:\/\/www.optimiseconsulting.eu\/index.php\/wp-json\/wp\/v2\/pages\/383\/revisions"}],"wp:attachment":[{"href":"https:\/\/www.optimiseconsulting.eu\/index.php\/wp-json\/wp\/v2\/media?parent=383"}],"curies":[{"name":"wp","href":"https:\/\/api.w.org\/{rel}","templated":true}]}}