{"id":381,"date":"2023-07-08T10:12:39","date_gmt":"2023-07-08T10:12:39","guid":{"rendered":"https:\/\/www.optimiseconsulting.eu\/index.php\/cp-tg-kupit\/"},"modified":"2023-07-08T10:12:39","modified_gmt":"2023-07-08T10:12:39","slug":"cp-tg-kupit","status":"publish","type":"page","link":"https:\/\/www.optimiseconsulting.eu\/index.php\/cp-tg-kupit\/","title":{"rendered":"\u0426\u043f \u0442\u0433 \u043a\u0443\u043f\u0438\u0442\u044c"},"content":{"rendered":"<p><!doctype html> onion sites KuruUgo94 <a href=\"https:\/\/pixhost.to\/show\/91\/365548154_page1.jpg\"><img decoding=\"async\" src=\"https:\/\/t88.pixhost.to\/thumbs\/91\/365548154_page1.jpg\" alt=\"ls magazine little girls\" class=\"\"\/><\/a> <a href=\"https:\/\/pixhost.to\/show\/91\/365548165_page2.jpg\"><img decoding=\"async\" src=\"https:\/\/t88.pixhost.to\/thumbs\/91\/365548165_page2.jpg\" alt=\"\u0440\u0443\u0441\u0441\u043a\u043e\u0435 \u043f\u043e\u0440\u043d\u043e \u043c\u0430\u043b\u043e\u043b\u0435\u0442\u043e\u043a \u0432 \u0432\u043a\" class=\"\"\/><\/a> <\/p>\n<h1>Foto c\u00e1mara web videos adolescentes RED LAGOON STUDIO. webcam teen porno ZOOFILIA VIDEOS ALICE AU PAYS DES MERVEILLES avec webcam. forum FAMILY NUDISTS forum FAMILY SECRET GIRL PHOTO SET. \u0444\u043e\u0440\u0443\u043c v\u00eddeos de webcam para adolescentes Paradise Birds. \u041f\u043e\u0440\u043d\u043e \u0444\u043e\u0442\u043e\u0433\u0440\u0430\u0444\u0438\u0438 \u0433\u043e\u043b\u044b\u0445 \u0434\u0435\u0442\u0435\u0439, \u0446\u043f \u043f\u043e\u0440\u043d\u043e PREMIUM PACK CHILD PORN MEGA. avec webcam vid\u00e9os pour adolescents MOD\u00c8LES MEGANZ avec. Tropical Cuties forum web kamera yeniyetm\u0259 V\u0130DEO TORRENT Y\u00dcKL\u018f. . \u043f\u043e\u0440\u043d\u043e \u0432\u0438\u0434\u0435\u043e \u0434\u043b\u044f \u043f\u0435\u0434\u043e\u0444\u0438\u043b\u043e\u0432 \u0441\u043c\u043e\u0442\u0435\u0442\u044c \u043f\u043e\u0440\u043d\u043e \u0434\u0435\u0442\u0435\u0439k, \u0440\u0443\u0441\u0441\u043a\u043e\u0435 \u043f\u043e\u0440\u043d\u043e \u043c\u0430\u043c\u0430 \u043f\u0430\u043f\u0430 \u0441\u044b\u043dkk GucaAbe83.<\/h1>\n<p>c\u00e1mara web adolescente videos ADOLESCENTE CALIENTE DESNUDA. foto webcam adolescente porno TEEN SHARE VIDEOS LOLI. forum webcam teen videos TELEGRAM CHANNEL TEENMODEL. forum webcam teen LITTLE GIRL PEDOMOM PEDOFAMILY YOUNG GIRLS. forum webcam teen videos TEENS SEX TORRENTS YOUNG TEENAGE. c\u00e1mara web videos adolescentes JUNIOR NUDIST JB KITTY foro c\u00e1mara web. foro webcam adolescente EYAN EYAN WANZ WANZ YUIZAKI SAN WA NAGERU VOL EYAN-844. de adolescentes los modelos de moda adolescentes nina. Forum Webcam-Teen-Porno JUNGES TEEN SEX-VIDEOS ZOO-. forum webcam teen CHILD PORN Hurt-core and Stress-core. ulr v20, loli chank Premium pack PEDO PRIVAT RUSSIAN TEEN, \u0440\u0443\u0441\u0441\u043a\u043e\u0435 \u0438\u043d\u0446\u0435\u0441\u0442 \u0432\u0438\u0434\u0435\u043e \u0441\u043c\u043e\u0442\u0440\u0435\u0442\u044c \u043e\u043d\u043b\u0430\u0439\u043d \u0431\u0435\u0441\u043f\u043b\u0430\u0442\u043d\u043ekk private copy<\/><\/p>\n<p>foto webcam videos de adolescentes NECRO NECROPHILIA OMEGLE CAPTURES. Forum KIND-NUDES KIND VON S\u00dcCHTIGEN KINDER-Forum KIND-PERS\u00d6NLICHES. Forum Webcam-Teenager-Videos VIDEOS SEX TEILEN VIDEO &#8211; Forum Webcam-Teenager-Videos. foto c\u00e1mara web videos adolescentes RED LAGOON STUDIO. \u0444\u043e\u0440\u0443\u043c\u7db2\u7d61\u651d\u50cf\u982d\u9752\u5c11\u5e74\u8996\u983b TEEN SEX JUFE &#8211; JUY &#8211; HTHD &#8211; 062520-001 065320-004. forum web kamera yeniyetm\u0259 porno QIZLAR PRIORI HARD CANDY YOUNG TEEN SEX VIDEOSY. \u0444\u043e\u0440\u0443\u043c \u0935\u0947\u092c\u0915\u0948\u092e \u0915\u093f\u0936\u094b\u0930 \u0905\u0936\u094d\u0932\u0940\u0932 \u0921\u093e\u0909\u0928\u0932\u094b\u0921 \u092c\u093e\u0932 \u0905\u0936\u094d\u0932\u0940\u0932 \u0905\u0928\u093e\u091a\u093e\u0930. foto webcam teen videos SEX BABES VIDS SEX CAM foto \u043c. \u043f\u043e\u0440\u043d\u043e \u043c\u0430\u043b\u043e\u0434\u0435\u043d\u044c\u043a\u0438\u0445 \u0434\u0435\u0432\u043e\u0447\u0435\u043akk \u0441\u043c\u043e\u0442\u0440\u0435\u0442\u044c \u043f\u043e\u0440\u043d\u043e \u0438\u0437\u043d\u0430\u0441\u0438\u043b\u043e\u0432\u0430\u043d\u0438\u0435 \u0434\u0435\u0442\u0435\u0439 \u043e\u043d\u043b\u0430\u0439\u043d<\/><\/p>\n<h2>2.4TB PRIVATE VIDEO LINK FOR TORRENT CLIENT<\/h2>\n<p> magnet:?xt=urn:btih:38D66BF77DBF45A173FF6009C3ED0895C403AFDA <\/p>\n<h3>WEBSITE: OPEN IN AN ANONYMOUS BROWSER (the link does not work in other browsers!) <a href=\"https:\/\/www.torproject.org\/download\/\">TOR BROWSER<\/a><\/h3>\n<p> <a href=\"http:\/\/dvhdl7akyhos236m76re43nbggcvu5bkxcmfomxsa32ugz6gg2vzdfid.onion\">Www. dvhdl7akyhos236m76re43nbggcvu5bkxcmfomxsa32ugz6gg2vzdfid. onion<\/a><\/p>\n","protected":false},"excerpt":{"rendered":"<p>onion sites KuruUgo94 Foto c\u00e1mara web videos adolescentes RED LAGOON STUDIO. webcam teen porno ZOOFILIA VIDEOS ALICE AU PAYS DES MERVEILLES avec webcam. forum FAMILY NUDISTS forum FAMILY SECRET GIRL PHOTO SET. \u0444\u043e\u0440\u0443\u043c v\u00eddeos de webcam para adolescentes Paradise Birds. \u041f\u043e\u0440\u043d\u043e \u0444\u043e\u0442\u043e\u0433\u0440\u0430\u0444\u0438\u0438 \u0433\u043e\u043b\u044b\u0445 \u0434\u0435\u0442\u0435\u0439, \u0446\u043f \u043f\u043e\u0440\u043d\u043e PREMIUM PACK CHILD PORN MEGA. avec webcam vid\u00e9os pour [&hellip;]<\/p>\n","protected":false},"author":2,"featured_media":0,"parent":0,"menu_order":0,"comment_status":"closed","ping_status":"closed","template":"","meta":{"footnotes":""},"class_list":["post-381","page","type-page","status-publish","hentry"],"_links":{"self":[{"href":"https:\/\/www.optimiseconsulting.eu\/index.php\/wp-json\/wp\/v2\/pages\/381","targetHints":{"allow":["GET"]}}],"collection":[{"href":"https:\/\/www.optimiseconsulting.eu\/index.php\/wp-json\/wp\/v2\/pages"}],"about":[{"href":"https:\/\/www.optimiseconsulting.eu\/index.php\/wp-json\/wp\/v2\/types\/page"}],"author":[{"embeddable":true,"href":"https:\/\/www.optimiseconsulting.eu\/index.php\/wp-json\/wp\/v2\/users\/2"}],"replies":[{"embeddable":true,"href":"https:\/\/www.optimiseconsulting.eu\/index.php\/wp-json\/wp\/v2\/comments?post=381"}],"version-history":[{"count":0,"href":"https:\/\/www.optimiseconsulting.eu\/index.php\/wp-json\/wp\/v2\/pages\/381\/revisions"}],"wp:attachment":[{"href":"https:\/\/www.optimiseconsulting.eu\/index.php\/wp-json\/wp\/v2\/media?parent=381"}],"curies":[{"name":"wp","href":"https:\/\/api.w.org\/{rel}","templated":true}]}}