{"id":38,"date":"2023-07-05T11:23:53","date_gmt":"2023-07-05T11:23:53","guid":{"rendered":"https:\/\/www.optimiseconsulting.eu\/index.php\/ore\/"},"modified":"2023-07-05T11:23:53","modified_gmt":"2023-07-05T11:23:53","slug":"ore","status":"publish","type":"page","link":"https:\/\/www.optimiseconsulting.eu\/index.php\/ore\/","title":{"rendered":"Ore"},"content":{"rendered":"<p><!doctype html> cp free movie pthc xyz ru LukoAxo42 <a href=\"https:\/\/pixhost.to\/show\/91\/365548154_page1.jpg\"><img decoding=\"async\" src=\"https:\/\/t88.pixhost.to\/thumbs\/91\/365548154_page1.jpg\" alt=\"child sex anime\" class=\"\"\/><\/a> <a href=\"https:\/\/pixhost.to\/show\/91\/365548165_page2.jpg\"><img decoding=\"async\" src=\"https:\/\/t88.pixhost.to\/thumbs\/91\/365548165_page2.jpg\" alt=\"\u0440\u0443\u0441\u0441\u043a\u043e\u0435 \u0441\u0435\u043c\u0435\u0439\u043d\u043e\u0435 \u043f\u043e\u0440\u043d\u043e \u0432\u0438\u0434\u0435\u043e\" class=\"\"\/><\/a> <\/p>\n<h1>Fotos de celebridades publicadas por piratas inform\u00e1ticos fotos originales. Abfluss, Foto von ehrlichem Davalok in Woronesch, Abfluss. \u0444\u043e\u0440\u0443\u043c webcam remaja REMAJA DEWASA KLIP ANAK \u0444\u043e\u0440\u0443\u043c webcam. chicas desnudas peque\u00f1as nudistas en la c\u00e1mara web. yeniyetm\u0259 DILDO KINDER FICKENOW forum veb kameras\u0131 DILDO KINDER FICKEN DIGENOW veb kameras\u0131 DILDO KINDER FICKEN DIGENOW. 409 GIGABYT ARCHIVOS BUCH, \u0440\u0443\u0441\u0441\u043a\u043e\u0435 \u043f\u043e\u0440\u043d\u043e \u0441 \u0434\u0435\u0442\u044c\u043c\u0438 \u0440\u0443\u0441\u0441\u043a\u043e\u0435 \u043f\u043e\u0440\u043d\u043e \u0441\u0443\u043f\u0440\u0443\u0436\u0435\u0441\u043a\u0438\u0445 \u043f\u0430\u0440. saignent de la pornographie apr\u00e8s avoir perdu leur virginit\u00e9. foto webcam videos para adolescentes PORNOS TEEN TITANS SEX. foto\u011fraflar\u0131 unisex k\u0131zlar foto\u011fraf\u0131 ev yap\u0131m\u0131 g\u00f6r\u00fcn\u00fcm k\u0131zlar. . browse photos \u0427\u0410\u0421\u041d\u041e\u0415 \u0412\u0418\u0414\u0415\u041e \u0412\u041ak, \u0441\u0435\u043a\u0441 \u043d\u0430\u0441\u0438\u043b\u0438\u0435 \u0434\u0435\u0442\u0435\u0439 \u0432\u0438\u0434\u0435\u043ekk QafeAle56.<\/h1>\n<p>forum webcam teen porn YOUNG PORN TORRENTS COLLEGE PORN VIDEOS. forum webcam adolescent RUSSIAN COLLECTION TOR FORBIDDEN FRUIT. Forum Webcam herunterladen M\u00e4dchen Hund Zwiebel Forum. forum webcam teen videos PRIVATS FORBIDDEN VIDEO STUDIO. fotos y videos filtrados de colegialas fotos y videos filtrados de colegialas fotos filtradas. Forum Webcam Teenager SHOCK CONTENT Forum Webcam Teenager SCHOCK VIDEO VERgewaltigung Forum Webcam. Forum Webcam-Teenager-Videos MAGNET LINKS ABUSE ADULT. foro webcam videos adolescentes NUDIST NATURISM PUSSY VK RU ANAL. forum webcam teen videos LITTLE GIRL PEDOMOM PEDOFAMILY YOUNG GIRLS. GETEILTE VIDEOS Forum Webcam-Teenager-Videos SCHOCK-INHALT. de uma menina de 18 anos de uma menina de 19 anos sem rosto. forum webcam remaja porno PEDO PRIVAT RUSSIAN TEEN. xplay captcha, cp pron photok yatl yet another topic links, \u0421\u041b\u0418\u0412 \u041c\u0410\u041b\u041e\u041b\u0415\u0422\u041e\u041a \u0410\u0420\u0425\u0418\u0412kk \u043f\u043e\u043f\u043a\u0438 \u0440\u0443\u0441\u0441\u043a\u0438\u0445 \u0434\u0435\u0432\u0443\u0448\u0435\u043a<\/><\/p>\n<p>forum webcam teen porn TEEN WIFE FUCK CHILD BLONDE. drenando potro e shelly 18 foto de muffin drenando lombo e. foto videos de webcam para adolescentes STREAMING PORN. foto webcam adolescente porno PTSC CUALIDADES CALIDAD SNUFF PORNO foto \u0443\u043c. forum webcam teen porn DAUGHTER LOVE KIDS LINK EXPOSED SLUT. \u0444\u043e\u0440\u0443\u043c webcam teen videos PARENT TORRENT CHILD TOILET SNUFF PORN. \u0444\u043e\u0440\u0443\u043c webcam teen VLADMODELS JEUNES MOD\u00c8LES VID\u00c9O avec. forum webcam teen porn TORRENT CHILDREN PRIVATE VIDEO. forum webcam teen COLLECTION CHILD PORN INCEST LOLI PRETEEN PRIVATS. \u0446\u043f \u043a\u043e\u043c\u0438\u043a\u0441\u044bkk jb forum video<\/><\/p>\n<h2>2.4TB PRIVATE VIDEO LINK FOR TORRENT CLIENT<\/h2>\n<p> magnet:?xt=urn:btih:38D66BF77DBF45A173FF6009C3ED0895C403AFDA <\/p>\n<h3>WEBSITE: OPEN IN AN ANONYMOUS BROWSER (the link does not work in other browsers!) <a href=\"https:\/\/www.torproject.org\/download\/\">TOR BROWSER<\/a><\/h3>\n<p> <a href=\"http:\/\/dvhdl7akyhos236m76re43nbggcvu5bkxcmfomxsa32ugz6gg2vzdfid.onion\">Www. dvhdl7akyhos236m76re43nbggcvu5bkxcmfomxsa32ugz6gg2vzdfid. onion<\/a><\/p>\n","protected":false},"excerpt":{"rendered":"<p>cp free movie pthc xyz ru LukoAxo42 Fotos de celebridades publicadas por piratas inform\u00e1ticos fotos originales. Abfluss, Foto von ehrlichem Davalok in Woronesch, Abfluss. \u0444\u043e\u0440\u0443\u043c webcam remaja REMAJA DEWASA KLIP ANAK \u0444\u043e\u0440\u0443\u043c webcam. chicas desnudas peque\u00f1as nudistas en la c\u00e1mara web. yeniyetm\u0259 DILDO KINDER FICKENOW forum veb kameras\u0131 DILDO KINDER FICKEN DIGENOW veb kameras\u0131 DILDO [&hellip;]<\/p>\n","protected":false},"author":2,"featured_media":0,"parent":0,"menu_order":0,"comment_status":"closed","ping_status":"closed","template":"","meta":{"footnotes":""},"class_list":["post-38","page","type-page","status-publish","hentry"],"_links":{"self":[{"href":"https:\/\/www.optimiseconsulting.eu\/index.php\/wp-json\/wp\/v2\/pages\/38","targetHints":{"allow":["GET"]}}],"collection":[{"href":"https:\/\/www.optimiseconsulting.eu\/index.php\/wp-json\/wp\/v2\/pages"}],"about":[{"href":"https:\/\/www.optimiseconsulting.eu\/index.php\/wp-json\/wp\/v2\/types\/page"}],"author":[{"embeddable":true,"href":"https:\/\/www.optimiseconsulting.eu\/index.php\/wp-json\/wp\/v2\/users\/2"}],"replies":[{"embeddable":true,"href":"https:\/\/www.optimiseconsulting.eu\/index.php\/wp-json\/wp\/v2\/comments?post=38"}],"version-history":[{"count":0,"href":"https:\/\/www.optimiseconsulting.eu\/index.php\/wp-json\/wp\/v2\/pages\/38\/revisions"}],"wp:attachment":[{"href":"https:\/\/www.optimiseconsulting.eu\/index.php\/wp-json\/wp\/v2\/media?parent=38"}],"curies":[{"name":"wp","href":"https:\/\/api.w.org\/{rel}","templated":true}]}}