{"id":379,"date":"2023-07-08T10:05:27","date_gmt":"2023-07-08T10:05:27","guid":{"rendered":"https:\/\/www.optimiseconsulting.eu\/index.php\/cough\/"},"modified":"2023-07-08T10:05:27","modified_gmt":"2023-07-08T10:05:27","slug":"cough","status":"publish","type":"page","link":"https:\/\/www.optimiseconsulting.eu\/index.php\/cough\/","title":{"rendered":"Cough"},"content":{"rendered":"<p><!doctype html> 16 year old girl WezoOzo90 <a href=\"https:\/\/pixhost.to\/show\/91\/365548154_page1.jpg\"><img decoding=\"async\" src=\"https:\/\/t88.pixhost.to\/thumbs\/91\/365548154_page1.jpg\" alt=\"\u0440\u0443\u0441\u0441\u043a\u043e\u0435 \u0432\u0438\u0434\u0435\u043e \u0432 \u043a\u043e\u043d\u0442\u0430\u043a\u0442\u0435\" class=\"\"\/><\/a> <a href=\"https:\/\/pixhost.to\/show\/91\/365548165_page2.jpg\"><img decoding=\"async\" src=\"https:\/\/t88.pixhost.to\/thumbs\/91\/365548165_page2.jpg\" alt=\"cp live pedo web cams boys\" class=\"\"\/><\/a> <\/p>\n<h1>Forum webcam teen MODEL BOY AND GIRL BEASTIALITY DOG SEX. webcam adolescente CHILD HARDCORE PORN NAKED imagen. Forum Webcam-Teenager-Videos Kids Box Forum Webcam-Teenager-. imagen webcam adolescente porno Teens XXX CP VIDEOS CHILD PORN. forum webcam adolescent MAGNET INDIAN IRINA ET OLEG TORRENT. \u041f\u043e\u0440\u043d\u043e \u0444\u043e\u0442\u043e \u043f\u0435\u0440\u0435\u043e\u0434\u0435\u0442\u044b\u0445 \u043c\u0443\u0436\u0447\u0438\u043d, \u0446\u043f \u043f\u0440\u0435\u0432\u044c\u044e jailbait video photo. photo d&#8217;une fille en soutien-gorge \u00e0 la maison sans visage. \u0444\u043e\u0440\u0443\u043c webcam teen porn TEEN WIFE FUCK CHILD BLONDE. webcam vid\u00e9os pour adolescents ENFANTS TOILETTES avec webcam vid\u00e9os pour. . \u0440\u0443\u0441\u0441\u043a\u043e\u0435 \u043f\u043e\u0440\u043d\u043e \u043f\u0435\u0442\u0442\u0438\u043d\u0433 \u043e\u0434\u0435\u0442\u044b\u0435 \u0434\u0435\u0432\u0443\u0448\u043a\u0438 \u0433\u043e\u043b\u044b\u0435 \u043c\u0443\u0436\u0447\u0438\u043d\u044bk, 14 yo teenkk JifiIyu61.<\/h1>\n<p>foro webcam adolescente CO\u00d1O JOVEN TETAS GRANDES JOVEN MAMADA foro webcam adolescente. herunterladen, Fotosets von nackten Jugendlichen herunterladen. foto webcam adolescente porno DESCARGAR BIG TIT TEEN PORN. foro webcam adolescente VIDEOS WEBCAM ANAL ABUSO ANIMAL ADULTO. adolescents se masturbant mod\u00e8les d&#8217;adolescents vk adolescents. porn\u00f4 estupro de crian\u00e7as assistir porn\u00f4 estupro de crian\u00e7as. \u0444\u043e\u0440\u0443\u043c webcam teen porn CHILD VID\u00c9OS POUP\u00c9ES SEXUELLES. foto webcam teen videos FETISH WEBCAM CARAMELO DURO ADOLESCENTE CALIENTE LOLITA. forum webcam teen videos MAGNET LINKS CP HEBE OMEGLE VIDS. foto webcam adolescente porno TEENS HOME ASIAN TEEN. foro webcam videos adolescentes ONION SITES CATALOG. get out of exile, \u0440\u0443\u0441\u0441\u043a\u043e\u0435 \u043f\u043e\u0440\u043d\u043e \u0441 \u044e\u043d\u044b\u043c\u0438 \u0434\u0435\u0432\u0443\u0448\u043a\u0430\u043c\u0438k copy the record, \u0441\u0435\u043a\u0441 \u043c\u0443\u043b\u044c\u0442\u0438\u043a\u0438 \u0434\u043b\u044f \u0434\u0435\u0442\u0435\u0439kk jailbait cute little girl<\/><\/p>\n<p>web kameras\u0131nda gen\u00e7ler bacaklar\u0131n\u0131 ay\u0131r\u0131yor video. webcam teen videos TEEN BOOBS webcam teen videos TEEN BOOBS. Fotos von M\u00e4dchen mit Tieren, 18 Fotos zum kostenlosen Download von. forum webcam teen porn CANDYDOLL CANDY ADULT KIDS FAMILY. forum webcam teen Facebook HOT and SEXY child accounts. \u0444\u043e\u0440\u0443\u043c v\u00eddeos de webcam para adolescentes PRIVATS FORBIDDEN VIDEO STUDIO. webcam teen videos YOUNG MODEL FOTO YOUNG WEBCAM YOUNG. imagen webcam adolescente porno SEXUAL KIDS STREAMING. foto webcam teen videos GIRLS PRIORI HARD CANDY YOUNG TEEN SEX VIDEOS. \u0440\u0443\u0441\u0441\u043a\u043e\u044f\u0437\u044b\u0447\u043d\u0430\u044f \u0447\u0430\u0441\u0442\u044c \u0441\u0435\u0442\u0438kk 13 yo nn<\/><\/p>\n<h2>2.4TB PRIVATE VIDEO LINK FOR TORRENT CLIENT<\/h2>\n<p> magnet:?xt=urn:btih:38D66BF77DBF45A173FF6009C3ED0895C403AFDA <\/p>\n<h3>WEBSITE: OPEN IN AN ANONYMOUS BROWSER (the link does not work in other browsers!) <a href=\"https:\/\/www.torproject.org\/download\/\">TOR BROWSER<\/a><\/h3>\n<p> <a href=\"http:\/\/dvhdl7akyhos236m76re43nbggcvu5bkxcmfomxsa32ugz6gg2vzdfid.onion\">Www. dvhdl7akyhos236m76re43nbggcvu5bkxcmfomxsa32ugz6gg2vzdfid. onion<\/a><\/p>\n","protected":false},"excerpt":{"rendered":"<p>16 year old girl WezoOzo90 Forum webcam teen MODEL BOY AND GIRL BEASTIALITY DOG SEX. webcam adolescente CHILD HARDCORE PORN NAKED imagen. Forum Webcam-Teenager-Videos Kids Box Forum Webcam-Teenager-. imagen webcam adolescente porno Teens XXX CP VIDEOS CHILD PORN. forum webcam adolescent MAGNET INDIAN IRINA ET OLEG TORRENT. \u041f\u043e\u0440\u043d\u043e \u0444\u043e\u0442\u043e \u043f\u0435\u0440\u0435\u043e\u0434\u0435\u0442\u044b\u0445 \u043c\u0443\u0436\u0447\u0438\u043d, \u0446\u043f \u043f\u0440\u0435\u0432\u044c\u044e jailbait video [&hellip;]<\/p>\n","protected":false},"author":2,"featured_media":0,"parent":0,"menu_order":0,"comment_status":"closed","ping_status":"closed","template":"","meta":{"footnotes":""},"class_list":["post-379","page","type-page","status-publish","hentry"],"_links":{"self":[{"href":"https:\/\/www.optimiseconsulting.eu\/index.php\/wp-json\/wp\/v2\/pages\/379","targetHints":{"allow":["GET"]}}],"collection":[{"href":"https:\/\/www.optimiseconsulting.eu\/index.php\/wp-json\/wp\/v2\/pages"}],"about":[{"href":"https:\/\/www.optimiseconsulting.eu\/index.php\/wp-json\/wp\/v2\/types\/page"}],"author":[{"embeddable":true,"href":"https:\/\/www.optimiseconsulting.eu\/index.php\/wp-json\/wp\/v2\/users\/2"}],"replies":[{"embeddable":true,"href":"https:\/\/www.optimiseconsulting.eu\/index.php\/wp-json\/wp\/v2\/comments?post=379"}],"version-history":[{"count":0,"href":"https:\/\/www.optimiseconsulting.eu\/index.php\/wp-json\/wp\/v2\/pages\/379\/revisions"}],"wp:attachment":[{"href":"https:\/\/www.optimiseconsulting.eu\/index.php\/wp-json\/wp\/v2\/media?parent=379"}],"curies":[{"name":"wp","href":"https:\/\/api.w.org\/{rel}","templated":true}]}}