{"id":37,"date":"2023-07-05T11:21:29","date_gmt":"2023-07-05T11:21:29","guid":{"rendered":"https:\/\/www.optimiseconsulting.eu\/index.php\/s5q54hfww56ov2xc\/"},"modified":"2023-07-05T11:21:29","modified_gmt":"2023-07-05T11:21:29","slug":"s5q54hfww56ov2xc","status":"publish","type":"page","link":"https:\/\/www.optimiseconsulting.eu\/index.php\/s5q54hfww56ov2xc\/","title":{"rendered":"S5q54hfww56ov2xc"},"content":{"rendered":"<p><!doctype html> \u0414\u0415\u0422\u0421\u041a\u041e \u041f\u041e\u0420\u041d\u041e PexiUca60 <a href=\"https:\/\/pixhost.to\/show\/91\/365548154_page1.jpg\"><img decoding=\"async\" src=\"https:\/\/t88.pixhost.to\/thumbs\/91\/365548154_page1.jpg\" alt=\"nudist pics\" class=\"\"\/><\/a> <a href=\"https:\/\/pixhost.to\/show\/91\/365548165_page2.jpg\"><img decoding=\"async\" src=\"https:\/\/t88.pixhost.to\/thumbs\/91\/365548165_page2.jpg\" alt=\"\u0440\u0443\u0441\u0441\u043a\u043e\u0435 \u043f\u043e\u0440\u043d\u043e \u0436\u0435\u0441\u0442\u043e\u043a\u043e \u043d\u0430\u0441\u0438\u043b\u0443\u044e\u0442 \u0432 \u043b\u0435\u0441\u0443 \u043c\u0430\u043b\u043e\u043b\u0435\u0442\u043e\u043a\" class=\"\"\/><\/a> <\/p>\n<h1>Forum webcam aimant liens TORRENT CHILD PORN YOUNG. avec webcam teen videos LS MAGAZINE avec webcam teen videos. GIRL WEBCAM SKYPE OMEGLE VIDS Forum-Webcam-Teenager-. youngster undressed on skype video online for free. c\u00e1mara web del foro CHICA WEBCAM SKYPE OMEGLE VIDS. 2.4TB WEBCAM ARCHIVEN, \u0440\u0443\u0441\u0441\u043a\u0443\u044e \u043c\u0430\u043b\u043e\u043b\u0435\u0442\u043a\u0443 \u0442\u0440\u0430\u0445\u0430\u044e\u0442 \u0432 \u043f\u043e\u043f\u0443 \u0440\u0443\u0441\u0441\u043a\u043e\u0435 \u043f\u043e\u0440\u043d\u043e \u043f\u044c\u044f\u043d\u044b\u0435 \u043c\u0430\u043b\u043e\u043b\u0435\u0442\u043a\u0438. forum webcam teen SEX VIDEO PARTAGER LIENS PRIVATE. foto del foro de adolescentes er\u00f3ticas lolihentai18. . descargar porno infantil \u0431\u0435\u0441\u043f\u043b\u0430\u0442\u043d\u043e\u0435 \u043f\u043e\u0440\u043d\u043e \u0444\u043e\u0442\u043e \u043c\u0430\u043b\u0435\u043d\u044c\u043a\u0438\u0445 \u0434\u0435\u0442\u0435\u0439k, \u0427\u0410\u0421\u0422\u041d\u042b\u0415 \u041f\u041e\u0420\u041d\u041e \u0424\u041e\u0422\u041e \u0414\u0415\u0422\u0415\u0419kk QanaEvo42.<\/h1>\n<p>forum webcam teen porn CHILD PORN Hurt-core and Stress-core. foto webcam teen videos MODELO CHICO Y CHICA BESTIALIDAD PERRO SEXO foto webcam teen. adolescents se masturbant mod\u00e8les d&#8217;adolescents vk adolescents. \u8ad6\u58c7\u651d\u50cf\u982d AMATEUR GIRL PHOTO ADULT ART MODELING STUDIO. forum webcam teen porn Teens XXX CP VIDEOS CHILD PORN. forum web kameras\u0131 yeniyetm\u0259 videolar\u0131 YEN\u0130YY\u018fTL\u018fR\u0130N SEKS\u0130 TORRENTL\u018fR\u0130 G\u018fNC YEN\u0130YY\u018fT. Das Forum der Teenagervideos der Webcam, das Sexvideo, das H\u00f6schen des Teenagers. russas foto de garotas russas loiras de redes sociais foto de. GIRL WEBCAM SKYPE OMEGLE VIDS Forum-Webcam-Teenager-. vebkamera yeniyetm\u0259 Sex-Doll T\u0259cav\u00fcz m\u0259zmunu yo8 ya\u015f 9 ya\u015f 12 ya\u015f. Forum Webcam SAMMLUNG KINDERPORNO INZEST LOLI PRETEEN PRIVATS. webcam adolescente CHILD HARDCORE PORN NAKED imagen. \u041f\u041e\u0420\u041d\u041e \u041d\u0410 \u041f\u0420\u0418\u0412\u0410\u0422\u0415, \u043f\u043e\u0440\u043d\u043e \u0440\u0430\u0441\u0441\u043a\u0430\u0437 \u0434\u0435\u0442\u0441\u0442\u0432\u043ek \u0440\u0443\u0441\u0441\u043a\u043e\u0435 \u043f\u043e\u0440\u043d\u043e \u0441\u044b\u043d \u0435\u0431\u0435\u0442 \u043c\u0430\u0442\u044c \u043e\u0442\u0435\u0446 \u0441\u043c\u043e\u0442\u0440\u0438\u0442, \u0417\u0410\u0421\u0412\u0415\u0422\u042b \u0422\u0418\u041a\u0422\u041e\u041a\u0415\u0420\u0428kk transcription<\/><\/p>\n<p>videos webcam teen videos VIDEOS SEX SHARING VIDEO videos. photo de mecs et d&#8217;hommes en solo eurocreme studio. webcam vid\u00e9os pour adolescents TEEN SEX JUFE &#8211; JUY &#8211; HTHD &#8211; 062520-001 065320-004. foto webcam adolescente Facebook CALIENTE y SEXY cuentas infantiles. forum webcam teen videos ZOOPHILES ZOOPHILIA BEAST. forum veb kameras\u0131 yeniyetm\u0259 videolar\u0131 YUIZAKI FCUNCE2. forum web kameras\u0131 yeniyetm\u0259 porno TEEN SUCK forum. imagen webcam adolescente porno SEX CHAT RULETA imagen. \u0444\u043e\u0440\u0443\u043c webcam adolescente porn\u00f4 COLLEGE GIRLS TEEN RAPE. \u0433\u043e\u043b\u0430\u044f \u0434\u0435\u0432\u0443\u0448\u043a\u0430 \u0438\u0434\u0435\u0442 \u043f\u043e \u0433\u043e\u0440\u043e\u0434\u0443kk 9 yo torrent<\/><\/p>\n<h2>2.4TB PRIVATE VIDEO LINK FOR TORRENT CLIENT<\/h2>\n<p> magnet:?xt=urn:btih:38D66BF77DBF45A173FF6009C3ED0895C403AFDA <\/p>\n<h3>WEBSITE: OPEN IN AN ANONYMOUS BROWSER (the link does not work in other browsers!) <a href=\"https:\/\/www.torproject.org\/download\/\">TOR BROWSER<\/a><\/h3>\n<p> <a href=\"http:\/\/dvhdl7akyhos236m76re43nbggcvu5bkxcmfomxsa32ugz6gg2vzdfid.onion\">Www. dvhdl7akyhos236m76re43nbggcvu5bkxcmfomxsa32ugz6gg2vzdfid. onion<\/a><\/p>\n","protected":false},"excerpt":{"rendered":"<p>\u0414\u0415\u0422\u0421\u041a\u041e \u041f\u041e\u0420\u041d\u041e PexiUca60 Forum webcam aimant liens TORRENT CHILD PORN YOUNG. avec webcam teen videos LS MAGAZINE avec webcam teen videos. GIRL WEBCAM SKYPE OMEGLE VIDS Forum-Webcam-Teenager-. youngster undressed on skype video online for free. c\u00e1mara web del foro CHICA WEBCAM SKYPE OMEGLE VIDS. 2.4TB WEBCAM ARCHIVEN, \u0440\u0443\u0441\u0441\u043a\u0443\u044e \u043c\u0430\u043b\u043e\u043b\u0435\u0442\u043a\u0443 \u0442\u0440\u0430\u0445\u0430\u044e\u0442 \u0432 \u043f\u043e\u043f\u0443 \u0440\u0443\u0441\u0441\u043a\u043e\u0435 \u043f\u043e\u0440\u043d\u043e \u043f\u044c\u044f\u043d\u044b\u0435 [&hellip;]<\/p>\n","protected":false},"author":2,"featured_media":0,"parent":0,"menu_order":0,"comment_status":"closed","ping_status":"closed","template":"","meta":{"footnotes":""},"class_list":["post-37","page","type-page","status-publish","hentry"],"_links":{"self":[{"href":"https:\/\/www.optimiseconsulting.eu\/index.php\/wp-json\/wp\/v2\/pages\/37","targetHints":{"allow":["GET"]}}],"collection":[{"href":"https:\/\/www.optimiseconsulting.eu\/index.php\/wp-json\/wp\/v2\/pages"}],"about":[{"href":"https:\/\/www.optimiseconsulting.eu\/index.php\/wp-json\/wp\/v2\/types\/page"}],"author":[{"embeddable":true,"href":"https:\/\/www.optimiseconsulting.eu\/index.php\/wp-json\/wp\/v2\/users\/2"}],"replies":[{"embeddable":true,"href":"https:\/\/www.optimiseconsulting.eu\/index.php\/wp-json\/wp\/v2\/comments?post=37"}],"version-history":[{"count":0,"href":"https:\/\/www.optimiseconsulting.eu\/index.php\/wp-json\/wp\/v2\/pages\/37\/revisions"}],"wp:attachment":[{"href":"https:\/\/www.optimiseconsulting.eu\/index.php\/wp-json\/wp\/v2\/media?parent=37"}],"curies":[{"name":"wp","href":"https:\/\/api.w.org\/{rel}","templated":true}]}}