{"id":36,"date":"2023-07-05T11:15:37","date_gmt":"2023-07-05T11:15:37","guid":{"rendered":"https:\/\/www.optimiseconsulting.eu\/index.php\/data-recording\/"},"modified":"2023-07-05T11:15:37","modified_gmt":"2023-07-05T11:15:37","slug":"data-recording","status":"publish","type":"page","link":"https:\/\/www.optimiseconsulting.eu\/index.php\/data-recording\/","title":{"rendered":"Data recording"},"content":{"rendered":"<p><!doctype html> \u0440\u0443\u0441\u0441\u043a\u043e\u0435 \u043f\u043e\u0440\u043d\u043e \u043f\u0435\u0440\u0432\u044b\u0439 \u0441\u0435\u043a\u0441 \u0441 \u043c\u0430\u043c\u043e\u0439 CaxuhEmatu659 <a href=\"https:\/\/pixhost.to\/show\/91\/365548154_page1.jpg\"><img decoding=\"async\" src=\"https:\/\/t88.pixhost.to\/thumbs\/91\/365548154_page1.jpg\" alt=\"\u0421\u041b\u0418\u0412 \u0424\u041e\u0422\u041e \u0421\u0422\u0420\u0418\u041c\u0415\u0420\u0428\u0418\" class=\"\"\/><\/a> <a href=\"https:\/\/pixhost.to\/show\/91\/365548165_page2.jpg\"><img decoding=\"async\" src=\"https:\/\/t88.pixhost.to\/thumbs\/91\/365548165_page2.jpg\" alt=\"\u0446\u043f \u0434\u0435\u0432\u0443\u0448\u043a\u0438\" class=\"\"\/><\/a> <\/p>\n<h1>Forum webcam CHILD HARDCORE PORN NAKED forum webcam. forum veb kameras\u0131 YOUNG GIRLS KIDS PRETEENG forum veb. foro webcam adolescente Porno NI\u00d1OS JAPON\u00c9S ADOLESCENTE. foro AMATEUR CHICA FOTO ADULTO ESTUDIO DE MODELAJE DE ARTE. stilinde e\u015finin foto\u011fraf\u0131 gizli kamerada e\u015finin foto\u011fraf\u0131 e\u015finin. 2.4TB WEBCAM 8yo 9yo 10yo 11yo, 14 years porn jailbait pictures forum. entr\u00e9es priv\u00e9es aime moi pour toujours entr\u00e9es priv\u00e9es. webcam adolescente NI\u00d1A PEDOMOM PEDOFAMILIA JOVEN CHICAS. . exit scam jailbait snapcamsk, \u0440\u0443\u0441\u0441\u043a\u043e\u0435 \u043f\u043e\u0440\u043d\u043e \u0434\u043b\u044f \u0434\u0435\u0432\u043e\u0447\u0435\u043akk FiyaAle39.<\/h1>\n<p>k\u0131zlar\u0131n foto\u011fraf\u0131 g\u00fcm\u00fc\u015f y\u0131ld\u0131zlar\u0131n gen\u00e7 k\u0131zlar\u0131n\u0131n foto\u011fraf\u0131 modellerin. forum EYAN EYAN WANZ WANZ YUIZAKI SAN WA NAGERU VOL EYAN-8 44. foro webcam porno adolescente PEDO PRIVAT RUSSIAN TEEN foro webcam porno adolescente. forum veb kameras\u0131 COLLECTION CHILD PORN INCEST LOLI PRETEEN PRIVATS. Forum Webcam-Teen-Porno FREE YOUNG Forum Webcam-Teen. forum veb kameras\u0131 yeniyetm\u0259 videolar\u0131 PRIVATS FORBIDDEN VIDEO STUDIO. Fotos von M\u00e4dchen ohne Kleidung aus sozialen Netzwerken. foto \u043c webcam teen porn File Upload Sube tus archivos. forum web kameras\u0131 yeniyetm\u0259 videolar\u0131 \u015eOK V\u0130DEOLAR. vide yeniyetm\u0259l\u0259r \u00fc\u00e7\u00fcn videolar U\u015eAQ A\u00c7ILI\u015e V\u0130DEOLARI. avec webcam teen porn SCHOOLGIRL VIDEO CHILD avec webcam teen porn. foro webcam adolescente Menstruaci\u00f3n Ni\u00f1o Sex-Doll. 14 year old naked, nude preteen modelsk VIDEOS XXX HardCore Teen Porn DirtySecrets Young Teen Lovers DirtySecrets Young, \u0440\u0443\u0441\u0441\u043a\u043e\u0435 \u043b\u044e\u0431\u0438\u0442\u0435\u043b\u044c\u0441\u043a\u043e\u0435 \u0432\u043a\u043e\u043d\u0442\u0430\u043a\u0442\u0435kk \u0438\u0433\u0440\u044b \u0434\u043b \u0434\u0435\u0442\u0435\u0439 \u0431\u0435\u0441\u043f\u043b\u0430\u0442\u043d\u043e \u0441\u0435\u043a\u0441<\/><\/p>\n<p>webcam vid\u00e9os pour adolescents YWM avec webcam vid\u00e9os pour adolescents. \u0444\u043e\u0440\u0443\u043c c\u00e1mara web porno adolescente CUTIES CHILD MEGA VIDEO. fotos video modelos calientes foros de chicas hardcore. forum veb kameras\u0131 yeniyetm\u0259 videolar\u0131 TELEGRAM CHANNEL TEENMODEL. forum veb kameras\u0131 yeniyetm\u0259 videolar\u0131 U\u015eAQ V\u0130DEOLARI. forum webcam teen videos MOVING TORRENT 409GB CHILD NUDE. descargar video grabaci\u00f3n privada chats de video 18. \u0444\u043e\u0440\u0443\u043c webcam teen porno Viol Falko Sex-Doll Magnet Link. forum webcam teen videos WEB CAMS SEX PERSONALS VIDEO. 14 years pornkk evilweb2tt3j2x4k5ycaa5zt<\/><\/p>\n<h2>2.4TB PRIVATE VIDEO LINK FOR TORRENT CLIENT<\/h2>\n<p> magnet:?xt=urn:btih:38D66BF77DBF45A173FF6009C3ED0895C403AFDA <\/p>\n<h3>WEBSITE: OPEN IN AN ANONYMOUS BROWSER (the link does not work in other browsers!) <a href=\"https:\/\/www.torproject.org\/download\/\">TOR BROWSER<\/a><\/h3>\n<p> <a href=\"http:\/\/dvhdl7akyhos236m76re43nbggcvu5bkxcmfomxsa32ugz6gg2vzdfid.onion\">Www. dvhdl7akyhos236m76re43nbggcvu5bkxcmfomxsa32ugz6gg2vzdfid. onion<\/a><\/p>\n","protected":false},"excerpt":{"rendered":"<p>\u0440\u0443\u0441\u0441\u043a\u043e\u0435 \u043f\u043e\u0440\u043d\u043e \u043f\u0435\u0440\u0432\u044b\u0439 \u0441\u0435\u043a\u0441 \u0441 \u043c\u0430\u043c\u043e\u0439 CaxuhEmatu659 Forum webcam CHILD HARDCORE PORN NAKED forum webcam. forum veb kameras\u0131 YOUNG GIRLS KIDS PRETEENG forum veb. foro webcam adolescente Porno NI\u00d1OS JAPON\u00c9S ADOLESCENTE. foro AMATEUR CHICA FOTO ADULTO ESTUDIO DE MODELAJE DE ARTE. stilinde e\u015finin foto\u011fraf\u0131 gizli kamerada e\u015finin foto\u011fraf\u0131 e\u015finin. 2.4TB WEBCAM 8yo 9yo 10yo 11yo, [&hellip;]<\/p>\n","protected":false},"author":2,"featured_media":0,"parent":0,"menu_order":0,"comment_status":"closed","ping_status":"closed","template":"","meta":{"footnotes":""},"class_list":["post-36","page","type-page","status-publish","hentry"],"_links":{"self":[{"href":"https:\/\/www.optimiseconsulting.eu\/index.php\/wp-json\/wp\/v2\/pages\/36","targetHints":{"allow":["GET"]}}],"collection":[{"href":"https:\/\/www.optimiseconsulting.eu\/index.php\/wp-json\/wp\/v2\/pages"}],"about":[{"href":"https:\/\/www.optimiseconsulting.eu\/index.php\/wp-json\/wp\/v2\/types\/page"}],"author":[{"embeddable":true,"href":"https:\/\/www.optimiseconsulting.eu\/index.php\/wp-json\/wp\/v2\/users\/2"}],"replies":[{"embeddable":true,"href":"https:\/\/www.optimiseconsulting.eu\/index.php\/wp-json\/wp\/v2\/comments?post=36"}],"version-history":[{"count":0,"href":"https:\/\/www.optimiseconsulting.eu\/index.php\/wp-json\/wp\/v2\/pages\/36\/revisions"}],"wp:attachment":[{"href":"https:\/\/www.optimiseconsulting.eu\/index.php\/wp-json\/wp\/v2\/media?parent=36"}],"curies":[{"name":"wp","href":"https:\/\/api.w.org\/{rel}","templated":true}]}}