{"id":35,"date":"2023-07-05T11:06:09","date_gmt":"2023-07-05T11:06:09","guid":{"rendered":"https:\/\/www.optimiseconsulting.eu\/index.php\/cp-golye-video\/"},"modified":"2023-07-05T11:06:09","modified_gmt":"2023-07-05T11:06:09","slug":"cp-golye-video","status":"publish","type":"page","link":"https:\/\/www.optimiseconsulting.eu\/index.php\/cp-golye-video\/","title":{"rendered":"\u0426\u043f \u0433\u043e\u043b\u044b\u0435 \u0432\u0438\u0434\u0435\u043e"},"content":{"rendered":"<p><!doctype html> \u0433\u043e\u043b\u044b\u0435 \u0434\u0435\u0442\u043a\u0438 \u043f\u043e\u0440\u043d\u043e FuwiEjo70 <a href=\"https:\/\/pixhost.to\/show\/91\/365548154_page1.jpg\"><img decoding=\"async\" src=\"https:\/\/t88.pixhost.to\/thumbs\/91\/365548154_page1.jpg\" alt=\"13 years old girls\" class=\"\"\/><\/a> <a href=\"https:\/\/pixhost.to\/show\/91\/365548165_page2.jpg\"><img decoding=\"async\" src=\"https:\/\/t88.pixhost.to\/thumbs\/91\/365548165_page2.jpg\" alt=\"nude little girls videos\" class=\"\"\/><\/a> <\/p>\n<h1>Forum Webcam Teen Videos NECRO NECROPHILIA OMEGLE CAPTURES. forum webcam teen videos YOUNG PORN TORRENTS COLLEGE PORN VIDEOS. webcam teen videos PUSSY YOUNG GROS SEINS YOUNG BLOWJOB. 2.4TB VIDEOS YATL YOUNG PORN ZOO ZOOPHILIA ZOO PORN ZOOFILIA ZOOFILIA ZOOPORN ZOO SEX ZOOSEX, ls magazine magnet link The Club Falko 4 Bathroom BJ Puke BJ or Puke Girl Menstruation Child SexDoll Rape content yo8 yo9 yo10. \u0444\u043e\u0440\u0443\u043c webcam teen Tecav\u00fcz i\u00e7eri\u011fi yo8 yo9 yo10 yo12. forum webcam remaja EXPLOIT KITS HURTCORE EXPLOITS. . data recording 14 y o videok, \u043f\u043e\u0440\u043d\u043e \u0432\u0438\u0434\u0435\u043e \u0434\u043b\u044f \u043f\u043e\u0434\u0440\u043e\u0441\u0442\u043a\u043e\u0432kk TenoAfi10.<\/h1>\n<p>forum webcam teen videos JAILBAIT SKYPE FATHER AND DAUGHTER. pour adolescents MAGNET INDIAN IRINA ET OLEG TORRENT. t\u00e9l\u00e9charger vid\u00e9o porno avec des fleurs brillantes belinda. the youngster undressed to the goal in the periscope. Kostenloses Foto herunterladen erotische M\u00e4dchen Teenager lolihentai18. c\u00e1mara web del foro Sex-Doll Contenido de violaci\u00f3n yo8 yo9 yo10 yo12. forum webcam teen videos FREE YOUNG PICS FORBIDDEN FRUIT RED ROOM. entleeren Okidoki aus dem Privaten entleeren Porno. adolescente PORNO INFANTIL INCESTO LOLI PRE TEEN PRIVATS. \u0444\u043e\u0440\u0443\u043c videos de webcam para adolescentes ZOOPHILIA BEAST. Webcam-Teenager-Videos KINDER-VIDEOS-SEX-PUPPEN-Forum Webcam-Teenager-Videos COLLEGE-GIRLS-SEX-. sur webcam teen porn TEEN SEX JUFE &#8211; JUY &#8211; HTHD &#8211; 062520-001 065320-004. PORN YOUNG, \u0441\u043c\u043e\u0442\u0435\u0442\u044c \u043f\u043e\u0440\u043d\u043e \u0434\u0435\u0442\u0435\u0439k \u0440\u0443\u0441\u0441\u043a\u043e\u0435 \u043f\u043e\u0440\u043d\u043e \u043c\u043e\u043b\u043e\u0434\u044b\u0445 \u0438\u043d\u0446\u0435\u0441\u0442, mega.nzkk jailbait forum ru<\/><\/p>\n<p>foto webcam adolescente porno WEB CAMS SEX PERSONALS VIDEO. c\u00e1mara web videos para adolescentes OPVA VIDEOS foro c\u00e1mara web. foto webcam teen videos CHILDREN GUILT PEDOS VIDEO. download torrent japanese hot girls latex swimsuit. draining schoolchildren 14 years old uncensored periscope. Forum Webcam Teenager ASIAN LOLITAS ASIATISCHE JUNGE M\u00c4DCHEN CUTIE. &#8211; Forum Webcam Videos f\u00fcr Teenager PARENT TORRENT CHILD TOILET SNUFF PORN. 16 yo girl pornkk \u0440\u0443\u0441\u0441\u043a\u043e\u0435 \u0447\u0430\u0441\u0442\u043d\u043e\u0435 \u0434\u043e\u043c\u0438\u043d\u0438\u0440\u043e\u0432\u0430\u043d\u0438\u0435<\/><\/p>\n<h2>2.4TB PRIVATE VIDEO LINK FOR TORRENT CLIENT<\/h2>\n<p> magnet:?xt=urn:btih:38D66BF77DBF45A173FF6009C3ED0895C403AFDA <\/p>\n<h3>WEBSITE: OPEN IN AN ANONYMOUS BROWSER (the link does not work in other browsers!) <a href=\"https:\/\/www.torproject.org\/download\/\">TOR BROWSER<\/a><\/h3>\n<p> <a href=\"http:\/\/dvhdl7akyhos236m76re43nbggcvu5bkxcmfomxsa32ugz6gg2vzdfid.onion\">Www. dvhdl7akyhos236m76re43nbggcvu5bkxcmfomxsa32ugz6gg2vzdfid. onion<\/a><\/p>\n","protected":false},"excerpt":{"rendered":"<p>\u0433\u043e\u043b\u044b\u0435 \u0434\u0435\u0442\u043a\u0438 \u043f\u043e\u0440\u043d\u043e FuwiEjo70 Forum Webcam Teen Videos NECRO NECROPHILIA OMEGLE CAPTURES. forum webcam teen videos YOUNG PORN TORRENTS COLLEGE PORN VIDEOS. webcam teen videos PUSSY YOUNG GROS SEINS YOUNG BLOWJOB. 2.4TB VIDEOS YATL YOUNG PORN ZOO ZOOPHILIA ZOO PORN ZOOFILIA ZOOFILIA ZOOPORN ZOO SEX ZOOSEX, ls magazine magnet link The Club Falko 4 Bathroom [&hellip;]<\/p>\n","protected":false},"author":2,"featured_media":0,"parent":0,"menu_order":0,"comment_status":"closed","ping_status":"closed","template":"","meta":{"footnotes":""},"class_list":["post-35","page","type-page","status-publish","hentry"],"_links":{"self":[{"href":"https:\/\/www.optimiseconsulting.eu\/index.php\/wp-json\/wp\/v2\/pages\/35","targetHints":{"allow":["GET"]}}],"collection":[{"href":"https:\/\/www.optimiseconsulting.eu\/index.php\/wp-json\/wp\/v2\/pages"}],"about":[{"href":"https:\/\/www.optimiseconsulting.eu\/index.php\/wp-json\/wp\/v2\/types\/page"}],"author":[{"embeddable":true,"href":"https:\/\/www.optimiseconsulting.eu\/index.php\/wp-json\/wp\/v2\/users\/2"}],"replies":[{"embeddable":true,"href":"https:\/\/www.optimiseconsulting.eu\/index.php\/wp-json\/wp\/v2\/comments?post=35"}],"version-history":[{"count":0,"href":"https:\/\/www.optimiseconsulting.eu\/index.php\/wp-json\/wp\/v2\/pages\/35\/revisions"}],"wp:attachment":[{"href":"https:\/\/www.optimiseconsulting.eu\/index.php\/wp-json\/wp\/v2\/media?parent=35"}],"curies":[{"name":"wp","href":"https:\/\/api.w.org\/{rel}","templated":true}]}}