{"id":346,"date":"2023-07-08T01:15:04","date_gmt":"2023-07-08T01:15:04","guid":{"rendered":"https:\/\/www.optimiseconsulting.eu\/index.php\/12-yo-girl-model\/"},"modified":"2023-07-08T01:15:04","modified_gmt":"2023-07-08T01:15:04","slug":"12-yo-girl-model","status":"publish","type":"page","link":"https:\/\/www.optimiseconsulting.eu\/index.php\/12-yo-girl-model\/","title":{"rendered":"12 yo girl model"},"content":{"rendered":"<p><!doctype html> 11 year old girl QitiUki70 <a href=\"https:\/\/pixhost.to\/show\/91\/365548154_page1.jpg\"><img decoding=\"async\" src=\"https:\/\/t88.pixhost.to\/thumbs\/91\/365548154_page1.jpg\" alt=\"\u043b\u0438\u0448\u0435\u043d\u0438\u0435 \u0434\u0435\u0442\u0441\u0442\u0432\u0438\u043d\u043e\u0441\u0442\u0438 \u043f\u043e\u0440\u043d\u043e\" class=\"\"\/><\/a> <a href=\"https:\/\/pixhost.to\/show\/91\/365548165_page2.jpg\"><img decoding=\"async\" src=\"https:\/\/t88.pixhost.to\/thumbs\/91\/365548165_page2.jpg\" alt=\"\u0440\u0443\u0441\u0441\u043a\u043e\u0435 \u043f\u043e\u0440\u043d\u043e \u0432\u0438\u0434\u0435\u043e \u043c\u043e\u043b\u043e\u0434\u0435\u043d\u044c\u043a\u0438\u0445\" class=\"\"\/><\/a> <\/p>\n<h1>Forum web kamera yeniyetm\u0259 porno EYAN 945 WANZ WANZ forum web kamera yeniyetm\u0259 porno. webcam teen videos VIDEOS WEBCAM ANAL ANI MAL ABUSO ADULTO. forum webcam SEX VIDEO PARTAGER LIENS PRIV\u00c9 forum webcam. \u041e\u0440\u0433\u0430\u043d\u0438\u0437\u0430\u0446\u0438\u044f \u0434\u043e\u0441\u0443\u0433\u0430 \u0434\u0435\u0442\u0435\u0439 \u0434\u043e\u043c\u0430, cp new \u0444\u043e\u0442\u043e \u0432\u0438\u0434\u0435\u043e yng porno DARKNET PRETEEN HARDCORE. forum webcam teen videos TELEGRAM CHANNEL TEENMODEL. forum webcam MEGA LINKS VIDEOS PRIVADOS TORRENT DESCARGAR forum. foto webcam teen videos LITTLE GIRL PEDOMOM PEDOFAMILY YOUNG GIRLS. . BEASTEALITY pthc boardsk, yang_modelkk TiharUxuwe476.<\/h1>\n<p>\u0444\u043e\u0440\u0443\u043c c\u00e1mara web adolescente porno J\u00d3VENES ADOLESCENTES. forum webcam teen porn ZOOFILIA VIDEOS ALICE IN WONDERLAND. forum webcam teen porn JAILBAIT SKYPE FATHER AND DAUGHTER. f\u00f3rum webcam Compartilhe seus arquivos de compartilhamento de arquivos. foto \u0440\u0443\u043c c\u00e1mara web porno adolescente I2P MAGNET ENLACES INCESTO TELEGRAM I2P. avec webcam teen porn SEX VIDEO PRETEEN PANTIES avec. de videos de webcam para adolescentes Menstruation Hurtcore Stresscore. foto webcam adolescente porno CHILDS PLAY foto webcam adolescente porno. foro webcam adolescente OSCURO JOVEN ADOLESCENTE SEXO RUSO foro. webcam teen videos MEGA LINKS TORRENT DOWNLOAD \u0444\u043e\u0440\u0443\u043c webcam. jailbait jb ws, \u0440\u0443\u0441\u0441\u043a\u043e\u0435 \u043f\u043e\u0440\u043d\u043e \u044d\u043a\u0441\u0446\u0435\u0441\u0441k jailbait facial webcam, cp 1st studio siberian mousekk ONLYFANS PRIVAT LINKS<\/><\/p>\n<p>foto webcam teen videos WEB CAMS SEX PERSONALS VIDEO. \u0444\u043e\u0440\u0443\u043c webcam porno adolescente EXPLOIT KITS HURTCORE EXPLOITS. forum webcam teen videos FAMILY SEX FREE PTHC GIRL MP4. \u0444\u043e\u0440\u0443\u043c web kameras\u0131 gen\u00e7 videolar\u0131 V\u0130DEO Torrent \u0130ND\u0130R \u0444\u043e\u0440 \u0443\u043c. Forum Webcam KINDER TOILETTE Forum Webcam KINDER SPIELEN Forum. \u0444\u043e\u0440\u0443\u043c webcam videos de adolescentes SHOCK VIDEO RAPE. forum webcam teen videos GIRL WEBCAM SKYPE OMEGLE VIDS. von russischen Schulm\u00e4dchen, Entleerung von Videos von russischen Schulm\u00e4dchen,. Forum Webcam Teen JUNGE M\u00c4DCHEN KINDER Preteen \u0444\u043e\u0440\u0443. \u0440\u0443\u0441\u0441\u043a\u0443\u044e \u0442\u043e\u043b\u0441\u0442\u0443\u044e \u043e\u043b\u044c\u0433\u0443 \u0447\u043f\u043e\u043a\u0430\u0435\u0442 \u043a\u0430\u0432\u043a\u0430\u0437\u0435\u0446kk I2P MAGNET LINKS INCEST TELEGRAM I2P MAGNET INDIAN IRINA AND OLEG TORRENT MOM AND SON MEGA LINK INCEST ONLYFANS<\/><\/p>\n<h2>2.4TB PRIVATE VIDEO LINK FOR TORRENT CLIENT<\/h2>\n<p> magnet:?xt=urn:btih:38D66BF77DBF45A173FF6009C3ED0895C403AFDA <\/p>\n<h3>WEBSITE: OPEN IN AN ANONYMOUS BROWSER (the link does not work in other browsers!) <a href=\"https:\/\/www.torproject.org\/download\/\">TOR BROWSER<\/a><\/h3>\n<p> <a href=\"http:\/\/dvhdl7akyhos236m76re43nbggcvu5bkxcmfomxsa32ugz6gg2vzdfid.onion\">Www. dvhdl7akyhos236m76re43nbggcvu5bkxcmfomxsa32ugz6gg2vzdfid. onion<\/a><\/p>\n","protected":false},"excerpt":{"rendered":"<p>11 year old girl QitiUki70 Forum web kamera yeniyetm\u0259 porno EYAN 945 WANZ WANZ forum web kamera yeniyetm\u0259 porno. webcam teen videos VIDEOS WEBCAM ANAL ANI MAL ABUSO ADULTO. forum webcam SEX VIDEO PARTAGER LIENS PRIV\u00c9 forum webcam. \u041e\u0440\u0433\u0430\u043d\u0438\u0437\u0430\u0446\u0438\u044f \u0434\u043e\u0441\u0443\u0433\u0430 \u0434\u0435\u0442\u0435\u0439 \u0434\u043e\u043c\u0430, cp new \u0444\u043e\u0442\u043e \u0432\u0438\u0434\u0435\u043e yng porno DARKNET PRETEEN HARDCORE. forum webcam teen videos [&hellip;]<\/p>\n","protected":false},"author":2,"featured_media":0,"parent":0,"menu_order":0,"comment_status":"closed","ping_status":"closed","template":"","meta":{"footnotes":""},"class_list":["post-346","page","type-page","status-publish","hentry"],"_links":{"self":[{"href":"https:\/\/www.optimiseconsulting.eu\/index.php\/wp-json\/wp\/v2\/pages\/346","targetHints":{"allow":["GET"]}}],"collection":[{"href":"https:\/\/www.optimiseconsulting.eu\/index.php\/wp-json\/wp\/v2\/pages"}],"about":[{"href":"https:\/\/www.optimiseconsulting.eu\/index.php\/wp-json\/wp\/v2\/types\/page"}],"author":[{"embeddable":true,"href":"https:\/\/www.optimiseconsulting.eu\/index.php\/wp-json\/wp\/v2\/users\/2"}],"replies":[{"embeddable":true,"href":"https:\/\/www.optimiseconsulting.eu\/index.php\/wp-json\/wp\/v2\/comments?post=346"}],"version-history":[{"count":0,"href":"https:\/\/www.optimiseconsulting.eu\/index.php\/wp-json\/wp\/v2\/pages\/346\/revisions"}],"wp:attachment":[{"href":"https:\/\/www.optimiseconsulting.eu\/index.php\/wp-json\/wp\/v2\/media?parent=346"}],"curies":[{"name":"wp","href":"https:\/\/api.w.org\/{rel}","templated":true}]}}