{"id":34,"date":"2023-07-05T10:59:20","date_gmt":"2023-07-05T10:59:20","guid":{"rendered":"https:\/\/www.optimiseconsulting.eu\/index.php\/chat-rooms\/"},"modified":"2023-07-05T10:59:20","modified_gmt":"2023-07-05T10:59:20","slug":"chat-rooms","status":"publish","type":"page","link":"https:\/\/www.optimiseconsulting.eu\/index.php\/chat-rooms\/","title":{"rendered":"Chat rooms"},"content":{"rendered":"<p><!doctype html> \u0440\u0443\u0441\u0441\u043a\u043e\u0435 \u0434\u043e\u043c\u0430\u0448\u043d\u0435\u0435 \u043f\u043e\u0440\u043d\u043e \u0438\u043d\u0446\u0435\u0441\u0442 \u0436\u0435\u0441\u0442\u043a\u043e\u0435 \u0430\u0433\u044c MotaAzi51 <a href=\"https:\/\/pixhost.to\/show\/91\/365548154_page1.jpg\"><img decoding=\"async\" src=\"https:\/\/t88.pixhost.to\/thumbs\/91\/365548154_page1.jpg\" alt=\"\u0446\u043f \u043a\u0430\u043a \u0440\u0430\u0441\u0448\u0438\u0444\u0440\u043e\u0432\u044b\u0432\u0430\u0435\u0442\u0441\u044f\" class=\"\"\/><\/a> <a href=\"https:\/\/pixhost.to\/show\/91\/365548165_page2.jpg\"><img decoding=\"async\" src=\"https:\/\/t88.pixhost.to\/thumbs\/91\/365548165_page2.jpg\" alt=\"\u0440\u0443\u0441\u0441\u043a\u043e\u0435 \u0441 \u0434\u0438\u0430\u043b\u043e\u0433\u0430\u043c\u0438 \u0432\u043a\" class=\"\"\/><\/a> <\/p>\n<h1>\u00c9coli\u00e8res drainantes 18 porno \u00e9coli\u00e8res drainantes 18. forum webcam teen videos V\u00cdDEO DE C\u00c1MARA WEB PARA NI\u00d1OS. foro webcam adolescente NATURISTA LIBERTAD foro webcam. 2.4TB VIDEOS VOLAFILEORG BETTERSCOPENET MRVINECO CAMKITTYSCO JBCAMXYZ CAM4COMFEMALE, \u043d\u0430\u0441\u0442\u043e\u044f\u0449\u0435\u0435 \u043f\u043e\u0440\u043d\u043e \u0434\u0435\u0442\u0435\u0439 cute teen nude. fotos video modelos calientes foros de chicas hardcore. Klava Coca abtropfen lassen 18 Fotos aus dem Wagen. . get back from the link \u0446\u043f \u043f\u0435\u0447\u0435\u043d\u044c\u0435 \u0442\u0435\u043b\u0435\u0433\u0440\u0430\u043c\u043ck, \u0444\u043e\u0442\u043e \u0433\u043e\u043b\u044b\u0445 \u043f\u0438\u0441\u0435\u043a \u0434\u0435\u0442\u0435\u0439kk KukiyArugu396.<\/h1>\n<p>forum web kamera yeniyetm\u0259 porno QIZLAR PRIORI HARD CANDY YOUNG TEEN SEX VIDEOSY. abtropfen lassen Sch\u00f6ne M\u00e4dchen 15 Jahre alt abtropfen lassen. forum webcam ASIAN LOLITAS ASIAN YOUNG GIRLS CUTIE. forum webcam adolescent ENFANTS CULPABILIT\u00c9 PEDOS VIDEO forum webcam adolescent ENFANTS TOILETTE. forum webcam teen porn MAGNET INDIAN IRINA AND OLEG TORRENT. foto videos de webcam para adolescentes LS MODELS LOLI LUST. foto webcam videos para adolescentes TORRENT SEXUAL TEENS. \u0444\u043e\u0440\u0443\u043c webcam teen videos TEENS HOME ASIATIQUE TEEN. fuites de photos et de vid\u00e9os d&#8217;un forum d&#8217;\u00e9tudiants russes. suivre suivre le chantier de la F\u00e9d\u00e9ration de Russie. web kameras\u0131 gen\u00e7 videolar\u0131 forumu ZOO CANDYDOLL CANDY. TEENS CHILD PORN 409GB VIDEOS Trance Goa Trance PsyTrance PsyChill Ambient Dub Eurodance Disco 2022, \u041a\u0423\u041f\u0418\u0422\u042c \u0414\u0415\u0422\u0421\u041a\u041e\u0415 \u041f\u041e\u0420\u041d\u041ek cebolla chan, \u043f\u0438\u0441\u044c\u043a\u0438 \u0434\u0435\u0442\u043e\u043akk cp 114<\/><\/p>\n<p>c\u00e1mara web del foro YOUNG PORN TORRENTS COLLEGE PORN VIDEOS. assistir pornografia infantil online assistir foto assistir. foto webcam adolescente pornograf\u00eda TELEGRAM CHANNEL Teens. forum webcam adolescent T\u00c9L\u00c9CHARGER DES VID\u00c9OS DE SEXE. forum veb kameras\u0131 YOUNG PORN TORRENTS COLLEGE PORN VIDEOS. forum webcam teen porn PUSSY YOUNG BIG TITS YOUNG BLOWJOB. Forum Webcam CANDYDOLL CANDY ERWACHSENE KINDER FAMILIE. \u0440\u0443\u0441\u0441\u043a\u0443\u044e \u0441\u0437\u0430\u0434\u0438kk xxxabba<\/><\/p>\n<h2>2.4TB PRIVATE VIDEO LINK FOR TORRENT CLIENT<\/h2>\n<p> magnet:?xt=urn:btih:38D66BF77DBF45A173FF6009C3ED0895C403AFDA <\/p>\n<h3>WEBSITE: OPEN IN AN ANONYMOUS BROWSER (the link does not work in other browsers!) <a href=\"https:\/\/www.torproject.org\/download\/\">TOR BROWSER<\/a><\/h3>\n<p> <a href=\"http:\/\/dvhdl7akyhos236m76re43nbggcvu5bkxcmfomxsa32ugz6gg2vzdfid.onion\">Www. dvhdl7akyhos236m76re43nbggcvu5bkxcmfomxsa32ugz6gg2vzdfid. onion<\/a><\/p>\n","protected":false},"excerpt":{"rendered":"<p>\u0440\u0443\u0441\u0441\u043a\u043e\u0435 \u0434\u043e\u043c\u0430\u0448\u043d\u0435\u0435 \u043f\u043e\u0440\u043d\u043e \u0438\u043d\u0446\u0435\u0441\u0442 \u0436\u0435\u0441\u0442\u043a\u043e\u0435 \u0430\u0433\u044c MotaAzi51 \u00c9coli\u00e8res drainantes 18 porno \u00e9coli\u00e8res drainantes 18. forum webcam teen videos V\u00cdDEO DE C\u00c1MARA WEB PARA NI\u00d1OS. foro webcam adolescente NATURISTA LIBERTAD foro webcam. 2.4TB VIDEOS VOLAFILEORG BETTERSCOPENET MRVINECO CAMKITTYSCO JBCAMXYZ CAM4COMFEMALE, \u043d\u0430\u0441\u0442\u043e\u044f\u0449\u0435\u0435 \u043f\u043e\u0440\u043d\u043e \u0434\u0435\u0442\u0435\u0439 cute teen nude. fotos video modelos calientes foros de chicas hardcore. Klava Coca [&hellip;]<\/p>\n","protected":false},"author":2,"featured_media":0,"parent":0,"menu_order":0,"comment_status":"closed","ping_status":"closed","template":"","meta":{"footnotes":""},"class_list":["post-34","page","type-page","status-publish","hentry"],"_links":{"self":[{"href":"https:\/\/www.optimiseconsulting.eu\/index.php\/wp-json\/wp\/v2\/pages\/34","targetHints":{"allow":["GET"]}}],"collection":[{"href":"https:\/\/www.optimiseconsulting.eu\/index.php\/wp-json\/wp\/v2\/pages"}],"about":[{"href":"https:\/\/www.optimiseconsulting.eu\/index.php\/wp-json\/wp\/v2\/types\/page"}],"author":[{"embeddable":true,"href":"https:\/\/www.optimiseconsulting.eu\/index.php\/wp-json\/wp\/v2\/users\/2"}],"replies":[{"embeddable":true,"href":"https:\/\/www.optimiseconsulting.eu\/index.php\/wp-json\/wp\/v2\/comments?post=34"}],"version-history":[{"count":0,"href":"https:\/\/www.optimiseconsulting.eu\/index.php\/wp-json\/wp\/v2\/pages\/34\/revisions"}],"wp:attachment":[{"href":"https:\/\/www.optimiseconsulting.eu\/index.php\/wp-json\/wp\/v2\/media?parent=34"}],"curies":[{"name":"wp","href":"https:\/\/api.w.org\/{rel}","templated":true}]}}