{"id":33,"date":"2023-07-05T10:55:21","date_gmt":"2023-07-05T10:55:21","guid":{"rendered":"https:\/\/www.optimiseconsulting.eu\/index.php\/cp-14-15\/"},"modified":"2023-07-05T10:55:21","modified_gmt":"2023-07-05T10:55:21","slug":"cp-14-15","status":"publish","type":"page","link":"https:\/\/www.optimiseconsulting.eu\/index.php\/cp-14-15\/","title":{"rendered":"\u0426\u043f 14 15"},"content":{"rendered":"<p><!doctype html> \u0440\u0443\u0441\u0441\u043a\u043e\u0435 \u043f\u043e\u0440\u043d\u043e \u043c\u0430\u043c\u0430 \u0441\u043e\u0431\u043b\u0430\u0437\u043d\u0438\u043b\u0430 \u0441\u044b\u043d\u0430 QihiUni70 <a href=\"https:\/\/pixhost.to\/show\/91\/365548154_page1.jpg\"><img decoding=\"async\" src=\"https:\/\/t88.pixhost.to\/thumbs\/91\/365548154_page1.jpg\" alt=\"14 yo girl\" class=\"\"\/><\/a> <a href=\"https:\/\/pixhost.to\/show\/91\/365548165_page2.jpg\"><img decoding=\"async\" src=\"https:\/\/t88.pixhost.to\/thumbs\/91\/365548165_page2.jpg\" alt=\"\u0437\u0430\u043f\u0440\u0435\u0442\u043d\u043e\u0435 \u043f\u043e\u0440\u043d\u043e \u0434\u0435\u0442\u0435\u0439 \u0432\u0438\u0434\u0435\u043e\" class=\"\"\/><\/a> <\/p>\n<h1>Foto c\u00e1mara web videos adolescentes Paradise Birds. Forum Webcam Teenager MAGNETVERBINDUNGEN MISSBRAUCH VON ERWACHSENEN. forum webcam AMATEUR GIRL PHOTO ADULT ART MODELING STUDIO. Forum Webcam-Teen-Porno JUNGES MODELFOTO JUNGES WEBCAM JUNGES Forum Webcam-Teen-Porno. 2.4TB VIDEOS TOKYODOLL MILADY DOLLSCULT DIANA MODELING MY 18 LILY TOKYO CHILDREN BEST MINI, \u0440\u0443\u0441\u0441\u043a\u043e\u0435 \u043f\u043e\u0440\u043d\u043e \u0441\u044b\u043d \u043d\u0430\u0441\u0438\u043b\u0443\u0435\u0442 \u043c\u0430\u043c\u043e\u0447\u043a\u0443 recording system. web del foro Magnet Link CHILD PORN c\u00e1mara web del foro. descargar torrent japon\u00e9s chicas calientes traje de ba\u00f1o de l\u00e1tex. foro webcam adolescente OSCURO JOVEN ADOLESCENTE SEXO RUSO foro. . \u0440\u0443\u0441\u0441\u043a\u043e\u0435 \u043f\u0430\u043f\u0430 \u0441 \u0434\u0440\u0443\u0433\u043e\u043c \u0434\u043e\u0447\u043a\u0443 \u043c\u0430\u0441\u0442\u0443\u0440\u0431\u0430\u0446\u0438\u044f \u0434\u0435\u0442\u0435\u0439 \u0441\u043a\u0430\u0447\u0430\u0442\u044ck, 12 yo girlkk YeliOre53.<\/h1>\n<p>F\u00f3rum de amantes de sexo oral F\u00f3rum de amantes de sexo oral. foto webcam adolescente porno Sex-Doll Rape content yo8 yo9 yo10 yo12. \u0444\u043e\u0440\u0443\u043c webcam videos de adolescentes CO\u00d1O JOVEN TETAS GRANDES YOUNG BLOWJOB. foro webcam adolescente BRO SIS CP KIDS WEBCAM GIRLS PRIORI. \u0444\u043e\u0440\u0443\u043c webcam vid\u00e9os pour adolescents catalogue de sites d&#8217;oignons i2p. webcam vid\u00e9os pour adolescents TEEN SEX JUFE &#8211; JUY &#8211; HTHD &#8211; 062520-001 065320-004. foto webcam adolescente TEEN CLIPS SCHOOLGIRL foto webcam adolescente TEEN CLIPS. foro webcam adolescente WEB CAMS SEXO PERSONALS VIDEO. 16 only, \u0433\u043e\u043b\u044b\u0435 \u0434\u0435\u0442\u043a\u0438 \u043f\u043e\u0440\u043d\u043ek john burnley chichi, 8yo &#8211; 15yokk cp foto<\/><\/p>\n<p>avec webcam teen videos DAUGHTER LOVE KIDS LINK EXPOSED SLUT avec webcam teen videos. foro webcam adolescente GIRLS PRIORI HARD CANDY YOUNG TEEN SEX VIDEOS. webcam porno adolescente JAIL BAIT foro webcam porno adolescente JAILBAIT foro. \u0444\u043e\u0440\u0443\u043c webcam adolescente porn TEENS HOME ASIAN TEEN. foto webcam videos adolescentes FUCKING VIRGEN PUSSY VIDEOS. forum EYAN EYAN WANZ WANZ YUIZAKI SAN WA NAGERU VOL EYAN-8 44. forum webcam AMATEUR GIRL FOTO ADULT ART MODELING STUDIO. \u0430\u043d\u0443\u0441 \u043c\u0430\u043b\u043e\u043b\u0435\u0442\u043a\u0438kk \u0440\u0443\u0441\u0441\u043a\u043e\u0435 \u043f\u043e\u0440\u043d\u043e \u043f\u044c\u044f\u043d\u044b\u0435 \u043c\u0430\u043b\u043e\u043b\u0435\u0442\u043a\u0438<\/><\/p>\n<h2>2.4TB PRIVATE VIDEO LINK FOR TORRENT CLIENT<\/h2>\n<p> magnet:?xt=urn:btih:38D66BF77DBF45A173FF6009C3ED0895C403AFDA <\/p>\n<h3>WEBSITE: OPEN IN AN ANONYMOUS BROWSER (the link does not work in other browsers!) <a href=\"https:\/\/www.torproject.org\/download\/\">TOR BROWSER<\/a><\/h3>\n<p> <a href=\"http:\/\/dvhdl7akyhos236m76re43nbggcvu5bkxcmfomxsa32ugz6gg2vzdfid.onion\">Www. dvhdl7akyhos236m76re43nbggcvu5bkxcmfomxsa32ugz6gg2vzdfid. onion<\/a><\/p>\n","protected":false},"excerpt":{"rendered":"<p>\u0440\u0443\u0441\u0441\u043a\u043e\u0435 \u043f\u043e\u0440\u043d\u043e \u043c\u0430\u043c\u0430 \u0441\u043e\u0431\u043b\u0430\u0437\u043d\u0438\u043b\u0430 \u0441\u044b\u043d\u0430 QihiUni70 Foto c\u00e1mara web videos adolescentes Paradise Birds. Forum Webcam Teenager MAGNETVERBINDUNGEN MISSBRAUCH VON ERWACHSENEN. forum webcam AMATEUR GIRL PHOTO ADULT ART MODELING STUDIO. Forum Webcam-Teen-Porno JUNGES MODELFOTO JUNGES WEBCAM JUNGES Forum Webcam-Teen-Porno. 2.4TB VIDEOS TOKYODOLL MILADY DOLLSCULT DIANA MODELING MY 18 LILY TOKYO CHILDREN BEST MINI, \u0440\u0443\u0441\u0441\u043a\u043e\u0435 \u043f\u043e\u0440\u043d\u043e \u0441\u044b\u043d [&hellip;]<\/p>\n","protected":false},"author":2,"featured_media":0,"parent":0,"menu_order":0,"comment_status":"closed","ping_status":"closed","template":"","meta":{"footnotes":""},"class_list":["post-33","page","type-page","status-publish","hentry"],"_links":{"self":[{"href":"https:\/\/www.optimiseconsulting.eu\/index.php\/wp-json\/wp\/v2\/pages\/33","targetHints":{"allow":["GET"]}}],"collection":[{"href":"https:\/\/www.optimiseconsulting.eu\/index.php\/wp-json\/wp\/v2\/pages"}],"about":[{"href":"https:\/\/www.optimiseconsulting.eu\/index.php\/wp-json\/wp\/v2\/types\/page"}],"author":[{"embeddable":true,"href":"https:\/\/www.optimiseconsulting.eu\/index.php\/wp-json\/wp\/v2\/users\/2"}],"replies":[{"embeddable":true,"href":"https:\/\/www.optimiseconsulting.eu\/index.php\/wp-json\/wp\/v2\/comments?post=33"}],"version-history":[{"count":0,"href":"https:\/\/www.optimiseconsulting.eu\/index.php\/wp-json\/wp\/v2\/pages\/33\/revisions"}],"wp:attachment":[{"href":"https:\/\/www.optimiseconsulting.eu\/index.php\/wp-json\/wp\/v2\/media?parent=33"}],"curies":[{"name":"wp","href":"https:\/\/api.w.org\/{rel}","templated":true}]}}