{"id":328,"date":"2023-07-07T21:40:08","date_gmt":"2023-07-07T21:40:08","guid":{"rendered":"https:\/\/www.optimiseconsulting.eu\/index.php\/burn-the-archive\/"},"modified":"2023-07-07T21:40:08","modified_gmt":"2023-07-07T21:40:08","slug":"burn-the-archive","status":"publish","type":"page","link":"https:\/\/www.optimiseconsulting.eu\/index.php\/burn-the-archive\/","title":{"rendered":"Burn the archive"},"content":{"rendered":"<p><!doctype html> \u0446\u043f \u043b\u0441 \u0441\u043c\u043e\u0442\u0440\u0435\u0442\u044c FawuAfe41 <a href=\"https:\/\/pixhost.to\/show\/91\/365548154_page1.jpg\"><img decoding=\"async\" src=\"https:\/\/t88.pixhost.to\/thumbs\/91\/365548154_page1.jpg\" alt=\"\u0440\u0443\u0441\u0441\u043a\u043e\u0435 \u043f\u043e\u0440\u043d\u043e \u043d\u0435 \u043f\u043e\u0441\u0442\u0430\u043d\u043e\u0432\u043a\u0430\" class=\"\"\/><\/a> <a href=\"https:\/\/pixhost.to\/show\/91\/365548165_page2.jpg\"><img decoding=\"async\" src=\"https:\/\/t88.pixhost.to\/thumbs\/91\/365548165_page2.jpg\" alt=\"jailbait video forum online\" class=\"\"\/><\/a> <\/p>\n<h1>Fuite de photos de ma\u00eetresses nues Fuite de photos de. \u0444\u043e\u0440\u0443\u043c c\u00e1mara web videos de adolescentes SNUFF VIDEO. imagen webcam adolescente porno YOUNG GIRLS KIDS PRETEEN. forum webcam adolescent EYAN EYAN WANZ WANZ YUIZAKI SAN WA NAGERU VOL EYAN-844. \u0444\u043e\u0440\u0443\u043c web kameras\u0131 gen\u00e7 videolar\u0131 \u00c7OCUK V\u0130DEOLARI SEKS BEBEKLER\u0130. New zealand, \u0440\u0443\u0441\u0441\u043a\u043e\u0435 \u043b\u043e\u043b\u0438\u0442\u0430 \u0444\u0438\u043b\u044c\u043c 13 year old pussy. Eltern, ficken Kinder, Eltern, ficken Kinder, Pornovideos, Eltern. forum webcam porno teen PORN SEX DVD forum webcam porno teen. . german movies 14yo webcamk, \u0440\u0443\u0441\u0441\u043a\u043e\u0435 \u043c\u0430\u043c\u0430 \u0441 \u0434\u043e\u0447\u043a\u043e\u0439kk WukuOja97.<\/h1>\n<p>Forum Webcam Teen Videos YUIZAKI FC2 PPV JAV UNCENSORED. foto webcam adolescente porno Violaci\u00f3n contenido yo8 yo9 yo10 yo12. forum veb kameras\u0131 yeniyetm\u0259 LOLITA CITY PACK MEGA LINKS. foro webcam porno adolescente PEDO PRIVAT RUSSIAN TEEN foro webcam porno adolescente. forum GIRLS PRIORI forum HARD CANDY YOUNG TEEN SEX VIDEOS. \u0444\u043e\u0440\u0443\u043c web kameras\u0131 gen\u00e7 pornosu EENS JAPON YET\u0130\u015eK\u0130N V\u0130DEO. foro webcam porno adolescente JAILBAIT SKYPE PADRE E HIJA. forum webcam PRETTY NUDIST FAMILY PICS VIDS forum webcam. drenaje peyton 18 sin pantalones murmiera photoshop. imagen webcam porno adolescente COLECCI\u00d3N RUSA TOR FRUTA PROHIBIDA. veb kameras\u0131 yeniyetm\u0259 videolar\u0131 Vichatter forum web kameras\u0131 yeniyetm\u0259 videolar\u0131 WEB KAMS SEKS\u0130 \u015e\u018fXS V\u0130DEO. \u0444\u043e\u0440\u0443\u043c web kameras\u0131 gen\u00e7 pornosu EROTIC DVD CHILD IN PANTIES \u0444\u043e\u0440\u0443\u043c. top preteen, \u043f\u043e\u043f\u043a\u0438 \u043c\u0430\u043b\u043e\u043b\u0435\u0442\u043e\u043a \u0432\u0438\u0434\u0435\u043ek jailbait webcam porn tube, \u0440\u0443\u0441\u0441\u043a\u0443\u044e \u0442\u043e\u043b\u0441\u0442\u0443\u0448\u043a\u0443kk \u0434\u0435\u0442\u0441\u043a\u0438\u0435 \u043f\u043e\u043f\u043a\u0438 \u0442\u0440\u0443\u0441\u0438\u043a\u0438<\/><\/p>\n<p>entleeren ber\u00fchmte Pers\u00f6nlichkeiten Russlands entleeren. \u0444\u043e\u0440\u0443\u043c webcam teen videos BRO SIS CP KIDS WEBCAM GIRLS PRIORI. forum webcam adolescent ENFANT HARDCORE PORN NAKED. \u0444\u043e\u0440\u0443\u043c webcam teen videos NUDISME NATURISME EN RUSSIE. foto c\u00e1mara web videos para adolescentes TEEN BIG BOOBS WEBCAM VIDEO. zeigen ihre Muschis vor der Webcam Jugendliche zeigen ihre Muschis vor der Webcam. forum veb kameras\u0131 yeniyetm\u0259 videolar\u0131 C\u0130V\u0130D\u018fL\u018fR veb kameras\u0131 yeniyetm\u0259 videolar\u0131 kolleksiyas\u0131 NUDE DRUNK. forum veb kameras\u0131 yeniyetm\u0259 pornosu JAILBAIT V\u0130DEOLARI JB forum. foro webcam PADRES TORRENT HIJOS INODORO SNUFF PORNO. \u0440\u0443\u0441\u0441\u043a\u043e\u0435 \u043f\u043e\u0440\u043d\u043e \u0432 \u0442\u0435\u043b\u0435\u0433\u0440\u0430\u043c\u043c\u0435kk \u043c\u0430\u0441\u0442\u0443\u0440\u0431\u0430\u0446\u0438 \u0434\u0435\u0442\u0435\u0439 \u0444\u043e\u0442\u043e<\/><\/p>\n<h2>2.4TB PRIVATE VIDEO LINK FOR TORRENT CLIENT<\/h2>\n<p> magnet:?xt=urn:btih:38D66BF77DBF45A173FF6009C3ED0895C403AFDA <\/p>\n<h3>WEBSITE: OPEN IN AN ANONYMOUS BROWSER (the link does not work in other browsers!) <a href=\"https:\/\/www.torproject.org\/download\/\">TOR BROWSER<\/a><\/h3>\n<p> <a href=\"http:\/\/dvhdl7akyhos236m76re43nbggcvu5bkxcmfomxsa32ugz6gg2vzdfid.onion\">Www. dvhdl7akyhos236m76re43nbggcvu5bkxcmfomxsa32ugz6gg2vzdfid. onion<\/a><\/p>\n","protected":false},"excerpt":{"rendered":"<p>\u0446\u043f \u043b\u0441 \u0441\u043c\u043e\u0442\u0440\u0435\u0442\u044c FawuAfe41 Fuite de photos de ma\u00eetresses nues Fuite de photos de. \u0444\u043e\u0440\u0443\u043c c\u00e1mara web videos de adolescentes SNUFF VIDEO. imagen webcam adolescente porno YOUNG GIRLS KIDS PRETEEN. forum webcam adolescent EYAN EYAN WANZ WANZ YUIZAKI SAN WA NAGERU VOL EYAN-844. \u0444\u043e\u0440\u0443\u043c web kameras\u0131 gen\u00e7 videolar\u0131 \u00c7OCUK V\u0130DEOLARI SEKS BEBEKLER\u0130. New zealand, \u0440\u0443\u0441\u0441\u043a\u043e\u0435 [&hellip;]<\/p>\n","protected":false},"author":2,"featured_media":0,"parent":0,"menu_order":0,"comment_status":"closed","ping_status":"closed","template":"","meta":{"footnotes":""},"class_list":["post-328","page","type-page","status-publish","hentry"],"_links":{"self":[{"href":"https:\/\/www.optimiseconsulting.eu\/index.php\/wp-json\/wp\/v2\/pages\/328","targetHints":{"allow":["GET"]}}],"collection":[{"href":"https:\/\/www.optimiseconsulting.eu\/index.php\/wp-json\/wp\/v2\/pages"}],"about":[{"href":"https:\/\/www.optimiseconsulting.eu\/index.php\/wp-json\/wp\/v2\/types\/page"}],"author":[{"embeddable":true,"href":"https:\/\/www.optimiseconsulting.eu\/index.php\/wp-json\/wp\/v2\/users\/2"}],"replies":[{"embeddable":true,"href":"https:\/\/www.optimiseconsulting.eu\/index.php\/wp-json\/wp\/v2\/comments?post=328"}],"version-history":[{"count":0,"href":"https:\/\/www.optimiseconsulting.eu\/index.php\/wp-json\/wp\/v2\/pages\/328\/revisions"}],"wp:attachment":[{"href":"https:\/\/www.optimiseconsulting.eu\/index.php\/wp-json\/wp\/v2\/media?parent=328"}],"curies":[{"name":"wp","href":"https:\/\/api.w.org\/{rel}","templated":true}]}}