{"id":327,"date":"2023-07-07T21:15:23","date_gmt":"2023-07-07T21:15:23","guid":{"rendered":"https:\/\/www.optimiseconsulting.eu\/index.php\/cp-foto-vk\/"},"modified":"2023-07-07T21:15:23","modified_gmt":"2023-07-07T21:15:23","slug":"cp-foto-vk","status":"publish","type":"page","link":"https:\/\/www.optimiseconsulting.eu\/index.php\/cp-foto-vk\/","title":{"rendered":"\u0426\u043f \u0444\u043e\u0442\u043e \u0432\u043a"},"content":{"rendered":"<p><!doctype html> cp ls cute jailbaits XoqoUku59 <a href=\"https:\/\/pixhost.to\/show\/91\/365548154_page1.jpg\"><img decoding=\"async\" src=\"https:\/\/t88.pixhost.to\/thumbs\/91\/365548154_page1.jpg\" alt=\"12 year old models\" class=\"\"\/><\/a> <a href=\"https:\/\/pixhost.to\/show\/91\/365548165_page2.jpg\"><img decoding=\"async\" src=\"https:\/\/t88.pixhost.to\/thumbs\/91\/365548165_page2.jpg\" alt=\"pedomom magnet link\" class=\"\"\/><\/a> <\/p>\n<h1>Foto webcam adolescente STUDIO COLLECTION TORRENT DOWNLOAD. Entleerung von Bibern von Tik Tok unzensiert Entleerung von. sur webcam vid\u00e9os pour adolescents Tropical Cuties sur webcam vid\u00e9os. \u0444\u043e\u0440\u0443\u043c c\u00e1mara web videos de adolescentes J\u00d3VENES ADOLESCENTES. NEW VIDEO AND PHOTO WEBCAM TOR LINKS, \u0446\u043f \u0432\u0438\u0434\u0435\u043e \u0442\u043e\u0440\u0440\u0435\u043d\u0442 emergency torlinks 20 pthc rindexx alice. foro webcam adolescente NATURISTA LIBERTAD foro webcam. foto webcam adolescente porno CLIPS PORN STREAM foto. de videos de webcam para adolescentes Menstruation Hurtcore Stresscore. . cpp72 ru \u043c\u0438\u0440\u0430\u0436 \u0440\u0443\u0441\u0441\u043a\u043e\u0435 \u0433\u0435\u0439 \u043f\u043e\u0440\u043d\u043ek, \u0440\u0443\u0441\u0441\u043a\u043e\u0435 \u0437\u043e\u043e \u043f\u043e\u0440\u043d\u043e \u0441 \u043b\u043e\u0448\u0430\u0434\u044c\u043c\u0438kk FasiEpo23.<\/h1>\n<p>\u0444\u043e\u0440\u0443\u043c webcam adolescente porn TEENS HOME ASIAN TEEN. forum webcam teen NECRO NECROPHILIA OMEGLE CAPTURES. c\u00e1mara web del foro PEDOMOM PEDOFAMILY MAGNET LINKS. foto \u043c webcam adolescente porno menstruaci\u00f3n hurtcore Stresscore. c\u00e1mara web del foro Share your Files sharing files c\u00e1mara web. forum webcam teen videos AMATEUR GIRL PHOTO ADULT ART MODELING STUDIO. imagen webcam adolescente porno SEXUAL KIDS STREAMING. webcam adolescent CHILD STREAM VIDEOS forum webcam adolescent ENFANT. forum webcam teen porn 409GB STREAMING ADULT VIDEOS. forum webcam teen porn MAGNET LINKS CP HEBE OMEGLE VIDS. foto webcam adolescente porno MOMS BANG TEENS PORN. foto c\u00e1mara web videos para adolescentes TEEN BBW KIDS. child nonude models, 12 years girlk buzzcast facecast video chats record, \u0434\u0435\u0442\u043a\u0430\u044f \u043f\u043e\u0440\u043d\u043e\u0433\u0440\u0430\u0444\u0438\u044fkk child model forum<\/><\/p>\n<p>foto \u043c webcam teen porn HIJA AMOR NI\u00d1OS ENLACE PUTA EXPUESTA. youngsters take off their panties on camera video periscope. \u0444\u043e\u0440\u0443\u043c webcam teen YOUNG MODEL FOTO YOUNG WEBCAM YOUNG. fotos videos de adolescentes webcam Fantasia Models. forum webcam teen videos ZOOFILIA VIDEOS ALICE IN WONDERLAND. videos videos de adolescentes webcam Carga de archivos Sube tus archivos videos videos de adolescentes webcam Compartir archivos. foro c\u00e1mara web videos adolescentes JB PUSSY JAPON\u00c9S foro c\u00e1mara. imagen webcam adolescente porno VIDEO TORRENT DOWNLOAD imagen webcam adolescente. \u0444\u043e\u0440\u0443\u043c webcam teen porno ANIMAL ABUSE BOY VIDS BRO-SIS. \u0446\u043f \u0441 \u043c\u0430\u0448\u0435\u043d\u044c\u043a\u043e\u0439 \u0431\u0430\u0431\u0435\u043d\u043a\u043ekk TEENS CHILD PORN 409GB VIDEOS House Techno Hardcore Hardstyle Chillout Lounge Downtempo TripHop 2022<\/><\/p>\n<h2>2.4TB PRIVATE VIDEO LINK FOR TORRENT CLIENT<\/h2>\n<p> magnet:?xt=urn:btih:38D66BF77DBF45A173FF6009C3ED0895C403AFDA <\/p>\n<h3>WEBSITE: OPEN IN AN ANONYMOUS BROWSER (the link does not work in other browsers!) <a href=\"https:\/\/www.torproject.org\/download\/\">TOR BROWSER<\/a><\/h3>\n<p> <a href=\"http:\/\/dvhdl7akyhos236m76re43nbggcvu5bkxcmfomxsa32ugz6gg2vzdfid.onion\">Www. dvhdl7akyhos236m76re43nbggcvu5bkxcmfomxsa32ugz6gg2vzdfid. onion<\/a><\/p>\n","protected":false},"excerpt":{"rendered":"<p>cp ls cute jailbaits XoqoUku59 Foto webcam adolescente STUDIO COLLECTION TORRENT DOWNLOAD. Entleerung von Bibern von Tik Tok unzensiert Entleerung von. sur webcam vid\u00e9os pour adolescents Tropical Cuties sur webcam vid\u00e9os. \u0444\u043e\u0440\u0443\u043c c\u00e1mara web videos de adolescentes J\u00d3VENES ADOLESCENTES. NEW VIDEO AND PHOTO WEBCAM TOR LINKS, \u0446\u043f \u0432\u0438\u0434\u0435\u043e \u0442\u043e\u0440\u0440\u0435\u043d\u0442 emergency torlinks 20 pthc rindexx alice. [&hellip;]<\/p>\n","protected":false},"author":2,"featured_media":0,"parent":0,"menu_order":0,"comment_status":"closed","ping_status":"closed","template":"","meta":{"footnotes":""},"class_list":["post-327","page","type-page","status-publish","hentry"],"_links":{"self":[{"href":"https:\/\/www.optimiseconsulting.eu\/index.php\/wp-json\/wp\/v2\/pages\/327","targetHints":{"allow":["GET"]}}],"collection":[{"href":"https:\/\/www.optimiseconsulting.eu\/index.php\/wp-json\/wp\/v2\/pages"}],"about":[{"href":"https:\/\/www.optimiseconsulting.eu\/index.php\/wp-json\/wp\/v2\/types\/page"}],"author":[{"embeddable":true,"href":"https:\/\/www.optimiseconsulting.eu\/index.php\/wp-json\/wp\/v2\/users\/2"}],"replies":[{"embeddable":true,"href":"https:\/\/www.optimiseconsulting.eu\/index.php\/wp-json\/wp\/v2\/comments?post=327"}],"version-history":[{"count":0,"href":"https:\/\/www.optimiseconsulting.eu\/index.php\/wp-json\/wp\/v2\/pages\/327\/revisions"}],"wp:attachment":[{"href":"https:\/\/www.optimiseconsulting.eu\/index.php\/wp-json\/wp\/v2\/media?parent=327"}],"curies":[{"name":"wp","href":"https:\/\/api.w.org\/{rel}","templated":true}]}}