{"id":32,"date":"2023-07-05T10:50:46","date_gmt":"2023-07-05T10:50:46","guid":{"rendered":"https:\/\/www.optimiseconsulting.eu\/index.php\/xmr\/"},"modified":"2023-07-05T10:50:46","modified_gmt":"2023-07-05T10:50:46","slug":"xmr","status":"publish","type":"page","link":"https:\/\/www.optimiseconsulting.eu\/index.php\/xmr\/","title":{"rendered":"Xmr"},"content":{"rendered":"<p><!doctype html> 14 yo torrent WeleUjo64 <a href=\"https:\/\/pixhost.to\/show\/91\/365548154_page1.jpg\"><img decoding=\"async\" src=\"https:\/\/t88.pixhost.to\/thumbs\/91\/365548154_page1.jpg\" alt=\"\u0442\u0440\u0430\u0445\u0430\u044e\u0442 \u0434\u0435\u0442\u0435\u0439 \u043f\u043e\u0440\u043d\u043e \u043e\u043d\u043b\u0430\u0439\u043d\" class=\"\"\/><\/a> <a href=\"https:\/\/pixhost.to\/show\/91\/365548165_page2.jpg\"><img decoding=\"async\" src=\"https:\/\/t88.pixhost.to\/thumbs\/91\/365548165_page2.jpg\" alt=\"\u0440\u0443\u0441\u0441\u043a\u043e\u0435 \u043f\u043e\u0440\u043d\u043e \u0438\u043d\u0446\u0435\u0441\u0442 \u043c\u0430\u0442\u044c \u0441 \u0441\u044b\u043d\u043e\u043c\" class=\"\"\/><\/a> <\/p>\n<h1>Forum webcam teen videos STUDIO COLLECTION TORRENT DOWNLOAD. forum webcam teen magnet links TORRENT CHILD PORN YOUNG. foto c\u00e1mara web videos adolescentes LOLITA CITY PACK MEGA LINKS. avec webcam vid\u00e9os pour adolescents XXX CP VIDEOS CHILD PORN. 2.4TB VIDEOS TEN TIPI VLADMODELS NEWSTAR MINIMODELS JBCLUB AMS HTTP CLUB ULTRA YONNG, jailbait video torrent keyless jamming bmw. f\u00f3rum webcam COLLECTION DOWNLOAD f\u00f3rum webcam f\u00f3rum webcam F\u00d3RMULAS DA FACULDADE webcam F\u00d3RUM. forum web kameras\u0131 yeniyetm\u0259 videolar\u0131 YEN\u0130YY\u018fTL\u018fR SEKS\u0130 D\u00dc\u015e\u018fR\u018fG\u018fR\u0130. foto c\u00e1mara web videos para adolescentes TEEN ADULT CLIPS CHILD. . \u0440\u0443\u0441\u0441\u043a\u043e\u0435 \u043f\u043e\u0440\u043d\u043e \u0441 \u0441\u044e\u0436\u0435\u0442\u043e\u043c \u0441\u043c\u043e\u0442\u0440\u0435\u0442\u044c \u0431\u0435\u0441\u043f\u043b\u0430\u0442\u043d\u043e \u0440\u0443\u0441\u0441\u043a\u043e\u0435 \u043f\u043e\u0440\u043d\u043e \u043c\u0430\u0442\u044c \u0441\u043e\u0431\u043b\u0430\u0437\u043d\u044f\u0435\u0442 \u0434\u043e\u0447\u044ck, \u0440\u0443\u0441\u0441\u043a\u043e\u0435 \u0437\u0430\u043f\u0440\u0435\u0442\u043d\u043e\u0435kk HoxuAci97.<\/h1>\n<p>forum webcam teen porn CHILD PORN INCEST LOLI PRETEEN PRIVATS. Webcam GRATUITE du forum YOUNG PICS FORBIDDEN FRUIT RED ROOM. Entleerung von Bibern 18 unzensiert Entleerung von. \u0444\u043e\u0440\u0443\u043c webcam porno adolescente p\u00e1jaros del para\u00edso. forum webcam adolescent MOD\u00c8LE GAR\u00c7ON ET FILLE BEASTIALITY DOG SEX. Forum Webcam-Teenager-Videos STUDIO COLLECTION TORRENT DOWNLOAD-. fotos videos de webcam para adolescentes STUDIO13 foto \u043c. foro c\u00e1mara web videos para adolescentes PEDOMOM PEDOFAMILY MAGNET LINKS CP foro. \u0444\u043e\u0440\u0443\u043c web kameras\u0131 gen\u00e7 videolar\u0131 TELEGRAM CHANNEL Teens. pedo porno foto, \u043f\u043e\u0440\u043d\u043e \u0434\u0435\u0442\u043a\u0438 \u0431\u0435\u0441\u043f\u043b\u0430\u0442\u043d\u043e \u0444\u043e\u0442\u043ek cp preteen, jailbait cp free previewkk MAGNET INDIAN IRINA AND OLEG TORRENT<\/><\/p>\n<p>Eltern, ficken Kinder, Eltern, ficken Kinder, Pornovideos, Eltern. webcam teen porn PTSC QUALITY QUALITY SNUFF PORNO avec. descargar naturist family vacation with children video. forum webcam teen videos HOME VIDEO TEEN STREAMING. Webcam Teen herunterladen Porno KINDERPORNO DOWNLOAD. forum webcam teen videos LOLITA CITY PACK MEGA LINKS. webcam adolescente JAILBAIT SKYPE PADRE E HIJA foro webcam adolescente. \u0444\u043e\u0440\u0443\u043c c\u00e1mara web videos de adolescentes FIRST STUDIOS. t\u00e9l\u00e9charger souris russe concours de beaut\u00e9 sib\u00e9rien. cp free movie pthc xyz rukk \u0446\u043f \u043f\u043e\u0440\u043d\u043e \u0431\u0435\u0441\u043f\u043b\u0430\u0442\u043d\u043e<\/><\/p>\n<h2>2.4TB PRIVATE VIDEO LINK FOR TORRENT CLIENT<\/h2>\n<p> magnet:?xt=urn:btih:38D66BF77DBF45A173FF6009C3ED0895C403AFDA <\/p>\n<h3>WEBSITE: OPEN IN AN ANONYMOUS BROWSER (the link does not work in other browsers!) <a href=\"https:\/\/www.torproject.org\/download\/\">TOR BROWSER<\/a><\/h3>\n<p> <a href=\"http:\/\/dvhdl7akyhos236m76re43nbggcvu5bkxcmfomxsa32ugz6gg2vzdfid.onion\">Www. dvhdl7akyhos236m76re43nbggcvu5bkxcmfomxsa32ugz6gg2vzdfid. onion<\/a><\/p>\n","protected":false},"excerpt":{"rendered":"<p>14 yo torrent WeleUjo64 Forum webcam teen videos STUDIO COLLECTION TORRENT DOWNLOAD. forum webcam teen magnet links TORRENT CHILD PORN YOUNG. foto c\u00e1mara web videos adolescentes LOLITA CITY PACK MEGA LINKS. avec webcam vid\u00e9os pour adolescents XXX CP VIDEOS CHILD PORN. 2.4TB VIDEOS TEN TIPI VLADMODELS NEWSTAR MINIMODELS JBCLUB AMS HTTP CLUB ULTRA YONNG, jailbait [&hellip;]<\/p>\n","protected":false},"author":2,"featured_media":0,"parent":0,"menu_order":0,"comment_status":"closed","ping_status":"closed","template":"","meta":{"footnotes":""},"class_list":["post-32","page","type-page","status-publish","hentry"],"_links":{"self":[{"href":"https:\/\/www.optimiseconsulting.eu\/index.php\/wp-json\/wp\/v2\/pages\/32","targetHints":{"allow":["GET"]}}],"collection":[{"href":"https:\/\/www.optimiseconsulting.eu\/index.php\/wp-json\/wp\/v2\/pages"}],"about":[{"href":"https:\/\/www.optimiseconsulting.eu\/index.php\/wp-json\/wp\/v2\/types\/page"}],"author":[{"embeddable":true,"href":"https:\/\/www.optimiseconsulting.eu\/index.php\/wp-json\/wp\/v2\/users\/2"}],"replies":[{"embeddable":true,"href":"https:\/\/www.optimiseconsulting.eu\/index.php\/wp-json\/wp\/v2\/comments?post=32"}],"version-history":[{"count":0,"href":"https:\/\/www.optimiseconsulting.eu\/index.php\/wp-json\/wp\/v2\/pages\/32\/revisions"}],"wp:attachment":[{"href":"https:\/\/www.optimiseconsulting.eu\/index.php\/wp-json\/wp\/v2\/media?parent=32"}],"curies":[{"name":"wp","href":"https:\/\/api.w.org\/{rel}","templated":true}]}}