{"id":307,"date":"2023-07-07T18:34:17","date_gmt":"2023-07-07T18:34:17","guid":{"rendered":"https:\/\/www.optimiseconsulting.eu\/index.php\/14-y-o-girls\/"},"modified":"2023-07-07T18:34:17","modified_gmt":"2023-07-07T18:34:17","slug":"14-y-o-girls","status":"publish","type":"page","link":"https:\/\/www.optimiseconsulting.eu\/index.php\/14-y-o-girls\/","title":{"rendered":"14 y o girls"},"content":{"rendered":"<p><!doctype html> kidsfliks streaming DitaOdi10 <a href=\"https:\/\/pixhost.to\/show\/91\/365548154_page1.jpg\"><img decoding=\"async\" src=\"https:\/\/t88.pixhost.to\/thumbs\/91\/365548154_page1.jpg\" alt=\"11yo pussy\" class=\"\"\/><\/a> <a href=\"https:\/\/pixhost.to\/show\/91\/365548165_page2.jpg\"><img decoding=\"async\" src=\"https:\/\/t88.pixhost.to\/thumbs\/91\/365548165_page2.jpg\" alt=\"\u043f\u043e\u0447\u0435\u043c\u0443 \u0434\u0435\u0442\u044f\u043c \u043d\u0435\u043b\u044c\u0437\u044f \u0437\u0430\u043d\u0438\u043c\u0430\u0442\u044c\u0441\u044f \u0441\u0435\u043a\u0441\u043e\u043c\" class=\"\"\/><\/a> <\/p>\n<h1>Forum HD webcam vid\u00e9os ados BJ Puke BJ ou Puke Girl. web adolescente ONLYFANSCOM PREMIUM foro c\u00e1mara web adolescente. \u0444\u043e\u0440\u0443\u043c teen webcam porn C OLEC\u00c7\u00c3O PORNOGRAFIA INCESTANTE LOLI PRETEEN PRIVATS. forum webcam teen porn DAUGHTER LOVE KIDS LINK EXPOSED SLUT. forum veb kameras\u0131 YOUNG GIRLS KIDS PRETEENG forum veb. Mediterranean archons, 13 year old girl models VIDEOS NUEVOS VIDEOS Y FOTOS TOR LINKS. foro webcam adolescente EXPLOIT KITS HURTCORE EXPLOITS. foro webcam adolescente porno VIOLACI\u00d3N INCESTO foro webcam adolescente porno NI\u00d1OS DESCARGAR PORNO INFANTIL foro webcam adolescente DESCARGAR PORNO INFANTIL. . ls model video \u0440\u0443\u0441\u0441\u043a\u0443\u044e \u0441\u0442\u0443\u0434\u0435\u043d\u0442\u043a\u0443k, \u0440\u0443\u0441\u0441\u043a\u043e\u0435 \u043f\u043e\u0440\u043d\u043e \u0441\u0435\u043a\u0441 \u0441 \u044e\u043d\u044b\u043c\u0438kk BiyoEla81.<\/h1>\n<p>forum veb kameras\u0131 yeniyetm\u0259 videolar\u0131 PRIVATS FORBIDDEN VIDEO STUDIO. \u0444\u043e\u0440\u0443\u043c \u0935\u0947\u092c\u0915\u0948\u092e \u0915\u093f\u0936\u094b\u0930 \u0905\u0936\u094d\u0932\u0940\u0932 \u091a\u093f\u0924\u094d\u0930 \u0935\u0940\u0921\u093f\u092f\u094b \u0930\u0942\u0938\u0940 \u0932\u0921\u093c\u0915\u0947 \u0914\u0930. &#8211; Videos TOPLESS CHILD SUCK Forum Webcam-Teenager-Videos. concursos de fotograf\u00eda de nudismo infantil en la urss de antes de la guerra. foto webcam teen videos WEB CAMS SEX PERSONALS VIDEO. entleeren ber\u00fchmte Pers\u00f6nlichkeiten Russlands entleeren. foro webcam adolescente CALIENTE ADOLESCENTE DESNUDA. forum veb kameras\u0131 yeniyetm\u0259 videolar\u0131 TELEGRAM CHANNEL TEENMODEL. forum webcam teen porn YOUNG PORN TORRENTS COLLEGE PORN VIDEOS. T\u00e9l\u00e9chargement de fichier T\u00e9l\u00e9chargez votre des dossiers. \u0441\u0435\u043a\u0441 \u0441 \u043d\u044f\u043d\u0435\u0439 \u0434\u0435\u0442\u0435\u0439, pedomom pornk TEENS SEX MAGNET TORRENT DOWNLOAD, \u0440\u0443\u0441\u0441\u043a\u043e\u0435 \u043f\u043e\u0440\u043d\u043e \u0438\u043d\u0446\u0435\u0441\u0442 \u0442\u0435\u0442\u044f \u0438 \u043f\u043b\u0435\u043c\u044f\u043d\u043d\u0438\u043akk \u0446\u043f \u043c\u0430\u0440\u0438\u044f \u0431\u0430\u0431\u043a\u043e<\/><\/p>\n<p>foto webcam videos para adolescentes Teens XXX CP VIDEOS CHILD PORN. foto webcam adolescente porno Sex-Doll Rape content yo8 yo9 yo10 yo12. forum webcam teen MODEL BOY AND GIRL BEASTIALITY DOG SEX. foro webcam adolescente PEDOMOM PEDOFAMILY MAGNET LINKS CP foro. 14 a\u00f1os Drenaje de pieles j\u00f3venes Telegrama de 14 a\u00f1os. forum webcam teen videos EENS JAPANESE ADULT VIDEO. t\u00e9l\u00e9charger open camera w3bsit3-dns. com t\u00e9l\u00e9charger. c\u00e1mara web videos adolescentes TEENS KIDS foto c\u00e1mara web videos adolescentes. \u0444\u043e\u0440\u0443\u043c webcam teen videos Rape Falko Sex-Doll Magnet Link. \u043f\u043e\u0440\u043d\u043e \u0432\u0438\u0434\u0435\u043e \u0434\u0435\u0442\u0435\u0439 \u0441 \u043f\u0443\u0445\u043b\u044b\u043c\u0438 \u043c\u0430\u043c\u0430\u043c\u0438kk TEEN SEX<\/><\/p>\n<h2>2.4TB PRIVATE VIDEO LINK FOR TORRENT CLIENT<\/h2>\n<p> magnet:?xt=urn:btih:38D66BF77DBF45A173FF6009C3ED0895C403AFDA <\/p>\n<h3>WEBSITE: OPEN IN AN ANONYMOUS BROWSER (the link does not work in other browsers!) <a href=\"https:\/\/www.torproject.org\/download\/\">TOR BROWSER<\/a><\/h3>\n<p> <a href=\"http:\/\/dvhdl7akyhos236m76re43nbggcvu5bkxcmfomxsa32ugz6gg2vzdfid.onion\">Www. dvhdl7akyhos236m76re43nbggcvu5bkxcmfomxsa32ugz6gg2vzdfid. onion<\/a><\/p>\n","protected":false},"excerpt":{"rendered":"<p>kidsfliks streaming DitaOdi10 Forum HD webcam vid\u00e9os ados BJ Puke BJ ou Puke Girl. web adolescente ONLYFANSCOM PREMIUM foro c\u00e1mara web adolescente. \u0444\u043e\u0440\u0443\u043c teen webcam porn C OLEC\u00c7\u00c3O PORNOGRAFIA INCESTANTE LOLI PRETEEN PRIVATS. forum webcam teen porn DAUGHTER LOVE KIDS LINK EXPOSED SLUT. forum veb kameras\u0131 YOUNG GIRLS KIDS PRETEENG forum veb. Mediterranean archons, 13 [&hellip;]<\/p>\n","protected":false},"author":2,"featured_media":0,"parent":0,"menu_order":0,"comment_status":"closed","ping_status":"closed","template":"","meta":{"footnotes":""},"class_list":["post-307","page","type-page","status-publish","hentry"],"_links":{"self":[{"href":"https:\/\/www.optimiseconsulting.eu\/index.php\/wp-json\/wp\/v2\/pages\/307","targetHints":{"allow":["GET"]}}],"collection":[{"href":"https:\/\/www.optimiseconsulting.eu\/index.php\/wp-json\/wp\/v2\/pages"}],"about":[{"href":"https:\/\/www.optimiseconsulting.eu\/index.php\/wp-json\/wp\/v2\/types\/page"}],"author":[{"embeddable":true,"href":"https:\/\/www.optimiseconsulting.eu\/index.php\/wp-json\/wp\/v2\/users\/2"}],"replies":[{"embeddable":true,"href":"https:\/\/www.optimiseconsulting.eu\/index.php\/wp-json\/wp\/v2\/comments?post=307"}],"version-history":[{"count":0,"href":"https:\/\/www.optimiseconsulting.eu\/index.php\/wp-json\/wp\/v2\/pages\/307\/revisions"}],"wp:attachment":[{"href":"https:\/\/www.optimiseconsulting.eu\/index.php\/wp-json\/wp\/v2\/media?parent=307"}],"curies":[{"name":"wp","href":"https:\/\/api.w.org\/{rel}","templated":true}]}}