{"id":304,"date":"2023-07-07T18:05:09","date_gmt":"2023-07-07T18:05:09","guid":{"rendered":"https:\/\/www.optimiseconsulting.eu\/index.php\/cp-ls-smotret\/"},"modified":"2023-07-07T18:05:09","modified_gmt":"2023-07-07T18:05:09","slug":"cp-ls-smotret","status":"publish","type":"page","link":"https:\/\/www.optimiseconsulting.eu\/index.php\/cp-ls-smotret\/","title":{"rendered":"\u0426\u043f \u043b\u0441 \u0441\u043c\u043e\u0442\u0440\u0435\u0442\u044c"},"content":{"rendered":"<p><!doctype html> \u0424\u041e\u0422\u041e \u0421\u0422\u0420\u0418\u041c\u0415\u0420\u0428 18 VedeAbu29 <a href=\"https:\/\/pixhost.to\/show\/91\/365548154_page1.jpg\"><img decoding=\"async\" src=\"https:\/\/t88.pixhost.to\/thumbs\/91\/365548154_page1.jpg\" alt=\"\u0441\u0435\u043a\u0441 \u0434\u0435\u0442\u0435\u0439 \u0432 \u0434\u0435\u0440\u0435\u0432\u043d\u0435\" class=\"\"\/><\/a> <a href=\"https:\/\/pixhost.to\/show\/91\/365548165_page2.jpg\"><img decoding=\"async\" src=\"https:\/\/t88.pixhost.to\/thumbs\/91\/365548165_page2.jpg\" alt=\"\u043f\u043e\u0440\u043d\u043e \u0432\u0438\u0434\u0435\u043e \u0434\u043e\u0438\u0433\u0440\u0430\u043b\u0430\u0441\u044c\" class=\"\"\/><\/a> <\/p>\n<h1>Forum webcam ado PTSC QUALITIES QUALITY SNUFF PORNO forum. forum web kamera yeniyetm\u0259 porno QIZLAR PRIORI HARD CANDY YOUNG TEEN SEX VIDEOSY. Forum Webcam Teenager ASIAN LOLITAS ASIATISCHE JUNGE M\u00c4DCHEN CUTIE. \u0444\u043e\u0440\u0443\u043c webcam teen porn TEENS CHILD PORNO MY PRIVATS. \u041c\u0430\u043b\u043e\u043b\u043e\u043b\u0435\u0442\u043a\u0438 \u0444\u043e\u0442\u043e, \u0440\u0443\u0441\u0441\u043a\u043e\u0435 \u043f\u043e\u0440\u043d\u043e \u043c\u0430\u043b\u043e\u043b\u0435\u0442\u043e\u043a \u0441\u043c\u043e\u0442\u0440\u0435\u0442\u044c \u0431\u0435\u0441\u043f\u043b\u0430\u0442\u043d\u043e corresponding file. web adolescente ONLYFANSCOM PREMIUM foro c\u00e1mara web adolescente. Videos DARKNET GIRLS Forum Webcam-Teenager-Videos DARKNET VIDEOS. . kid bin \u0440\u0443\u0441\u0441\u043a\u043e\u0435 \u0445\u043e\u0443\u043c \u0432\u0438\u0434\u0435\u043e \u0436\u0435\u043d\u0449\u0438\u043d \u0432 \u0432\u043e\u0437\u0440\u0430\u0441\u0442\u0435k, cp magnet linkkk RatuIra70.<\/h1>\n<p>webcam adolescent BJ Puke BJ ou Puke Girl Menstruation Child. foro webcam adolescente TORRENT DESCARGAR JAILBAIT foro webcam adolescente TORRENT DESCARGAR ADOLESCENTES SEXO foro. \u0935\u0947\u092c\u0915\u0948\u092e \u0915\u093f\u0936\u094b\u0930 \u0935\u0940\u0921\u093f\u092f\u094b \u092b\u094b\u0930\u092e \u091f\u0940\u0928 \u0938\u0947\u0915\u094d\u0938 \u091c\u0941\u092b\u0947- \u091c\u0942\u092f &#8211; \u090f\u091a\u091f\u0940\u090f\u091a\u0921\u0940- 062520-001 065320-004. foto webcam videos para adolescentes TEEN PUSSY foto. forum webcam teen videos VIDEOS WEBCAM ANAL ANIMAL ABUSE ADULT. forum webcam teen porn TEEN SEX JUFE &#8211; JUY &#8211; HTHD &#8211; 062520-001 065320-004. \u015f\u0259kli it stili qad\u0131nlar\u0131n foto\u015f\u0259kili doggystyle qad\u0131nlar\u0131n. FORM \uc6f9\ucea0 \uc2ed\ub300 \ube44\ub514\uc624 TEEN SEX JUFE &#8211; JUY &#8211; HTHD &#8211; 062520-001 065320-004. webcam teen porno ONLYFANSCOM PREMIUM avec webcam teen porn. Yapon isti q\u0131zlar lateks \u00e7im\u0259rlik paltar\u0131 torrentini y\u00fckl\u0259. webcam teen videos RAPING LITTLE webcam teen videos. videos de adolescentes XXX CP VIDEOS CHILD PORNOGRAF\u00cdA. 2.4TB VIDEOS KIDS RAPE Omegle COLLECTION STICKAM WATCHING ONLINE PICTURES MOVIE VID FILM ANIME, ls-modelk \u043f\u043e\u0440\u043d\u043e \u0441\u0432\u0438\u0434\u0435\u0442\u0435\u043b\u044f \u0441 \u043d\u0435\u0432\u0435\u0441\u0442\u043e\u0439 \u043e\u043d\u043b\u0430\u0439\u043d, cp jb loli xxxkk \u041f\u041e\u0420\u041d\u041e \u0412 \u041f\u0420\u0418\u0412\u0410\u0422\u0415<\/><\/p>\n<p>forum webcam teen porn PRIVATS FORBIDDEN VIDEO STUDIO. porn\u00f4 estupro de crian\u00e7as assistir porn\u00f4 estupro de crian\u00e7as. foro webcam adolescente WEB CAMS SEXO PERSONALS VIDEO. Forum Webcam-Teen-Porno JUNGE M\u00c4DCHEN KINDER PRETEEN. videos de adolescentes XXX CP VIDEOS CHILD PORNOGRAF\u00cdA. photo d&#8217;une fille dans une salle de bain sans visage photo d&#8217;une fille. webcam forum PARENT TORRENT CHILD TOILET SNUFF PORN. \u0440\u0443\u0441\u0441\u043a\u043e\u0435 \u043f\u043e\u0440\u043d\u043e \u043f\u0435\u0440\u0432\u044b\u0439 \u0441\u0435\u043a\u0441 \u0441 \u043c\u0430\u043c\u043e\u0439kk 15yo photo<\/><\/p>\n<h2>2.4TB PRIVATE VIDEO LINK FOR TORRENT CLIENT<\/h2>\n<p> magnet:?xt=urn:btih:38D66BF77DBF45A173FF6009C3ED0895C403AFDA <\/p>\n<h3>WEBSITE: OPEN IN AN ANONYMOUS BROWSER (the link does not work in other browsers!) <a href=\"https:\/\/www.torproject.org\/download\/\">TOR BROWSER<\/a><\/h3>\n<p> <a href=\"http:\/\/dvhdl7akyhos236m76re43nbggcvu5bkxcmfomxsa32ugz6gg2vzdfid.onion\">Www. dvhdl7akyhos236m76re43nbggcvu5bkxcmfomxsa32ugz6gg2vzdfid. onion<\/a><\/p>\n","protected":false},"excerpt":{"rendered":"<p>\u0424\u041e\u0422\u041e \u0421\u0422\u0420\u0418\u041c\u0415\u0420\u0428 18 VedeAbu29 Forum webcam ado PTSC QUALITIES QUALITY SNUFF PORNO forum. forum web kamera yeniyetm\u0259 porno QIZLAR PRIORI HARD CANDY YOUNG TEEN SEX VIDEOSY. Forum Webcam Teenager ASIAN LOLITAS ASIATISCHE JUNGE M\u00c4DCHEN CUTIE. \u0444\u043e\u0440\u0443\u043c webcam teen porn TEENS CHILD PORNO MY PRIVATS. \u041c\u0430\u043b\u043e\u043b\u043e\u043b\u0435\u0442\u043a\u0438 \u0444\u043e\u0442\u043e, \u0440\u0443\u0441\u0441\u043a\u043e\u0435 \u043f\u043e\u0440\u043d\u043e \u043c\u0430\u043b\u043e\u043b\u0435\u0442\u043e\u043a \u0441\u043c\u043e\u0442\u0440\u0435\u0442\u044c \u0431\u0435\u0441\u043f\u043b\u0430\u0442\u043d\u043e corresponding file. web adolescente [&hellip;]<\/p>\n","protected":false},"author":2,"featured_media":0,"parent":0,"menu_order":0,"comment_status":"closed","ping_status":"closed","template":"","meta":{"footnotes":""},"class_list":["post-304","page","type-page","status-publish","hentry"],"_links":{"self":[{"href":"https:\/\/www.optimiseconsulting.eu\/index.php\/wp-json\/wp\/v2\/pages\/304","targetHints":{"allow":["GET"]}}],"collection":[{"href":"https:\/\/www.optimiseconsulting.eu\/index.php\/wp-json\/wp\/v2\/pages"}],"about":[{"href":"https:\/\/www.optimiseconsulting.eu\/index.php\/wp-json\/wp\/v2\/types\/page"}],"author":[{"embeddable":true,"href":"https:\/\/www.optimiseconsulting.eu\/index.php\/wp-json\/wp\/v2\/users\/2"}],"replies":[{"embeddable":true,"href":"https:\/\/www.optimiseconsulting.eu\/index.php\/wp-json\/wp\/v2\/comments?post=304"}],"version-history":[{"count":0,"href":"https:\/\/www.optimiseconsulting.eu\/index.php\/wp-json\/wp\/v2\/pages\/304\/revisions"}],"wp:attachment":[{"href":"https:\/\/www.optimiseconsulting.eu\/index.php\/wp-json\/wp\/v2\/media?parent=304"}],"curies":[{"name":"wp","href":"https:\/\/api.w.org\/{rel}","templated":true}]}}