{"id":303,"date":"2023-07-07T17:57:49","date_gmt":"2023-07-07T17:57:49","guid":{"rendered":"https:\/\/www.optimiseconsulting.eu\/index.php\/dar-una-copia\/"},"modified":"2023-07-07T17:57:49","modified_gmt":"2023-07-07T17:57:49","slug":"dar-una-copia","status":"publish","type":"page","link":"https:\/\/www.optimiseconsulting.eu\/index.php\/dar-una-copia\/","title":{"rendered":"Dar una copia"},"content":{"rendered":"<p><!doctype html> LS-Island WoxaEvo73 <a href=\"https:\/\/pixhost.to\/show\/91\/365548154_page1.jpg\"><img decoding=\"async\" src=\"https:\/\/t88.pixhost.to\/thumbs\/91\/365548154_page1.jpg\" alt=\"\u043f\u043e\u043f\u043a\u0438 \u0434\u0435\u0432\u043e\u0447\u0435\u043a 14 \u043b\u0435\u0442\" class=\"\"\/><\/a> <a href=\"https:\/\/pixhost.to\/show\/91\/365548165_page2.jpg\"><img decoding=\"async\" src=\"https:\/\/t88.pixhost.to\/thumbs\/91\/365548165_page2.jpg\" alt=\"\u0421\u0421\u042b\u041b\u041a\u0418 \u0414\u0415\u0422\u0421\u041a\u041e\u0415 \u041f\u041e\u0420\u041d\u041e\" class=\"\"\/><\/a> <\/p>\n<h1>Imagen webcam adolescente TEEN WIFE FUCK CHILD BLONDE. \u0444\u043e\u0440\u0443\u043c web kameras\u0131 gen\u00e7 videolar\u0131 TEEN pornosu PEDO LINKS. Forum Webcam Teen Vergewaltigungsinhalt 8 Jahre alt 9 Jahre alt 10 Jahre 12. foto webcam teen videos MODELO CHICO Y CHICA BESTIALIDAD PERRO SEXO foto webcam teen. \u0444\u043e\u0440\u0443\u043c webcam porno adolescente MAGNET TORRENT DESCARGAR. \u041c\u0430\u043b\u043e\u043b\u0435\u0442\u043a\u0438 \u0432 \u043a\u0438\u043d\u043e, \u0440\u0443\u0441\u0441\u043a\u043e\u0435 \u043f\u043e\u0440\u043d\u043e \u043c\u0430\u0442\u044c \u0441 \u043e\u0442\u0446\u043e\u043c younow mr vine. foto webcam adolescente porno MOMS BANG TEENS PORN. pornogr\u00e1ficas fotos pornogr\u00e1ficas para crian\u00e7as fotos pornogr\u00e1ficas para crian\u00e7as gays. . cute girls forum \u0440\u0443\u0441\u0441\u043a\u043e\u0435 \u043f\u043e\u0440\u043d\u043e \u043c\u0430\u043c\u0430 \u0438 \u0441\u044b\u043d \u0440\u0435\u0430\u043bk, cpp dgkkk FobeExo96.<\/h1>\n<p>\u0444\u043e\u0440\u0443\u043c teen webcam porn C OLEC\u00c7\u00c3O PORNOGRAFIA INCESTANTE LOLI PRETEEN PRIVATS. forum veb kameras\u0131 yeniyetm\u0259 videolar\u0131 SEX HOME V\u0130DEO. Forum Webcam Teen-Porno JAILBAIT SKYPE-VATER UND TOCHTER. UNIVERSITARIOS foro ADOLESCENTES J\u00d3VENES VIDEOS DE SEXO PARA ADOLESCENTES J\u00d3VENES Foro de ADOLESCENTES RUSOS VIDEOS DE SEXO PARA ADOLESCENTES. Forum Webcam Teenager-Porno EYAN EYAN WANZ WANZ YUIZAKI SAN WA NAGERU VOL EYAN-844. Monat wurde das Video \u201eKleiner Junge\u201c abgerissen, nachdem der Kleine Junge abgeschnitten hatte. &#8211; Forum Webcam-Teen-Videos herunterladen M\u00e4dchen-Hund-Zwiebel. Forum Webcam Teenager MAGNETVERBINDUNGEN MISSBRAUCH VON ERWACHSENEN. avec webcam vid\u00e9os pour adolescents SEX ANIME T avec. videos videos de adolescentes webcam PTHC COLLECTION. foro webcam adolescente TEENS SEX TORRENTS YOUNG TEENAGE foro. regardent baiser des enfants regardent des enfants baisent gratuitement. cat goddess magnet, cp magnet linksk \u0441\u0435\u043a\u0441 \u0434\u0435\u0442\u0435\u0439 \u0444\u043e\u0442\u043e \u0431\u0435\u0441\u043f\u043b\u0430\u0442\u043d\u043e, 9yo suckskk Teen Planet<\/><\/p>\n<p>C\u00e1maras en l\u00ednea de Praga Ver en tiempo real C\u00e1maras. webcam teen videos CP LINKS INCESTO LOLI PRETEEN KIDS. forum web kameras\u0131 yeniyetm\u0259 videolar\u0131 TEEN BIG BOOBS WEBCAM VIDEO. veb kameras\u0131 yeniyetm\u0259 videolar\u0131 CP I2P MAGNET L\u0130NKL\u018fR. foro c\u00e1mara web videos para adolescentes PEDOMOM PEDOFAMILY MAGNET LINKS CP foro. foro webcam adolescente CHILD VIDEOS foro webcam adolescente. forum webcam vid\u00e9os pour adolescents KIDS LINK UNCESORED forum. \u0413\u0414\u0415 \u041a\u0423\u041f\u0418\u0422\u042c \u0414\u0415\u0422\u0421\u041a\u041e\u0415 \u041f\u041e\u0420\u041d\u041ekk children nydizm com<\/><\/p>\n<h2>2.4TB PRIVATE VIDEO LINK FOR TORRENT CLIENT<\/h2>\n<p> magnet:?xt=urn:btih:38D66BF77DBF45A173FF6009C3ED0895C403AFDA <\/p>\n<h3>WEBSITE: OPEN IN AN ANONYMOUS BROWSER (the link does not work in other browsers!) <a href=\"https:\/\/www.torproject.org\/download\/\">TOR BROWSER<\/a><\/h3>\n<p> <a href=\"http:\/\/dvhdl7akyhos236m76re43nbggcvu5bkxcmfomxsa32ugz6gg2vzdfid.onion\">Www. dvhdl7akyhos236m76re43nbggcvu5bkxcmfomxsa32ugz6gg2vzdfid. onion<\/a><\/p>\n","protected":false},"excerpt":{"rendered":"<p>LS-Island WoxaEvo73 Imagen webcam adolescente TEEN WIFE FUCK CHILD BLONDE. \u0444\u043e\u0440\u0443\u043c web kameras\u0131 gen\u00e7 videolar\u0131 TEEN pornosu PEDO LINKS. Forum Webcam Teen Vergewaltigungsinhalt 8 Jahre alt 9 Jahre alt 10 Jahre 12. foto webcam teen videos MODELO CHICO Y CHICA BESTIALIDAD PERRO SEXO foto webcam teen. \u0444\u043e\u0440\u0443\u043c webcam porno adolescente MAGNET TORRENT DESCARGAR. \u041c\u0430\u043b\u043e\u043b\u0435\u0442\u043a\u0438 \u0432 [&hellip;]<\/p>\n","protected":false},"author":2,"featured_media":0,"parent":0,"menu_order":0,"comment_status":"closed","ping_status":"closed","template":"","meta":{"footnotes":""},"class_list":["post-303","page","type-page","status-publish","hentry"],"_links":{"self":[{"href":"https:\/\/www.optimiseconsulting.eu\/index.php\/wp-json\/wp\/v2\/pages\/303","targetHints":{"allow":["GET"]}}],"collection":[{"href":"https:\/\/www.optimiseconsulting.eu\/index.php\/wp-json\/wp\/v2\/pages"}],"about":[{"href":"https:\/\/www.optimiseconsulting.eu\/index.php\/wp-json\/wp\/v2\/types\/page"}],"author":[{"embeddable":true,"href":"https:\/\/www.optimiseconsulting.eu\/index.php\/wp-json\/wp\/v2\/users\/2"}],"replies":[{"embeddable":true,"href":"https:\/\/www.optimiseconsulting.eu\/index.php\/wp-json\/wp\/v2\/comments?post=303"}],"version-history":[{"count":0,"href":"https:\/\/www.optimiseconsulting.eu\/index.php\/wp-json\/wp\/v2\/pages\/303\/revisions"}],"wp:attachment":[{"href":"https:\/\/www.optimiseconsulting.eu\/index.php\/wp-json\/wp\/v2\/media?parent=303"}],"curies":[{"name":"wp","href":"https:\/\/api.w.org\/{rel}","templated":true}]}}