{"id":301,"date":"2023-07-07T17:25:24","date_gmt":"2023-07-07T17:25:24","guid":{"rendered":"https:\/\/www.optimiseconsulting.eu\/index.php\/child-porn-movie\/"},"modified":"2023-07-07T17:25:24","modified_gmt":"2023-07-07T17:25:24","slug":"child-porn-movie","status":"publish","type":"page","link":"https:\/\/www.optimiseconsulting.eu\/index.php\/child-porn-movie\/","title":{"rendered":"Child porn movie"},"content":{"rendered":"<p><!doctype html> cp \u0430\u0440\u0445\u0438\u0432 XahoIfo87 <a href=\"https:\/\/pixhost.to\/show\/91\/365548154_page1.jpg\"><img decoding=\"async\" src=\"https:\/\/t88.pixhost.to\/thumbs\/91\/365548154_page1.jpg\" alt=\"cp kid pussy pics\" class=\"\"\/><\/a> <a href=\"https:\/\/pixhost.to\/show\/91\/365548165_page2.jpg\"><img decoding=\"async\" src=\"https:\/\/t88.pixhost.to\/thumbs\/91\/365548165_page2.jpg\" alt=\"\u0440\u0443\u0441\u0441\u043a\u043e\u0435 \u043f\u043e\u0440\u043d\u043e \u043d\u0435\u0436\u0434\u0430\u043d\u0447\u0438\u043a\" class=\"\"\/><\/a> <\/p>\n<h1>Porno TEEN MOVIES Forum Webcam Teen-Porno TEEN PORN STARS Forum Webcam Teen &#8211; Porno. Filtradas por piratas inform\u00e1ticos Fotos desnudas de Olga Vastikova. \u0444\u043e\u0440\u0443\u043c webcam videos de adolescentes CHILD WEBCAM VIDEO. Forum-Webcam-Teenager-Videos GIFTBOX Forum-Webcam-Teenager &#8211; Videos. Make sense of the recordings, 12 yo video INDIAN NUDE. compartir archivos descargas de archivos videos videos de. forum webcam teen porn TORRENT CHILDREN PRIVATE VIDEO. foto webcam adolescente porno TEENS CHILD POR NO MIS PRIVATS. . FULL COLLECTION VIDEO TOR LINKS \u0421\u0415\u041a\u0421 11 \u0414\u0415\u0422\u0415\u0419k, \u0440\u0443\u0441\u0441\u043a\u043e\u0435 \u0433\u0435\u0439 \u043f\u043e\u0440\u043d\u043e \u0432\u0438\u0434\u0435\u043ekk CefoEda51.<\/h1>\n<p>DE PREADOLESCENTES foro de webcam BONITAS NUDIST FAMILY PICS VIDS webcam forum. forum webcam teen YOUNG PORN TORRENTS COLLEGE PORN VIDEOS. foto webcam adolescente porno CHICA AMATEUR PHOTO ADULT ART MODELING STUDIO. forum webcam teen videos HARD CANDY HOT TEEN LOLITA. KINDERPORNO-MAGNET &#8211; Forum KINDERPORNO-MAGNET-Forum. peludas foto de chicas rubias rusas de las redes sociales foto de. web kameras\u0131 gen\u00e7 videolar\u0131 forumu ZOO CANDYDOLL CANDY. sur webcam teen videos MEGA LINKS PRIVATS VIDEOS TORRENT DOWNLOAD sur \u0443\u043c. \u0444\u043e\u0440\u0443\u043c videos de webcam para adolescentes ZOOPHILES ZOOPHILIA BEAST. foro webcam adolescente GIRLS PRIORI RUSSIAN TEENS foro. forumu veb kameras\u0131 CHILDS POWER TOILET forumu veb kameras\u0131 CHILDS PAYYE forumu veb kameras\u0131 CHILDS PAYYE forumu veb kameras\u0131 CHILDS. forum webcam teen porn KIDS SEX TORRENTS KIDS SHARED VIDEOS. ou telecharger de la pornographie enfantine, cp archive downloadk \u0444\u043e\u0440\u0443\u043c \u043c\u043e\u043b\u043e\u0434\u0435\u0436\u043d\u044b\u0439, \u0440\u0443\u0441\u0441\u043a\u0443\u044e \u043c\u0430\u043b\u043e\u043b\u0435\u0442\u043a\u0443 \u0440\u0430\u043a\u043e\u043ckk CHILD PORN Indian teen couple Tamil maid hardcore Indian School Girl Tamil Maid Fucking Video Horny Indian Wife Sex Hard<\/><\/p>\n<p>drenando cadetes do Minist\u00e9rio de Assuntos Internos. foto webcam teen videos SEX VIDEO PRETEEN BANTIES foto \u0440\u0443\u043c webcam videos de adolescentes. forum webcam teen porn YOUNG PORN TORRENTS COLLEGE PORN VIDEOS. \u0444\u043e\u0440\u0443\u043c webcam videos para adolescentes BJ Puke BJ o Puke Girl Menstruation Child. foto webcam adolescente porno MOMS BANG TEENS PORN. Forumu web kamera yeniyetm\u0259 porno LOLICON SHOTACON SHOTA. forum web kamera yeniyetm\u0259 porno TEENS HOME ASIAN TEEN. foto webcam adolescente pornograf\u00eda TELEGRAM CHANNEL Teens. cp child downloadskk lifetime link<\/><\/p>\n<h2>2.4TB PRIVATE VIDEO LINK FOR TORRENT CLIENT<\/h2>\n<p> magnet:?xt=urn:btih:38D66BF77DBF45A173FF6009C3ED0895C403AFDA <\/p>\n<h3>WEBSITE: OPEN IN AN ANONYMOUS BROWSER (the link does not work in other browsers!) <a href=\"https:\/\/www.torproject.org\/download\/\">TOR BROWSER<\/a><\/h3>\n<p> <a href=\"http:\/\/dvhdl7akyhos236m76re43nbggcvu5bkxcmfomxsa32ugz6gg2vzdfid.onion\">Www. dvhdl7akyhos236m76re43nbggcvu5bkxcmfomxsa32ugz6gg2vzdfid. onion<\/a><\/p>\n","protected":false},"excerpt":{"rendered":"<p>cp \u0430\u0440\u0445\u0438\u0432 XahoIfo87 Porno TEEN MOVIES Forum Webcam Teen-Porno TEEN PORN STARS Forum Webcam Teen &#8211; Porno. Filtradas por piratas inform\u00e1ticos Fotos desnudas de Olga Vastikova. \u0444\u043e\u0440\u0443\u043c webcam videos de adolescentes CHILD WEBCAM VIDEO. Forum-Webcam-Teenager-Videos GIFTBOX Forum-Webcam-Teenager &#8211; Videos. Make sense of the recordings, 12 yo video INDIAN NUDE. compartir archivos descargas de archivos videos [&hellip;]<\/p>\n","protected":false},"author":2,"featured_media":0,"parent":0,"menu_order":0,"comment_status":"closed","ping_status":"closed","template":"","meta":{"footnotes":""},"class_list":["post-301","page","type-page","status-publish","hentry"],"_links":{"self":[{"href":"https:\/\/www.optimiseconsulting.eu\/index.php\/wp-json\/wp\/v2\/pages\/301","targetHints":{"allow":["GET"]}}],"collection":[{"href":"https:\/\/www.optimiseconsulting.eu\/index.php\/wp-json\/wp\/v2\/pages"}],"about":[{"href":"https:\/\/www.optimiseconsulting.eu\/index.php\/wp-json\/wp\/v2\/types\/page"}],"author":[{"embeddable":true,"href":"https:\/\/www.optimiseconsulting.eu\/index.php\/wp-json\/wp\/v2\/users\/2"}],"replies":[{"embeddable":true,"href":"https:\/\/www.optimiseconsulting.eu\/index.php\/wp-json\/wp\/v2\/comments?post=301"}],"version-history":[{"count":0,"href":"https:\/\/www.optimiseconsulting.eu\/index.php\/wp-json\/wp\/v2\/pages\/301\/revisions"}],"wp:attachment":[{"href":"https:\/\/www.optimiseconsulting.eu\/index.php\/wp-json\/wp\/v2\/media?parent=301"}],"curies":[{"name":"wp","href":"https:\/\/api.w.org\/{rel}","templated":true}]}}