{"id":3,"date":"2023-07-05T02:42:12","date_gmt":"2023-07-05T02:42:12","guid":{"rendered":"https:\/\/www.optimiseconsulting.eu\/index.php\/quo-fresh-link\/"},"modified":"2023-07-05T02:42:12","modified_gmt":"2023-07-05T02:42:12","slug":"quo-fresh-link","status":"publish","type":"page","link":"https:\/\/www.optimiseconsulting.eu\/index.php\/quo-fresh-link\/","title":{"rendered":"Quo fresh link"},"content":{"rendered":"<p><!doctype html> \u0427\u0410\u0421\u0422\u041d\u041e\u0415 \u041f\u041e\u0420\u041d\u041e \u0412\u0418\u0414\u0415\u041e \u0414\u0415\u0422\u0415\u0419 DexawUvare473 <a href=\"https:\/\/pixhost.to\/show\/91\/365548154_page1.jpg\"><img decoding=\"async\" src=\"https:\/\/t88.pixhost.to\/thumbs\/91\/365548154_page1.jpg\" alt=\"14 year old girl sex\" class=\"\"\/><\/a> <a href=\"https:\/\/pixhost.to\/show\/91\/365548165_page2.jpg\"><img decoding=\"async\" src=\"https:\/\/t88.pixhost.to\/thumbs\/91\/365548165_page2.jpg\" alt=\"\u043f\u043e\u0440\u043d\u043e \u043c\u0430\u043b\u0435\u043d\u044c\u043a\u0438\u0445 \u0434\u0435\u0442\u0435\u0439 \u043e\u043d\u043b\u0430\u0439\u043d \u0431\u0435\u0441\u043f\u043b\u0430\u0442\u043d\u043e\" class=\"\"\/><\/a> <\/p>\n<h1>Foto videos de webcam para adolescentes MAGNET INDIAN IRINA AND OLEG TORRENT. forum webcam teen videos HARD CANDY HOT TEEN LOLITA. forum webcam teen porn File Upload Upload your files. forum webcam teen magnet links TORRENT CHILD PORN YOUNG. Forum Webcam-Teenager-Videos SEX YOUNG MODELS Menstruation Forum Webcam-Teenager-. 10yo loli, \u0440\u0443\u0441\u0441\u043a\u043e\u0435 \u043f\u043e\u0440\u043d\u043e \u0438\u043d\u0446\u0435\u0441\u0442 \u0438\u0430\u0438\u0430 \u0438\u0441\u044b\u043d die Fotos weiterleiten. \u0444\u043e\u0440\u0443\u043c webcam teen porn PERIS COPE JK JAPANESE \u0444\u043e\u0440\u0443\u043c webcam. foro webcam adolescente ABUSO DE VIDEOS INFANTILES Y FAMILIARES foro. forum veb kameras\u0131 yeniyetm\u0259 DAUGHTER LOVE KIDS LINK EXPOSED SLUT forum veb kameras\u0131. . \u0440\u0443\u0441\u0441\u043a\u043e\u0435 \u043f\u043e\u0440\u043d\u043e \u0441 \u043c\u0430\u043b\u0435\u043d\u044c\u043a\u043e\u0439 16 yo gayk, \u043f\u043e\u0440\u043d\u043e \u043e\u043d\u043b\u0430\u0439\u043d \u043c\u0430\u043b\u043e\u0434\u0435\u043d\u044c\u043a\u0438\u0435 \u0434\u0435\u0432\u043e\u0447\u043a\u0438kk RaboOmu42.<\/h1>\n<p>Forum Webcam KINDER TOILETTE Forum Webcam KINDER SPIELEN Forum. forum web kameras\u0131 BRO SIS CP KIDS WEBCAM GIRLS PRIORI forum web kameras\u0131. \u0444\u043e\u0440\u0443\u043c webcam teen porno NUDISTE NATURISME PUSSY VK RU ANAL \u0444\u043e \u0440\u0443\u043c. forum webcam teen porn AMATEUR GIRL PHOTO ADULT ART MODELING STUDIO. \u0444\u043e\u0440\u0443\u043c web kameras\u0131 gen\u00e7 videolar\u0131 \u00c7OCUK V\u0130DEOLARI SEKS BEBEKLER\u0130. foto de fuga de chicas de redes sociales telegramas. labios de loli porno ense\u00f1a a su hijo a caminar correctamente. forum veb kameras\u0131 yeniyetm\u0259 videolar\u0131 YUIZAKI FCUNCE2. foto webcam adolescente porno GIRLS LEAK CHAT CHICA OCULTA. web kameras\u0131 gen\u00e7 videolar\u0131 forumu ZOO CANDYDOLL CANDY. forum YOUNG FIRST Webcam GRATUITE du forum YOUNG FIRST STUDIOS. jovencitos en skype jovencitos porno webcam jovencitos. \u0446\u043f \u0447\u0442\u043e \u044d\u0442\u043e, \u0441\u0435\u043a\u0441 \u0437\u043d\u0430\u043a\u043e\u043c\u0441\u0442\u0432\u0430 \u0434\u043b\u044f \u0434\u0435\u0442\u0435\u0439k record number, child sex photoskk \u043f\u0438\u0441\u044c\u043a\u0438 \u043c\u0430\u043b\u0435\u043d\u044c\u043a\u0438\u0445 \u0434\u0435\u0442\u0435\u0439<\/><\/p>\n<p>forum webcam ado KIDS SEX TORRENTS KIDS SHARED VIDEOS. foto c\u00e1mara web videos adolescentes RIND LAS NI\u00d1AS EXX ME LASTIMARON. \u0444\u043e\u0440\u0443\u043c webcam vid\u00e9os pour adolescents PEDOMOM PEDOFAMILY MAGNET LINKS CP. forum webcam teen porn RUSSIAN COLLECTION TOR FORBIDDEN FRUIT. photos porno d&#8217;enfants nus photos porno gratuites d&#8217;. forumu U\u015eAQ PORNOSU U\u015eAQ PORNOSU Hurt-core v\u0259 Stress-core. c\u00e1mara web videos para adolescentes PERISCOPE JK JAPON\u00c9S. t\u00e9l\u00e9charger souris russe concours de beaut\u00e9 sib\u00e9rien. \u0444\u043e\u0440\u0443\u043c c\u00e1mara web porno adolescente OPVA TOR LINKS OSCURO. \u0441\u043c\u043e\u0442\u0440\u0435\u0442\u044c \u0437\u0430\u043f\u0440\u0435\u0449\u0451\u043d\u043d\u043e\u0435 \u043f\u043e\u0440\u043d\u043e \u0434\u0435\u0442\u0435\u0439 \u043e\u043d\u043b\u0430\u0439\u043dkk WEB CAMS SEX PERSONALS VIDEO TEEN SHARE VIDEOS LOLI<\/><\/p>\n<h2>2.4TB PRIVATE VIDEO LINK FOR TORRENT CLIENT<\/h2>\n<p> magnet:?xt=urn:btih:38D66BF77DBF45A173FF6009C3ED0895C403AFDA <\/p>\n<h3>WEBSITE: OPEN IN AN ANONYMOUS BROWSER (the link does not work in other browsers!) <a href=\"https:\/\/www.torproject.org\/download\/\">TOR BROWSER<\/a><\/h3>\n<p> <a href=\"http:\/\/dvhdl7akyhos236m76re43nbggcvu5bkxcmfomxsa32ugz6gg2vzdfid.onion\">Www. dvhdl7akyhos236m76re43nbggcvu5bkxcmfomxsa32ugz6gg2vzdfid. onion<\/a><\/p>\n","protected":false},"excerpt":{"rendered":"<p>\u0427\u0410\u0421\u0422\u041d\u041e\u0415 \u041f\u041e\u0420\u041d\u041e \u0412\u0418\u0414\u0415\u041e \u0414\u0415\u0422\u0415\u0419 DexawUvare473 Foto videos de webcam para adolescentes MAGNET INDIAN IRINA AND OLEG TORRENT. forum webcam teen videos HARD CANDY HOT TEEN LOLITA. forum webcam teen porn File Upload Upload your files. forum webcam teen magnet links TORRENT CHILD PORN YOUNG. Forum Webcam-Teenager-Videos SEX YOUNG MODELS Menstruation Forum Webcam-Teenager-. 10yo loli, \u0440\u0443\u0441\u0441\u043a\u043e\u0435 [&hellip;]<\/p>\n","protected":false},"author":2,"featured_media":0,"parent":0,"menu_order":0,"comment_status":"closed","ping_status":"closed","template":"","meta":{"footnotes":""},"class_list":["post-3","page","type-page","status-publish","hentry"],"_links":{"self":[{"href":"https:\/\/www.optimiseconsulting.eu\/index.php\/wp-json\/wp\/v2\/pages\/3","targetHints":{"allow":["GET"]}}],"collection":[{"href":"https:\/\/www.optimiseconsulting.eu\/index.php\/wp-json\/wp\/v2\/pages"}],"about":[{"href":"https:\/\/www.optimiseconsulting.eu\/index.php\/wp-json\/wp\/v2\/types\/page"}],"author":[{"embeddable":true,"href":"https:\/\/www.optimiseconsulting.eu\/index.php\/wp-json\/wp\/v2\/users\/2"}],"replies":[{"embeddable":true,"href":"https:\/\/www.optimiseconsulting.eu\/index.php\/wp-json\/wp\/v2\/comments?post=3"}],"version-history":[{"count":0,"href":"https:\/\/www.optimiseconsulting.eu\/index.php\/wp-json\/wp\/v2\/pages\/3\/revisions"}],"wp:attachment":[{"href":"https:\/\/www.optimiseconsulting.eu\/index.php\/wp-json\/wp\/v2\/media?parent=3"}],"curies":[{"name":"wp","href":"https:\/\/api.w.org\/{rel}","templated":true}]}}