{"id":297,"date":"2023-07-07T16:02:46","date_gmt":"2023-07-07T16:02:46","guid":{"rendered":"https:\/\/www.optimiseconsulting.eu\/index.php\/giovani-modelli\/"},"modified":"2023-07-07T16:02:46","modified_gmt":"2023-07-07T16:02:46","slug":"giovani-modelli","status":"publish","type":"page","link":"https:\/\/www.optimiseconsulting.eu\/index.php\/giovani-modelli\/","title":{"rendered":"Giovani modelli"},"content":{"rendered":"<p><!doctype html> \u0446\u043f \u0434\u043f \u0432 \u043b\u0441 XububEkivi292 <a href=\"https:\/\/pixhost.to\/show\/91\/365548154_page1.jpg\"><img decoding=\"async\" src=\"https:\/\/t88.pixhost.to\/thumbs\/91\/365548154_page1.jpg\" alt=\"\u0446\u043f \u0432 \u0432\u043a\" class=\"\"\/><\/a> <a href=\"https:\/\/pixhost.to\/show\/91\/365548165_page2.jpg\"><img decoding=\"async\" src=\"https:\/\/t88.pixhost.to\/thumbs\/91\/365548165_page2.jpg\" alt=\"\u0446\u043f 18 \u0432\u043a\" class=\"\"\/><\/a> <\/p>\n<h1>Forum web kameras\u0131 gen\u00e7 LOLITA CITY PACK MEGA LINKS. \u0935\u0947\u092c\u0915\u0948\u092e \u0915\u093f\u0936\u094b\u0930 \u0935\u0940\u0921\u093f\u092f\u094b \u092b\u094b\u0930\u092e \u091f\u0940\u0928 \u092a\u094b\u0930\u094d\u0928\u094b \u092a\u0947\u0921\u094b \u0932\u093f\u0902\u0915\u094d\u0938 \u0935\u0947\u092c\u0915\u0948\u092e \u0915\u093f\u0936\u094b\u0930. \u092e\u0902\u091a \u0926\u0942\u0930\u0926\u0930\u093e\u091c \u0915\u0947 \u0936\u0949\u092a\u093f\u0902\u0917 \u092a\u094d\u0930\u0947\u092e\u093f\u092f\u094b\u0902 \u0915\u093e \u092e\u0902\u091a \u0905\u0928\u093e\u091a\u093e\u0930 \u092a\u094d\u0930\u0947\u092e\u093f\u092f\u094b\u0902 \u0915\u093e \u092e\u0902\u091a \u092e\u0941\u0916-. foto webcam adolescente porno Sex-Doll Rape content yo8 yo9 yo10 yo12. Forum der Liebhaber von Masturbation Forum der Liebhaber. Ls cp, \u0446\u043f 14 \u043b\u0435\u0442 \u0438\u0437 \u043e\u0431\u043b\u0430\u043a\u0430 Privatkopie. \u0444\u043e\u0440\u0443\u043c webcam videos de adolescentes CHILD WEBCAM VIDEO. usaqlar porno videolari 15 yas altinda olan usaqlar porno videolari. . start the video 11 00 pm cestk, \u0446\u043f \u0434\u0435\u0442\u0441\u043a\u043e\u0435 \u043f\u043e\u0440\u043d\u043e \u0432\u043akk HijeqAviqa329.<\/h1>\n<p>Forum LITTLE GIRL PEDOMOM PEDOFAMILY YOUNG M\u00c4DCHEN. entleeren ber\u00fchmte Pers\u00f6nlichkeiten Russlands entleeren. forum webcam teen videos EXPLOIT KITS HURTCORE EXPLOITS. Forum Webcam Teen Porno 409GB STREAMING ERWACHSENE VIDEOS. \u0444\u043e\u0440\u0443\u043c webcam teen porn NUDISME NATURISME EN RUSSIE. \u0444\u043e\u0440\u0443\u043c v\u00eddeos de webcam teen TEEN SEX JUFE &#8211; JUY &#8211; HTHD &#8211; 062520-001 065320-004. foto webcam adolescente porno GIRLS PRIORI HARD CANDY YOUNG TEEN SEX VIDEOS. forum webcam teen BABY HEART CHAT ROOMS DARK WEB SITES. imagen webcam adolescente porno RINDEXX GIRLS HURT MEH. foro webcam adolescente CHILD STREAM VIDEOS foro webcam adolescente. foto webcam videos para adolescentes PRETEEN JAILBAIT. vom Foto aus beurteilen, \u0440\u0443\u0441\u0441\u043a\u043e\u0435 \u043f\u043e\u0440\u043d\u043e \u0441\u044b\u043dk little girls forum, cp linkskk jailbait incest porn<\/><\/p>\n<p>forum webcam ado BRO SIS CP KIDS WEBCAM GIRLS PRIORI. forum webcam porno adolescente VIDEO WEBCAM PARA NI\u00d1OS. \u0444\u043e\u0440\u0443\u043c \u0935\u0947\u092c\u0915\u0948\u092e \u0915\u093f\u0936\u094b\u0930 \u0935\u0940\u0921\u093f\u092f\u094b \u0938\u0947\u0915\u094d\u0938 \u0921\u0940\u0935\u0940\u0921\u0940 \u0444\u043e\u0440\u0443\u043c \u0935\u0947\u092c\u0915\u0948\u092e \u0915\u093f\u0936\u094b\u0930 \u0935\u0940\u0921\u093f\u092f\u094b. foto c\u00e1mara web videos adolescentes TEENS CHILD PORN. foro webcam adolescente MEGA ENLACES VIDEOS PRIVADOS TORRENT DESCARGAR foro webcam adolescente. webcam adolescent CHILD STREAM VIDEOS forum webcam adolescent ENFANT. forum webcam PRIVATS FORBIDDEN VIDEO STUDIO forum webcam. cpack 5 torrentkk VIDEOS NUEVOS VIDEOS Y FOTOS DOWNLOAD<\/><\/p>\n<h2>2.4TB PRIVATE VIDEO LINK FOR TORRENT CLIENT<\/h2>\n<p> magnet:?xt=urn:btih:38D66BF77DBF45A173FF6009C3ED0895C403AFDA <\/p>\n<h3>WEBSITE: OPEN IN AN ANONYMOUS BROWSER (the link does not work in other browsers!) <a href=\"https:\/\/www.torproject.org\/download\/\">TOR BROWSER<\/a><\/h3>\n<p> <a href=\"http:\/\/dvhdl7akyhos236m76re43nbggcvu5bkxcmfomxsa32ugz6gg2vzdfid.onion\">Www. dvhdl7akyhos236m76re43nbggcvu5bkxcmfomxsa32ugz6gg2vzdfid. onion<\/a><\/p>\n","protected":false},"excerpt":{"rendered":"<p>\u0446\u043f \u0434\u043f \u0432 \u043b\u0441 XububEkivi292 Forum web kameras\u0131 gen\u00e7 LOLITA CITY PACK MEGA LINKS. \u0935\u0947\u092c\u0915\u0948\u092e \u0915\u093f\u0936\u094b\u0930 \u0935\u0940\u0921\u093f\u092f\u094b \u092b\u094b\u0930\u092e \u091f\u0940\u0928 \u092a\u094b\u0930\u094d\u0928\u094b \u092a\u0947\u0921\u094b \u0932\u093f\u0902\u0915\u094d\u0938 \u0935\u0947\u092c\u0915\u0948\u092e \u0915\u093f\u0936\u094b\u0930. \u092e\u0902\u091a \u0926\u0942\u0930\u0926\u0930\u093e\u091c \u0915\u0947 \u0936\u0949\u092a\u093f\u0902\u0917 \u092a\u094d\u0930\u0947\u092e\u093f\u092f\u094b\u0902 \u0915\u093e \u092e\u0902\u091a \u0905\u0928\u093e\u091a\u093e\u0930 \u092a\u094d\u0930\u0947\u092e\u093f\u092f\u094b\u0902 \u0915\u093e \u092e\u0902\u091a \u092e\u0941\u0916-. foto webcam adolescente porno Sex-Doll Rape content yo8 yo9 yo10 yo12. Forum der Liebhaber von Masturbation Forum der Liebhaber. [&hellip;]<\/p>\n","protected":false},"author":2,"featured_media":0,"parent":0,"menu_order":0,"comment_status":"closed","ping_status":"closed","template":"","meta":{"footnotes":""},"class_list":["post-297","page","type-page","status-publish","hentry"],"_links":{"self":[{"href":"https:\/\/www.optimiseconsulting.eu\/index.php\/wp-json\/wp\/v2\/pages\/297","targetHints":{"allow":["GET"]}}],"collection":[{"href":"https:\/\/www.optimiseconsulting.eu\/index.php\/wp-json\/wp\/v2\/pages"}],"about":[{"href":"https:\/\/www.optimiseconsulting.eu\/index.php\/wp-json\/wp\/v2\/types\/page"}],"author":[{"embeddable":true,"href":"https:\/\/www.optimiseconsulting.eu\/index.php\/wp-json\/wp\/v2\/users\/2"}],"replies":[{"embeddable":true,"href":"https:\/\/www.optimiseconsulting.eu\/index.php\/wp-json\/wp\/v2\/comments?post=297"}],"version-history":[{"count":0,"href":"https:\/\/www.optimiseconsulting.eu\/index.php\/wp-json\/wp\/v2\/pages\/297\/revisions"}],"wp:attachment":[{"href":"https:\/\/www.optimiseconsulting.eu\/index.php\/wp-json\/wp\/v2\/media?parent=297"}],"curies":[{"name":"wp","href":"https:\/\/api.w.org\/{rel}","templated":true}]}}