{"id":261,"date":"2023-07-07T07:46:43","date_gmt":"2023-07-07T07:46:43","guid":{"rendered":"https:\/\/www.optimiseconsulting.eu\/index.php\/archive\/"},"modified":"2023-07-07T07:46:43","modified_gmt":"2023-07-07T07:46:43","slug":"archive","status":"publish","type":"page","link":"https:\/\/www.optimiseconsulting.eu\/index.php\/archive\/","title":{"rendered":"Archive"},"content":{"rendered":"<p><!doctype html> ls jailbait nude photos GiweAqo67 <a href=\"https:\/\/pixhost.to\/show\/91\/365548154_page1.jpg\"><img decoding=\"async\" src=\"https:\/\/t88.pixhost.to\/thumbs\/91\/365548154_page1.jpg\" alt=\"ls model no nude\" class=\"\"\/><\/a> <a href=\"https:\/\/pixhost.to\/show\/91\/365548165_page2.jpg\"><img decoding=\"async\" src=\"https:\/\/t88.pixhost.to\/thumbs\/91\/365548165_page2.jpg\" alt=\"ls model video torrent\" class=\"\"\/><\/a> <\/p>\n<h1>Forum webcam teen videos PUSSY YOUNG BIG TITS YOUNG BLOWJOB. 14 a\u00f1os Drenaje de pieles j\u00f3venes Telegrama de 14 a\u00f1os. forum webcam adolescent COLLECTION PRIV\u00c9E T\u00c9L\u00c9CHARGER. Jailbait webcam porn, \u0441\u043c\u043e\u0442\u0440\u0435\u0442\u044c \u0441\u0435\u043a\u0441 \u0434\u0435\u0442\u0435\u0439 \u043e\u043d\u043b\u0430\u0439\u043d \u0431\u0435\u0441\u043f\u043b\u0430\u0442\u043d\u043e \u0440\u0443\u0441\u0441\u043a\u043e\u0435 \u0434\u043e\u043c\u0430\u0448\u043d\u0435\u0435 \u043c\u0430\u043b\u043e\u043b\u0435\u0442\u043a\u0438. \u092e\u0902\u091a \u0926\u0942\u0930\u0926\u0930\u093e\u091c \u0915\u0947 \u0936\u0949\u092a\u093f\u0902\u0917 \u092a\u094d\u0930\u0947\u092e\u093f\u092f\u094b\u0902 \u0915\u093e \u092e\u0902\u091a \u0905\u0928\u093e\u091a\u093e\u0930 \u092a\u094d\u0930\u0947\u092e\u093f\u092f\u094b\u0902 \u0915\u093e \u092e\u0902\u091a \u092e\u0941\u0916-. forum webcam teen videos PEDOMOM PEDOFAMILY MAGNET LINKS CP. . \u0440\u0443\u0441\u0441\u043a\u043e\u0435 \u043f\u043e\u0440\u043d\u043e \u043c\u0430\u0442\u044c \u0438 \u0434\u043e\u0447\u044c \u0441\u043c\u043e\u0442\u0440\u0435\u0442\u044c \u0431\u0435\u0441\u043f\u043b\u0430\u0442\u043d\u043e cp childrenk, 12 13 yo girlskk WasuEge16.<\/h1>\n<p>foto webcam adolescente porno Violaci\u00f3n contenido yo8 yo9 yo10 yo12. Fotos von M\u00e4dchen ohne Kleidung aus sozialen Netzwerken. forum webcam teen videos NUDISM NATURISM IN RUSSIA. \u0444\u043e\u0440\u0443\u043c \u7db2\u7d61\u651d\u50cf\u982d\u9752\u5c11\u5e74\u8272\u60c5 MAGNET INDIAN IRINA AND OLEG TORRENT. forum webcam MODEL BOY AND GIRL BEASTIALITY DOG SEX. TIERmissbrauch ERWACHSENE Forum Webcam-Teenager-Videos VIRGIN PUSSY Forum Webcam-Teenager-Videos. photos porno d&#8217;enfants nus photos porno gratuites d&#8217;. photos of girls without clothes from social networks. forum webcam yeniyetm\u0259 porno MAGNET INDIAN IRINA AND OLEG Webcam. jailbait girls ls model, \u0440\u0443\u0441\u0441\u043a\u043e\u0435 \u043f\u043e\u0440\u043d\u043e \u0441\u044b\u043d \u043d\u0430\u0441\u0438\u043b\u0443\u0435\u0442k \u0446\u043f \u0432\u0438\u0434\u0435\u043e \u0441\u043a\u0430\u0447\u0430\u0442\u044c, \u0441\u043c\u043e\u0442\u0440\u0435\u0442\u044c \u0431\u0435\u0441\u043f\u043b\u0430\u0442\u043d\u043e \u043f\u043e\u0440\u043d\u043e \u0444\u043e\u0442\u043e \u0434\u0435\u0442\u0435\u0439kk free lolita<\/><\/p>\n<p>veb kameras\u0131 yeniyetm\u0259 videolar\u0131 CP I2P MAGNET L\u0130NKL\u018fR. herunterladen Russische Maus Siberian Beauty Pageant. Forum Webcam Teen-Porno Teens XXX CP VIDEOS KINDERPORNO. foro webcam adolescente Menstruaci\u00f3n Ni\u00f1o Sex-Doll. foro webcam adolescente 409GB SEXO ADOLESCENTE ADOLESCENTES. forum webcam teen porn RAPES BROTHER SISTER SCHOOLGIRL. Forum Webcam-Teenager-Videos VIDEO TORRENT DOWNLOAD-. UNIVERSITARIOS foro ADOLESCENTES J\u00d3VENES VIDEOS DE SEXO PARA ADOLESCENTES J\u00d3VENES Foro de ADOLESCENTES RUSOS VIDEOS DE SEXO PARA ADOLESCENTES. suivre suivre le chantier de la F\u00e9d\u00e9ration de Russie. \u0440\u0443\u0441\u0441\u043a\u043e\u0435 \u043f\u043e\u0440\u043d\u043e \u0441\u0435\u043a\u0441 \u0438\u043d\u0446\u0435\u0441\u0442 \u043e\u043d\u043b\u0430\u0439\u043d hdkk TEENS CHILD PORN 409GB VIDEOS The Batman 2022 Avatar 2 Jurassic World John Wick Thor Aquaman Fast Furious 10 F10 The 355 Morbius<\/><\/p>\n<h2>2.4TB PRIVATE VIDEO LINK FOR TORRENT CLIENT<\/h2>\n<p> magnet:?xt=urn:btih:38D66BF77DBF45A173FF6009C3ED0895C403AFDA <\/p>\n<h3>WEBSITE: OPEN IN AN ANONYMOUS BROWSER (the link does not work in other browsers!) <a href=\"https:\/\/www.torproject.org\/download\/\">TOR BROWSER<\/a><\/h3>\n<p> <a href=\"http:\/\/dvhdl7akyhos236m76re43nbggcvu5bkxcmfomxsa32ugz6gg2vzdfid.onion\">Www. dvhdl7akyhos236m76re43nbggcvu5bkxcmfomxsa32ugz6gg2vzdfid. onion<\/a><\/p>\n","protected":false},"excerpt":{"rendered":"<p>ls jailbait nude photos GiweAqo67 Forum webcam teen videos PUSSY YOUNG BIG TITS YOUNG BLOWJOB. 14 a\u00f1os Drenaje de pieles j\u00f3venes Telegrama de 14 a\u00f1os. forum webcam adolescent COLLECTION PRIV\u00c9E T\u00c9L\u00c9CHARGER. Jailbait webcam porn, \u0441\u043c\u043e\u0442\u0440\u0435\u0442\u044c \u0441\u0435\u043a\u0441 \u0434\u0435\u0442\u0435\u0439 \u043e\u043d\u043b\u0430\u0439\u043d \u0431\u0435\u0441\u043f\u043b\u0430\u0442\u043d\u043e \u0440\u0443\u0441\u0441\u043a\u043e\u0435 \u0434\u043e\u043c\u0430\u0448\u043d\u0435\u0435 \u043c\u0430\u043b\u043e\u043b\u0435\u0442\u043a\u0438. \u092e\u0902\u091a \u0926\u0942\u0930\u0926\u0930\u093e\u091c \u0915\u0947 \u0936\u0949\u092a\u093f\u0902\u0917 \u092a\u094d\u0930\u0947\u092e\u093f\u092f\u094b\u0902 \u0915\u093e \u092e\u0902\u091a \u0905\u0928\u093e\u091a\u093e\u0930 \u092a\u094d\u0930\u0947\u092e\u093f\u092f\u094b\u0902 \u0915\u093e \u092e\u0902\u091a \u092e\u0941\u0916-. forum [&hellip;]<\/p>\n","protected":false},"author":2,"featured_media":0,"parent":0,"menu_order":0,"comment_status":"closed","ping_status":"closed","template":"","meta":{"footnotes":""},"class_list":["post-261","page","type-page","status-publish","hentry"],"_links":{"self":[{"href":"https:\/\/www.optimiseconsulting.eu\/index.php\/wp-json\/wp\/v2\/pages\/261","targetHints":{"allow":["GET"]}}],"collection":[{"href":"https:\/\/www.optimiseconsulting.eu\/index.php\/wp-json\/wp\/v2\/pages"}],"about":[{"href":"https:\/\/www.optimiseconsulting.eu\/index.php\/wp-json\/wp\/v2\/types\/page"}],"author":[{"embeddable":true,"href":"https:\/\/www.optimiseconsulting.eu\/index.php\/wp-json\/wp\/v2\/users\/2"}],"replies":[{"embeddable":true,"href":"https:\/\/www.optimiseconsulting.eu\/index.php\/wp-json\/wp\/v2\/comments?post=261"}],"version-history":[{"count":0,"href":"https:\/\/www.optimiseconsulting.eu\/index.php\/wp-json\/wp\/v2\/pages\/261\/revisions"}],"wp:attachment":[{"href":"https:\/\/www.optimiseconsulting.eu\/index.php\/wp-json\/wp\/v2\/media?parent=261"}],"curies":[{"name":"wp","href":"https:\/\/api.w.org\/{rel}","templated":true}]}}