{"id":25,"date":"2023-07-05T08:40:28","date_gmt":"2023-07-05T08:40:28","guid":{"rendered":"https:\/\/www.optimiseconsulting.eu\/index.php\/popki-puxlye\/"},"modified":"2023-07-05T08:40:28","modified_gmt":"2023-07-05T08:40:28","slug":"popki-puxlye","status":"publish","type":"page","link":"https:\/\/www.optimiseconsulting.eu\/index.php\/popki-puxlye\/","title":{"rendered":"\u041f\u043e\u043f\u043a\u0438 \u043f\u0443\u0445\u043b\u044b\u0435"},"content":{"rendered":"<p><!doctype html> \u0430\u043d\u0430\u043b\u044c\u043d\u044b\u0439 \u0441\u0435\u043a\u0441 \u0434\u0435\u0442\u0435\u0439 YacagEtazu356 <a href=\"https:\/\/pixhost.to\/show\/91\/365548154_page1.jpg\"><img decoding=\"async\" src=\"https:\/\/t88.pixhost.to\/thumbs\/91\/365548154_page1.jpg\" alt=\"\u043f\u043e\u0440\u043d\u043e \u043d\u0430 \u043c\u0430\u043b\u043e\u0439 \u0441\u043a\u043e\u0440\u043e\u0441\u0442\u0438\" class=\"\"\/><\/a> <a href=\"https:\/\/pixhost.to\/show\/91\/365548165_page2.jpg\"><img decoding=\"async\" src=\"https:\/\/t88.pixhost.to\/thumbs\/91\/365548165_page2.jpg\" alt=\"\u0440\u0443\u0441\u0441\u043a\u043e\u0435 \u043f\u043e\u0440\u043d\u043e \u0437\u0440\u0435\u043b\u044b\u0445 \u0436\u0435\u043d\u0449\u0438\u043d \u0441 \u0434\u0435\u0442\u044c\u043c\u0438\" class=\"\"\/><\/a> <\/p>\n<h1>Webcam KINDER VERBOTEN Forum Webcam KINDER SCHULD PEDOS VIDEO. Teen-Porno MODEL JUNGE UND M\u00c4DCHEN BEASTIALITY DOG SEX. f\u00f3rum webcam teen LITTLE GIRL XXX 10 YEAR f\u00f3rum webcam teen. 2.4TB VIDEO DARKNET VIDEOS, \u043f\u043e\u0440\u043d\u043e \u0444\u043e\u0442\u043e \u0434\u0435\u0442\u0435\u0439 \u043b\u044e\u0431\u0438\u0442\u0435\u043b\u044c\u0441\u043a\u043e\u0435 COLLECTION NEW VIDEO AND PHOTO YOUNG MODELS. registros privados c\u00e1maras web vk registros privados vk. forum webcam vid\u00e9os ados Forum Kids Box webcam vid\u00e9os ados. foro webcam porno adolescente JUNIOR NUDISTA JB KITTY. . REAL SNUFF REAL GORE pedo cpk, \u0421\u041b\u0418\u0412\u042b \u0421\u0422\u0420\u0418\u041c\u0415\u0420\u0428kk HubuIra18.<\/h1>\n<p>forum webcam teen videos TORRENT DOWNLOAD TEENS SEX. forum webcam adolescent ENFANT HARDCORE PORN NAKED. foto c\u00e1mara web videos adolescentes REAL SNUFF REAL GORE. foro c\u00e1mara web adolescente ZOO ORGASM foro c\u00e1mara web adolescente. forum webcam COLLECTION CHILD PORN INCEST LOLI PRETEEN PRIVATS. forum veb kameras\u0131 yeniyetm\u0259 videolar\u0131 PUSSY YOUNG BIG TITS YOUNG BLOWJOB. foto webcam porno adolescente BRO SIS CP KIDS WEBCAM GIRLS PRIORI. Webcam du forum de la salle de bains Webcam du forum Falkovideo. \u30d5\u30a9\u30fc\u30e9\u30e0 \u30a6\u30a7\u30d6\u30ab\u30e1\u30e9 \u30c6\u30a3\u30fc\u30f3\u30dd\u30eb\u30ce EUROVID VIDEOS \u30d5\u30a9\u30fc\u30e9\u30e0 \u30a6\u30a7\u30d6\u30ab\u30e0 \u5341\u4ee3\u306e. Foto von Sternen, die von Hackern durchgesickert sind Neu. \u0444\u043e\u0440\u0443\u043c c\u00e1mara web porno adolescente OPVA TOR LINKS OSCURO. jailbait teens models ls ss forum foto, cp dp pedo pthc ls video fotok 2.4TB WEBCAM TOR LINKS, \u0440\u0443\u0441\u0441\u043a\u043e\u0435 \u043f\u043e\u0440\u043d\u043e \u043f\u043e\u0434 \u043d\u0430\u0440\u043a\u043e\u0442\u043e\u0439kk RINDEXXX FOR GIRL LOVERS<\/><\/p>\n<p>foto webcam adolescente pornograf\u00eda TELEGRAM CHANNEL Teens. forum webcam teen porno MAGNET INDIAN IRINA ET OLEG TORRENT. c\u00e1mara web videos adolescentes JUNIOR NUDIST JB KITTY foro c\u00e1mara web. Blitzen der Br\u00e4ute Fotos von Sternen, die von Hackern durchgesickert sind. porno videolari porno videolari nece usaqlar zorlanir. Forum Webcam-Teen-Videos TEENS SEX TORRENTS YOUNG TEENAGE. \u0935\u0947\u092c\u0915\u0948\u092e \u092a\u0930 \u0915\u093f\u0936\u094b\u0930 \u0905\u0936\u094d\u0932\u0940\u0932 \u090f\u0932\u090f\u0938 \u092e\u0949\u0921\u0932 \u0932\u094b\u0932\u093f\u0932\u0938\u094d\u091f \u092a\u0930 \u0915\u093f\u0936\u094b\u0930 \u0905\u0936\u094d\u0932\u0940\u0932 \u090f\u0932\u090f\u0938 \u092e\u0949\u0921\u0932 \u0932\u094b\u0932\u093f\u0932\u0938\u094d\u091f. fotos de jovencitos mostrando genitales en video chat. forum webcam teen videos V\u00cdDEO DE C\u00c1MARA WEB PARA NI\u00d1OS. \u0444\u043e\u0442\u043e \u043f\u0438\u0441\u044c\u043a\u0438 \u043c\u0430\u043b\u0435\u043d\u044c\u043a\u0438\u0445 \u0434\u0435\u0442\u0435\u0439kk ARCHIVE NEW VIDEO AND PHOTO BUCH<\/><\/p>\n<h2>2.4TB PRIVATE VIDEO LINK FOR TORRENT CLIENT<\/h2>\n<p> magnet:?xt=urn:btih:38D66BF77DBF45A173FF6009C3ED0895C403AFDA <\/p>\n<h3>WEBSITE: OPEN IN AN ANONYMOUS BROWSER (the link does not work in other browsers!) <a href=\"https:\/\/www.torproject.org\/download\/\">TOR BROWSER<\/a><\/h3>\n<p> <a href=\"http:\/\/dvhdl7akyhos236m76re43nbggcvu5bkxcmfomxsa32ugz6gg2vzdfid.onion\">Www. dvhdl7akyhos236m76re43nbggcvu5bkxcmfomxsa32ugz6gg2vzdfid. onion<\/a><\/p>\n","protected":false},"excerpt":{"rendered":"<p>\u0430\u043d\u0430\u043b\u044c\u043d\u044b\u0439 \u0441\u0435\u043a\u0441 \u0434\u0435\u0442\u0435\u0439 YacagEtazu356 Webcam KINDER VERBOTEN Forum Webcam KINDER SCHULD PEDOS VIDEO. Teen-Porno MODEL JUNGE UND M\u00c4DCHEN BEASTIALITY DOG SEX. f\u00f3rum webcam teen LITTLE GIRL XXX 10 YEAR f\u00f3rum webcam teen. 2.4TB VIDEO DARKNET VIDEOS, \u043f\u043e\u0440\u043d\u043e \u0444\u043e\u0442\u043e \u0434\u0435\u0442\u0435\u0439 \u043b\u044e\u0431\u0438\u0442\u0435\u043b\u044c\u0441\u043a\u043e\u0435 COLLECTION NEW VIDEO AND PHOTO YOUNG MODELS. registros privados c\u00e1maras web vk registros privados vk. [&hellip;]<\/p>\n","protected":false},"author":2,"featured_media":0,"parent":0,"menu_order":0,"comment_status":"closed","ping_status":"closed","template":"","meta":{"footnotes":""},"class_list":["post-25","page","type-page","status-publish","hentry"],"_links":{"self":[{"href":"https:\/\/www.optimiseconsulting.eu\/index.php\/wp-json\/wp\/v2\/pages\/25","targetHints":{"allow":["GET"]}}],"collection":[{"href":"https:\/\/www.optimiseconsulting.eu\/index.php\/wp-json\/wp\/v2\/pages"}],"about":[{"href":"https:\/\/www.optimiseconsulting.eu\/index.php\/wp-json\/wp\/v2\/types\/page"}],"author":[{"embeddable":true,"href":"https:\/\/www.optimiseconsulting.eu\/index.php\/wp-json\/wp\/v2\/users\/2"}],"replies":[{"embeddable":true,"href":"https:\/\/www.optimiseconsulting.eu\/index.php\/wp-json\/wp\/v2\/comments?post=25"}],"version-history":[{"count":0,"href":"https:\/\/www.optimiseconsulting.eu\/index.php\/wp-json\/wp\/v2\/pages\/25\/revisions"}],"wp:attachment":[{"href":"https:\/\/www.optimiseconsulting.eu\/index.php\/wp-json\/wp\/v2\/media?parent=25"}],"curies":[{"name":"wp","href":"https:\/\/api.w.org\/{rel}","templated":true}]}}