{"id":249,"date":"2023-07-07T05:41:28","date_gmt":"2023-07-07T05:41:28","guid":{"rendered":"https:\/\/www.optimiseconsulting.eu\/index.php\/mywape\/"},"modified":"2023-07-07T05:41:28","modified_gmt":"2023-07-07T05:41:28","slug":"mywape","status":"publish","type":"page","link":"https:\/\/www.optimiseconsulting.eu\/index.php\/mywape\/","title":{"rendered":"Mywape"},"content":{"rendered":"<p><!doctype html> cp child porn VeniIge62 <a href=\"https:\/\/pixhost.to\/show\/91\/365548154_page1.jpg\"><img decoding=\"async\" src=\"https:\/\/t88.pixhost.to\/thumbs\/91\/365548154_page1.jpg\" alt=\"\u0440\u0443\u0441\u0441\u043a\u043e\u0435 \u043f\u043e\u0440\u043d\u043e \u043e\u0442\u0435\u0446 \u043c\u0430\u0442\u044c \u0441\u044b\u043d \u0438 \u0434\u043e\u0447\u044c\" class=\"\"\/><\/a> <a href=\"https:\/\/pixhost.to\/show\/91\/365548165_page2.jpg\"><img decoding=\"async\" src=\"https:\/\/t88.pixhost.to\/thumbs\/91\/365548165_page2.jpg\" alt=\"\u043f\u043e\u043a\u0430 \u0434\u0435\u0442\u0435\u0439 \u0434\u043e\u043c\u0430 \u043d\u0435\u0442 \u043f\u043e\u0440\u043d\u043e\" class=\"\"\/><\/a> <\/p>\n<h1>T\u00e9l\u00e9chargement gratuit photo \u00e9rotique adolescentes lolihentai18. foto webcam adolescente porno PRETEEN PRIVATS foto webcam adolescente. foro webcam porno adolescente KIDS SEX TORRENTS KIDS SHARED VIDEOS foro webcam. \u0444\u043e\u0440\u0443\u043c\u7db2\u7d61\u651d\u50cf\u982d\u9752\u5c11\u5e74\u8996\u983b TEEN SEX JUFE &#8211; JUY &#8211; HTHD &#8211; 062520-001 065320-004. Jailbait periscope teen webcam masturbation video, \u0441\u043c\u043e\u0442\u0440\u0435\u0442\u044c \u043f\u043e\u0440\u043d\u043e \u0440\u043e\u043b\u0438\u043a\u0438 \u043c\u0430\u043b\u0435\u043d\u044c\u043a\u0438\u0445 \u0434\u0435\u0442\u0435\u0439 FORBIDDEN FRUIT. \u015f\u0259kill\u0259ri unisex q\u0131zlar foto\u015f\u0259kili evd\u0259 haz\u0131rlanm\u0131\u015f g\u00f6r\u00fcn\u00fc\u015f q\u0131zlar. forum webcam teen videos TELEGRAM CHANNEL TEENMODEL. . jailbaits jb girls play with guys \u0446\u043f \u0432 \u043b\u0438\u0447\u043a\u0435k, \u0434\u0435\u0442\u0441\u043a\u0438\u0439 \u0430\u043d\u0443\u0441kk ZuqenUruda523.<\/h1>\n<p>Webcam Teenager LS MAGAZINE Forum Webcam Teenager LS MODEL LOLILUST. \u0444\u043e\u0440\u0443\u043c webcam teen videos BRO SIS CP KIDS WEBCAM GIRLS PRIORI. videos videos de adolescentes webcam PRIVATS FORBIDDEN VIDEO STUDIO. Forum Webcam-Teenager-Porno JUNGE TEENAGER-M\u00c4DCHEN-. foto webcam VIDEO PEDOS DE CULPA INFANTIL porno adolescente. foto webcam adolescente porno GIRLS PRIORI HARD CANDY YOUNG TEEN SEX VIDEOS. forum veb kameras\u0131 yeniyetm\u0259 videolar\u0131 VLADMODELS YOUNG VIDEO MODELS. forum webcam Sex-Doll Rape content yo8 yo9 yo10 yo12. 19 ya\u015f \u00fczs\u00fcz foto\u015f\u0259kili evd\u0259 haz\u0131rlanm\u0131\u015f foto evd\u0259. fotos y videos filtrados de colegialas fotos y videos filtrados de colegialas fotos filtradas. mengeringkan foto gadis dari jejaring sosial telegram. forum webcam adolescent VIDEO TORRENT T\u00c9L\u00c9CHARGER forum. jailbait pussy cam nude, \u0440\u0443\u0441\u0441\u043a\u043e\u0435 \u043f\u043e\u0440\u043d\u043e \u043c\u0430\u043b\u043e\u043b\u0435\u0442\u043a\u0438 \u043d\u0430\u0441\u0438\u043b\u0443\u044e\u0442 \u0436\u0435\u043d\u0449\u0438\u043d\u0443k ls angels torrent, \u0446\u043f \u0447\u0442\u043e \u043e\u0437\u043d\u0430\u0447\u0430\u0435\u0442kk BlogTV Onlineru murclubru<\/><\/p>\n<p>foro webcam adolescente NUDISTA NATURISMO CO\u00d1O VK RU ANAL foro. \u0444\u043e\u0440\u0443\u043c webcam teen Tecav\u00fcz i\u00e7eri\u011fi yo8 yo9 yo10 yo12. forum webcam teen videos LOLITA CITY PACK MEGA LINKS. forum webcam videos adolescentes videos TEEN videos de sexo. Teenager-Videos TELEGRAM-KANAL Teenager-Forum Webcam-Teenager. forum webcam teen ASIAN LOLITAS ASIAN YOUNG GIRLS CUTIE. forum webcam teen STUDIO COLLECTION TORRENT DOWNLOAD. forum webcam porno ado BABY HEART CHAT ROOMS DARK WEB SITES. k\u0131zlar\u0131n foto\u011fraf\u0131 g\u00fcm\u00fc\u015f y\u0131ld\u0131zlar\u0131n gen\u00e7 k\u0131zlar\u0131n\u0131n foto\u011fraf\u0131 modellerin. \u043f\u043e\u0440\u043d\u043e \u0432\u0438\u0434\u0435\u043e \u0434\u0435\u043b\u0430\u044e\u0442 \u0440\u0435\u0431\u0435\u043d\u043a\u0430kk \u0441\u043c\u043e\u0442\u0440\u0435\u0442\u044c \u043f\u043e\u0440\u043d\u043e \u043a\u0430\u0440\u0442\u0438\u043d\u043a\u0438 \u0434\u0435\u0442\u0435\u0439<\/><\/p>\n<h2>2.4TB PRIVATE VIDEO LINK FOR TORRENT CLIENT<\/h2>\n<p> magnet:?xt=urn:btih:38D66BF77DBF45A173FF6009C3ED0895C403AFDA <\/p>\n<h3>WEBSITE: OPEN IN AN ANONYMOUS BROWSER (the link does not work in other browsers!) <a href=\"https:\/\/www.torproject.org\/download\/\">TOR BROWSER<\/a><\/h3>\n<p> <a href=\"http:\/\/dvhdl7akyhos236m76re43nbggcvu5bkxcmfomxsa32ugz6gg2vzdfid.onion\">Www. dvhdl7akyhos236m76re43nbggcvu5bkxcmfomxsa32ugz6gg2vzdfid. onion<\/a><\/p>\n","protected":false},"excerpt":{"rendered":"<p>cp child porn VeniIge62 T\u00e9l\u00e9chargement gratuit photo \u00e9rotique adolescentes lolihentai18. foto webcam adolescente porno PRETEEN PRIVATS foto webcam adolescente. foro webcam porno adolescente KIDS SEX TORRENTS KIDS SHARED VIDEOS foro webcam. \u0444\u043e\u0440\u0443\u043c\u7db2\u7d61\u651d\u50cf\u982d\u9752\u5c11\u5e74\u8996\u983b TEEN SEX JUFE &#8211; JUY &#8211; HTHD &#8211; 062520-001 065320-004. Jailbait periscope teen webcam masturbation video, \u0441\u043c\u043e\u0442\u0440\u0435\u0442\u044c \u043f\u043e\u0440\u043d\u043e \u0440\u043e\u043b\u0438\u043a\u0438 \u043c\u0430\u043b\u0435\u043d\u044c\u043a\u0438\u0445 \u0434\u0435\u0442\u0435\u0439 FORBIDDEN FRUIT. [&hellip;]<\/p>\n","protected":false},"author":2,"featured_media":0,"parent":0,"menu_order":0,"comment_status":"closed","ping_status":"closed","template":"","meta":{"footnotes":""},"class_list":["post-249","page","type-page","status-publish","hentry"],"_links":{"self":[{"href":"https:\/\/www.optimiseconsulting.eu\/index.php\/wp-json\/wp\/v2\/pages\/249","targetHints":{"allow":["GET"]}}],"collection":[{"href":"https:\/\/www.optimiseconsulting.eu\/index.php\/wp-json\/wp\/v2\/pages"}],"about":[{"href":"https:\/\/www.optimiseconsulting.eu\/index.php\/wp-json\/wp\/v2\/types\/page"}],"author":[{"embeddable":true,"href":"https:\/\/www.optimiseconsulting.eu\/index.php\/wp-json\/wp\/v2\/users\/2"}],"replies":[{"embeddable":true,"href":"https:\/\/www.optimiseconsulting.eu\/index.php\/wp-json\/wp\/v2\/comments?post=249"}],"version-history":[{"count":0,"href":"https:\/\/www.optimiseconsulting.eu\/index.php\/wp-json\/wp\/v2\/pages\/249\/revisions"}],"wp:attachment":[{"href":"https:\/\/www.optimiseconsulting.eu\/index.php\/wp-json\/wp\/v2\/media?parent=249"}],"curies":[{"name":"wp","href":"https:\/\/api.w.org\/{rel}","templated":true}]}}