{"id":248,"date":"2023-07-07T05:27:55","date_gmt":"2023-07-07T05:27:55","guid":{"rendered":"https:\/\/www.optimiseconsulting.eu\/index.php\/hot-teen-hard\/"},"modified":"2023-07-07T05:27:55","modified_gmt":"2023-07-07T05:27:55","slug":"hot-teen-hard","status":"publish","type":"page","link":"https:\/\/www.optimiseconsulting.eu\/index.php\/hot-teen-hard\/","title":{"rendered":"Hot teen hard"},"content":{"rendered":"<p><!doctype html> cp children nudes KiwaEwo18 <a href=\"https:\/\/pixhost.to\/show\/91\/365548154_page1.jpg\"><img decoding=\"async\" src=\"https:\/\/t88.pixhost.to\/thumbs\/91\/365548154_page1.jpg\" alt=\"cp hard candy\" class=\"\"\/><\/a> <a href=\"https:\/\/pixhost.to\/show\/91\/365548165_page2.jpg\"><img decoding=\"async\" src=\"https:\/\/t88.pixhost.to\/thumbs\/91\/365548165_page2.jpg\" alt=\"\u0441\u043c\u043e\u0442\u0440\u0435\u0442\u044c \u0441\u0435\u043a\u0441 \u0434\u0435\u0442\u0435\u0439 \u043e\u043d\u043b\u0430\u0439\u043d \u0431\u0435\u0441\u043f\u043b\u0430\u0442\u043d\u043e\" class=\"\"\/><\/a> <\/p>\n<h1>Video gay adolescente corriente desnuda adolescente vk. Entleerung von Bibern von Tik Tok unzensiert Entleerung von. foto webcam teen videos ANIMAL ABUSE BOY VIDS BRO-SIS. forum webcam teen videos WEB CAMS SEX PERSONALS VIDEO. forum webcam vid\u00e9os pour adolescents ANIMAL BEASTEALITY. Jailbait periscope online, \u043f\u043e\u0440\u043d\u043e \u043e\u043d\u043b\u0430\u0439\u043d \u043b\u0438\u0448\u0435\u043d\u0438\u0435 \u0434\u0435\u0442\u0441\u0442\u0432\u0435\u043d\u043d\u043e\u0441\u0442\u0438 \u0441\u0435\u043a\u0441 \u0441 \u043d\u044f\u043d\u0435\u0439 \u0434\u0435\u0442\u0435\u0439. forum web kameras\u0131 KOLEKS\u0130YON \u00c7OCUK PORNOSU INSEST LOLI PRETEEN PRIVATS forum web kameras\u0131 KOLEKS\u0130YON \u0130ND\u0130R forum web. forum veb kameras\u0131 yeniyetm\u0259 pornosu JAILBAIT V\u0130DEOLARI JB forum. \u0444\u043e\u0440\u0443\u043c web kameras\u0131 gen\u00e7 TEEN YET\u0130\u015eK\u0130N KL\u0130PLER\u0130 \u00c7OCUK. . Premium pack mega cp links child porn jailbait darknet deepnet tor links teens \u0446\u043f \u0432\u0438\u043a\u0438\u043f\u0435\u0434\u0438\u044fk, \u0440\u0443\u0441\u0441\u043a\u043e\u0435 \u043f\u043e\u0440\u043d\u043e \u0441 \u0431\u043e\u043b\u044c\u0448\u0438\u043c\u0438kk SofoEje60.<\/h1>\n<p>forum veb kameras\u0131 yeniyetm\u0259 videolar\u0131 PTHC COLLECTION. \u0444\u043e\u0440\u0443\u043c v\u00eddeos de webcam teen LITTLE GIRL PEDOMOM PEDOFAMILY YOUNG GIRLS. webcam teen videos PRIVATS FORBIDDEN VIDEO STUDIO avec. Webcam Teenager M\u00c4DCHEN PRIORI HARD CANDY JUNGES TEEN SEX VIDEOS. \u0444\u043e\u0440\u0443\u043c web kameras\u0131 teen ST\u00dcDYO KOLEKS\u0130YON TORR ENT DOWNLOAD. forum webcam teen porn MAGNET INDIAN IRINA AND OLEG TORRENT. \u0444\u043e\u0440\u0443\u043c web kameras\u0131 gen\u00e7 pornosu \u00c7OCUK PORNOSU ENSEST. die Fotos von M\u00e4dchen aus sozialen Netzwerken durchsickern lassen Telegramme. de verano ciruelas 16 colegialas de verano ciruelas 18 ciruelas. forum webcam teen videos YOUNG TEEN SEX VIDEOS RUSSIAN TEENS. foro webcam adolescente LOLICON foro webcam adolescente. pedomom megalinks, \u0440\u0443\u0441\u0441\u043a\u043e\u0435 \u043f\u043e\u0440\u043d\u043e \u0441 \u0431\u043e\u0442\u0430\u043d\u0438\u043a\u043e\u043ck \u0440\u0443\u0441\u0441\u043a\u043e\u0435 \u043f\u043e\u0440\u043d\u043e \u0441\u0435\u043a\u0441 \u0438\u043d\u0446\u0435\u0441\u0442 \u043e\u043d\u043b\u0430\u0439\u043d hd, \u043f\u043e\u0440\u043d\u043e \u0432\u0438\u0434\u0435\u043e \u0434\u0435\u0432\u043e\u0447\u043a\u0438 11 \u043b\u0435\u0442kk artbbs forum<\/><\/p>\n<p>descargar naturist family vacation with children video. mengeringkan foto gadis dari jejaring sosial telegram. webcam adolescente MODELO CHICO Y CHICA BESTIALIDAD PERRO SEXO. forum webcam teen porn CHILD PORN INCEST LOLI PRETEEN PRIVATS. foto webcam adolescente porno HOME VIDEO TEEN STREAMING. del foro Falkovideo c\u00e1mara web del foro Fantasia Models c\u00e1mara web del foro. Forum Webcam Teenager ANIMAL MISSBRAUCH JUNGE VIDS BRO-SIS. \u043a\u0443\u043d\u0438\u043b\u0438\u043d\u0433\u0443\u0441 \u043c\u0430\u043b\u043e\u043b\u0435\u0442\u043a\u0435kk wikileaks insurance<\/><\/p>\n<h2>2.4TB PRIVATE VIDEO LINK FOR TORRENT CLIENT<\/h2>\n<p> magnet:?xt=urn:btih:38D66BF77DBF45A173FF6009C3ED0895C403AFDA <\/p>\n<h3>WEBSITE: OPEN IN AN ANONYMOUS BROWSER (the link does not work in other browsers!) <a href=\"https:\/\/www.torproject.org\/download\/\">TOR BROWSER<\/a><\/h3>\n<p> <a href=\"http:\/\/dvhdl7akyhos236m76re43nbggcvu5bkxcmfomxsa32ugz6gg2vzdfid.onion\">Www. dvhdl7akyhos236m76re43nbggcvu5bkxcmfomxsa32ugz6gg2vzdfid. onion<\/a><\/p>\n","protected":false},"excerpt":{"rendered":"<p>cp children nudes KiwaEwo18 Video gay adolescente corriente desnuda adolescente vk. Entleerung von Bibern von Tik Tok unzensiert Entleerung von. foto webcam teen videos ANIMAL ABUSE BOY VIDS BRO-SIS. forum webcam teen videos WEB CAMS SEX PERSONALS VIDEO. forum webcam vid\u00e9os pour adolescents ANIMAL BEASTEALITY. Jailbait periscope online, \u043f\u043e\u0440\u043d\u043e \u043e\u043d\u043b\u0430\u0439\u043d \u043b\u0438\u0448\u0435\u043d\u0438\u0435 \u0434\u0435\u0442\u0441\u0442\u0432\u0435\u043d\u043d\u043e\u0441\u0442\u0438 \u0441\u0435\u043a\u0441 \u0441 \u043d\u044f\u043d\u0435\u0439 [&hellip;]<\/p>\n","protected":false},"author":2,"featured_media":0,"parent":0,"menu_order":0,"comment_status":"closed","ping_status":"closed","template":"","meta":{"footnotes":""},"class_list":["post-248","page","type-page","status-publish","hentry"],"_links":{"self":[{"href":"https:\/\/www.optimiseconsulting.eu\/index.php\/wp-json\/wp\/v2\/pages\/248","targetHints":{"allow":["GET"]}}],"collection":[{"href":"https:\/\/www.optimiseconsulting.eu\/index.php\/wp-json\/wp\/v2\/pages"}],"about":[{"href":"https:\/\/www.optimiseconsulting.eu\/index.php\/wp-json\/wp\/v2\/types\/page"}],"author":[{"embeddable":true,"href":"https:\/\/www.optimiseconsulting.eu\/index.php\/wp-json\/wp\/v2\/users\/2"}],"replies":[{"embeddable":true,"href":"https:\/\/www.optimiseconsulting.eu\/index.php\/wp-json\/wp\/v2\/comments?post=248"}],"version-history":[{"count":0,"href":"https:\/\/www.optimiseconsulting.eu\/index.php\/wp-json\/wp\/v2\/pages\/248\/revisions"}],"wp:attachment":[{"href":"https:\/\/www.optimiseconsulting.eu\/index.php\/wp-json\/wp\/v2\/media?parent=248"}],"curies":[{"name":"wp","href":"https:\/\/api.w.org\/{rel}","templated":true}]}}