{"id":243,"date":"2023-07-07T04:48:29","date_gmt":"2023-07-07T04:48:29","guid":{"rendered":"https:\/\/www.optimiseconsulting.eu\/index.php\/start-recording\/"},"modified":"2023-07-07T04:48:29","modified_gmt":"2023-07-07T04:48:29","slug":"start-recording","status":"publish","type":"page","link":"https:\/\/www.optimiseconsulting.eu\/index.php\/start-recording\/","title":{"rendered":"Start recording"},"content":{"rendered":"<p><!doctype html> 14yo torrent SuyunUfinu759 <a href=\"https:\/\/pixhost.to\/show\/91\/365548154_page1.jpg\"><img decoding=\"async\" src=\"https:\/\/t88.pixhost.to\/thumbs\/91\/365548154_page1.jpg\" alt=\"\u043f\u043e\u0440\u043d\u043e \u0434\u0435\u0442\u0435\u0439 \u0441\u043e \u0432\u0437\u0440\u043e\u0441\u043b\u044b\u043c\u0438\" class=\"\"\/><\/a> <a href=\"https:\/\/pixhost.to\/show\/91\/365548165_page2.jpg\"><img decoding=\"async\" src=\"https:\/\/t88.pixhost.to\/thumbs\/91\/365548165_page2.jpg\" alt=\"\u0446\u043f \u0434\u043f \u043c\u0430\u043b\u043e\u043b\u0435\u0442\u043a\u0430 \u0441\u043b\u0438\u0432 \u044e\u043d\u0430\u044f \u0448\u043a\u043e\u043b\u044c\u043d\u0438\u0446\u0430\" class=\"\"\/><\/a> <\/p>\n<h1>Webcam vid\u00e9os pour adolescents SEX BABES VIDS SEX CAM. fotos de estrellas filtradas por hackers fotos de estrellas filtradas por hackers. foto webcam teen videos CHILD HARDCORE PORN NAKED foto webcam. forum webcam vid\u00e9os pour adolescents vid\u00e9os TEEN vid\u00e9os de sexe. foto webcam adolescente FETISH WEBCAM HARD CANDY HOT TEEN LOLITA foto. Jailbait hardcore galleries, cp tube VIDEOS LIBRO YOUNG MODELS. Forum Webcam GIRLS PRIORI HARD CANDY YOUNG TEEN SEX VIDEOS. Durchsickern von Fotos von Wichsern, Durchsickern von. . \u0440\u0443\u0441\u0441\u043a\u0443\u044e \u0432\u0434\u0432\u043e\u0435\u043c \u0421\u041b\u0418\u0412\u042b \u0422\u0418\u041a\u0422\u041e\u0420\u0415\u0428 \u0411\u0415\u0417 \u0426\u0415\u041d\u0417\u0423\u0420\u042bk, cpack magnet torrentkk CehiEnu84.<\/h1>\n<p>forum webcam yeniyetm\u0259 porno FUCKING MY TEEN HAIRY. webcam pour adolescents Vid\u00e9os T\u00e9l\u00e9chargement de fichiers T\u00e9l\u00e9chargez vos fichiers. forum veb kameras\u0131 yeniyetm\u0259 videolar\u0131 DARKNET V\u0130DEOLARI. filles juv\u00e9niles filles juv\u00e9niles se masturbent filles. &#8211; Porno KOSTENLOSE JUNGE BILDER VERBOTEN FRUIT RED ROOM. foro webcam porno adolescente PEDO PRIVAT RUSSIAN TEEN foro webcam porno adolescente. \u0444\u043e\u0440\u0443\u043c web kameras\u0131 gen\u00e7 SEX JAV \u00c7OCUK PORNO ENSEST. fotos de videos de webcam para adolescentes Menstruation Child Sex-Doll fotos. forum webcam teen videos SEX JAV CHILD PORN INCEST. \u043f\u043e\u0440\u043d\u043e \u0432\u0438\u0434\u0435\u043e \u0434\u0435\u0432\u043e\u0447\u043a\u0438 11 \u043b\u0435\u0442, \u043f\u043e\u0440\u043d\u043e \u043c\u0430\u043b\u043e\u043b\u0435\u0442\u043a\u0438 \u0430\u043d\u0430\u043b \u0444\u043e\u0442\u043ek cp \u0442\u043e\u0440\u0440\u0435\u043d\u0442, \u043f\u043e\u043f\u043a\u0438 18 \u043b\u0435\u0442\u043d\u0438\u0445 \u0434\u0435\u0432\u0443\u0448\u0435\u043akk CHILD PORN LOLI PRETEEN PRIVATS CP PTHC KIDS WEBCAM YOUNG MODELS REAL INCEST JAILBAIT YO10 YEAR TEEN SEX<\/><\/p>\n<p>forum webcam teen videos TEEN BIG BOOBS WEBCAM VIDEO. forum veb kameras\u0131 yeniyetm\u0259 videolar\u0131 PTHC COLLECTION. Durchgesickerte Fotos von Jugendlichen, Telegramme,. forum webcam teen porn PARENT TORRENT CHILD TOILET SNUFF PORN. forum webcam yeniyetm\u0259 videolar\u0131 Sex-Doll T\u0259cav\u00fcz m\u0259zmunu yo8 yo9 yo10 yo12. \u0444\u043e\u0440\u0443\u043c \u7db2\u7d61\u651d\u50cf\u982d\u9752\u5c11\u5e74\u8272\u60c5 MAGNET INDIAN IRINA AND OLEG TORRENT. avec webcam vid\u00e9os pour adolescents SEX CAMPS avec. webcam teen porno ONLYFANSCOM PREMIUM avec webcam teen porn. grupos de telegramas privados trocar esposas de fotos. \u0440\u0443\u0441\u0441\u043a\u043e\u0435 \u043f\u043e\u0440\u043d\u043e \u0432\u0438\u0434\u0435\u043e \u0438\u043d\u0446\u0435\u0441\u0442 \u043f\u043e \u043f\u0440\u0438\u043d\u0443\u0436\u0434\u0435\u043d\u0438\u044ekk 409GB VIDEOS CHILD PORN POV Russian Fetish Femdom Pantyhose Hosiery Taboo Fantasy Hardcore Blowjob Handjob Anal Feet 1080p HD<\/><\/p>\n<h2>2.4TB PRIVATE VIDEO LINK FOR TORRENT CLIENT<\/h2>\n<p> magnet:?xt=urn:btih:38D66BF77DBF45A173FF6009C3ED0895C403AFDA <\/p>\n<h3>WEBSITE: OPEN IN AN ANONYMOUS BROWSER (the link does not work in other browsers!) <a href=\"https:\/\/www.torproject.org\/download\/\">TOR BROWSER<\/a><\/h3>\n<p> <a href=\"http:\/\/dvhdl7akyhos236m76re43nbggcvu5bkxcmfomxsa32ugz6gg2vzdfid.onion\">Www. dvhdl7akyhos236m76re43nbggcvu5bkxcmfomxsa32ugz6gg2vzdfid. onion<\/a><\/p>\n","protected":false},"excerpt":{"rendered":"<p>14yo torrent SuyunUfinu759 Webcam vid\u00e9os pour adolescents SEX BABES VIDS SEX CAM. fotos de estrellas filtradas por hackers fotos de estrellas filtradas por hackers. foto webcam teen videos CHILD HARDCORE PORN NAKED foto webcam. forum webcam vid\u00e9os pour adolescents vid\u00e9os TEEN vid\u00e9os de sexe. foto webcam adolescente FETISH WEBCAM HARD CANDY HOT TEEN LOLITA foto. [&hellip;]<\/p>\n","protected":false},"author":2,"featured_media":0,"parent":0,"menu_order":0,"comment_status":"closed","ping_status":"closed","template":"","meta":{"footnotes":""},"class_list":["post-243","page","type-page","status-publish","hentry"],"_links":{"self":[{"href":"https:\/\/www.optimiseconsulting.eu\/index.php\/wp-json\/wp\/v2\/pages\/243","targetHints":{"allow":["GET"]}}],"collection":[{"href":"https:\/\/www.optimiseconsulting.eu\/index.php\/wp-json\/wp\/v2\/pages"}],"about":[{"href":"https:\/\/www.optimiseconsulting.eu\/index.php\/wp-json\/wp\/v2\/types\/page"}],"author":[{"embeddable":true,"href":"https:\/\/www.optimiseconsulting.eu\/index.php\/wp-json\/wp\/v2\/users\/2"}],"replies":[{"embeddable":true,"href":"https:\/\/www.optimiseconsulting.eu\/index.php\/wp-json\/wp\/v2\/comments?post=243"}],"version-history":[{"count":0,"href":"https:\/\/www.optimiseconsulting.eu\/index.php\/wp-json\/wp\/v2\/pages\/243\/revisions"}],"wp:attachment":[{"href":"https:\/\/www.optimiseconsulting.eu\/index.php\/wp-json\/wp\/v2\/media?parent=243"}],"curies":[{"name":"wp","href":"https:\/\/api.w.org\/{rel}","templated":true}]}}