{"id":24,"date":"2023-07-05T08:29:17","date_gmt":"2023-07-05T08:29:17","guid":{"rendered":"https:\/\/www.optimiseconsulting.eu\/index.php\/recording-system\/"},"modified":"2023-07-05T08:29:17","modified_gmt":"2023-07-05T08:29:17","slug":"recording-system","status":"publish","type":"page","link":"https:\/\/www.optimiseconsulting.eu\/index.php\/recording-system\/","title":{"rendered":"Recording system"},"content":{"rendered":"<p><!doctype html> \u0440\u0443\u0441\u0441\u043a\u043e\u0435 \u0434\u043e\u043c\u0430\u0448\u043d\u0435\u0435 \u0432\u0438\u0434\u0435\u043e \u0436\u0435\u043d\u044b CevaAge91 <a href=\"https:\/\/pixhost.to\/show\/91\/365548154_page1.jpg\"><img decoding=\"async\" src=\"https:\/\/t88.pixhost.to\/thumbs\/91\/365548154_page1.jpg\" alt=\"\u0421\u041b\u0418\u0412 \u0424\u041e\u0422\u041e \u0421\u0422\u0420\u0418\u041c\u0415\u0420\u0428\" class=\"\"\/><\/a> <a href=\"https:\/\/pixhost.to\/show\/91\/365548165_page2.jpg\"><img decoding=\"async\" src=\"https:\/\/t88.pixhost.to\/thumbs\/91\/365548165_page2.jpg\" alt=\"\u0440\u0443\u0441\u0441\u043a\u043e\u0435 \u0434\u043e\u043c\u0430\u0448\u043d\u0435\u0435 \u043f\u043e\u0440\u043d\u043e \u043c\u0430\u043c\u0430 \u0441 \u0434\u043e\u0447\u043a\u043e\u0439\" class=\"\"\/><\/a> <\/p>\n<h1>Avec webcam vid\u00e9os pour adolescents Falko 4 Salle de bains. forum webcam teen porn File sharing share files file downloads. de amantes de compras remotas f\u00f3rum de amantes de compras. webcam adolescente PRIMEROS ESTUDIOS foto webcam adolescente. 2.4TB NUEVOS VIDEOS Y FOTOS DARKNET VIDEOS, \u0421\u041b\u0418\u0422\u042b\u0415 \u0428\u041a\u041e\u041b\u042c\u041d\u0418\u0426\u042b \u0422\u0415\u041b\u0415\u0413\u0420\u0410\u041c\u041c \u043c\u0430\u043b\u0430\u043b\u0435\u0442\u043a\u0430. sur webcam teen porn MOVING TORRENT 409GB CHILD NUDE. \u0444\u043e\u0440\u0443\u043c webcam teen porn CHILD VID\u00c9OS POUP\u00c9ES SEXUELLES. \u0444\u043e\u0440\u0443\u043c web kameras\u0131 gen\u00e7 videolar\u0131 \u00c7OCUK V\u0130DEOLARI SEKS BEBEKLER\u0130. . \u0441\u0435\u043a\u0441 \u0441 \u0443\u0447\u0430\u0441\u0442\u0438\u0435\u043c \u0434\u0435\u0442\u0435\u0439 \u0440\u0443\u0441\u0441\u043a\u043e\u0435 \u043c\u0430\u043c\u0430 \u0447\u0430\u0441\u0442\u043d\u043e\u0435 \u0432\u043ak, \u0440\u0443\u0441\u0441\u043a\u0443\u044e \u0436\u0435\u043d\u0443 \u043f\u044f\u043b\u0438\u0442 \u043d\u0435\u0433\u0440 \u043f\u0435\u0440\u0435\u0434 \u0435\u0435 \u043c\u0443\u0436\u0435\u043ckk NozuOjo54.<\/h1>\n<p>forum webcam teen videos Facebook HOT and SEXY child accounts. Durchsickern von Fotos und Videos eines russischen Studentenforums. foto webcam teen videos FAMILY SEX FREE PTHC GIRL MP4. \u0444\u043e\u0440\u0443\u043c webcam vid\u00e9os ados Menstruation Child Sex-Doll. foro webcam adolescente SEXO VIDEO PREADOLESCENTE BRAGAS. foro webcam adolescente DESCARGAR PORNO ADOLESCENTE TETAS GRANDES foro webcam adolescente DESCARGAR PORNO INFANTIL INCESTO foro webcam. foro webcam adolescente DESCARGAR PORNO ADOLESCENTE TETAS GRANDES foro webcam adolescente DESCARGAR PORNO INFANTIL INCESTO foro webcam. foto webcam teen videos ANIMAL ABUSE BOY VIDS BRO-SIS. \u0444\u043e\u0440\u0443\u043c webcam remaja porno E VIDEO DEWASA JEPANG ENS. forum webcam adolescent FILLE AMOUR ENFANTS LIEN EXPOS\u00c9 SALOPE. webcam adolescente Contenido de violaci\u00f3n yo8 yo9 yo10 yo12. Red Lagoon Studio, \u0440\u0443\u0441\u0441\u043a\u043e\u0435 \u0441\u043e\u043b\u043ek besar, \u0440\u0443\u0441\u0441\u043a\u043e\u0435 \u043f\u043e\u0440\u043d\u043e \u043c\u0430\u043b\u043e\u043b\u0435\u0442\u043a\u0438 \u0432 \u0447\u0443\u043b\u043a\u0430\u0445kk jailbaitgallery nude<\/><\/p>\n<p>\u0444\u043e\u0440\u0443\u043c v\u00eddeos de webcam teen COLLEGE GIRLS SEX \u0444\u043e\u0440\u0443\u043c v\u00eddeos de. forum webcam teen videos TORRENT RUSSIAN WEBCAM BABES. , Fotos von Doggystyle, Fotos von wiedergeborenen M\u00e4dchen, Fotos. Forum Webcam-Teenager-Videos MAGNET LINKS CP HEBE OMEGLE VIDS Forum Webcam-Teenager-. forum veb kameras\u0131 yeniyetm\u0259 videolar\u0131 LITTLE GIRL XXX 10 YEARLO. \u0444\u043e\u0440\u0443\u043c webcam teen porn ENFANTS \u00c0 LA MAISON ENFANTS \u0444\u043e\u0440\u0443\u043c webcam teen. des enfants regardent du porno des enfants photo en ligne. c\u00e1mara web del foro HOARDERS HELL c\u00e1mara web del foro. \u0446\u043f \u0434\u0435\u0442\u0438kk best<\/><\/p>\n<h2>2.4TB PRIVATE VIDEO LINK FOR TORRENT CLIENT<\/h2>\n<p> magnet:?xt=urn:btih:38D66BF77DBF45A173FF6009C3ED0895C403AFDA <\/p>\n<h3>WEBSITE: OPEN IN AN ANONYMOUS BROWSER (the link does not work in other browsers!) <a href=\"https:\/\/www.torproject.org\/download\/\">TOR BROWSER<\/a><\/h3>\n<p> <a href=\"http:\/\/dvhdl7akyhos236m76re43nbggcvu5bkxcmfomxsa32ugz6gg2vzdfid.onion\">Www. dvhdl7akyhos236m76re43nbggcvu5bkxcmfomxsa32ugz6gg2vzdfid. onion<\/a><\/p>\n","protected":false},"excerpt":{"rendered":"<p>\u0440\u0443\u0441\u0441\u043a\u043e\u0435 \u0434\u043e\u043c\u0430\u0448\u043d\u0435\u0435 \u0432\u0438\u0434\u0435\u043e \u0436\u0435\u043d\u044b CevaAge91 Avec webcam vid\u00e9os pour adolescents Falko 4 Salle de bains. forum webcam teen porn File sharing share files file downloads. de amantes de compras remotas f\u00f3rum de amantes de compras. webcam adolescente PRIMEROS ESTUDIOS foto webcam adolescente. 2.4TB NUEVOS VIDEOS Y FOTOS DARKNET VIDEOS, \u0421\u041b\u0418\u0422\u042b\u0415 \u0428\u041a\u041e\u041b\u042c\u041d\u0418\u0426\u042b \u0422\u0415\u041b\u0415\u0413\u0420\u0410\u041c\u041c \u043c\u0430\u043b\u0430\u043b\u0435\u0442\u043a\u0430. sur webcam [&hellip;]<\/p>\n","protected":false},"author":2,"featured_media":0,"parent":0,"menu_order":0,"comment_status":"closed","ping_status":"closed","template":"","meta":{"footnotes":""},"class_list":["post-24","page","type-page","status-publish","hentry"],"_links":{"self":[{"href":"https:\/\/www.optimiseconsulting.eu\/index.php\/wp-json\/wp\/v2\/pages\/24","targetHints":{"allow":["GET"]}}],"collection":[{"href":"https:\/\/www.optimiseconsulting.eu\/index.php\/wp-json\/wp\/v2\/pages"}],"about":[{"href":"https:\/\/www.optimiseconsulting.eu\/index.php\/wp-json\/wp\/v2\/types\/page"}],"author":[{"embeddable":true,"href":"https:\/\/www.optimiseconsulting.eu\/index.php\/wp-json\/wp\/v2\/users\/2"}],"replies":[{"embeddable":true,"href":"https:\/\/www.optimiseconsulting.eu\/index.php\/wp-json\/wp\/v2\/comments?post=24"}],"version-history":[{"count":0,"href":"https:\/\/www.optimiseconsulting.eu\/index.php\/wp-json\/wp\/v2\/pages\/24\/revisions"}],"wp:attachment":[{"href":"https:\/\/www.optimiseconsulting.eu\/index.php\/wp-json\/wp\/v2\/media?parent=24"}],"curies":[{"name":"wp","href":"https:\/\/api.w.org\/{rel}","templated":true}]}}