{"id":230,"date":"2023-07-07T02:18:24","date_gmt":"2023-07-07T02:18:24","guid":{"rendered":"https:\/\/www.optimiseconsulting.eu\/index.php\/hebe\/"},"modified":"2023-07-07T02:18:24","modified_gmt":"2023-07-07T02:18:24","slug":"hebe","status":"publish","type":"page","link":"https:\/\/www.optimiseconsulting.eu\/index.php\/hebe\/","title":{"rendered":"Hebe"},"content":{"rendered":"<p><!doctype html> cp collection torrent PezaIlu76 <a href=\"https:\/\/pixhost.to\/show\/91\/365548154_page1.jpg\"><img decoding=\"async\" src=\"https:\/\/t88.pixhost.to\/thumbs\/91\/365548154_page1.jpg\" alt=\"\u043f\u043e\u0440\u043d\u043e \u0432\u0438\u0434\u0435\u043e \u0434\u0435\u0442\u0435\u0439 \u0431\u0435\u0437 \u0441\u043c\u0441\" class=\"\"\/><\/a> <a href=\"https:\/\/pixhost.to\/show\/91\/365548165_page2.jpg\"><img decoding=\"async\" src=\"https:\/\/t88.pixhost.to\/thumbs\/91\/365548165_page2.jpg\" alt=\"\u0441\u043c\u043e\u0442\u0440\u0435\u0442\u044c \u0431\u0435\u0441\u043f\u043b\u0430\u0442\u043d\u043e \u043f\u043e\u0440\u043d\u0443\u0445\u0443 \u0434\u0435\u0442\u0435\u0439\" class=\"\"\/><\/a> <\/p>\n<h1>C\u00e1mara web del foro MOVING TORRENT 409GB CHILD NUDE c\u00e1mara. forum webcam teen porn BRO SIS CP KIDS WEBCAM GIRLS PRIORI. \ud3ec\ub7fc \uc6f9\ucea0 AMATEUR GIRL PHOTO ADULT ART MODELING STUDIO. forum webcam teen videos CHILD NUDES CHILD OF ADDICTS CHILD. \u0418\u0437\u0442\u0435\u0433\u043b\u043d\u0435 \u043d\u0430 \u0434\u0435\u0442\u0441\u043a\u043e \u043f\u043e\u0440\u043d\u043e, \u0440\u0443\u0441\u0441\u043a\u0440 \u0441\u043c\u043e\u0442\u0440\u0435\u0442\u044c \u043f\u043e\u0440\u043d\u043e \u0440\u043e\u043b\u0438\u043a\u0438 \u043c\u0430\u043b\u0435\u043d\u044c\u043a\u0438\u0445 \u0434\u0435\u0442\u0435\u0439. forum webcam teen porn WEB CAMS SEX PERSONALS VIDEO. \u0444\u043e\u0440\u0443\u043c webcam teen porno Viol Falko Sex-Doll Magnet Link. drainant les t\u00e9l\u00e9grammes de fans en ligne de russes. . jailbait 3d porn \u0433\u043e\u043b\u0430\u044f \u0434\u0435\u0432\u0443\u0448\u043a\u0430 \u0438\u0434\u0435\u0442 \u043f\u043e \u0443\u043b\u0438\u0446\u0435k, \u0444\u043e\u0442\u043e \u0434\u0435\u0442\u0435\u0439 \u0433\u0435\u0435\u0432kk NaroUsi89.<\/h1>\n<p>forum webcam aimant liens TORRENT CHILD PORN YOUNG. par webcam teen YOUNG PORN TORRENTS COLLEGE PORN VIDEOS par. KINDERPORNO-MAGNET &#8211; Forum KINDERPORNO-MAGNET-Forum. \u0444\u043e\u0440\u0443\u043c web kameras\u0131 gen\u00e7 pornosu EENS JAPON YET\u0130\u015eK\u0130N V\u0130DEO. video goteando colegiales 14 a\u00f1os video full goteando. forum webcam teen porn LOLITA CITY PACK MEGA LINKS. Forum Webcam-Teen-Porno JUNGES MODELFOTO JUNGES WEBCAM JUNGES Forum Webcam-Teen-Porno. Porno TEENS NUDE Forum Webcam Teen-Porno TEENS SEX CAMPS. forum veb kameras\u0131 yeniyetm\u0259 videolar\u0131 SEX HOME V\u0130DEO. foto webcam adolescente porno Magnet Link CHILD PORN. VIDEOS ARCHIVE YOUNG MODELS, \u0440\u0443\u0441\u0441\u043a\u043e\u0435 \u043f\u043e\u0440\u043d\u043e \u043d\u0435 \u043f\u043e\u0441\u0442\u0430\u043d\u043e\u0432\u043a\u0430k \u0440\u0443\u0441\u0441\u043a\u043e\u0435 \u043f\u043e\u0440\u043d\u043e \u043c\u0430\u0442\u044c \u043a\u043e\u043d\u0447\u0438\u043b\u0430 \u043d\u0430 \u0441\u044b\u043d\u0430, cp group telegramkk topic link<\/><\/p>\n<p>foto webcam videos para adolescentes TORRENT SEXUAL TEENS. Forum Webcam Teen Porno TEEN WIFE FUCK CHILD BLONDE. \u0938\u094b\u0936\u0932 \u0928\u0947\u091f\u0935\u0930\u094d\u0915 \u0938\u0947 \u0932\u0921\u093c\u0915\u093f\u092f\u094b\u0902 \u0915\u0940 \u0924\u0938\u094d\u0935\u0940\u0930\u0947\u0902 \u0921\u094d\u0930\u0947\u0928 \u0915\u0930 \u0930\u0939\u0940 \u0939\u0948\u0902 \u091f\u0947\u0932\u0940\u0917\u094d\u0930\u093e\u092e. foro webcam adolescente porno VIDEOS ER\u00d3TICOS LESBIANAS. foto webcam teen videos YOUNG PORN TORRENTS COLLEGE PORN VIDEOS. Forum Webcam Teenager KIDS SEX CAMPS Forum Webcam Teenager. \u0444\u043e\u0440\u0443\u043c webcam videos para adolescentes BIG TIT TEEN HD. \u0444\u043e\u0440\u0443\u043c web kameras\u0131 gen\u00e7 TEEN YET\u0130\u015eK\u0130N KL\u0130PLER\u0130 \u00c7OCUK. Forum Webcam Teen MISSBRAUCH KIND UND FAMILIE VIDEOS. \u0432\u0438\u0434\u0435\u043e \u0434\u0435\u0442\u0435\u0439 \u0433\u0435\u0435\u0432kk \u0446\u043f \u0444\u043e\u0442\u043e\u0430\u0440\u0445\u0438\u0432<\/><\/p>\n<h2>2.4TB PRIVATE VIDEO LINK FOR TORRENT CLIENT<\/h2>\n<p> magnet:?xt=urn:btih:38D66BF77DBF45A173FF6009C3ED0895C403AFDA <\/p>\n<h3>WEBSITE: OPEN IN AN ANONYMOUS BROWSER (the link does not work in other browsers!) <a href=\"https:\/\/www.torproject.org\/download\/\">TOR BROWSER<\/a><\/h3>\n<p> <a href=\"http:\/\/dvhdl7akyhos236m76re43nbggcvu5bkxcmfomxsa32ugz6gg2vzdfid.onion\">Www. dvhdl7akyhos236m76re43nbggcvu5bkxcmfomxsa32ugz6gg2vzdfid. onion<\/a><\/p>\n","protected":false},"excerpt":{"rendered":"<p>cp collection torrent PezaIlu76 C\u00e1mara web del foro MOVING TORRENT 409GB CHILD NUDE c\u00e1mara. forum webcam teen porn BRO SIS CP KIDS WEBCAM GIRLS PRIORI. \ud3ec\ub7fc \uc6f9\ucea0 AMATEUR GIRL PHOTO ADULT ART MODELING STUDIO. forum webcam teen videos CHILD NUDES CHILD OF ADDICTS CHILD. \u0418\u0437\u0442\u0435\u0433\u043b\u043d\u0435 \u043d\u0430 \u0434\u0435\u0442\u0441\u043a\u043e \u043f\u043e\u0440\u043d\u043e, \u0440\u0443\u0441\u0441\u043a\u0440 \u0441\u043c\u043e\u0442\u0440\u0435\u0442\u044c \u043f\u043e\u0440\u043d\u043e \u0440\u043e\u043b\u0438\u043a\u0438 \u043c\u0430\u043b\u0435\u043d\u044c\u043a\u0438\u0445 \u0434\u0435\u0442\u0435\u0439. forum [&hellip;]<\/p>\n","protected":false},"author":2,"featured_media":0,"parent":0,"menu_order":0,"comment_status":"closed","ping_status":"closed","template":"","meta":{"footnotes":""},"class_list":["post-230","page","type-page","status-publish","hentry"],"_links":{"self":[{"href":"https:\/\/www.optimiseconsulting.eu\/index.php\/wp-json\/wp\/v2\/pages\/230","targetHints":{"allow":["GET"]}}],"collection":[{"href":"https:\/\/www.optimiseconsulting.eu\/index.php\/wp-json\/wp\/v2\/pages"}],"about":[{"href":"https:\/\/www.optimiseconsulting.eu\/index.php\/wp-json\/wp\/v2\/types\/page"}],"author":[{"embeddable":true,"href":"https:\/\/www.optimiseconsulting.eu\/index.php\/wp-json\/wp\/v2\/users\/2"}],"replies":[{"embeddable":true,"href":"https:\/\/www.optimiseconsulting.eu\/index.php\/wp-json\/wp\/v2\/comments?post=230"}],"version-history":[{"count":0,"href":"https:\/\/www.optimiseconsulting.eu\/index.php\/wp-json\/wp\/v2\/pages\/230\/revisions"}],"wp:attachment":[{"href":"https:\/\/www.optimiseconsulting.eu\/index.php\/wp-json\/wp\/v2\/media?parent=230"}],"curies":[{"name":"wp","href":"https:\/\/api.w.org\/{rel}","templated":true}]}}