{"id":22,"date":"2023-07-05T07:39:04","date_gmt":"2023-07-05T07:39:04","guid":{"rendered":"https:\/\/www.optimiseconsulting.eu\/index.php\/recording-ended\/"},"modified":"2023-07-05T07:39:04","modified_gmt":"2023-07-05T07:39:04","slug":"recording-ended","status":"publish","type":"page","link":"https:\/\/www.optimiseconsulting.eu\/index.php\/recording-ended\/","title":{"rendered":"Recording ended"},"content":{"rendered":"<p><!doctype html> \u043f\u043e\u0440\u043d\u043e \u0432\u0438\u0434\u0435\u043e \u043e\u043d\u043b\u0430\u0439\u043d \u043c\u0430\u043b\u043e\u0434\u0435\u043d\u044c\u043a\u0438\u0445 TageUwu36 <a href=\"https:\/\/pixhost.to\/show\/91\/365548154_page1.jpg\"><img decoding=\"async\" src=\"https:\/\/t88.pixhost.to\/thumbs\/91\/365548154_page1.jpg\" alt=\"jailbait cp dp\" class=\"\"\/><\/a> <a href=\"https:\/\/pixhost.to\/show\/91\/365548165_page2.jpg\"><img decoding=\"async\" src=\"https:\/\/t88.pixhost.to\/thumbs\/91\/365548165_page2.jpg\" alt=\"\u0446\u043f \u0441\u043c\u043e\u0442\u0440\u0435\u0442\u044c\" class=\"\"\/><\/a> <\/p>\n<h1>C\u00e1mara web del foro Share your Files sharing files c\u00e1mara web. \u0444\u043e\u0440\u0443\u043c c\u00e1mara web videos de adolescentes Luto Blue Orchid. foro webcam adolescente VLADMODELS J\u00d3VENES VIDEO MODELOS. photo d&#8217;une fille en soutien-gorge \u00e0 la maison sans visage. forum webcam adolescent FILLE AMOUR ENFANTS LIEN EXPOS\u00c9 SALOPE. 16 years old girl porn, 14yo teen weapons making. foro NI\u00d1A PEQUE\u00d1A PEDOMOM PEDOFAMILIA J\u00d3VENES foro NI\u00d1A. foto webcam videos para adolescentes The Club Falko 4. . ZOOPHILES ZOOPHILIA BEAST LOLICON SHOTACON \u0440\u0443\u0441\u0441\u043a\u043e\u0435 \u043f\u043e\u0440\u043d\u043e \u043c\u0430\u043c\u0430 \u0441\u043e\u0431\u043b\u0430\u0437\u043d\u0438\u043b\u0430 \u0441\u044b\u043d\u0430k, \u0438\u0437\u043d\u0430\u0441\u0438\u043b\u043e\u0432\u0430\u043d\u0438\u0435 \u0434\u0435\u0442\u0435\u0439 \u043f\u043e\u0440\u043d\u043e \u0431\u0435\u0441\u043f\u043b\u0430\u0442\u043d\u043ekk QobuUtu76.<\/h1>\n<p>forumu JAILBAIT DARKNET BAITHERANDERSANDSKH forumu. Durchsickern von Fotos von M\u00e4tressen Durchsickern von Fotos von VK-Liebhabern. foto videos de webcam para adolescentes HOME VIDEO TEEN STREAMING ver. v\u00eddeos de webcam f\u00f3rum YUIZAKI FC2 PPV JAV UNCENSORED. foro Facebook HOT and SEXY foro de cuentas infantiles Foro de. drenando peles v\u00eddeo de peles drenando sem censura. forum webcam remaja DVD EROTIK ANAK DI CELANA DALAM. F\u00f3rum COLE\u00c7\u00c3O PORNO INFANTIL INCESTO LOLI PRETEEN PRIVATS. forum webcam teen YOUNG PORN TORRENTS COLLEGE PORN VIDEOS. t\u00e9l\u00e9grammes d&#8217;\u00e9coli\u00e8res fusionner des photos de skins fusionner des photos de skins t\u00e9l\u00e9grammes fusionner des photos de skins. \u0440\u0443\u0441\u0441\u043a\u043e\u0435 \u043f\u043e\u0440\u043d\u043e \u0434\u0440\u043e\u0447\u043a\u0430 \u043c\u0430\u043b\u043e\u043b\u0435\u0442\u043a\u0438 \u043d\u0430 \u043f\u0440\u0438\u0440\u043e\u0434\u0435, 13yo pornok COMPLETE COLLECTION WEBCAM OMEGLE VIDS, \u044d\u0440\u043e\u0442\u0438\u0447\u0435\u0441\u043a\u0438\u0435 \u043a\u0430\u0440\u0442\u0438\u043d\u043a\u0438 \u0434\u0435\u0442\u0435\u0439kk \u043c\u0430\u043b\u043e \u0441\u0435\u043a\u0441\u0430 \u0441 \u043c\u0443\u0436\u0435\u043c<\/><\/p>\n<p>Yapon isti q\u0131zlar lateks \u00e7im\u0259rlik paltar\u0131 torrentini y\u00fckl\u0259. forum veb kameras\u0131 yeniyetm\u0259 videolar\u0131 DARKNET V\u0130DEOLARI. foto webcam adolescente porno CHILD PORN MAGNET foto webcam adolescente porno. fotos con bong cams fotos de chicas desnudas fotos de. foto webcam adolescente porno MODELO CHICO Y CHICA BESTIALIDAD PERRO SEXO foto. Forum Webcam SAMMLUNG KINDERPORNO INZEST LOLI PRETEEN PRIVATS. \u0444\u043e\u0440\u0443\u043c c\u00e1mara web porno adolescente YUIZAKI FC2 PPV JAV SIN CENSURA. foto webcam adolescente porno DARK YOUNG TEEN SEX RUSSIAN. \u0440\u0443\u0441\u0441\u043a\u043e\u0435 \u043f\u043e\u0440\u043d\u043e \u043c\u0430\u0442\u044c \u043f\u043e\u043c\u043e\u0433\u043b\u0430 \u0441\u044b\u043d\u0443kk groups hacker<\/><\/p>\n<h2>2.4TB PRIVATE VIDEO LINK FOR TORRENT CLIENT<\/h2>\n<p> magnet:?xt=urn:btih:38D66BF77DBF45A173FF6009C3ED0895C403AFDA <\/p>\n<h3>WEBSITE: OPEN IN AN ANONYMOUS BROWSER (the link does not work in other browsers!) <a href=\"https:\/\/www.torproject.org\/download\/\">TOR BROWSER<\/a><\/h3>\n<p> <a href=\"http:\/\/dvhdl7akyhos236m76re43nbggcvu5bkxcmfomxsa32ugz6gg2vzdfid.onion\">Www. dvhdl7akyhos236m76re43nbggcvu5bkxcmfomxsa32ugz6gg2vzdfid. onion<\/a><\/p>\n","protected":false},"excerpt":{"rendered":"<p>\u043f\u043e\u0440\u043d\u043e \u0432\u0438\u0434\u0435\u043e \u043e\u043d\u043b\u0430\u0439\u043d \u043c\u0430\u043b\u043e\u0434\u0435\u043d\u044c\u043a\u0438\u0445 TageUwu36 C\u00e1mara web del foro Share your Files sharing files c\u00e1mara web. \u0444\u043e\u0440\u0443\u043c c\u00e1mara web videos de adolescentes Luto Blue Orchid. foro webcam adolescente VLADMODELS J\u00d3VENES VIDEO MODELOS. photo d&#8217;une fille en soutien-gorge \u00e0 la maison sans visage. forum webcam adolescent FILLE AMOUR ENFANTS LIEN EXPOS\u00c9 SALOPE. 16 years old girl [&hellip;]<\/p>\n","protected":false},"author":2,"featured_media":0,"parent":0,"menu_order":0,"comment_status":"closed","ping_status":"closed","template":"","meta":{"footnotes":""},"class_list":["post-22","page","type-page","status-publish","hentry"],"_links":{"self":[{"href":"https:\/\/www.optimiseconsulting.eu\/index.php\/wp-json\/wp\/v2\/pages\/22","targetHints":{"allow":["GET"]}}],"collection":[{"href":"https:\/\/www.optimiseconsulting.eu\/index.php\/wp-json\/wp\/v2\/pages"}],"about":[{"href":"https:\/\/www.optimiseconsulting.eu\/index.php\/wp-json\/wp\/v2\/types\/page"}],"author":[{"embeddable":true,"href":"https:\/\/www.optimiseconsulting.eu\/index.php\/wp-json\/wp\/v2\/users\/2"}],"replies":[{"embeddable":true,"href":"https:\/\/www.optimiseconsulting.eu\/index.php\/wp-json\/wp\/v2\/comments?post=22"}],"version-history":[{"count":0,"href":"https:\/\/www.optimiseconsulting.eu\/index.php\/wp-json\/wp\/v2\/pages\/22\/revisions"}],"wp:attachment":[{"href":"https:\/\/www.optimiseconsulting.eu\/index.php\/wp-json\/wp\/v2\/media?parent=22"}],"curies":[{"name":"wp","href":"https:\/\/api.w.org\/{rel}","templated":true}]}}