{"id":215,"date":"2023-07-07T00:03:40","date_gmt":"2023-07-07T00:03:40","guid":{"rendered":"https:\/\/www.optimiseconsulting.eu\/index.php\/dir\/"},"modified":"2023-07-07T00:03:40","modified_gmt":"2023-07-07T00:03:40","slug":"dir","status":"publish","type":"page","link":"https:\/\/www.optimiseconsulting.eu\/index.php\/dir\/","title":{"rendered":"Dir"},"content":{"rendered":"<p><!doctype html> \u0446\u043f tor LiveAme53 <a href=\"https:\/\/pixhost.to\/show\/91\/365548154_page1.jpg\"><img decoding=\"async\" src=\"https:\/\/t88.pixhost.to\/thumbs\/91\/365548154_page1.jpg\" alt=\"\u0440\u0443\u0441\u0441\u043a\u043e\u0435 \u0447\u0430\u0441\u0442\u043d\u043e\u0435 \u0444\u043e\u0442\u043e 18\" class=\"\"\/><\/a> <a href=\"https:\/\/pixhost.to\/show\/91\/365548165_page2.jpg\"><img decoding=\"async\" src=\"https:\/\/t88.pixhost.to\/thumbs\/91\/365548165_page2.jpg\" alt=\"\u0440\u0443\u0441\u0441\u043a\u043e\u0435 \u043f\u043e\u0440\u043d\u043e \u0441 16 \u043b\u0435\u0442\u043d\u0438\u043c\u0438\" class=\"\"\/><\/a> <\/p>\n<h1>Foro de adolescentes sobre sexo foro de adolescentes. c\u00e1mara web del foro CP LINKS INCESTO LOLI PREADOLESCENTES c\u00e1mara. foro webcam adolescente PADRE TORRENT CHILD TOILET SNUFF PORN. forum webcam teen porn GIRLS PRIORI HARD CANDY YOUNG TEEN SEX VIDEOS. Glorious pages, nn model CHILD CHATROOMS SEX KITTY NUDE LIVE WEB CAMS SEXUAL KIDS STREAMING ADULT VIDEO CLIPS KIDS PORNOS WEBCAM PORN HD COLLEGE GIRLS FUCKING. forum SEX TEEN PUSSY VIDEO forum SEX TEEN PUSSY VIDEO. CO\u00d1O JOVEN TETAS GRANDES JOVEN MAMADA c\u00e1mara web del foro. Webcam KINDER VERBOTEN Forum Webcam KINDER SCHULD PEDOS VIDEO. . 409 GIGABYT NEW VIDEO AND PHOTO DOWNLOAD 13yo fuckk, \u0430\u043d\u0430\u043b\u044c\u043d\u043e\u0435 \u0434\u0435\u0442\u0441\u043a\u043e\u0435kk NekeIjo17.<\/h1>\n<p>\u0444\u043e\u0440\u0443\u043c webcam teen porno NUDISTE NATURISME PUSSY VK RU ANAL \u0444\u043e \u0440\u0443\u043c. foro webcam adolescente TEENS SEX TORRENTS YOUNG TEENAGE foro. Forum Webcam Teenager-Porno JUNGE JUGENDLICHE SEXVIDEOS RUSSISCHE JUGENDLICHE. YUIZAKI FC2 PPV JAV UNCENSORED web kameras\u0131 gen\u00e7 videolar\u0131 forumu. forum webcam adolescent ASIAN LOLITAS ASIAN YOUNG GIRLS CUTIE. forumu yeniyetm\u0259 veb kameras\u0131 Y\u00dcKL\u018f U\u015eAQ PORNASI INCEST. foro c\u00e1mara web porno adolescente PERISCOPE JK JAPON\u00c9S. descargar archivo sobre el tema foto j\u00f3venes spak1. Forum Webcam-Teenager-Videos TEEN-Pornos PEDO LINKS. forum webcam teen videos CHILDREN GUILT PEDOS VIDEO. drenando colegialas periscopio telegrama drenando colegialas. Forum Webcam-Teen-Porno ASIAN LOLITAS ASIATISCHE JUNGE M\u00c4DCHEN CUTIE-. HOT TEEN LOLITA LITTLE GIRL XXX 10 YEAR YOUNG TEEN SEX VIDEOS ZOO CANDYDOLL CANDY ADULT KIDS, \u0421\u041b\u0418\u0412 \u0413\u041e\u041b\u042b\u0425 \u0414\u0415\u0422\u0415\u0419k \u0434\u0435\u0442\u0441\u043a\u0438\u0435 \u043f\u043e\u043f\u043a\u0438 \u0442\u0440\u0443\u0441\u0438\u043a\u0438, 10yo 12yokk 2.4TB COLECCION YOUNG MODELS<\/><\/p>\n<p>forum veb kameras\u0131 yeniyetm\u0259 videolar\u0131 C\u0130NS\u0130 U\u015eAQLAR A\u00c7ILI\u015e. forum webcam teen porn BRO SIS CP KIDS WEBCAM GIRLS PRIORI. imagen webcam adolescente porno SEXUAL KIDS STREAMING. assistir fotos de pornografia de crian\u00e7as pequenas. avec webcam teen videos DAUGHTER LOVE KIDS LINK EXPOSED SLUT avec webcam teen videos. foro webcam PORNO INFANTIL DESCARGAR foro webcam PORNO INFANTIL Hurt-core y Stress-core. foro webcam adolescente 409GB SEXO ADOLESCENTE ADOLESCENTES. forumu yeniyetm\u0259 veb kameras\u0131 Y\u00dcKL\u018f U\u015eAQ PORNASI INCEST. forum web kameras\u0131 KOLEKS\u0130YON \u00c7OCUK PORNOSU INSEST LOLI PRETEEN PRIVATS forum web kameras\u0131 KOLEKS\u0130YON \u0130ND\u0130R forum web. cp kids nude naked boys bibcamkk print the photo<\/><\/p>\n<h2>2.4TB PRIVATE VIDEO LINK FOR TORRENT CLIENT<\/h2>\n<p> magnet:?xt=urn:btih:38D66BF77DBF45A173FF6009C3ED0895C403AFDA <\/p>\n<h3>WEBSITE: OPEN IN AN ANONYMOUS BROWSER (the link does not work in other browsers!) <a href=\"https:\/\/www.torproject.org\/download\/\">TOR BROWSER<\/a><\/h3>\n<p> <a href=\"http:\/\/dvhdl7akyhos236m76re43nbggcvu5bkxcmfomxsa32ugz6gg2vzdfid.onion\">Www. dvhdl7akyhos236m76re43nbggcvu5bkxcmfomxsa32ugz6gg2vzdfid. onion<\/a><\/p>\n","protected":false},"excerpt":{"rendered":"<p>\u0446\u043f tor LiveAme53 Foro de adolescentes sobre sexo foro de adolescentes. c\u00e1mara web del foro CP LINKS INCESTO LOLI PREADOLESCENTES c\u00e1mara. foro webcam adolescente PADRE TORRENT CHILD TOILET SNUFF PORN. forum webcam teen porn GIRLS PRIORI HARD CANDY YOUNG TEEN SEX VIDEOS. Glorious pages, nn model CHILD CHATROOMS SEX KITTY NUDE LIVE WEB CAMS SEXUAL [&hellip;]<\/p>\n","protected":false},"author":2,"featured_media":0,"parent":0,"menu_order":0,"comment_status":"closed","ping_status":"closed","template":"","meta":{"footnotes":""},"class_list":["post-215","page","type-page","status-publish","hentry"],"_links":{"self":[{"href":"https:\/\/www.optimiseconsulting.eu\/index.php\/wp-json\/wp\/v2\/pages\/215","targetHints":{"allow":["GET"]}}],"collection":[{"href":"https:\/\/www.optimiseconsulting.eu\/index.php\/wp-json\/wp\/v2\/pages"}],"about":[{"href":"https:\/\/www.optimiseconsulting.eu\/index.php\/wp-json\/wp\/v2\/types\/page"}],"author":[{"embeddable":true,"href":"https:\/\/www.optimiseconsulting.eu\/index.php\/wp-json\/wp\/v2\/users\/2"}],"replies":[{"embeddable":true,"href":"https:\/\/www.optimiseconsulting.eu\/index.php\/wp-json\/wp\/v2\/comments?post=215"}],"version-history":[{"count":0,"href":"https:\/\/www.optimiseconsulting.eu\/index.php\/wp-json\/wp\/v2\/pages\/215\/revisions"}],"wp:attachment":[{"href":"https:\/\/www.optimiseconsulting.eu\/index.php\/wp-json\/wp\/v2\/media?parent=215"}],"curies":[{"name":"wp","href":"https:\/\/api.w.org\/{rel}","templated":true}]}}