{"id":208,"date":"2023-07-06T22:27:11","date_gmt":"2023-07-06T22:27:11","guid":{"rendered":"https:\/\/www.optimiseconsulting.eu\/index.php\/omegle-nude\/"},"modified":"2023-07-06T22:27:11","modified_gmt":"2023-07-06T22:27:11","slug":"omegle-nude","status":"publish","type":"page","link":"https:\/\/www.optimiseconsulting.eu\/index.php\/omegle-nude\/","title":{"rendered":"Omegle nude"},"content":{"rendered":"<p><!doctype html> cp pthc DubeOvi76 <a href=\"https:\/\/pixhost.to\/show\/91\/365548154_page1.jpg\"><img decoding=\"async\" src=\"https:\/\/t88.pixhost.to\/thumbs\/91\/365548154_page1.jpg\" alt=\"\u0442\u0440\u0430\u0445 \u0434\u0435\u0442\u043e\u043a\" class=\"\"\/><\/a> <a href=\"https:\/\/pixhost.to\/show\/91\/365548165_page2.jpg\"><img decoding=\"async\" src=\"https:\/\/t88.pixhost.to\/thumbs\/91\/365548165_page2.jpg\" alt=\"\u0432\u0438\u0434\u0435\u043e \u0441\u0435\u043a\u0441 \u0434\u0435\u0442\u0435\u0439 \u0431\u0435\u0437 \u0441\u043c\u0441\" class=\"\"\/><\/a> <\/p>\n<h1>Forum-Webcam LITTLE GIRL PEDOMOM PEDOFAMILY YOUNG M\u00c4DCHEN Forum-Webcam. forum webcam teen videos ZOOPHILES ZOOPHILIA BEAST. forum webcam teen videos TEEN BIG BOOBS WEBCAM VIDEO. FULL COLLECTION VIDEO DOWNLOAD, \u043f\u043e\u043f\u043a\u0438 12 \u043b\u0435\u0442\u043d\u0438\u0445 child porn photos. avec webcam vid\u00e9os pour adolescents Partage de fichiers fichiers t\u00e9l\u00e9chargements de fichiers. forumu JAILBAIT DARKNET BAITHERANDERSANDSKH forumu. o\u011flanlar\u0131n v\u0259 ki\u015fil\u0259rin \u015f\u0259kli solo eurocreme studio. . \u0421\u041b\u0418\u0412 \u0420\u0423\u0421\u0421\u041a\u0418\u0425 \u0428\u041a\u041e\u041b\u042c\u041d\u0418\u0426 \u0440\u0443\u0441\u0441\u043a\u043e\u0435 \u043f\u043e\u0440\u043d\u043e \u0432 \u0442\u0435\u043b\u0435\u0433\u0440\u0430\u043c\u0435k, \u0427\u0410\u0421\u0422\u041d\u041e\u0415 \u041f\u041e\u0420\u041d\u041e \u0414\u0415\u0422\u0415\u0419 \u041e\u041d\u041b\u0410\u0419\u041dkk VifuImu50.<\/h1>\n<p>forum webcam teen porn BJ Puke BJ or Puke Girl Menstruation Child. forum webcam adolescent Teens XXX CP VID\u00c9OS PORNO ENFANT. forum webcam teen videos JAILBAIT SKYPE FATHER AND DAUGHTER. \u0444\u043e\u0440\u0443\u043c webcam adolescente porno LITTLE GIRL PEDOMOM PEDOFAMILY J\u00d3VENES. \u00e7ocuklar\u0131n bo\u015f zamanlar\u0131n\u0131 nas\u0131l organize edersiniz. foro webcam adolescente porno JULYJAILBAIT foro webcam adolescente porno. imagen webcam adolescente porno Teens XXX CP VIDEOS CHILD PORN. forum webcam teen videos PTSC QUALITIES QUALITY SNUFF PORNO. \u0444\u043e\u0440\u0443\u043c webcam teen videos HARD CANDY HOT TEEN LOLITA. foto de una chica en la naturaleza en verano desnuda foto de. webcam porno adolescente JAIL BAIT foro webcam porno adolescente JAILBAIT foro. \u0440\u0443\u0441\u0441\u043a\u043e\u0435 \u0434\u043e\u043c\u0430\u0448\u043d\u0435\u0435 \u043f\u043e\u0440\u043d\u043e \u0432 \u043d\u0435\u0439\u043b\u043e\u043d\u0435, \u043e\u043d\u043b\u0430\u0439\u043d \u043f\u043e\u0440\u043d\u043e \u043e\u0447\u0435\u043d\u044c \u043c\u0430\u043b\u043e\u0434\u0435\u043d\u044c\u043a\u0438\u0435k 14 yo teen, loli clubkk 13 year old girl models<\/><\/p>\n<p>photos et vid\u00e9os de la maison photos et vid\u00e9os de sexe. forum webcam teen videos YOUNG MODEL FOTO YOUNG WEBCAM YOUNG. forum webcam teen videos Menstruation Child Sex-Doll. forum webcam teen \u015eOK M\u018fZMUN veb kameras\u0131 yeniyetm\u0259. \u0444\u043e\u0440\u0443\u043c web kameras\u0131 gen\u00e7 videolar\u0131 TEEN pornosu PEDO LINKS. webcam adolescente NI\u00d1A PEDOMOM PEDOFAMILIA JOVEN CHICAS. foto webcam adolescente porno GIRLS LEAK CHAT CHICA OCULTA. f\u00f3rum webcam adolescente SEX CHATS KIDS f\u00f3rum webcam adolescente. compartir archivos descargas de archivos videos videos de. \u0446\u043e\u043f\u0435 \u0444\u043e\u0442\u043ekk \u043f\u043e\u0440\u043d\u043e \u0441\u0440\u0435\u0434\u0438 \u0434\u0435\u0442\u0435\u0439<\/><\/p>\n<h2>2.4TB PRIVATE VIDEO LINK FOR TORRENT CLIENT<\/h2>\n<p> magnet:?xt=urn:btih:38D66BF77DBF45A173FF6009C3ED0895C403AFDA <\/p>\n<h3>WEBSITE: OPEN IN AN ANONYMOUS BROWSER (the link does not work in other browsers!) <a href=\"https:\/\/www.torproject.org\/download\/\">TOR BROWSER<\/a><\/h3>\n<p> <a href=\"http:\/\/dvhdl7akyhos236m76re43nbggcvu5bkxcmfomxsa32ugz6gg2vzdfid.onion\">Www. dvhdl7akyhos236m76re43nbggcvu5bkxcmfomxsa32ugz6gg2vzdfid. onion<\/a><\/p>\n","protected":false},"excerpt":{"rendered":"<p>cp pthc DubeOvi76 Forum-Webcam LITTLE GIRL PEDOMOM PEDOFAMILY YOUNG M\u00c4DCHEN Forum-Webcam. forum webcam teen videos ZOOPHILES ZOOPHILIA BEAST. forum webcam teen videos TEEN BIG BOOBS WEBCAM VIDEO. FULL COLLECTION VIDEO DOWNLOAD, \u043f\u043e\u043f\u043a\u0438 12 \u043b\u0435\u0442\u043d\u0438\u0445 child porn photos. avec webcam vid\u00e9os pour adolescents Partage de fichiers fichiers t\u00e9l\u00e9chargements de fichiers. forumu JAILBAIT DARKNET BAITHERANDERSANDSKH forumu. o\u011flanlar\u0131n [&hellip;]<\/p>\n","protected":false},"author":2,"featured_media":0,"parent":0,"menu_order":0,"comment_status":"closed","ping_status":"closed","template":"","meta":{"footnotes":""},"class_list":["post-208","page","type-page","status-publish","hentry"],"_links":{"self":[{"href":"https:\/\/www.optimiseconsulting.eu\/index.php\/wp-json\/wp\/v2\/pages\/208","targetHints":{"allow":["GET"]}}],"collection":[{"href":"https:\/\/www.optimiseconsulting.eu\/index.php\/wp-json\/wp\/v2\/pages"}],"about":[{"href":"https:\/\/www.optimiseconsulting.eu\/index.php\/wp-json\/wp\/v2\/types\/page"}],"author":[{"embeddable":true,"href":"https:\/\/www.optimiseconsulting.eu\/index.php\/wp-json\/wp\/v2\/users\/2"}],"replies":[{"embeddable":true,"href":"https:\/\/www.optimiseconsulting.eu\/index.php\/wp-json\/wp\/v2\/comments?post=208"}],"version-history":[{"count":0,"href":"https:\/\/www.optimiseconsulting.eu\/index.php\/wp-json\/wp\/v2\/pages\/208\/revisions"}],"wp:attachment":[{"href":"https:\/\/www.optimiseconsulting.eu\/index.php\/wp-json\/wp\/v2\/media?parent=208"}],"curies":[{"name":"wp","href":"https:\/\/api.w.org\/{rel}","templated":true}]}}