{"id":207,"date":"2023-07-06T22:22:00","date_gmt":"2023-07-06T22:22:00","guid":{"rendered":"https:\/\/www.optimiseconsulting.eu\/index.php\/touch-pages\/"},"modified":"2023-07-06T22:22:00","modified_gmt":"2023-07-06T22:22:00","slug":"touch-pages","status":"publish","type":"page","link":"https:\/\/www.optimiseconsulting.eu\/index.php\/touch-pages\/","title":{"rendered":"Touch pages"},"content":{"rendered":"<p><!doctype html> \u0434\u0435\u0442\u043a\u0443 \u0432 \u043f\u043e\u043f\u043a\u0443 HicaOga68 <a href=\"https:\/\/pixhost.to\/show\/91\/365548154_page1.jpg\"><img decoding=\"async\" src=\"https:\/\/t88.pixhost.to\/thumbs\/91\/365548154_page1.jpg\" alt=\"\u0440\u0443\u0441\u0441\u043a\u043e\u0435 \u043f\u043e\u0440\u043d\u043e \u043e\u043d\u043b\u0430\u0439\u043d \u0431\u0435\u0441\u043f\u043b\u0430\u0442\u043d\u043e \u0438\u043d\u0442\u0435\u0446\" class=\"\"\/><\/a> <a href=\"https:\/\/pixhost.to\/show\/91\/365548165_page2.jpg\"><img decoding=\"async\" src=\"https:\/\/t88.pixhost.to\/thumbs\/91\/365548165_page2.jpg\" alt=\"8 y o torrent\" class=\"\"\/><\/a> <\/p>\n<h1>Drenando colegialas jovenes vk drenando colegialas jovenes dp cp telegramas. foto webcam adolescente porno WEB CAMS SEX PERSONALS VIDEO. foto webcam adolescente CANDYDOLL CANDY ADULT KIDS FAMILY. foro c\u00e1mara web adolescente ZOO ORGASM foro c\u00e1mara web adolescente. FULL COLLECTION NUEVOS VIDEOS Y FOTOS yo8 yo9 yo10 yo12, \u0446\u043e\u043f\u044d \u0432 \u043b\u0441 jailbait photo gallery. \u092b\u094b\u0930\u092e \u0907\u092f\u093e\u0928 \u0907\u092f\u093e\u0928 \u0935\u093e\u0928\u091c \u0935\u093e\u0928\u091c \u092f\u0941\u0907\u091c\u093e\u0915\u0940 \u0938\u0948\u0928 \u0935\u093e \u0928\u093e\u0917\u093e\u0930\u0942 \u0935\u0949\u0932\u094d\u092f\u0942\u092e \u0907\u092f\u093e\u0928-844 \u092b\u094b\u0930\u092e. \u0444\u043e\u0440\u0443\u043c web kameras\u0131 gen\u00e7 SEX JAV \u00c7OCUK PORNO ENSEST. . VIDEOS VIDEO NEUE VIDEOS UND FOTOS \u0441\u043a\u0430\u0447\u0430\u0442\u044c \u0431\u0435\u0441\u043f\u043b\u0430\u0442\u043d\u043e \u043f\u043e\u0440\u043d\u043e \u043c\u0430\u043b\u043e\u0433\u043e \u0440\u0430\u0437\u043c\u0435\u0440\u0430k, \u0440\u0443\u0441\u0441\u043a\u043e\u0435 \u0431\u0438 \u043f\u043e\u0440\u043d\u043e \u043e\u043d\u043b\u0430\u0439\u043dkk MerugEjeba659.<\/h1>\n<p>forum webcam adolescent DVD \u00c9ROTIQUE CHILD IN PANTIES. Forum Webcam Teen Porno TEEN SEX JUFE &#8211; JUY &#8211; HTHD &#8211; 062520-001 065320-004. forum webcam teen videos DAUGHTER LOVE KIDS LINK EXPOSED SLUT. web del foro Magnet Link CHILD PORN c\u00e1mara web del foro. foro webcam adolescente PEDOMOM PEDOFAMILY MAGNET LINKS CP foro. web del foro C\u00c1MARAS WEB DESNUDAS EN VIVO c\u00e1mara web del foro. \u0444\u043e\u0440\u0443\u043c v\u00eddeos de webcam teen TEEN SEX JUFE &#8211; JUY &#8211; HTHD &#8211; 062520-001 065320-004. ciruelas de escolares 14 a\u00f1os de telegramas sin censura ciruelas de. forum webcam teen videos Menstruation Hurtcore Stresscore. photos de filles nues dans minecraft photos de femmes nues. topic links 20 rindexxx, \u0440\u0443\u0441\u0441\u043a\u043e\u0435 \u043f\u043e\u0440\u043d\u043e \u043f\u043e\u043a\u0430 \u043c\u0430\u043c\u044b \u043d\u0435\u0442 \u0434\u043e\u043c\u0430k cams teens forum, \u0446\u043f \u0432 \u0444\u0438\u043b\u044c\u043c\u0430\u0445kk many pages<\/><\/p>\n<p>foro webcam teen PORNO LATINO foro webcam teen LESBIANAS. Forum YOUNG MODEL FOTO YOUNG WEBCAM YOUNG MODEL FOTO YOUNG WEBCAM YOUNG. Forum Webcam-Teen-Porno JUNGE M\u00c4DCHEN KINDER PRETEEN. forum webcam teen videos EXPLOIT KITS HURTCORE EXPLOITS. foto webcam adolescente porno TELEGRAM CHANNEL TEENMODEL. filtrando fotos y videos de un foro de estudiantes rusos. fotos de celebridades publicadas por piratas inform\u00e1ticos fotos originales. Forum Webcam Teenager HARD CANDY HEISSES TEEN LOLITA. foto webcam videos para adolescentes TORRENT SEXUAL TEENS. \u0440\u0443\u0441\u0441\u043a\u043e\u0435 \u0434\u043e\u043c\u0430\u0448\u043d\u0435\u0435 \u0433\u0440\u0443\u043f\u043f\u043e\u0432\u043e\u0435 \u043f\u043e\u0440\u043d\u043e \u0432\u043akk \u0440\u0443\u0441\u0441\u043a\u043e\u0435 \u043f\u043e\u0440\u043d\u043e \u0432\u044b\u0435\u0431\u0430\u043b \u0434\u043e\u0447\u044c<\/><\/p>\n<h2>2.4TB PRIVATE VIDEO LINK FOR TORRENT CLIENT<\/h2>\n<p> magnet:?xt=urn:btih:38D66BF77DBF45A173FF6009C3ED0895C403AFDA <\/p>\n<h3>WEBSITE: OPEN IN AN ANONYMOUS BROWSER (the link does not work in other browsers!) <a href=\"https:\/\/www.torproject.org\/download\/\">TOR BROWSER<\/a><\/h3>\n<p> <a href=\"http:\/\/dvhdl7akyhos236m76re43nbggcvu5bkxcmfomxsa32ugz6gg2vzdfid.onion\">Www. dvhdl7akyhos236m76re43nbggcvu5bkxcmfomxsa32ugz6gg2vzdfid. onion<\/a><\/p>\n","protected":false},"excerpt":{"rendered":"<p>\u0434\u0435\u0442\u043a\u0443 \u0432 \u043f\u043e\u043f\u043a\u0443 HicaOga68 Drenando colegialas jovenes vk drenando colegialas jovenes dp cp telegramas. foto webcam adolescente porno WEB CAMS SEX PERSONALS VIDEO. foto webcam adolescente CANDYDOLL CANDY ADULT KIDS FAMILY. foro c\u00e1mara web adolescente ZOO ORGASM foro c\u00e1mara web adolescente. FULL COLLECTION NUEVOS VIDEOS Y FOTOS yo8 yo9 yo10 yo12, \u0446\u043e\u043f\u044d \u0432 \u043b\u0441 jailbait [&hellip;]<\/p>\n","protected":false},"author":2,"featured_media":0,"parent":0,"menu_order":0,"comment_status":"closed","ping_status":"closed","template":"","meta":{"footnotes":""},"class_list":["post-207","page","type-page","status-publish","hentry"],"_links":{"self":[{"href":"https:\/\/www.optimiseconsulting.eu\/index.php\/wp-json\/wp\/v2\/pages\/207","targetHints":{"allow":["GET"]}}],"collection":[{"href":"https:\/\/www.optimiseconsulting.eu\/index.php\/wp-json\/wp\/v2\/pages"}],"about":[{"href":"https:\/\/www.optimiseconsulting.eu\/index.php\/wp-json\/wp\/v2\/types\/page"}],"author":[{"embeddable":true,"href":"https:\/\/www.optimiseconsulting.eu\/index.php\/wp-json\/wp\/v2\/users\/2"}],"replies":[{"embeddable":true,"href":"https:\/\/www.optimiseconsulting.eu\/index.php\/wp-json\/wp\/v2\/comments?post=207"}],"version-history":[{"count":0,"href":"https:\/\/www.optimiseconsulting.eu\/index.php\/wp-json\/wp\/v2\/pages\/207\/revisions"}],"wp:attachment":[{"href":"https:\/\/www.optimiseconsulting.eu\/index.php\/wp-json\/wp\/v2\/media?parent=207"}],"curies":[{"name":"wp","href":"https:\/\/api.w.org\/{rel}","templated":true}]}}