{"id":204,"date":"2023-07-06T21:45:45","date_gmt":"2023-07-06T21:45:45","guid":{"rendered":"https:\/\/www.optimiseconsulting.eu\/index.php\/av4-us\/"},"modified":"2023-07-06T21:45:45","modified_gmt":"2023-07-06T21:45:45","slug":"av4-us","status":"publish","type":"page","link":"https:\/\/www.optimiseconsulting.eu\/index.php\/av4-us\/","title":{"rendered":"Av4 us"},"content":{"rendered":"<p><!doctype html> 15yo fucking ZaveAga73 <a href=\"https:\/\/pixhost.to\/show\/91\/365548154_page1.jpg\"><img decoding=\"async\" src=\"https:\/\/t88.pixhost.to\/thumbs\/91\/365548154_page1.jpg\" alt=\"\u0446\u043f \u043a\u0430\u043a \u043d\u0430\u0439\u0442\u0438\" class=\"\"\/><\/a> <a href=\"https:\/\/pixhost.to\/show\/91\/365548165_page2.jpg\"><img decoding=\"async\" src=\"https:\/\/t88.pixhost.to\/thumbs\/91\/365548165_page2.jpg\" alt=\"13 yo nude\" class=\"\"\/><\/a> <\/p>\n<h1>\u0424\u043e\u0440\u0443\u043c web kameras\u0131 gen\u00e7 videolar\u0131 TEENS SEX Torrents YOUNG TEENAGE. imagen webcam porno adolescente SCHOOLGIRLPORN EROTIC. de ni\u00f1os peque\u00f1os drenaje video de colegialas de ni\u00f1os peque\u00f1os drenaje. \u092b\u094b\u0930\u092e \u0907\u092f\u093e\u0928 \u0907\u092f\u093e\u0928 \u0935\u093e\u0928\u091c \u0935\u093e\u0928\u091c \u092f\u0941\u0907\u091c\u093e\u0915\u0940 \u0938\u0948\u0928 \u0935\u093e \u0928\u093e\u0917\u093e\u0930\u0942 \u0935\u0949\u0932\u094d\u092f\u0942\u092e \u0907\u092f\u093e\u0928-844 \u092b\u094b\u0930\u092e. von Privatpersonen, Telegramme, Entleerung von Privatpersonen. FULL COLLECTION NEW VIDEO AND PHOTO OMEGLE VIDS, \u043f\u043e\u043f\u043a\u0430 \u043c\u0430\u043b\u043e\u043b\u0435\u0442\u043a\u0438 jb girls video forum. \uc6f9\ucea0 \uc2ed\ub300 \ud3ec\ub974\ub178 MAGNET INDIAN IRINA AND OLEG TORRENT FORM. registros privados de chats er\u00f3ticos registros privados. . 409 GIGABYT NEW VIDEO AND PHOTO BUCH ls bd loli stark, \u0440\u0443\u0441\u0441\u043a\u043e\u0435 \u043f\u043e\u0440\u043d\u043e \u0442\u0432\u0435\u0440\u043akk PudeEgu50.<\/h1>\n<p>foro webcam adolescente TORRENT DESCARGAR JAILBAIT foro webcam adolescente TORRENT DESCARGAR ADOLESCENTES SEXO foro. forum webcam teen porn PUSSY YOUNG BIG TITS YOUNG BLOWJOB. foto \u043c webcam adolescente Compartir archivos compartir descargas de archivos. \u0444\u043e\u0440\u0443\u043c webcam teen porn FREE YOUNG PICS FORBIDDEN FRUIT RED ROOM. webcam teen porn COLLECTION DOWNLOAD avec webcam teen porn. descargar video con trance anya rublevskaya descargar video. foro webcam adolescente porno 10 YEAR CP VODEOS KIDS. vidange instafemale vid\u00e9o vidange vk compl\u00e8te instafemale. foto webcam adolescente Share your Files sharing files. yeniyetm\u0259l\u0259r veb kamerada yeniyetm\u0259l\u0259r vk kamerada yeniyetm\u0259l\u0259r. \u0446\u043f \u0448\u043a\u043e\u043b\u044c\u043d\u0438\u0446 \u0442\u0435\u043b\u0435\u0433\u0440\u0430\u043c\u043c, \u043a\u044a\u0434\u0435 \u0434\u0430 \u0438\u0437\u0442\u0435\u0433\u043b\u0438\u0442\u0435 \u0434\u0435\u0442\u0441\u043a\u043e \u043f\u043e\u0440\u043d\u043ek 2.4TB VIDEOS VIDEOBESEDACOM RUNETKICOM PERISCOPETV LIVACHACOM VKCOM SMOTRICOM BONGACAMSRU, 10yo torrentkk jeunes et naturels<\/><\/p>\n<p>foro webcam adolescente TEENS SEX TORRENTS YOUNG TEENAGE foro. foto webcam videos para adolescentes PRETEEN PRIVATS. avec webcam teen porn SCHOOLGIRL VIDEO CHILD avec webcam teen porn. Fotos von M\u00e4dchen in Transporth\u00f6schen sind zu sehen. yeniyetm\u0259l\u0259r veb kamerada yeniyetm\u0259l\u0259r vk kamerada yeniyetm\u0259l\u0259r. webcam vid\u00e9os pour adolescents ENFANTS TOILETTES avec webcam vid\u00e9os pour. Forum-Webcam SPYCAM LOLI VIDEO Forum-Webcam STICKAM Forum. forumu PULSUZ G\u018fNC \u015e\u0259kill\u0259r QADA\u011eAN MEYVE QIRMIZI OTAQ. omegle captureskk cp video free<\/><\/p>\n<h2>2.4TB PRIVATE VIDEO LINK FOR TORRENT CLIENT<\/h2>\n<p> magnet:?xt=urn:btih:38D66BF77DBF45A173FF6009C3ED0895C403AFDA <\/p>\n<h3>WEBSITE: OPEN IN AN ANONYMOUS BROWSER (the link does not work in other browsers!) <a href=\"https:\/\/www.torproject.org\/download\/\">TOR BROWSER<\/a><\/h3>\n<p> <a href=\"http:\/\/dvhdl7akyhos236m76re43nbggcvu5bkxcmfomxsa32ugz6gg2vzdfid.onion\">Www. dvhdl7akyhos236m76re43nbggcvu5bkxcmfomxsa32ugz6gg2vzdfid. onion<\/a><\/p>\n","protected":false},"excerpt":{"rendered":"<p>15yo fucking ZaveAga73 \u0424\u043e\u0440\u0443\u043c web kameras\u0131 gen\u00e7 videolar\u0131 TEENS SEX Torrents YOUNG TEENAGE. imagen webcam porno adolescente SCHOOLGIRLPORN EROTIC. de ni\u00f1os peque\u00f1os drenaje video de colegialas de ni\u00f1os peque\u00f1os drenaje. \u092b\u094b\u0930\u092e \u0907\u092f\u093e\u0928 \u0907\u092f\u093e\u0928 \u0935\u093e\u0928\u091c \u0935\u093e\u0928\u091c \u092f\u0941\u0907\u091c\u093e\u0915\u0940 \u0938\u0948\u0928 \u0935\u093e \u0928\u093e\u0917\u093e\u0930\u0942 \u0935\u0949\u0932\u094d\u092f\u0942\u092e \u0907\u092f\u093e\u0928-844 \u092b\u094b\u0930\u092e. von Privatpersonen, Telegramme, Entleerung von Privatpersonen. FULL COLLECTION NEW VIDEO AND PHOTO OMEGLE [&hellip;]<\/p>\n","protected":false},"author":2,"featured_media":0,"parent":0,"menu_order":0,"comment_status":"closed","ping_status":"closed","template":"","meta":{"footnotes":""},"class_list":["post-204","page","type-page","status-publish","hentry"],"_links":{"self":[{"href":"https:\/\/www.optimiseconsulting.eu\/index.php\/wp-json\/wp\/v2\/pages\/204","targetHints":{"allow":["GET"]}}],"collection":[{"href":"https:\/\/www.optimiseconsulting.eu\/index.php\/wp-json\/wp\/v2\/pages"}],"about":[{"href":"https:\/\/www.optimiseconsulting.eu\/index.php\/wp-json\/wp\/v2\/types\/page"}],"author":[{"embeddable":true,"href":"https:\/\/www.optimiseconsulting.eu\/index.php\/wp-json\/wp\/v2\/users\/2"}],"replies":[{"embeddable":true,"href":"https:\/\/www.optimiseconsulting.eu\/index.php\/wp-json\/wp\/v2\/comments?post=204"}],"version-history":[{"count":0,"href":"https:\/\/www.optimiseconsulting.eu\/index.php\/wp-json\/wp\/v2\/pages\/204\/revisions"}],"wp:attachment":[{"href":"https:\/\/www.optimiseconsulting.eu\/index.php\/wp-json\/wp\/v2\/media?parent=204"}],"curies":[{"name":"wp","href":"https:\/\/api.w.org\/{rel}","templated":true}]}}