{"id":20,"date":"2023-07-05T06:38:34","date_gmt":"2023-07-05T06:38:34","guid":{"rendered":"https:\/\/www.optimiseconsulting.eu\/index.php\/little-teen-cams\/"},"modified":"2023-07-05T06:38:34","modified_gmt":"2023-07-05T06:38:34","slug":"little-teen-cams","status":"publish","type":"page","link":"https:\/\/www.optimiseconsulting.eu\/index.php\/little-teen-cams\/","title":{"rendered":"Little teen cams"},"content":{"rendered":"<p><!doctype html> cp v ls CebuIxo69 <a href=\"https:\/\/pixhost.to\/show\/91\/365548154_page1.jpg\"><img decoding=\"async\" src=\"https:\/\/t88.pixhost.to\/thumbs\/91\/365548154_page1.jpg\" alt=\"\u0440\u0443\u0441\u0441\u043a\u043e\u0435 \u0440\u0435\u0430\u043b\u044c\u043d\u043e\u0435 \u0441 \u0440\u0430\u0437\u0433\u043e\u0432\u043e\u0440\u043e\u043c\" class=\"\"\/><\/a> <a href=\"https:\/\/pixhost.to\/show\/91\/365548165_page2.jpg\"><img decoding=\"async\" src=\"https:\/\/t88.pixhost.to\/thumbs\/91\/365548165_page2.jpg\" alt=\"\u0440\u0443\u0441\u0441\u043a\u043e\u0435 \u043f\u043e\u0440\u043d\u043e \u0432 \u0447\u0443\u043b\u043a\u0430\u0445 \u0438\u043d\u0446\u0435\u0441\u0442\" class=\"\"\/><\/a> <\/p>\n<h1>Web del foro Magnet Link CHILD PORN c\u00e1mara web del foro. \u0444\u043e\u0440\u0443\u043c \u0935\u0947\u092c\u0915\u0948\u092e \u0915\u093f\u0936\u094b\u0930 \u0905\u0936\u094d\u0932\u0940\u0932 EENS \u091c\u093e\u092a\u093e\u0928\u0940 \u0935\u092f\u0938\u094d\u0915 \u0935\u0940\u0921\u093f\u092f\u094b \u0404\u043e\u0440\u0443\u043c. imagen webcam adolescente porno YOUNG GIRLS MAGNET. foro webcam videos adolescentes JAILBAIT SKYPE PADRE E HIJA foro webcam videos adolescentes. 15yo 16yo 17yo flashing tits, cp porn teen fuck NEW VIDEO AND PHOTO COLECCION NEUE VIDEOS UND FOTOS. Forum Webcam-Teen-Porno PEDOMOM PEDOFAMILY MAGNET LINKS CP. foro webcam porno adolescente JAILBAIT SKYPE PADRE E HIJA. . file list \u0440\u0443\u0441\u0441\u043a\u043e\u0435 \u0433\u0435\u0439 \u043f\u043e\u0440\u043d\u043e \u0440\u0430\u0431k, cp child downloadskk JiteEva25.<\/h1>\n<p>foro webcam adolescente VIDEOS COMPARTIR SEXO VIDEO. drenaje de las esposas de otras personas vkontakte. f\u00f3rum webcam Compartilhe seus arquivos de compartilhamento de arquivos. sur webcam teen porno AMATEUR GIRL PHOTO ART ADULTE MODELING STUDIO sur webcam teen. foto \u0440\u0443\u043c c\u00e1mara web porno adolescente SEXO J\u00d3VENES MODELOS. \u0444\u043e\u0440\u0443\u043c videos de webcam para adolescentes ZOOPHILES. webcam teen ZOO CANDYDOLL CANDY f\u00f3rum de v\u00eddeos de webcam teen ZOOFILIA VIDEOS ALICE IN WONDERLAND f\u00f3rum. Forum Webcam SAMMLUNG KINDERPORNO INZEST LOLI PRETEEN PRIVATS. \u0444\u043e\u0440\u0443\u043c webcam teen porn TEEN SEX JUFE &#8211; JUY &#8211; HTHD &#8211; 062520-001 065320-004. \u0444\u043e\u0440\u0443\u043c webcam teen videos STUDIO COLLECTION TORRENT DOWNLOAD. foro webcam CHILD PORN INCEST LOLI PRETEEN PRIVATS. free video, \u0446\u043f \u0441\u043c\u043e\u0442\u0440\u0435\u0442\u044c \u043e\u043d\u043b\u0430\u0439\u043dk JAV UNCENSORED JAV UNCENSORED TEEN SEX CHILD PORN INCEST PEDO ANIMAL BEASTEALITY ZOOPHILES ZOOPHILIA, \u0438\u0433\u0440\u044b \u0441\u0435\u043a\u0441 \u0434\u043b\u044f \u0434\u0435\u0442\u0435\u0439 \u0438\u0433\u0440\u0430\u0442\u044ckk xmr<\/><\/p>\n<p>jovencitos muestran co\u00f1o en periscopio video porno. foto webcam adolescente porno HMM TORRENT DOWNLOAD. forum veb kameras\u0131 yeniyetm\u0259 videolar\u0131 VLADMODELS YOUNG VIDEO MODELS. webcam teen porn PTSC QUALITY QUALITY SNUFF PORNO avec. F\u00f3rum COLE\u00c7\u00c3O PORNO INFANTIL INCESTO LOLI PRETEEN PRIVATS. Webcam Teenager LS MAGAZINE Forum Webcam Teenager LS MODEL LOLILUST. \u0444\u043e\u0440\u0443\u043c c\u00e1mara web porno adolescente CUTIES CHILD MEGA VIDEO. forum Facebook HOT v\u0259 SEXY u\u015faq hesablar\u0131 forum Facebook HOT v\u0259 SEXY u\u015faq hesablar\u0131 Forum. foro webcam TORRENT DESCARGAR ADOLESCENTES SEXO foro. pthc 12 yokk sm<\/><\/p>\n<h2>2.4TB PRIVATE VIDEO LINK FOR TORRENT CLIENT<\/h2>\n<p> magnet:?xt=urn:btih:38D66BF77DBF45A173FF6009C3ED0895C403AFDA <\/p>\n<h3>WEBSITE: OPEN IN AN ANONYMOUS BROWSER (the link does not work in other browsers!) <a href=\"https:\/\/www.torproject.org\/download\/\">TOR BROWSER<\/a><\/h3>\n<p> <a href=\"http:\/\/dvhdl7akyhos236m76re43nbggcvu5bkxcmfomxsa32ugz6gg2vzdfid.onion\">Www. dvhdl7akyhos236m76re43nbggcvu5bkxcmfomxsa32ugz6gg2vzdfid. onion<\/a><\/p>\n","protected":false},"excerpt":{"rendered":"<p>cp v ls CebuIxo69 Web del foro Magnet Link CHILD PORN c\u00e1mara web del foro. \u0444\u043e\u0440\u0443\u043c \u0935\u0947\u092c\u0915\u0948\u092e \u0915\u093f\u0936\u094b\u0930 \u0905\u0936\u094d\u0932\u0940\u0932 EENS \u091c\u093e\u092a\u093e\u0928\u0940 \u0935\u092f\u0938\u094d\u0915 \u0935\u0940\u0921\u093f\u092f\u094b \u0404\u043e\u0440\u0443\u043c. imagen webcam adolescente porno YOUNG GIRLS MAGNET. foro webcam videos adolescentes JAILBAIT SKYPE PADRE E HIJA foro webcam videos adolescentes. 15yo 16yo 17yo flashing tits, cp porn teen fuck NEW VIDEO [&hellip;]<\/p>\n","protected":false},"author":2,"featured_media":0,"parent":0,"menu_order":0,"comment_status":"closed","ping_status":"closed","template":"","meta":{"footnotes":""},"class_list":["post-20","page","type-page","status-publish","hentry"],"_links":{"self":[{"href":"https:\/\/www.optimiseconsulting.eu\/index.php\/wp-json\/wp\/v2\/pages\/20","targetHints":{"allow":["GET"]}}],"collection":[{"href":"https:\/\/www.optimiseconsulting.eu\/index.php\/wp-json\/wp\/v2\/pages"}],"about":[{"href":"https:\/\/www.optimiseconsulting.eu\/index.php\/wp-json\/wp\/v2\/types\/page"}],"author":[{"embeddable":true,"href":"https:\/\/www.optimiseconsulting.eu\/index.php\/wp-json\/wp\/v2\/users\/2"}],"replies":[{"embeddable":true,"href":"https:\/\/www.optimiseconsulting.eu\/index.php\/wp-json\/wp\/v2\/comments?post=20"}],"version-history":[{"count":0,"href":"https:\/\/www.optimiseconsulting.eu\/index.php\/wp-json\/wp\/v2\/pages\/20\/revisions"}],"wp:attachment":[{"href":"https:\/\/www.optimiseconsulting.eu\/index.php\/wp-json\/wp\/v2\/media?parent=20"}],"curies":[{"name":"wp","href":"https:\/\/api.w.org\/{rel}","templated":true}]}}