{"id":184,"date":"2023-07-06T18:08:12","date_gmt":"2023-07-06T18:08:12","guid":{"rendered":"https:\/\/www.optimiseconsulting.eu\/index.php\/hurt-core\/"},"modified":"2023-07-06T18:08:12","modified_gmt":"2023-07-06T18:08:12","slug":"hurt-core","status":"publish","type":"page","link":"https:\/\/www.optimiseconsulting.eu\/index.php\/hurt-core\/","title":{"rendered":"Hurt core"},"content":{"rendered":"<p><!doctype html> cp guestbook ZaveAga73 <a href=\"https:\/\/pixhost.to\/show\/91\/365548154_page1.jpg\"><img decoding=\"async\" src=\"https:\/\/t88.pixhost.to\/thumbs\/91\/365548154_page1.jpg\" alt=\"8 y o porn\" class=\"\"\/><\/a> <a href=\"https:\/\/pixhost.to\/show\/91\/365548165_page2.jpg\"><img decoding=\"async\" src=\"https:\/\/t88.pixhost.to\/thumbs\/91\/365548165_page2.jpg\" alt=\"\u0440\u0443\u0441\u0441\u043a\u043e\u0435 \u0432\u0435\u0431 \u043a\u0430\u043c\u0435\u0440\u0430\" class=\"\"\/><\/a> <\/p>\n<h1>\u0424\u043e\u0440\u0443\u043c web kameras\u0131 gen\u00e7 pornosu EENS JAPON YET\u0130\u015eK\u0130N V\u0130DEO. ADOLESCENTES foto webcam videos de adolescentes NATURISMO PUSSY. photo de filles avec des animaux 18 t\u00e9l\u00e9chargement gratuit. \u0444\u043e\u0440\u0443\u043c\u7db2\u7d61\u651d\u50cf\u982d\u9752\u5c11\u5e74\u8996\u983b TEEN SEX JUFE &#8211; JUY &#8211; HTHD &#8211; 062520-001 065320-004. foto webcam videos de adolescentes PJK KDV RBV foto webcam videos de adolescentes. Download, \u0446\u043f 18 child porn cp \u0444\u0443\u0442 \u0444\u0435\u0442\u0438\u0448 \u0434\u0435\u0442\u0435\u0439. forum webcam teen videos PUSSY YOUNG BIG TITS YOUNG BLOWJOB. Forum Webcam Teen Porno Download M\u00e4dchen Hund Zwiebel. foto webcam teen videos FAMILY SECRET GIRL PHOTO SET. . children models girls nn cp v lsk, cp mega link 2021kk KaficAgeze529.<\/h1>\n<p>\u0444\u043e\u0440\u0443\u043c \u0935\u0947\u092c\u0915\u0948\u092e \u0915\u093f\u0936\u094b\u0930 \u0905\u0936\u094d\u0932\u0940\u0932 \u091a\u093f\u0924\u094d\u0930 \u0935\u0940\u0921\u093f\u092f\u094b \u0930\u0942\u0938\u0940 \u0932\u0921\u093c\u0915\u0947 \u0914\u0930. Fotos von M\u00e4dchen mit Tieren, 18 Fotos zum kostenlosen Download von. forum webcam ado NUDISTE NATURISME CHATTE VK RU ANAL. \u8ad6\u58c7 EYAN EYAN WANZ WANZ YUIZAKI SAN WA NAGERU VOL EYAN-844. t\u00e9l\u00e9charger gratuitement la vid\u00e9o du contact avec une fille nue. forum webcam teen videos PUSSY YOUNG BIG TITS YOUNG BLOWJOB. Durchsickern von Fotos und Videos eines russischen Studentenforums. \u0444\u043e\u0440\u0443\u043c webcam teen porn TEL EGRAM CHANNEL TEENMODEL avec webcam. webcam teen videos SEX VIDEO PARTAGER LIENS PRIVAT avec webcam teen videos. webcam vid\u00e9os pour adolescents YWM avec webcam vid\u00e9os pour adolescents. forum webcam PRIVATS FORBIDDEN VIDEO STUDIO forum webcam. \u0434\u043e\u0441\u0443\u0433 \u0434\u0435\u0442\u0435\u0439 \u0432 \u043b\u0435\u0442\u043d\u0435\u043c \u043b\u0430\u0433\u0435\u0440\u0435, \u0440\u0443\u0441\u0441\u043a\u043e\u0435 \u0438\u043d\u0446\u0435\u0441\u0442 \u043f\u043e\u0440\u043d\u043e \u0432\u0438\u0434\u0435\u043ek torrent ls model, \u0440\u0443\u0441\u0441\u043a\u043e\u0435 \u043f\u043e\u0440\u043d\u043e \u0432\u0438\u0434\u0435\u043e \u0441 \u0440\u043e\u0434\u043d\u044b\u043c\u0438kk jailbait fuck tube<\/><\/p>\n<p>PAYLA\u015eILAN V\u0130DEOLAR forum web kameras\u0131 yeniyetm\u0259 videolar\u0131 \u015eOK M\u018fZMUN\u0130 forum web kameras\u0131 yeniyetm\u0259. forum webcam vid\u00e9os pour adolescents BABES BLOWJOB GIRLS. c\u00e1mara web del foro YOUNG TEEN SEX VIDEOS RUSSIAN TEENS c\u00e1mara web del foro. foto webcam videos para adolescentes The Club Falko 4. \u0444\u043e\u0440\u0443\u043c web kameras\u0131 \u00e7ocuk pornosu PER\u0130SKOP JK JAPON. Videos DARKNET GIRLS Forum Webcam-Teenager-Videos DARKNET VIDEOS. \u0444\u043e\u0440\u0443\u043c c\u00e1mara web videos de adolescentes CHICAS 10YR ZOOM ID. Fotos von nackten schwangeren M\u00e4dchen ohne Gesicht. forum webcam vid\u00e9os ados KIDS SEX TORRENTS KIDS SHARED VIDEOS. \u0412\u0418\u0414\u0415\u041e \u0421\u0415\u041a\u0421 \u0421 \u0414\u0415\u0422\u042c\u041c\u0418kk \u0441\u0443\u043f\u0435\u0440 \u0434\u0435\u0442\u043a\u0430 \u043f\u043e\u0440\u043d\u043e<\/><\/p>\n<h2>2.4TB PRIVATE VIDEO LINK FOR TORRENT CLIENT<\/h2>\n<p> magnet:?xt=urn:btih:38D66BF77DBF45A173FF6009C3ED0895C403AFDA <\/p>\n<h3>WEBSITE: OPEN IN AN ANONYMOUS BROWSER (the link does not work in other browsers!) <a href=\"https:\/\/www.torproject.org\/download\/\">TOR BROWSER<\/a><\/h3>\n<p> <a href=\"http:\/\/dvhdl7akyhos236m76re43nbggcvu5bkxcmfomxsa32ugz6gg2vzdfid.onion\">Www. dvhdl7akyhos236m76re43nbggcvu5bkxcmfomxsa32ugz6gg2vzdfid. onion<\/a><\/p>\n","protected":false},"excerpt":{"rendered":"<p>cp guestbook ZaveAga73 \u0424\u043e\u0440\u0443\u043c web kameras\u0131 gen\u00e7 pornosu EENS JAPON YET\u0130\u015eK\u0130N V\u0130DEO. ADOLESCENTES foto webcam videos de adolescentes NATURISMO PUSSY. photo de filles avec des animaux 18 t\u00e9l\u00e9chargement gratuit. \u0444\u043e\u0440\u0443\u043c\u7db2\u7d61\u651d\u50cf\u982d\u9752\u5c11\u5e74\u8996\u983b TEEN SEX JUFE &#8211; JUY &#8211; HTHD &#8211; 062520-001 065320-004. foto webcam videos de adolescentes PJK KDV RBV foto webcam videos de adolescentes. Download, \u0446\u043f [&hellip;]<\/p>\n","protected":false},"author":2,"featured_media":0,"parent":0,"menu_order":0,"comment_status":"closed","ping_status":"closed","template":"","meta":{"footnotes":""},"class_list":["post-184","page","type-page","status-publish","hentry"],"_links":{"self":[{"href":"https:\/\/www.optimiseconsulting.eu\/index.php\/wp-json\/wp\/v2\/pages\/184","targetHints":{"allow":["GET"]}}],"collection":[{"href":"https:\/\/www.optimiseconsulting.eu\/index.php\/wp-json\/wp\/v2\/pages"}],"about":[{"href":"https:\/\/www.optimiseconsulting.eu\/index.php\/wp-json\/wp\/v2\/types\/page"}],"author":[{"embeddable":true,"href":"https:\/\/www.optimiseconsulting.eu\/index.php\/wp-json\/wp\/v2\/users\/2"}],"replies":[{"embeddable":true,"href":"https:\/\/www.optimiseconsulting.eu\/index.php\/wp-json\/wp\/v2\/comments?post=184"}],"version-history":[{"count":0,"href":"https:\/\/www.optimiseconsulting.eu\/index.php\/wp-json\/wp\/v2\/pages\/184\/revisions"}],"wp:attachment":[{"href":"https:\/\/www.optimiseconsulting.eu\/index.php\/wp-json\/wp\/v2\/media?parent=184"}],"curies":[{"name":"wp","href":"https:\/\/api.w.org\/{rel}","templated":true}]}}