{"id":18,"date":"2023-07-05T06:22:37","date_gmt":"2023-07-05T06:22:37","guid":{"rendered":"https:\/\/www.optimiseconsulting.eu\/index.php\/omegle\/"},"modified":"2023-07-05T06:22:37","modified_gmt":"2023-07-05T06:22:37","slug":"omegle","status":"publish","type":"page","link":"https:\/\/www.optimiseconsulting.eu\/index.php\/omegle\/","title":{"rendered":"Omegle"},"content":{"rendered":"<p><!doctype html> \u043f\u043e\u0440\u043d\u043e \u0441 \u0443\u0447\u0430\u0441\u0442\u0438\u0435\u043c \u0434\u0435\u0442\u0435\u0439 \u043e\u043d\u043b\u0430\u0439\u043d ZezuxAnuxe576 <a href=\"https:\/\/pixhost.to\/show\/91\/365548154_page1.jpg\"><img decoding=\"async\" src=\"https:\/\/t88.pixhost.to\/thumbs\/91\/365548154_page1.jpg\" alt=\"\u0440\u0443\u0441\u0441\u043a\u043e\u0435 \u0433\u0435\u0439 \u043f\u043e\u0440\u043d\u043e \u043e\u043d\u043b\u0430\u0439\u043d \u0431\u0435\u0441\u043f\u043b\u0430\u0442\u043d\u043e\" class=\"\"\/><\/a> <a href=\"https:\/\/pixhost.to\/show\/91\/365548165_page2.jpg\"><img decoding=\"async\" src=\"https:\/\/t88.pixhost.to\/thumbs\/91\/365548165_page2.jpg\" alt=\"\u0440\u043e\u0434\u0438\u0442\u0435\u043b\u0438 \u0435\u0431\u0443\u0442 \u0434\u0435\u0442\u0435\u0439\" class=\"\"\/><\/a> <\/p>\n<h1>Imagen webcam adolescente porno REAL SNUFF REAL GORE imagen. teen videolar\u0131 forum YUIZAKI FCUNCE2 teen videolar\u0131. videos videos de adolescentes webcam PTHC TELEGRAM. sangran de la pornograf\u00eda despu\u00e9s de perder su virginidad. \u0444\u043e\u0440\u0443\u043c webcam teen porn ENFANTS TOILETTES sur webcam teen. 15 teen pussy, cp v104 zip jailbait girls forum girl videos stickam. web del foro EYAN EYAN WANZ WANZ YUIZAKI SAN WA NAGERU VOL EYAN-844 c\u00e1mara web del foro. Filtradas por piratas inform\u00e1ticos Fotos desnudas de Olga Vastikova. forum webcam teen PARENT TORRENT CHILD TOILET SNUFF PORN. . 409 GIGABYT NEW VIDEO AND PHOTO DOWNLOAD \u043f\u043e\u0440\u043d\u043e\u0433\u0440\u0430\u0444\u0438\u044f \u0441 \u0443\u0447\u0430\u0441\u0442\u0438\u0435\u043c \u0434\u0435\u0442\u0435\u0439k, \u0446\u043f \u043b\u0441 \u0444\u043e\u0442\u043ekk PezaIlu76.<\/h1>\n<p>sur webcam teen vid\u00e9os Facebook HOT and SEXY comptes enfants. Forum Webcam-Teen-Videos TEENS SEX TORRENTS YOUNG TEENAGE. forum webcam teen porn BJ Puke BJ or Puke Girl Menstruation Child. foto webcam adolescente porno TELEGRAM CHANNEL TEENMODEL. leaking photos and videos of a Russian student forum. foto c\u00e1mara web videos para adolescentes TEEN BIG BOOBS WEBCAM VIDEO. c\u00e1mara web del foro GIRLS PRIORI HARD CANDY YOUNG TEEN SEX VIDEOS c\u00e1mara web del foro. Forum Webcam Teen VIDEOS WEBCAM ANAL TIERMISSBRAUCH ERWACHSENE. Forum Webcam Teen SEX TEEN PUSSY VIDEO Forum Webcam. CP \u30ea\u30f3\u30af \u8fd1\u89aa\u76f8\u59e6 \u30ed\u30ea \u30d7\u30ec\u30c6\u30a3\u30fc\u30f3 \u30ad\u30c3\u30ba \u30d5\u30a9\u30fc\u30e9\u30e0 \u30a6\u30a7\u30d6\u30ab\u30e1\u30e9 \u30ad\u30e5\u30fc\u30c6\u30a3\u30fc\u30ba \u30ad\u30c3\u30ba \u30d5\u30a9\u30fc\u30e9\u30e0 \u30a6\u30a7\u30d6\u30ab\u30e1\u30e9. forum webcam teen videos BABY HEART CHAT ROOMS DARK WEB SITES. CP LINKS INCEST LOLI PRETEEN, \u0440\u0443\u0441\u0441\u043a\u043e\u0435 \u043f\u043e\u0440\u043d\u043e \u0438\u043d\u0446\u0435\u0441\u0442 \u0441 \u043c\u0430\u0442\u043e\u043ck GIRLS PRIORI HARD CANDY HOT TEEN LOLITA, \u043f\u043e\u0440\u043d\u043e \u043e\u043d\u043b\u0430\u0439\u043d \u0434\u0435\u0442kk \u0446\u043f video<\/><\/p>\n<p>avec webcam teen videos DAUGHTER LOVE KIDS LINK EXPOSED SLUT avec webcam teen videos. forum webcam KOLEKSI ANAK PORN INSES LOLI PRETEEN PRIVAT. webcam adolescente JAILBAIT SKYPE PADRE E HIJA foro webcam adolescente. forum veb kameras\u0131 seks kameras\u0131 forumu veb kameras\u0131 yeniyetm\u0259. avec webcam vid\u00e9os pour adolescents YOUNG TOPLESS TEENS avec. foto webcam adolescente porno PRETTY NUDIST FAMILY PICS VIDS foto \u043c. webcam adolescente porno BABY HEART CHAT ROOMS DARK SITIOS WEB. \u0421\u041b\u0418\u0412 \u0428\u041a\u041e\u0414\u041d\u0418\u0426kk cat goddess forum<\/><\/p>\n<h2>2.4TB PRIVATE VIDEO LINK FOR TORRENT CLIENT<\/h2>\n<p> magnet:?xt=urn:btih:38D66BF77DBF45A173FF6009C3ED0895C403AFDA <\/p>\n<h3>WEBSITE: OPEN IN AN ANONYMOUS BROWSER (the link does not work in other browsers!) <a href=\"https:\/\/www.torproject.org\/download\/\">TOR BROWSER<\/a><\/h3>\n<p> <a href=\"http:\/\/dvhdl7akyhos236m76re43nbggcvu5bkxcmfomxsa32ugz6gg2vzdfid.onion\">Www. dvhdl7akyhos236m76re43nbggcvu5bkxcmfomxsa32ugz6gg2vzdfid. onion<\/a><\/p>\n","protected":false},"excerpt":{"rendered":"<p>\u043f\u043e\u0440\u043d\u043e \u0441 \u0443\u0447\u0430\u0441\u0442\u0438\u0435\u043c \u0434\u0435\u0442\u0435\u0439 \u043e\u043d\u043b\u0430\u0439\u043d ZezuxAnuxe576 Imagen webcam adolescente porno REAL SNUFF REAL GORE imagen. teen videolar\u0131 forum YUIZAKI FCUNCE2 teen videolar\u0131. videos videos de adolescentes webcam PTHC TELEGRAM. sangran de la pornograf\u00eda despu\u00e9s de perder su virginidad. \u0444\u043e\u0440\u0443\u043c webcam teen porn ENFANTS TOILETTES sur webcam teen. 15 teen pussy, cp v104 zip jailbait girls [&hellip;]<\/p>\n","protected":false},"author":2,"featured_media":0,"parent":0,"menu_order":0,"comment_status":"closed","ping_status":"closed","template":"","meta":{"footnotes":""},"class_list":["post-18","page","type-page","status-publish","hentry"],"_links":{"self":[{"href":"https:\/\/www.optimiseconsulting.eu\/index.php\/wp-json\/wp\/v2\/pages\/18","targetHints":{"allow":["GET"]}}],"collection":[{"href":"https:\/\/www.optimiseconsulting.eu\/index.php\/wp-json\/wp\/v2\/pages"}],"about":[{"href":"https:\/\/www.optimiseconsulting.eu\/index.php\/wp-json\/wp\/v2\/types\/page"}],"author":[{"embeddable":true,"href":"https:\/\/www.optimiseconsulting.eu\/index.php\/wp-json\/wp\/v2\/users\/2"}],"replies":[{"embeddable":true,"href":"https:\/\/www.optimiseconsulting.eu\/index.php\/wp-json\/wp\/v2\/comments?post=18"}],"version-history":[{"count":0,"href":"https:\/\/www.optimiseconsulting.eu\/index.php\/wp-json\/wp\/v2\/pages\/18\/revisions"}],"wp:attachment":[{"href":"https:\/\/www.optimiseconsulting.eu\/index.php\/wp-json\/wp\/v2\/media?parent=18"}],"curies":[{"name":"wp","href":"https:\/\/api.w.org\/{rel}","templated":true}]}}