{"id":16,"date":"2023-07-05T05:41:46","date_gmt":"2023-07-05T05:41:46","guid":{"rendered":"https:\/\/www.optimiseconsulting.eu\/index.php\/cp-dp-18\/"},"modified":"2023-07-05T05:41:46","modified_gmt":"2023-07-05T05:41:46","slug":"cp-dp-18","status":"publish","type":"page","link":"https:\/\/www.optimiseconsulting.eu\/index.php\/cp-dp-18\/","title":{"rendered":"\u0426\u043f \u0434\u043f 18"},"content":{"rendered":"<p><!doctype html> 13 years old girls NaruIve62 <a href=\"https:\/\/pixhost.to\/show\/91\/365548154_page1.jpg\"><img decoding=\"async\" src=\"https:\/\/t88.pixhost.to\/thumbs\/91\/365548154_page1.jpg\" alt=\"opva\" class=\"\"\/><\/a> <a href=\"https:\/\/pixhost.to\/show\/91\/365548165_page2.jpg\"><img decoding=\"async\" src=\"https:\/\/t88.pixhost.to\/thumbs\/91\/365548165_page2.jpg\" alt=\"\u0414\u0415\u0422\u0421\u041a\u041e\u0415 \u041f\u041e\u0420\u0415\u0412\u041e \u0421\u041a\u0410\u0427\u0410\u0422\u042c\" class=\"\"\/><\/a> <\/p>\n<h1>Par webcam vid\u00e9os pour adolescents Menstruation Hurtcore Stresscore. t\u00e9l\u00e9chargement gratuit nouvelle vid\u00e9o porno coquette 555. forum webcam teen PTSC QUALITIES QUALITY SNUFF PORNO. 14 yo nude, 11 yo naked oxycontin malaysia. Forum-Webcam KIDS SEX TORRENTS KIDS SHARED VIDEOS Forum-Webcam. c\u00e1mara web del foro CUTIES KIDS c\u00e1mara web del foro. imagen webcam adolescente porno REAL SNUFF REAL GORE imagen. . cp child porno \u0421\u041b\u0418\u0412 \u0414\u0415\u0422\u0421\u041a\u041e\u0413\u041e \u0426\u041fk, loli kingdomkk JenaUmi48.<\/h1>\n<p>\u0444\u043e\u0440\u0443\u043c webcam vid\u00e9os pour adolescents catalogue de sites d&#8217;oignons i2p. \u0444\u043e\u0440\u0443\u043c webcam porno adolescente EXPLOIT KITS HURTCORE EXPLOITS. &#8211; Forum Webcam-Teen-Videos TEEN-SEX JUFE &#8211; JUY &#8211; HTHD &#8211; 062520-001 065320-004. \u0921\u094d\u0930\u0947\u0928\u093f\u0902\u0917 \u090f\u0915 \u0932\u0921\u093c\u0915\u0940 \u0915\u0947 \u0938\u093e\u0925 \u0917\u0928\u0935\u0947\u0938\u094d\u091f\u093e \u0935\u0940\u0921\u093f\u092f\u094b \u092a\u0942\u0930\u094d\u0923 \u0921\u094d\u0930\u0947\u0928\u093f\u0902\u0917. forum webcam ado NUDISTE NATURISME CHATTE VK RU ANAL. c\u00e1mara web del foro Colecci\u00f3n DESNUDO BORRADO c\u00e1mara web del foro. foto webcam adolescente porno Violaci\u00f3n Falko Sex-Doll Magnet Link. Videos DARKNET GIRLS Forum Webcam-Teenager-Videos DARKNET VIDEOS. vulgaire p\u00e9riscope vk vulgaire p\u00e9riscope vk russes vulgaire. Forum Webcam-Teen-Porno Bibigon Forum Webcam-Teen-Porno. foto webcam videos de adolescentes DILDO KINDER FICKEN. \u043f\u043e\u0440\u043d\u043e \u0432\u0438\u0434\u0435\u043e \u0442\u0440\u0430\u0445\u0430\u044e\u0442 \u0434\u0435\u0442\u0435\u0439, jailbait video forum onlinek percocet malaysia, \u0440\u0443\u0441\u0441\u043a\u043e\u0435 \u043f\u043e\u0440\u043d\u043e \u0441 \u0440\u043e\u0434\u0438\u0442\u0435\u043b\u044f\u043c\u0438kk \u0431\u0435\u0441\u043f\u043b\u0430\u0442\u043d\u043e\u0435 \u043f\u043e\u0440\u043d\u043e \u0444\u043e\u0442\u043e \u043c\u0430\u043b\u0435\u043d\u044c\u043a\u0438\u0445 \u0434\u0435\u0442\u0435\u0439<\/><\/p>\n<p>c\u00e1mara web del foro SEXO VIDEO PREADOLESCENTES BRAGAS c\u00e1mara web del foro SEXO VIDEO COMPARTIR ENLACES PRIVADO c\u00e1mara web del foro VIDEOS DE SEXO DESCARGAR. forum webcam adolescent MOD\u00c8LE GAR\u00c7ON ET FILLE BEASTIALITY DOG SEX. forum webcam vid\u00e9os pour adolescents BABES BLOWJOB GIRLS. forum webcam teen CHILD PORN Hurt-core and Stress-core. webcam vid\u00e9os pour adolescents ENFANTS TOILETTES avec webcam vid\u00e9os pour. \u0444\u043e\u0440\u0443\u043c webcam videos de adolescentes CO\u00d1O JOVEN TETAS GRANDES YOUNG BLOWJOB. webcam adolescente porno SEX CHATS KIDS imagen webcam adolescente porno. webcam teen porn PRIVAT COLLECTION DESCARGAR \u0444\u043e\u0440\u0443\u043c. \u0440\u0443\u0441\u0441\u043a\u043e\u0435 \u043f\u043e\u0440\u043d\u043e \u0441\u044b\u043d \u043d\u0430\u0441\u0438\u043b\u0443\u0435\u0442 \u043c\u0430\u043c\u0443 \u0432 \u0436\u043e\u043f\u0443kk \u043f\u043e\u0440\u043d\u043e \u0444\u043e\u0442\u043e \u0434\u0435\u0442\u0435\u0439 \u043b\u044e\u0431\u0438\u0442\u0435\u043b\u044c\u0441\u043a\u043e\u0435<\/><\/p>\n<h2>2.4TB PRIVATE VIDEO LINK FOR TORRENT CLIENT<\/h2>\n<p> magnet:?xt=urn:btih:38D66BF77DBF45A173FF6009C3ED0895C403AFDA <\/p>\n<h3>WEBSITE: OPEN IN AN ANONYMOUS BROWSER (the link does not work in other browsers!) <a href=\"https:\/\/www.torproject.org\/download\/\">TOR BROWSER<\/a><\/h3>\n<p> <a href=\"http:\/\/dvhdl7akyhos236m76re43nbggcvu5bkxcmfomxsa32ugz6gg2vzdfid.onion\">Www. dvhdl7akyhos236m76re43nbggcvu5bkxcmfomxsa32ugz6gg2vzdfid. onion<\/a><\/p>\n","protected":false},"excerpt":{"rendered":"<p>13 years old girls NaruIve62 Par webcam vid\u00e9os pour adolescents Menstruation Hurtcore Stresscore. t\u00e9l\u00e9chargement gratuit nouvelle vid\u00e9o porno coquette 555. forum webcam teen PTSC QUALITIES QUALITY SNUFF PORNO. 14 yo nude, 11 yo naked oxycontin malaysia. Forum-Webcam KIDS SEX TORRENTS KIDS SHARED VIDEOS Forum-Webcam. c\u00e1mara web del foro CUTIES KIDS c\u00e1mara web del foro. imagen [&hellip;]<\/p>\n","protected":false},"author":2,"featured_media":0,"parent":0,"menu_order":0,"comment_status":"closed","ping_status":"closed","template":"","meta":{"footnotes":""},"class_list":["post-16","page","type-page","status-publish","hentry"],"_links":{"self":[{"href":"https:\/\/www.optimiseconsulting.eu\/index.php\/wp-json\/wp\/v2\/pages\/16","targetHints":{"allow":["GET"]}}],"collection":[{"href":"https:\/\/www.optimiseconsulting.eu\/index.php\/wp-json\/wp\/v2\/pages"}],"about":[{"href":"https:\/\/www.optimiseconsulting.eu\/index.php\/wp-json\/wp\/v2\/types\/page"}],"author":[{"embeddable":true,"href":"https:\/\/www.optimiseconsulting.eu\/index.php\/wp-json\/wp\/v2\/users\/2"}],"replies":[{"embeddable":true,"href":"https:\/\/www.optimiseconsulting.eu\/index.php\/wp-json\/wp\/v2\/comments?post=16"}],"version-history":[{"count":0,"href":"https:\/\/www.optimiseconsulting.eu\/index.php\/wp-json\/wp\/v2\/pages\/16\/revisions"}],"wp:attachment":[{"href":"https:\/\/www.optimiseconsulting.eu\/index.php\/wp-json\/wp\/v2\/media?parent=16"}],"curies":[{"name":"wp","href":"https:\/\/api.w.org\/{rel}","templated":true}]}}