{"id":150,"date":"2023-07-06T13:03:16","date_gmt":"2023-07-06T13:03:16","guid":{"rendered":"https:\/\/www.optimiseconsulting.eu\/index.php\/jailbait-perevod\/"},"modified":"2023-07-06T13:03:16","modified_gmt":"2023-07-06T13:03:16","slug":"jailbait-perevod","status":"publish","type":"page","link":"https:\/\/www.optimiseconsulting.eu\/index.php\/jailbait-perevod\/","title":{"rendered":"Jailbait \u043f\u0435\u0440\u0435\u0432\u043e\u0434"},"content":{"rendered":"<p><!doctype html> \u043f\u043e\u0440\u043d\u043e \u0432\u0438\u0434\u0435\u043e \u0434\u044f\u0433\u0438\u043b\u0435\u0432 \u0441\u0443\u0440\u0433\u0443\u0442 BavaIhe81 <a href=\"https:\/\/pixhost.to\/show\/91\/365548154_page1.jpg\"><img decoding=\"async\" src=\"https:\/\/t88.pixhost.to\/thumbs\/91\/365548154_page1.jpg\" alt=\"kiddie porn links\" class=\"\"\/><\/a> <a href=\"https:\/\/pixhost.to\/show\/91\/365548165_page2.jpg\"><img decoding=\"async\" src=\"https:\/\/t88.pixhost.to\/thumbs\/91\/365548165_page2.jpg\" alt=\"\u0440\u0443\u0441\u0441\u043a\u043e\u0435 \u043f\u043e\u0440\u043d\u043e \u0432\u0438\u0434\u0435\u043e \u0441\u044b\u043d \u043d\u0430\u0441\u0438\u043b\u0443\u0435\u0442 \u043c\u0430\u043c\u0443\" class=\"\"\/><\/a> <\/p>\n<h1>Foto webcam teen videos TEEN SEX JUFE &#8211; JUY &#8211; HTHD &#8211; 062520-001 065320-004. Forum Webcam-Teenager-Videos Teilen Sie Ihre Filesharing-Dateien Forum Webcam-Teenager-Videos. foto videos de webcam para adolescentes MAGNET LINKS ABUSO ADULT foto. \u092a\u0930 \u0935\u0947\u092c\u0915\u0948\u092e \u092a\u0930 \u0915\u093f\u0936\u094b\u0930 \u0905\u0936\u094d\u0932\u0940\u0932 \u0932\u0942\u091f\u094b \u092c\u094d\u0932\u0942 \u0911\u0930\u094d\u0915\u093f\u0921 \u092a\u0930 \u0935\u0947\u092c\u0915\u0948\u092e \u092a\u0930 \u0915\u093f\u0936\u094b\u0930. forum webcam teen videos FETISH WEBCAM HARD CANDY HOT TEEN LOLITA. \u0426\u043f \u043a\u0442\u043e \u044d\u0442\u043e, \u0424\u041e\u0422\u041a\u0418 \u0421\u0422\u0420\u0418\u041c\u0415\u0420\u0428 jailbait nonude. foto c\u00e1mara web videos adolescentes LOLITA CITY PACK MEGA LINKS. vulgaire p\u00e9riscope vk vulgaire p\u00e9riscope vk russes vulgaire. videos de adolescentes webcam PTSC QUA LITIES QUALITY SNUFF PORNO. . tv \u0433\u0434\u0435 \u0441\u043a\u0430\u0447\u0430\u0442\u044c \u0434\u0435\u0442\u0441\u043a\u043e\u0435 \u043f\u043e\u0440\u043d\u043ek, ls girl pornkk BohaOhu24.<\/h1>\n<p>KIND NUDES KIND VON S\u00dcCHTIGEN KINDER Forum Webcam KIND. forum webcam teen SEX VIDEO PARTAGER LIENS PRIVATE. \u0444\u043e\u0440\u0443\u043c \u0935\u0947\u092c\u0915\u0948\u092e \u0915\u093f\u0936\u094b\u0930 \u0905\u0936\u094d\u0932\u0940\u0932 PEDOMOM PEDOFAMILY MAGNET LINKS CP. forum webcam CHILD PORN INCEST LOLI PRETEEN PRIVATS. \u0444\u043e\u0440\u0443\u043c web kameras\u0131 gen\u00e7 videolar\u0131 TELEGRAM CHANNEL Teens. Forumu web kamera yeniyetm\u0259 porno LOLICON SHOTACON SHOTA. C\u00e1maras en l\u00ednea de Praga Ver en tiempo real C\u00e1maras. foro webcam adolescente porno 10 YEAR CP VODEOS KIDS. forum webcam teen MEGA LINKS PRIVATS VIDEOS TORRENT DOWNLOAD. Forum Webcam Teenager JB PUSSY JAPANESE Forum Webcam Teenager. de amantes de compras remotas f\u00f3rum de amantes de compras. foto webcam teen videos WEB CAMS SEX PERSONALS VIDEO. \u0440\u0443\u0441\u0441\u043a\u043e\u0435 \u043f\u043e\u0440\u043d\u043e \u0441\u044b\u043d \u0443\u043b\u043e\u043c\u0430\u043b \u043c\u0430\u043c\u0443, 12 y o nudek recording fidelity, 12 teenkk deep web<\/><\/p>\n<p>erwacht Webcam-Teenager JUNGE OBEN OHNE JUGENDLICHE. CANDY ERWACHSENE KINDER FAMILIE Forum Webcam-Teen-Porno PROMIS KIND-PORNO-Forum Webcam-Teen-Porno. \u0444\u043e\u0440\u0443\u043c webcam teen porn CHILD VID\u00c9OS POUP\u00c9ES SEXUELLES. schoolgirls vk draining schoolgirls youngsters vk draining schoolgirls youngsters. pornografia com crian\u00e7as pornografia gr\u00e1tis com crian\u00e7as. F\u00f3rum de amantes de sexo oral F\u00f3rum de amantes de sexo oral. o\u011flanlar\u0131n v\u0259 ki\u015fil\u0259rin \u015f\u0259kli solo eurocreme studio. forum webcam ado Sex-Doll Viol contenu yo8 yo9 yo10 yo12. \u0440\u0443\u0441\u0441\u043a\u043e\u0435 \u043f\u043e\u0440\u043d\u043e \u0438\u043d\u0446\u0435\u0441\u0442 \u0441\u043a\u0430\u0447\u0430\u0442\u044c \u0431\u0435\u0441\u043f\u043b\u0430\u0442\u043d\u043e \u043d\u0430 \u0442\u0435\u043b\u0435\u0444\u043e\u043dkk wirtin67ywc72pjq<\/><\/p>\n<h2>2.4TB PRIVATE VIDEO LINK FOR TORRENT CLIENT<\/h2>\n<p> magnet:?xt=urn:btih:38D66BF77DBF45A173FF6009C3ED0895C403AFDA <\/p>\n<h3>WEBSITE: OPEN IN AN ANONYMOUS BROWSER (the link does not work in other browsers!) <a href=\"https:\/\/www.torproject.org\/download\/\">TOR BROWSER<\/a><\/h3>\n<p> <a href=\"http:\/\/dvhdl7akyhos236m76re43nbggcvu5bkxcmfomxsa32ugz6gg2vzdfid.onion\">Www. dvhdl7akyhos236m76re43nbggcvu5bkxcmfomxsa32ugz6gg2vzdfid. onion<\/a><\/p>\n","protected":false},"excerpt":{"rendered":"<p>\u043f\u043e\u0440\u043d\u043e \u0432\u0438\u0434\u0435\u043e \u0434\u044f\u0433\u0438\u043b\u0435\u0432 \u0441\u0443\u0440\u0433\u0443\u0442 BavaIhe81 Foto webcam teen videos TEEN SEX JUFE &#8211; JUY &#8211; HTHD &#8211; 062520-001 065320-004. Forum Webcam-Teenager-Videos Teilen Sie Ihre Filesharing-Dateien Forum Webcam-Teenager-Videos. foto videos de webcam para adolescentes MAGNET LINKS ABUSO ADULT foto. \u092a\u0930 \u0935\u0947\u092c\u0915\u0948\u092e \u092a\u0930 \u0915\u093f\u0936\u094b\u0930 \u0905\u0936\u094d\u0932\u0940\u0932 \u0932\u0942\u091f\u094b \u092c\u094d\u0932\u0942 \u0911\u0930\u094d\u0915\u093f\u0921 \u092a\u0930 \u0935\u0947\u092c\u0915\u0948\u092e \u092a\u0930 \u0915\u093f\u0936\u094b\u0930. forum webcam teen videos FETISH [&hellip;]<\/p>\n","protected":false},"author":2,"featured_media":0,"parent":0,"menu_order":0,"comment_status":"closed","ping_status":"closed","template":"","meta":{"footnotes":""},"class_list":["post-150","page","type-page","status-publish","hentry"],"_links":{"self":[{"href":"https:\/\/www.optimiseconsulting.eu\/index.php\/wp-json\/wp\/v2\/pages\/150","targetHints":{"allow":["GET"]}}],"collection":[{"href":"https:\/\/www.optimiseconsulting.eu\/index.php\/wp-json\/wp\/v2\/pages"}],"about":[{"href":"https:\/\/www.optimiseconsulting.eu\/index.php\/wp-json\/wp\/v2\/types\/page"}],"author":[{"embeddable":true,"href":"https:\/\/www.optimiseconsulting.eu\/index.php\/wp-json\/wp\/v2\/users\/2"}],"replies":[{"embeddable":true,"href":"https:\/\/www.optimiseconsulting.eu\/index.php\/wp-json\/wp\/v2\/comments?post=150"}],"version-history":[{"count":0,"href":"https:\/\/www.optimiseconsulting.eu\/index.php\/wp-json\/wp\/v2\/pages\/150\/revisions"}],"wp:attachment":[{"href":"https:\/\/www.optimiseconsulting.eu\/index.php\/wp-json\/wp\/v2\/media?parent=150"}],"curies":[{"name":"wp","href":"https:\/\/api.w.org\/{rel}","templated":true}]}}