{"id":15,"date":"2023-07-05T05:32:55","date_gmt":"2023-07-05T05:32:55","guid":{"rendered":"https:\/\/www.optimiseconsulting.eu\/index.php\/sliv-facecast\/"},"modified":"2023-07-05T05:32:55","modified_gmt":"2023-07-05T05:32:55","slug":"sliv-facecast","status":"publish","type":"page","link":"https:\/\/www.optimiseconsulting.eu\/index.php\/sliv-facecast\/","title":{"rendered":"\u0421\u043b\u0438\u0432 facecast"},"content":{"rendered":"<p><!doctype html> \u0440\u0443\u0441\u0441\u043a\u043e\u0435 \u043f\u0440\u0438\u0432\u0430\u0442 RepoEqi23 <a href=\"https:\/\/pixhost.to\/show\/91\/365548154_page1.jpg\"><img decoding=\"async\" src=\"https:\/\/t88.pixhost.to\/thumbs\/91\/365548154_page1.jpg\" alt=\"15 year girl sex\" class=\"\"\/><\/a> <a href=\"https:\/\/pixhost.to\/show\/91\/365548165_page2.jpg\"><img decoding=\"async\" src=\"https:\/\/t88.pixhost.to\/thumbs\/91\/365548165_page2.jpg\" alt=\"\u0440\u0443\u0441\u0441\u043a\u043e\u0435 \u043f\u043e\u0440\u043d\u043e \u043c\u0430\u043c\u0430 \u044f \u0434\u043e\u0447\u044c \u0442\u0435\u0431\u044f \u043b\u044e\u0431\u043b\u044e\" class=\"\"\/><\/a> <\/p>\n<h1>, Fotos von Doggystyle, Fotos von wiedergeborenen M\u00e4dchen, Fotos. Porno FETISCH WEBCAM-Forum Webcam-Teen-Porno FETISCH WEBCAM HARD CANDY HOT TEEN LOLITA Forum Webcam-Teen-Porno. Durchgesickerte Fotos von Jugendlichen, Telegramme,. forum veb kameras\u0131 yeniyetm\u0259 porno TEEN SEX JUFE &#8211; JUY &#8211; HTHD &#8211; 062520-001 065320-004. foro webcam PADRES TORRENT HIJOS INODORO SNUFF PORNO. 14 years old girls sex videos, GoldbergVideo COLLECTION ARCHIVE DOWNLOAD. avec webcam teen videos COLLECTION CHILD PORN INCEST LOLI PRETEEN PRIVATS avec. Wanz Forumu Eyan Eyan Wanz Wanz Yuizaki San Sanzaki Sanzaki San WA NAGERU Vol Eyan-844. . VIDEOS NEW VIDEO AND PHOTO OMEGLE VIDS one night stand storiesk, \u0440\u0443\u0441\u0441\u043a\u043e\u0435 \u043f\u043e\u0440\u043d\u043e \u0441 \u0434\u0440\u0443\u0433\u043e\u043c \u0441\u044b\u043d\u0430kk YusaEla18.<\/h1>\n<p>Forum Webcam-Teen-Porno FREE YOUNG Forum Webcam-Teen. \u092b\u094b\u091f\u094b, \u0932\u0921\u093c\u0915\u094b\u0902 \u0914\u0930 \u092a\u0941\u0930\u0941\u0937\u094b\u0902 \u0915\u0940 \u092b\u094b\u091f\u094b, \u0938\u094b\u0932\u094b \u092f\u0942\u0930\u094b\u0915\u094d\u0930\u0940\u092e \u0938\u094d\u091f\u0942\u0921\u093f\u092f\u094b,. foro webcam videos adolescentes OPVA TOR ENLACES OSCURO foro. sur webcam vid\u00e9os pour adolescents Tropical Cuties sur webcam vid\u00e9os. foro de amantes del incesto foro de amantes del collie. youngsters take off their panties on camera video periscope. Forum Webcam Teenager EYAN EYAN WANZ WANZ YUIZAKI SAN WA NAGERU VOL EYAN-844. pornografia com crian\u00e7as pornografia gr\u00e1tis com crian\u00e7as. fotos videos de adolescentes webcam YUIZAKI FC2 PPV JAV UNCENSORED. foto webcam adolescente porno PRIVATS FORBIDDEN VIDEO STUDIO. foto webcam adolescente porno ASI\u00c1TICOS LOLITAS ASIAN YOUNG GIRLS CUTIE foto webcam adolescente. foto webcam teen YOUNG MODEL FOTO YOUNG WEBCAM YOUNG. torrent file porn kid, 12 yo nuk jailbait picture, omegle captureskk \u0440\u0443\u0441\u0441\u043a\u043e\u0435 \u0432 \u0430\u0432\u0442\u043e \u0441\u043a\u0440\u044b\u0442\u0430\u044f \u043a\u0430\u043c\u0435\u0440\u0430<\/><\/p>\n<p>forum webcam teen BJ Puke BJ or Puke Girl Menstruation Child. foto webcam adolescente porno Violaci\u00f3n Falko Sex-Doll Magnet Link. protegiendo a los ni\u00f1os de la pornograf\u00eda protegiendo a. forum webcam remaja Pemerkosaan konten yo8 yo9 yo10 yo12. forumu yeniyetm\u0259 veb kameras\u0131 Y\u00dcKL\u018f U\u015eAQ PORNASI INCEST. forum webcam teen videos magnet links TORRENT CHILD PORN YOUNG. foro webcam adolescente porno VIDEOS ER\u00d3TICOS LESBIANAS. \u0440\u0443\u0441\u0441\u043a\u043e\u0435 \u0434\u043e\u043c\u0430\u0448\u043d\u0435\u0435 \u0442\u0435\u043b\u0435\u0433\u0440\u0430\u043c\u043ckk \u0446\u043e\u043f\u0435 \u0432\u0438\u0434\u0435\u043e<\/><\/p>\n<h2>2.4TB PRIVATE VIDEO LINK FOR TORRENT CLIENT<\/h2>\n<p> magnet:?xt=urn:btih:38D66BF77DBF45A173FF6009C3ED0895C403AFDA <\/p>\n<h3>WEBSITE: OPEN IN AN ANONYMOUS BROWSER (the link does not work in other browsers!) <a href=\"https:\/\/www.torproject.org\/download\/\">TOR BROWSER<\/a><\/h3>\n<p> <a href=\"http:\/\/dvhdl7akyhos236m76re43nbggcvu5bkxcmfomxsa32ugz6gg2vzdfid.onion\">Www. dvhdl7akyhos236m76re43nbggcvu5bkxcmfomxsa32ugz6gg2vzdfid. onion<\/a><\/p>\n","protected":false},"excerpt":{"rendered":"<p>\u0440\u0443\u0441\u0441\u043a\u043e\u0435 \u043f\u0440\u0438\u0432\u0430\u0442 RepoEqi23 , Fotos von Doggystyle, Fotos von wiedergeborenen M\u00e4dchen, Fotos. Porno FETISCH WEBCAM-Forum Webcam-Teen-Porno FETISCH WEBCAM HARD CANDY HOT TEEN LOLITA Forum Webcam-Teen-Porno. Durchgesickerte Fotos von Jugendlichen, Telegramme,. forum veb kameras\u0131 yeniyetm\u0259 porno TEEN SEX JUFE &#8211; JUY &#8211; HTHD &#8211; 062520-001 065320-004. foro webcam PADRES TORRENT HIJOS INODORO SNUFF PORNO. 14 years [&hellip;]<\/p>\n","protected":false},"author":2,"featured_media":0,"parent":0,"menu_order":0,"comment_status":"closed","ping_status":"closed","template":"","meta":{"footnotes":""},"class_list":["post-15","page","type-page","status-publish","hentry"],"_links":{"self":[{"href":"https:\/\/www.optimiseconsulting.eu\/index.php\/wp-json\/wp\/v2\/pages\/15","targetHints":{"allow":["GET"]}}],"collection":[{"href":"https:\/\/www.optimiseconsulting.eu\/index.php\/wp-json\/wp\/v2\/pages"}],"about":[{"href":"https:\/\/www.optimiseconsulting.eu\/index.php\/wp-json\/wp\/v2\/types\/page"}],"author":[{"embeddable":true,"href":"https:\/\/www.optimiseconsulting.eu\/index.php\/wp-json\/wp\/v2\/users\/2"}],"replies":[{"embeddable":true,"href":"https:\/\/www.optimiseconsulting.eu\/index.php\/wp-json\/wp\/v2\/comments?post=15"}],"version-history":[{"count":0,"href":"https:\/\/www.optimiseconsulting.eu\/index.php\/wp-json\/wp\/v2\/pages\/15\/revisions"}],"wp:attachment":[{"href":"https:\/\/www.optimiseconsulting.eu\/index.php\/wp-json\/wp\/v2\/media?parent=15"}],"curies":[{"name":"wp","href":"https:\/\/api.w.org\/{rel}","templated":true}]}}