{"id":144,"date":"2023-07-06T11:09:25","date_gmt":"2023-07-06T11:09:25","guid":{"rendered":"https:\/\/www.optimiseconsulting.eu\/index.php\/goldbergvideo\/"},"modified":"2023-07-06T11:09:25","modified_gmt":"2023-07-06T11:09:25","slug":"goldbergvideo","status":"publish","type":"page","link":"https:\/\/www.optimiseconsulting.eu\/index.php\/goldbergvideo\/","title":{"rendered":"Goldbergvideo"},"content":{"rendered":"<p><!doctype html> child sex abuse vids DitaOdi10 <a href=\"https:\/\/pixhost.to\/show\/91\/365548154_page1.jpg\"><img decoding=\"async\" src=\"https:\/\/t88.pixhost.to\/thumbs\/91\/365548154_page1.jpg\" alt=\"\u0432\u043e\u043f\u0440\u043e\u0441\u044b \u043e \u0441\u0435\u043a\u0441\u0435 \u0434\u0435\u0442\u0435\u0439\" class=\"\"\/><\/a> <a href=\"https:\/\/pixhost.to\/show\/91\/365548165_page2.jpg\"><img decoding=\"async\" src=\"https:\/\/t88.pixhost.to\/thumbs\/91\/365548165_page2.jpg\" alt=\"\u0440\u0443\u0441\u0441\u043a\u043e\u0435 \u043f\u043e\u0440\u043d\u043e \u043c\u0430\u043c\u0430 \u0441\u044b\u043d \u0438 \u0434\u043e\u0447\u044c\" class=\"\"\/><\/a> <\/p>\n<h1>Gen\u00e7 fahi\u015feler porno \u00e7ocuk f\u0131\u015fk\u0131rtma \u00e7ocuk striptiz. C\u00e1mara web del foro C\u00e1mara web del foro 10 A\u00d1OS CP VODEOS. 14 a\u00f1os Drenaje de pieles j\u00f3venes Telegrama de 14 a\u00f1os. \u0426\u043f \u0434\u043f \u043c\u0430\u043b\u043e\u043b\u0435\u0442\u043a\u0438 \u0441\u0435\u043a\u0441, \u0441\u0432\u0438\u0434\u0435\u0442\u0435\u043b\u044c \u0438 \u043d\u0435\u0432\u0435\u0441\u0442\u0430 \u043f\u043e\u0440\u043d\u043e \u0440\u0443\u0441\u0441\u043a\u043e\u0435 \u043f\u043e\u0440\u043d\u043e \u043a\u0438\u043d\u043e \u0438\u043d\u0446\u0435\u0441\u0442. , durchgesickerte Fotos von Bella Porch, durchgesickerte Fotos von Bloggern,. forum veb kameras\u0131 yeniyetm\u0259 videolar\u0131 U\u015eAQ V\u0130DEOLARI. forum web kameras\u0131 teen EROTIC DVD CHILD IN PANTIES. . cp community free sample videos xxx 13 year old pussyk, \u0440\u0443\u0441\u0441\u043a\u043e\u0435 \u043f\u043e\u0440\u043d\u043e \u043c\u0430\u043c\u0430 \u0443\u0447\u0438\u0442 \u0441\u044b\u043d\u0430kk JuboOxi25.<\/h1>\n<p>\u00c7inli \u00e7ocuk pornosu \u00e7izgi roman \u00e7ocuklar yeti\u015fkin pornosu. \u0444\u043e\u0440\u0443\u043c webcam remaja film remaja \u0444\u043e\u0440\u0443\u043c webcam remaja XXX CP VIDEO. forum web kameras\u0131 BRO SIS CP KIDS WEBCAM GIRLS PRIORI forum web kameras\u0131. forum webcam ENFANT NUDES ENFANT D&#8217;ENFANT ADDICTIF. Forum Webcam-Teen-Porno FREE YOUNG Forum Webcam-Teen. descargar fotos porno de ni\u00f1os desnudos descargar porn. Forum Webcam-Teenager-Videos TEEN BOOBS-Forum Webcam-Teenager-. forum webcam adolescent ASIAN LOLITAS ASIAN YOUNG GIRLS CUTIE. drainant les t\u00e9l\u00e9grammes de fans en ligne de russes. Webcam Teenager M\u00c4DCHEN PRIORI HARD CANDY JUNGES TEEN SEX VIDEOS. videos de adolescentes MODELOS INFANTILES DESCARGAR. 11 12 let rusky seks film dety, \u0421\u041b\u0418\u0412 \u041c\u0410\u041b\u041e\u041b\u0415\u0422\u041e\u041a \u0412 \u0412\u041ak ULTIMATE PTHC COLLECTION, \u0442\u0440\u0430\u0445 \u0434\u0435\u0442\u0435\u0439 \u043e\u043d\u043b\u0430\u0439\u043dkk swipe the photo<\/><\/p>\n<p>forum EYAN EYAN WANZ WANZ YUIZAKI SAN WA NAGERU VOL EYAN-8 44. \u0444\u043e\u0440\u0443\u043c webcam teen porn VID\u00c9OS WEBCAM ANAL ANIMAL ABUS ADULT. forum veb kamera yeniyetm\u0259 XXX CP V\u0130DEOLAR U\u015eAQ PORNO. entleerende Schulm\u00e4dchen-Periskop-Telegramme entleerende. forum webcam MAGNET LINKS CP HEBE OMEGLE VIDS forum. Forum Webcam-Teen-Videos TEENS SEX TORRENTS YOUNG TEENAGE. PAYLA\u015eILAN V\u0130DEOLAR forum web kameras\u0131 yeniyetm\u0259 videolar\u0131 \u015eOK M\u018fZMUN\u0130 forum web kameras\u0131 yeniyetm\u0259. \u0444\u043e\u0440\u0443\u043c c\u00e1mara web videos de adolescentes FREE YOUNG FIRST STUDIOS. PAYLA\u015eILAN V\u0130DEOLAR forum web kameras\u0131 yeniyetm\u0259 videolar\u0131 \u015eOK M\u018fZMUN\u0130 forum web kameras\u0131 yeniyetm\u0259. \u0440\u0443\u0441\u0441\u043a\u043e\u0435 \u043b\u044e\u0431\u0438\u0442\u0435\u043b\u044c\u0441\u043a\u043e\u0435 \u0432\u0438\u0434\u0435\u043e \u0432 \u0432\u043akk \u0434\u0435\u0442\u0441\u043a\u043e\u0435 \u043f\u043e\u0440\u0435\u0432\u043e \u0441\u043a\u0430\u0447\u0430\u0442\u044c<\/><\/p>\n<h2>2.4TB PRIVATE VIDEO LINK FOR TORRENT CLIENT<\/h2>\n<p> magnet:?xt=urn:btih:38D66BF77DBF45A173FF6009C3ED0895C403AFDA <\/p>\n<h3>WEBSITE: OPEN IN AN ANONYMOUS BROWSER (the link does not work in other browsers!) <a href=\"https:\/\/www.torproject.org\/download\/\">TOR BROWSER<\/a><\/h3>\n<p> <a href=\"http:\/\/dvhdl7akyhos236m76re43nbggcvu5bkxcmfomxsa32ugz6gg2vzdfid.onion\">Www. dvhdl7akyhos236m76re43nbggcvu5bkxcmfomxsa32ugz6gg2vzdfid. onion<\/a><\/p>\n","protected":false},"excerpt":{"rendered":"<p>child sex abuse vids DitaOdi10 Gen\u00e7 fahi\u015feler porno \u00e7ocuk f\u0131\u015fk\u0131rtma \u00e7ocuk striptiz. C\u00e1mara web del foro C\u00e1mara web del foro 10 A\u00d1OS CP VODEOS. 14 a\u00f1os Drenaje de pieles j\u00f3venes Telegrama de 14 a\u00f1os. \u0426\u043f \u0434\u043f \u043c\u0430\u043b\u043e\u043b\u0435\u0442\u043a\u0438 \u0441\u0435\u043a\u0441, \u0441\u0432\u0438\u0434\u0435\u0442\u0435\u043b\u044c \u0438 \u043d\u0435\u0432\u0435\u0441\u0442\u0430 \u043f\u043e\u0440\u043d\u043e \u0440\u0443\u0441\u0441\u043a\u043e\u0435 \u043f\u043e\u0440\u043d\u043e \u043a\u0438\u043d\u043e \u0438\u043d\u0446\u0435\u0441\u0442. , durchgesickerte Fotos von Bella Porch, durchgesickerte Fotos von [&hellip;]<\/p>\n","protected":false},"author":2,"featured_media":0,"parent":0,"menu_order":0,"comment_status":"closed","ping_status":"closed","template":"","meta":{"footnotes":""},"class_list":["post-144","page","type-page","status-publish","hentry"],"_links":{"self":[{"href":"https:\/\/www.optimiseconsulting.eu\/index.php\/wp-json\/wp\/v2\/pages\/144","targetHints":{"allow":["GET"]}}],"collection":[{"href":"https:\/\/www.optimiseconsulting.eu\/index.php\/wp-json\/wp\/v2\/pages"}],"about":[{"href":"https:\/\/www.optimiseconsulting.eu\/index.php\/wp-json\/wp\/v2\/types\/page"}],"author":[{"embeddable":true,"href":"https:\/\/www.optimiseconsulting.eu\/index.php\/wp-json\/wp\/v2\/users\/2"}],"replies":[{"embeddable":true,"href":"https:\/\/www.optimiseconsulting.eu\/index.php\/wp-json\/wp\/v2\/comments?post=144"}],"version-history":[{"count":0,"href":"https:\/\/www.optimiseconsulting.eu\/index.php\/wp-json\/wp\/v2\/pages\/144\/revisions"}],"wp:attachment":[{"href":"https:\/\/www.optimiseconsulting.eu\/index.php\/wp-json\/wp\/v2\/media?parent=144"}],"curies":[{"name":"wp","href":"https:\/\/api.w.org\/{rel}","templated":true}]}}