{"id":11,"date":"2023-07-05T04:36:38","date_gmt":"2023-07-05T04:36:38","guid":{"rendered":"https:\/\/www.optimiseconsulting.eu\/index.php\/links-tor\/"},"modified":"2023-07-05T04:36:38","modified_gmt":"2023-07-05T04:36:38","slug":"links-tor","status":"publish","type":"page","link":"https:\/\/www.optimiseconsulting.eu\/index.php\/links-tor\/","title":{"rendered":"Links tor"},"content":{"rendered":"<p><!doctype html> \u043f\u043e\u043f\u043a\u0430 \u0432 \u0442\u0440\u0443\u0441\u0438\u043a\u0430\u0445 \u0434\u043e\u043c\u0430\u0448\u043d\u0435\u0435 ZufuvAyefa636 <a href=\"https:\/\/pixhost.to\/show\/91\/365548154_page1.jpg\"><img decoding=\"async\" src=\"https:\/\/t88.pixhost.to\/thumbs\/91\/365548154_page1.jpg\" alt=\"cp watch online\" class=\"\"\/><\/a> <a href=\"https:\/\/pixhost.to\/show\/91\/365548165_page2.jpg\"><img decoding=\"async\" src=\"https:\/\/t88.pixhost.to\/thumbs\/91\/365548165_page2.jpg\" alt=\"\u0440\u0443\u0441\u0441\u043a\u043e\u0435 \u043b\u044e\u0431\u0438\u0442\u0435\u043b\u044c\u0441\u043a\u043e\u0435 \u0432\u043a\" class=\"\"\/><\/a> <\/p>\n<h1>Foto webcam porno adolescente Compartir archivos compartir archivos descargas de archivos. forum Partage de fichiers partage de fichiers t\u00e9l\u00e9chargements de fichiers. foro webcam porno adolescente JAILBAIT SKYPE PADRE E HIJA. 12 years porn, \u0440\u0443\u0441\u0441\u043a\u0443\u044e \u043c\u043e\u043b\u043e\u0434\u0443\u044e \u0434\u0435\u0432\u043e\u0447\u043a\u0443 409 GIGABYT VIDEO YOUNG MODELS. forum webcam teen MAGNET INDIAN IRINA AND OLEG TORRENT. Forum-Webcam LITTLE GIRL PEDOMOM PEDOFAMILY YOUNG M\u00c4DCHEN Forum-Webcam. \u0444\u043e\u0440\u0443\u043c web kameras\u0131 gen\u00e7 videolar\u0131 TEENS SEX Torrents YOUNG TEENAGE. . LOLI Magnet Link TORRENT ANIMAL BEASTEALITY ZOOPHILES ZOOPHILIA BEAST \u0421\u041b\u0418\u0412 \u041c\u0410\u041b\u041e\u041b\u0415\u0422\u041e\u041a \u0422\u0415\u041b\u0415\u0413\u0420\u0410\u041c\u041ck, \u043f\u043e\u043f\u043a\u0438 \u043c\u0430\u043b\u0435\u043d\u044c\u043a\u0438\u0445 \u0434\u0435\u0432\u043e\u0447\u0435\u043a \u043d\u0443\u0434\u0438\u0441\u0442\u043e\u043akk PapeAso48.<\/h1>\n<p>\u0444\u043e\u0440\u0443\u043c webcam teen videos CHILD VIDEOS CHILD VIDEOS CHILD. forum webcam teen videos Hurt-core and Stress-core. forum webcam teen porn GIRLS PRIORI HARD CANDY YOUNG TEEN SEX VIDEOS. porno BABES BLOWJOB GIRLS foto webcam adolescente porno. forum webcam teen videos DOWNLOAD CHILD PORN INCEST. \u0444\u043e\u0440\u0443\u043c webcam videos de adolescentes DARKNET VIDEOS. farce filles russes montrent des seins pour de l&#8217;argent. foro webcam porno adolescente KIDS SEX TORRENTS KIDS SHARED VIDEOS foro webcam. \u0444\u043e\u0440\u0443\u043c webcam videos para adolescentes BABY HEART CHAT ROOMS DARK WEB SITES. Forum Webcam-Teen-Porno MOM UND SOHN MEGA LINK INZEST ONLYFANS. Forum-Webcam-Videos f\u00fcr Teenager FUCKING VIRGIN PUSSY VIDEOS. descargar torrent pel\u00edcula familiar en el tel\u00e9fono. VIDEOS XXX HardCore Teen Porn DirtySecrets Young Teen Lovers DirtySecrets Young, BONGA \u0421\u041b\u0418\u0412k children nudism free pics, \u0440\u0443\u0441\u0441\u043a\u043e\u0435 \u043b\u044e\u0431\u0438\u0442\u0435\u043b\u044c\u0441\u043a\u043e\u0435kk \u0440\u0443\u0441\u0441\u043a\u043e\u0435 \u0434\u043e\u043c\u0430\u0448\u043d\u0435\u0435 \u0441 \u0438\u0433\u0440\u0443\u0448\u043a\u0430\u043c\u0438<\/><\/p>\n<p>forum webcam porno ado BABY HEART CHAT ROOMS DARK WEB SITES. foto webcam adolescente J\u00d3VENES NI\u00d1OS PREADOLESCENTES foto \u043c webcam teen YOUNG. foto webcam teen videos WEB CAMS SEX PERSONALS VIDEO. pornogr\u00e1ficas fotos pornogr\u00e1ficas para crian\u00e7as fotos pornogr\u00e1ficas para crian\u00e7as gays. forumu SCHOOLGIRL VIDEO CHILD forumu SEXKIRL V\u0130DEO CHILD forumu SEXDSKIRL VIDEO CHILD forumu SEXDSKIRL VIDEO CHILD. foro webcam videos adolescentes KIDS WEBCAM foro webcam videos adolescentes. forum webcam MEGA LINKS VIDEOS PRIVADOS TORRENT DESCARGAR forum. foto webcam adolescente porno Facebook HOT and SEXY child accounts. foro c\u00e1mara web porno adolescente PINK HOLE Magic CP foro c\u00e1mara web porno adolescente. 9yo avikk \u0446\u043f \u043f\u043e\u0434\u0440\u043e\u0441\u0442\u043a\u0438 \u0432 \u0442\u0443\u0430\u043b\u0435\u0442\u0435 \u0444\u043e\u0442\u043e<\/><\/p>\n<h2>2.4TB PRIVATE VIDEO LINK FOR TORRENT CLIENT<\/h2>\n<p> magnet:?xt=urn:btih:38D66BF77DBF45A173FF6009C3ED0895C403AFDA <\/p>\n<h3>WEBSITE: OPEN IN AN ANONYMOUS BROWSER (the link does not work in other browsers!) <a href=\"https:\/\/www.torproject.org\/download\/\">TOR BROWSER<\/a><\/h3>\n<p> <a href=\"http:\/\/dvhdl7akyhos236m76re43nbggcvu5bkxcmfomxsa32ugz6gg2vzdfid.onion\">Www. dvhdl7akyhos236m76re43nbggcvu5bkxcmfomxsa32ugz6gg2vzdfid. onion<\/a><\/p>\n","protected":false},"excerpt":{"rendered":"<p>\u043f\u043e\u043f\u043a\u0430 \u0432 \u0442\u0440\u0443\u0441\u0438\u043a\u0430\u0445 \u0434\u043e\u043c\u0430\u0448\u043d\u0435\u0435 ZufuvAyefa636 Foto webcam porno adolescente Compartir archivos compartir archivos descargas de archivos. forum Partage de fichiers partage de fichiers t\u00e9l\u00e9chargements de fichiers. foro webcam porno adolescente JAILBAIT SKYPE PADRE E HIJA. 12 years porn, \u0440\u0443\u0441\u0441\u043a\u0443\u044e \u043c\u043e\u043b\u043e\u0434\u0443\u044e \u0434\u0435\u0432\u043e\u0447\u043a\u0443 409 GIGABYT VIDEO YOUNG MODELS. forum webcam teen MAGNET INDIAN IRINA AND OLEG TORRENT. [&hellip;]<\/p>\n","protected":false},"author":2,"featured_media":0,"parent":0,"menu_order":0,"comment_status":"closed","ping_status":"closed","template":"","meta":{"footnotes":""},"class_list":["post-11","page","type-page","status-publish","hentry"],"_links":{"self":[{"href":"https:\/\/www.optimiseconsulting.eu\/index.php\/wp-json\/wp\/v2\/pages\/11","targetHints":{"allow":["GET"]}}],"collection":[{"href":"https:\/\/www.optimiseconsulting.eu\/index.php\/wp-json\/wp\/v2\/pages"}],"about":[{"href":"https:\/\/www.optimiseconsulting.eu\/index.php\/wp-json\/wp\/v2\/types\/page"}],"author":[{"embeddable":true,"href":"https:\/\/www.optimiseconsulting.eu\/index.php\/wp-json\/wp\/v2\/users\/2"}],"replies":[{"embeddable":true,"href":"https:\/\/www.optimiseconsulting.eu\/index.php\/wp-json\/wp\/v2\/comments?post=11"}],"version-history":[{"count":0,"href":"https:\/\/www.optimiseconsulting.eu\/index.php\/wp-json\/wp\/v2\/pages\/11\/revisions"}],"wp:attachment":[{"href":"https:\/\/www.optimiseconsulting.eu\/index.php\/wp-json\/wp\/v2\/media?parent=11"}],"curies":[{"name":"wp","href":"https:\/\/api.w.org\/{rel}","templated":true}]}}