{"id":1088,"date":"2023-07-10T02:31:13","date_gmt":"2023-07-10T02:31:13","guid":{"rendered":"https:\/\/www.optimiseconsulting.eu\/index.php\/pthc-toddlercon\/"},"modified":"2023-07-10T02:31:13","modified_gmt":"2023-07-10T02:31:13","slug":"pthc-toddlercon","status":"publish","type":"page","link":"https:\/\/www.optimiseconsulting.eu\/index.php\/pthc-toddlercon\/","title":{"rendered":"Pthc toddlercon"},"content":{"rendered":"<p><!doctype html> \u0446\u043f \u0434\u0432\u0430\u0447 WutoEya83 <a href=\"https:\/\/pixhost.to\/show\/91\/365548154_page1.jpg\"><img decoding=\"async\" src=\"https:\/\/t88.pixhost.to\/thumbs\/91\/365548154_page1.jpg\" alt=\"jailbait cp dp\" class=\"\"\/><\/a> <a href=\"https:\/\/pixhost.to\/show\/91\/365548165_page2.jpg\"><img decoding=\"async\" src=\"https:\/\/t88.pixhost.to\/thumbs\/91\/365548165_page2.jpg\" alt=\"\u0440\u0443\u0441\u0441\u043a\u0440\" class=\"\"\/><\/a> <\/p>\n<h1>Forum webcam teen porn ABUSE CHILD AND FAMILY VIDEOS. foro webcam adolescente PADRE TORRENT CHILD TOILET SNUFF PORN. forumu veb kameras\u0131 yeniyetm\u0259 AMATUR QIZ FOTO ADULT ART MODELING STUDIO. Youngest jailbait forums, 9yo pussy row of records. avec webcam teen videos PRIVAT COLLECTION DOWNLOAD avec. Forum Webcam-Teen-Porno FREE YOUNG Forum Webcam-Teen. Videos DARKNET GIRLS Forum Webcam-Teenager-Videos DARKNET VIDEOS. . pages of newspapers \u0440\u0443\u0441\u0441\u043a\u0443\u044e \u043c\u0430\u043c\u0430\u0448\u0443k, \u0440\u0443\u0441\u0441\u043a\u043e\u0435 \u043f\u043e\u0440\u043d\u043e \u043c\u0430\u043c\u043e\u0447\u0435\u043a \u0441 \u043a\u0443\u043d\u0438kk HuseExe93.<\/h1>\n<p>foto c\u00e1mara web videos para adolescentes Share your Files intercambio de archivos. forum TEEN SEX JUFE &#8211; JUY &#8211; HTHD &#8211; 062520-001 065320-004. webcam teen videos PRIVATS FORBIDDEN VIDEO STUDIO avec. TEEN SEEK V\u0130DEOLARI ZOOOOOOOOOOOOOOOOOOOOOOOLLLLLLER\u0130. forum webcam teen porn MAGNET LINKS CP HEBE OMEGLE VIDS. forum veb kameras\u0131 seks kameras\u0131 forumu veb kameras\u0131 yeniyetm\u0259. webcam adolescente Contenido de violaci\u00f3n yo8 yo9 yo10 yo12. Forum LITTLE GIRL PEDOMOM PEDOFAMILY YOUNG M\u00c4DCHEN. forum webcam teen porn FETISH WEBCAM HARD CANDY HOT TEEN LOLITA. \u015f\u0259kli sosial \u015f\u0259b\u0259k\u0259l\u0259rd\u0259n rus sar\u0131\u015f\u0131n q\u0131zlar\u0131n \u015f\u0259kli. forum webcam vid\u00e9os pour adolescents ANIMAL ABUSE BOY VIDS BRO-SIS. \u0935\u0947\u092c\u0915\u0948\u092e \u092a\u0930 \u0915\u093f\u0936\u094b\u0930 \u0905\u0936\u094d\u0932\u0940\u0932 \u090f\u0932\u090f\u0938 \u092e\u0949\u0921\u0932 \u0932\u094b\u0932\u093f\u0932\u0938\u094d\u091f \u092a\u0930 \u0915\u093f\u0936\u094b\u0930 \u0905\u0936\u094d\u0932\u0940\u0932 \u090f\u0932\u090f\u0938 \u092e\u0949\u0921\u0932 \u0932\u094b\u0932\u093f\u0932\u0938\u094d\u091f. teen board, cp porn linkk ARCHIVE LIBRO yo8 yo9 yo10 yo12, ls land modelskk \u0446\u043f gif<\/><\/p>\n<p>c\u00e1mara web videos para adolescentes OPVA VIDEOS foro c\u00e1mara web. \u0444\u043e\u0440\u0443\u043c webcam teen porn TEL EGRAM CHANNEL TEENMODEL avec webcam. foro webcam adolescente ABUSO DE ANIMALES BOY VIDS BRO-SIS. foro webcam HIJA AMOR NI\u00d1OS ENLACE EXPUESTO PUTA foro. \u00e7al\u0131nt\u0131 bir telefondan avu foto\u011fraf\u0131nda bir gen\u00e7 k\u0131z. \u0444\u043e\u0440\u0443\u043c webcam porno adolescente p\u00e1jaros del para\u00edso. des enfants regardent du porno des enfants photo en ligne. \u0444\u043e\u0440\u0443\u043c videos de webcam para adolescentes magnet links TORRENT CHILD PORN YOUNG \u0444\u043e\u0440\u0443\u043c videos de. \u0444\u043e\u0440\u0443\u043c web kameras\u0131 gen\u00e7 A\u0130LE SEX \u00dcCRETS\u0130Z PT HC GIRL MP4. \u0446\u043f \u043f\u043e\u0440\u043d\u043e \u0442\u0435\u043b\u0435\u0433\u0440\u0430\u043ckk torrent pthc<\/><\/p>\n<h2>2.4TB PRIVATE VIDEO LINK FOR TORRENT CLIENT<\/h2>\n<p> magnet:?xt=urn:btih:38D66BF77DBF45A173FF6009C3ED0895C403AFDA <\/p>\n<h3>WEBSITE: OPEN IN AN ANONYMOUS BROWSER (the link does not work in other browsers!) <a href=\"https:\/\/www.torproject.org\/download\/\">TOR BROWSER<\/a><\/h3>\n<p> <a href=\"http:\/\/dvhdl7akyhos236m76re43nbggcvu5bkxcmfomxsa32ugz6gg2vzdfid.onion\">Www. dvhdl7akyhos236m76re43nbggcvu5bkxcmfomxsa32ugz6gg2vzdfid. onion<\/a><\/p>\n","protected":false},"excerpt":{"rendered":"<p>\u0446\u043f \u0434\u0432\u0430\u0447 WutoEya83 Forum webcam teen porn ABUSE CHILD AND FAMILY VIDEOS. foro webcam adolescente PADRE TORRENT CHILD TOILET SNUFF PORN. forumu veb kameras\u0131 yeniyetm\u0259 AMATUR QIZ FOTO ADULT ART MODELING STUDIO. Youngest jailbait forums, 9yo pussy row of records. avec webcam teen videos PRIVAT COLLECTION DOWNLOAD avec. Forum Webcam-Teen-Porno FREE YOUNG Forum Webcam-Teen. Videos [&hellip;]<\/p>\n","protected":false},"author":2,"featured_media":0,"parent":0,"menu_order":0,"comment_status":"closed","ping_status":"closed","template":"","meta":{"footnotes":""},"class_list":["post-1088","page","type-page","status-publish","hentry"],"_links":{"self":[{"href":"https:\/\/www.optimiseconsulting.eu\/index.php\/wp-json\/wp\/v2\/pages\/1088","targetHints":{"allow":["GET"]}}],"collection":[{"href":"https:\/\/www.optimiseconsulting.eu\/index.php\/wp-json\/wp\/v2\/pages"}],"about":[{"href":"https:\/\/www.optimiseconsulting.eu\/index.php\/wp-json\/wp\/v2\/types\/page"}],"author":[{"embeddable":true,"href":"https:\/\/www.optimiseconsulting.eu\/index.php\/wp-json\/wp\/v2\/users\/2"}],"replies":[{"embeddable":true,"href":"https:\/\/www.optimiseconsulting.eu\/index.php\/wp-json\/wp\/v2\/comments?post=1088"}],"version-history":[{"count":0,"href":"https:\/\/www.optimiseconsulting.eu\/index.php\/wp-json\/wp\/v2\/pages\/1088\/revisions"}],"wp:attachment":[{"href":"https:\/\/www.optimiseconsulting.eu\/index.php\/wp-json\/wp\/v2\/media?parent=1088"}],"curies":[{"name":"wp","href":"https:\/\/api.w.org\/{rel}","templated":true}]}}