{"id":1087,"date":"2023-07-10T02:17:59","date_gmt":"2023-07-10T02:17:59","guid":{"rendered":"https:\/\/www.optimiseconsulting.eu\/index.php\/privat-foto\/"},"modified":"2023-07-10T02:17:59","modified_gmt":"2023-07-10T02:17:59","slug":"privat-foto","status":"publish","type":"page","link":"https:\/\/www.optimiseconsulting.eu\/index.php\/privat-foto\/","title":{"rendered":"\u041f\u0440\u0438\u0432\u0430\u0442 \u0444\u043e\u0442\u043e"},"content":{"rendered":"<p><!doctype html> \u043f\u043e\u043a\u0430 \u0434\u0435\u0442\u0435\u0439 \u0434\u043e\u043c\u0430 \u043d\u0435\u0442 \u043f\u043e\u0440\u043d\u043e KiwikEjuba523 <a href=\"https:\/\/pixhost.to\/show\/91\/365548154_page1.jpg\"><img decoding=\"async\" src=\"https:\/\/t88.pixhost.to\/thumbs\/91\/365548154_page1.jpg\" alt=\"13 yo incest\" class=\"\"\/><\/a> <a href=\"https:\/\/pixhost.to\/show\/91\/365548165_page2.jpg\"><img decoding=\"async\" src=\"https:\/\/t88.pixhost.to\/thumbs\/91\/365548165_page2.jpg\" alt=\"young models\" class=\"\"\/><\/a> <\/p>\n<h1>\uc6f9\ucea0 \uc2ed\ub300 \ud3ec\ub974\ub178 MAGNET INDIAN IRINA AND OLEG TORRENT FORM. foto webcam teen videos EYAN EY AN WANZ WANZ YUIZAKI SAN WA NAGERU VOL EYAN -844. t\u00e9l\u00e9chargement gratuit photo \u00e9rotique adolescentes lolihentai18. webcam forum porno remaja LS MAGAZINE webcam forum porno remaja. Young xxx movies candid amateur, \u043f\u043e\u0440\u043d\u043e \u0440\u043e\u043b\u0438\u043a\u0438 \u043c\u0430\u043b\u043e \u0432\u0435\u0441\u044f\u0442 CHILD PORN INCEST LOLI JAV PRETEEN PRIVATS VIDEOS MAGNET LINK magnetxturnbtihF380B11C3D69A925CE31EEF36B8F445155EFE75C. jeune a montr\u00e9 des seins sur webcam jeune a montr\u00e9. forum webcam teen porn TEEN SEX JUFE &#8211; JUY &#8211; HTHD &#8211; 062520-001 065320-004. . \u0444\u043e\u0442\u043e \u0442\u043e\u043b\u0441\u0442\u044b\u0445 \u0434\u0435\u0442\u0435\u0439 \u043f\u043e\u0440\u043d\u043e \u0440\u0430\u0441\u0441\u043a\u0430\u0437\u044b \u0434\u0435\u0442\u0435\u0439 \u0433\u0435\u0435\u0432k, cp 8 y o hardkk JetuOsu81.<\/h1>\n<p>foto webcam teen porn YOUNG TEEN SEX VIDEOS RUSSIAN TEENS foto \u043c. \u0444\u043e\u0440\u0443\u043c web kameras\u0131 gen\u00e7 videolar\u0131 CP I2P MAGNET LINKS. V\u0130DEOLAR SEKS PAYLA\u015eIM V\u0130DEO forum web kameras\u0131 yeniyetm\u0259 V\u0130DEOLAR WEBCAM ANAL HEYVANLARIN SU\u0130-V\u0130DEOLARI forum WEBKAMERASI ANAL HEYVANLARIN SU\u0130-V\u0130DEOLARI WEB kameras\u0131. foto webcam adolescente porno PTHC COLLECTION foto. &#8211; Forum Webcam Videos f\u00fcr Teenager PARENT TORRENT CHILD TOILET SNUFF PORN. foto webcam adolescente porno Collection NUDE DRUNK. forum web kameras\u0131 KOLEKS\u0130YON \u00c7OCUK PORNOSU INSEST LOLI PRETEEN PRIVATS forum web kameras\u0131 KOLEKS\u0130YON \u0130ND\u0130R forum web. forum webcam adolescent AMATEUR GIRL PHOTO ADULTE ART MODELING STUDIO. \u0440\u0443\u0441\u0441\u043a\u043e\u0435 \u043a\u0438\u043d\u043e \u043b\u043e\u043b\u0438\u0442\u0430 \u0441\u0435\u043a\u0441 \u043f\u043e\u0440\u043d\u043e, \u0440\u0443\u0441\u0441\u043a\u043e\u0435 \u043f\u043e\u0440\u043d\u043e \u0441 \u0441\u044b\u043d\u043e\u043ck hard candy uncesored hidden wiki, \u0440\u0443\u0441\u0441\u043a\u043e\u0435 \u043c\u0430\u043c\u0430 \u0447\u0430\u0441\u0442\u043d\u043e\u0435 \u0432\u043akk \u0440\u0443\u0441\u0441\u043a\u043e\u0435 \u0448\u043e\u0443 \u0431\u0435\u0437 \u0446\u0435\u043d\u0437\u0443\u0440\u044b<\/><\/p>\n<p>draining the course of the first 100 from VKontakte. forum webcam yeniyetm\u0259 porno FUCKING MY TEEN HAIRY. Forum Webcam-Teenager-Videos CP-I2P-MAGNET-LINKS-Forum Webcam-Teenager-Videos CP-LINKS. foto webcam teen videos LOLITAS ASI\u00c1TICAS J\u00d3VENES ASI\u00c1TICAS CUTIE. forum webcam teen NUDIST NATURISM PUSSY VK RU ANAL. forum webcam teen videos Sex-Doll Rape content yo8 yo9 yo10 yo12. Forum Webcam-Teen-Videos SEX DVD &#8211; Forum Webcam-Teen-Videos. foto webcam adolescente porno CLIPS PORN STREAM foto. photos of girls without clothes from social networks. \u0440\u0443\u0441\u0441\u043a\u043e\u0435 \u0434\u043e\u043c\u0430\u0448\u043d\u0435\u0435 \u0438\u043d\u0446\u0435\u0441\u0442 \u043e\u0442\u0435\u0446 \u0434\u0435\u043b\u0430\u0435\u0442 \u043a\u0443\u043d\u0438 \u0434\u043e\u0447\u043a\u0435kk meganz<\/><\/p>\n<h2>2.4TB PRIVATE VIDEO LINK FOR TORRENT CLIENT<\/h2>\n<p> magnet:?xt=urn:btih:38D66BF77DBF45A173FF6009C3ED0895C403AFDA <\/p>\n<h3>WEBSITE: OPEN IN AN ANONYMOUS BROWSER (the link does not work in other browsers!) <a href=\"https:\/\/www.torproject.org\/download\/\">TOR BROWSER<\/a><\/h3>\n<p> <a href=\"http:\/\/dvhdl7akyhos236m76re43nbggcvu5bkxcmfomxsa32ugz6gg2vzdfid.onion\">Www. dvhdl7akyhos236m76re43nbggcvu5bkxcmfomxsa32ugz6gg2vzdfid. onion<\/a><\/p>\n","protected":false},"excerpt":{"rendered":"<p>\u043f\u043e\u043a\u0430 \u0434\u0435\u0442\u0435\u0439 \u0434\u043e\u043c\u0430 \u043d\u0435\u0442 \u043f\u043e\u0440\u043d\u043e KiwikEjuba523 \uc6f9\ucea0 \uc2ed\ub300 \ud3ec\ub974\ub178 MAGNET INDIAN IRINA AND OLEG TORRENT FORM. foto webcam teen videos EYAN EY AN WANZ WANZ YUIZAKI SAN WA NAGERU VOL EYAN -844. t\u00e9l\u00e9chargement gratuit photo \u00e9rotique adolescentes lolihentai18. webcam forum porno remaja LS MAGAZINE webcam forum porno remaja. Young xxx movies candid amateur, \u043f\u043e\u0440\u043d\u043e \u0440\u043e\u043b\u0438\u043a\u0438 [&hellip;]<\/p>\n","protected":false},"author":2,"featured_media":0,"parent":0,"menu_order":0,"comment_status":"closed","ping_status":"closed","template":"","meta":{"footnotes":""},"class_list":["post-1087","page","type-page","status-publish","hentry"],"_links":{"self":[{"href":"https:\/\/www.optimiseconsulting.eu\/index.php\/wp-json\/wp\/v2\/pages\/1087","targetHints":{"allow":["GET"]}}],"collection":[{"href":"https:\/\/www.optimiseconsulting.eu\/index.php\/wp-json\/wp\/v2\/pages"}],"about":[{"href":"https:\/\/www.optimiseconsulting.eu\/index.php\/wp-json\/wp\/v2\/types\/page"}],"author":[{"embeddable":true,"href":"https:\/\/www.optimiseconsulting.eu\/index.php\/wp-json\/wp\/v2\/users\/2"}],"replies":[{"embeddable":true,"href":"https:\/\/www.optimiseconsulting.eu\/index.php\/wp-json\/wp\/v2\/comments?post=1087"}],"version-history":[{"count":0,"href":"https:\/\/www.optimiseconsulting.eu\/index.php\/wp-json\/wp\/v2\/pages\/1087\/revisions"}],"wp:attachment":[{"href":"https:\/\/www.optimiseconsulting.eu\/index.php\/wp-json\/wp\/v2\/media?parent=1087"}],"curies":[{"name":"wp","href":"https:\/\/api.w.org\/{rel}","templated":true}]}}